{"id":102,"date":"2015-06-17T12:57:29","date_gmt":"2015-06-17T10:57:29","guid":{"rendered":"http:\/\/members.loria.fr\/template\/?page_id=102"},"modified":"2016-12-07T23:34:10","modified_gmt":"2016-12-07T21:34:10","slug":"multispeech","status":"publish","type":"page","link":"https:\/\/members.loria.fr\/ABonneau\/multispeech\/","title":{"rendered":"Equipe"},"content":{"rendered":"<h2>Multispeech<\/h2>\n<h4>Speech Modeling for Facilitating Oral-Based Communication<\/h4>\n<div id=\"parent-fieldname-text\" class=\"\">\n<p><i>Department 4 : Knowledge and Language Management<\/i><\/p>\n<p><b>Team leader<\/b><b> :\u00a0Denis Jouvet<\/b><br \/>\nT\u00e9l. : +33 3 54 95 86 26<br \/>\nMail : denis.jouvet@loria.fr<\/p>\n<p><a href=\"https:\/\/team.inria.fr\/multispeech\/fr\/\">Website<\/a><\/p>\n<\/div>\n<h4>Presentation<\/h4>\n<p>Speech is the scientific object of our group, with the objectives of better understanding how humans product and perceive speech, and of elaborating efficient interactions between human beings and machines via automatic speech processing.<br \/>\nA first theme consists in studying the links between articulatory features, acoustic cues and human perception. Within the case of language learning this helps to design acoustic feedback which can improve speech production.<br \/>\nProviding feedback often requires acoustic cues to be extracted from the speech signal. This consti- tutes a second activity which becomes important with the emergence of applications concerning speech pathologies and disorders. The construction of models, either acoustic for automatic speech recognition, linguistic for speech to speech translation, or articulatory for studying speech production, is the third activity of our group and plays a central role in our scientific approach.<\/p>\n<h4>Research activities<\/h4>\n<ul>\n<li>Multimodal speech<\/li>\n<li>Speech recognition and annotation<\/li>\n<li>Speech to speech translation<\/li>\n<\/ul>\n<h4>Keywords<\/h4>\n<p>Automatic speech recognition, stochastic modeling, phonetics, multimodal speech process- ing, speech synthesis, foreign language learning, speech disorders, speech to speech translation, articu- latory modeling, speech analysis<\/p>\n<h3 class=\"the-title\">French Version<\/h3>\n<h3 class=\"the-title\">Analyse, perception et reconnaissance automatique de la parole<\/h3>\n<div id=\"parent-fieldname-text\" class=\"\">\n<p><i>D\u00e9partement 4 : traitement des langues et des connaissances<\/i><\/p>\n<p><strong><br \/>\nResponsable de l\u2019\u00e9quipe : Denis Jouvet<\/strong><br \/>\nT\u00e9l. : +33 3 54 95 86 26<br \/>\nMail : denis.jouvet@loria.fr<\/p>\n<p><a href=\"https:\/\/team.inria.fr\/multispeech\/\">Site de l\u2019\u00e9quipe<\/a><\/p>\n<h4>Pr\u00e9sentation<\/h4>\n<p>Le th\u00e8me de recherche de l\u2019\u00e9quipe est l\u2019\u00e9tude de la communication parl\u00e9e et recouvre un vaste spectre d\u2019activit\u00e9s qui comprend l\u2019\u00e9tude de la perception humaine des indices acoustiques, l\u2019analyse de la parole et la reconnaissance automatique. Ces travaux s\u2019inscrivent dans la perspective de construire des interfaces vocales efficaces dans des syst\u00e8mes embarqu\u00e9s et multimodaux.<\/p>\n<h4>Axes th\u00e9matiques<\/h4>\n<ul>\n<li>Parole multimodale<\/li>\n<li>Reconnaissance de la parole et annotations<\/li>\n<li>De la parole \u00e0 sa traduction<\/li>\n<\/ul>\n<h4>Mots-cl\u00e9s<\/h4>\n<p>Reconnaissance automatique de la parole, mod\u00e9lisation stochastique, phon\u00e9tique, traitement multimodal de la parole, synth\u00e8se de la parole, apprentissage d\u2019une langue \u00e9trang\u00e8re,trouble de la parole, traduction de la parole, mod\u00e9lisation articulatoire, analyse de la parole<\/p>\n<\/div>\n","protected":false},"excerpt":{"rendered":"<p>Multispeech<br \/>\nSpeech Modeling for Facilitating Oral-Based Communication<\/p>\n<p><i>Department 4 : Knowledge and Language Management<\/i><\/p>\n<p>Team leader :\u00a0Denis Jouvet<br \/>\nT\u00e9l. : +33 3 54 95 86 26<br \/>\nMail : denis.jouvet@loria.fr<\/p>\n<p><a href=\"https:\/\/team.inria.fr\/multispeech\/fr\/\">Website<\/a><\/p>\n<p>Presentation<\/p>\n<p>Speech is the scientific object of our group, with the objectives of better understanding how humans product and perceive speech, and of elaborating efficient interactions between human beings and machines via automatic speech processing.<br \/>\nA first theme consists in studying the links between articulatory features, acoustic cues and human perception. Within the case of language learning this helps to design acoustic feedback which can improve speech production.<\/p>\n","protected":false},"author":1,"featured_media":0,"parent":0,"menu_order":0,"comment_status":"closed","ping_status":"closed","template":"","meta":{"footnotes":""},"class_list":["post-102","page","type-page","status-publish","hentry"],"_links":{"self":[{"href":"https:\/\/members.loria.fr\/ABonneau\/wp-json\/wp\/v2\/pages\/102","targetHints":{"allow":["GET"]}}],"collection":[{"href":"https:\/\/members.loria.fr\/ABonneau\/wp-json\/wp\/v2\/pages"}],"about":[{"href":"https:\/\/members.loria.fr\/ABonneau\/wp-json\/wp\/v2\/types\/page"}],"author":[{"embeddable":true,"href":"https:\/\/members.loria.fr\/ABonneau\/wp-json\/wp\/v2\/users\/1"}],"replies":[{"embeddable":true,"href":"https:\/\/members.loria.fr\/ABonneau\/wp-json\/wp\/v2\/comments?post=102"}],"version-history":[{"count":23,"href":"https:\/\/members.loria.fr\/ABonneau\/wp-json\/wp\/v2\/pages\/102\/revisions"}],"predecessor-version":[{"id":299,"href":"https:\/\/members.loria.fr\/ABonneau\/wp-json\/wp\/v2\/pages\/102\/revisions\/299"}],"wp:attachment":[{"href":"https:\/\/members.loria.fr\/ABonneau\/wp-json\/wp\/v2\/media?parent=102"}],"curies":[{"name":"wp","href":"https:\/\/api.w.org\/{rel}","templated":true}]}}