{"id":314,"date":"2016-08-01T04:16:52","date_gmt":"2016-08-01T02:16:52","guid":{"rendered":"http:\/\/members.loria.fr\/ABrun\/?page_id=314"},"modified":"2024-02-18T16:13:00","modified_gmt":"2024-02-18T14:13:00","slug":"accueil_fr","status":"publish","type":"page","link":"https:\/\/members.loria.fr\/ABrun\/accueil_fr\/","title":{"rendered":"Accueil_fr"},"content":{"rendered":"<p>Professeur en informatique (section CNU 27) \u00e0 l&rsquo;Universit\u00e9 de Lorraine, directrice adjointe du laboratoire LORIA.<\/p>\n<p>Enseignement \u00e0 l&rsquo;<a href=\"http:\/\/institut-sciences-digitales.fr\">Institut des Sciences du Digital, Management et Cognition.<\/a> Depuis septembre 2018, je suis responsable du <a href=\"http:\/\/institut-sciences-digitales.fr\/idmc-master-sciences-cognitives\/\">Master 2 Sciences Cognitives<\/a>, sp\u00e9cialit\u00e9 Ing\u00e9nierie Cognitive, Interaction et Intelligence Artificielle. De 2012 \u00e0 2018 j&rsquo;ai \u00e9t\u00e9 responsable de la Licence\u00a0<a href=\"http:\/\/mathinfo.univ-lorraine.fr\/content\/licence-miashs\">MIASHS<\/a>\u00a0(Math\u00e9matiques et Informatique Appliqu\u00e9es aux Sciences Humaines et Sociales) de l&rsquo;Universit\u00e9 de Lorraine, et en charge du parcours Sciences Cognitives.<\/p>\n<p>J&rsquo;effectue ma recherche au laboratoire LORIA, au sein de l&rsquo;<a href=\"https:\/\/team.inria.fr\/bird\/fr\/\">\u00e9quipe BIRD<\/a>\u00a0que je dirige.<\/p>\n<p>Mes centres d&rsquo;int\u00e9r\u00eat en recherche sont l&rsquo;intelligence artificielle et la fouille de donn\u00e9es dans un objectif principal de prise de d\u00e9cision sous la forme de recommandations et de prescriptions. Les d\u00e9fis de recherche qui m&rsquo;int\u00e9ressent \u00a0actuelles portent sur la fouille multi-source.<\/p>\n<p>J&rsquo;encadre actuellement les th\u00e8ses de :<\/p>\n<ul>\n<li>Guillaume Schmit \u00ab\u00a0Am\u00e9liorer les performances et la capacit\u00e9 de g\u00e9n\u00e9ralisation des mod\u00e8les d\u2019intelligence artificielle\u00a0\u00bb. Soutenance pr\u00e9vue en Novembre 2026.<\/li>\n<li>Chlo\u00e9 Przemyski \u00ab\u00a0Syst\u00e8me anti-fraude : inf\u00e9rence et pr\u00e9diction dans un environnement non-stationnaire et r\u00e9actif.\u00a0\u00bb Soutenance pr\u00e9vue en Octobre 2026.<\/li>\n<li>Ikram Gagaoua \u00ab\u00a0Conception d&rsquo;un m\u00e9ta-mod\u00e8le apprenant\u00a0\u00bb Th\u00e8se CIFRE. Soutenance pr\u00e9vue en March 2025.<\/li>\n<li>C\u00e9lina Treuillier \u00ab\u00a0News Recommender Systems to Open Opinion Bubbles\u00a0\u00bb. Defence planned in October 2024.<\/li>\n<li>Nicolas Hubert \u00a0\u00bb Recommender system for educational orientation\u00a0\u00bb. Defence planned in June 2024.<\/li>\n<li>Evan Dufraisse \u00ab\u00a0Hybrid representation of polarising topics in political news\u00a0\u00bb. Defence planned in June 2024.<\/li>\n<li>Patrick Asante Owusu \u00ab\u00a0Inf\u00e9rence causale pour la recommandation\u00a0\u00bb. Th\u00e8se en co-tutelle internationale avec l&rsquo;Universit\u00e9 de Sherbrooke (Qu\u00e9bec), co-dirig\u00e9e par <a href=\"https:\/\/www.usherbrooke.ca\/sciences\/personnel\/informatique\/corps-professoral\/professeurs\/shengrui-wang\/\">Pr. Shengrui Wang<\/a>. Soutenance pr\u00e9vue en Juillet 2024.<\/li>\n<\/ul>\n<p>Th\u00e8ses pass\u00e9es :<\/p>\n<ul>\n<li>Adrien Dufraux \u00ab\u00a0Leveraging Noisy, Incomplete, or Implicit\u00a0Labels for Automatic Speech Recognition\u00a0\u00bb.\u00a0Soutenance 2022<\/li>\n<li>Zhao Zhang \u00a0\u00bb Towards hybrid and explainable recommender\u00a0systems mixing content analysis and collaborative filtering\u00a0\u00bb. Soutenance 2022.<\/li>\n<li>Alexandre Bettinger \u00ab\u00a0Approche multi-acteur et multi-objectif de la recommandation, application \u00e0 la personnalisation de manuels scolaires en ligne\u00a0\u00bb. Soutenance 2022.<\/li>\n<li>Halima Ramdani \u00ab\u00a0Approche s\u00e9mantique pour l\u2019optimisation\u00a0du processus de e-recrutement\u00a0\u00bb.\u00a0Soutenance 2021.<\/li>\n<li>Julie Budaher \u00a0\u00bb Educational barometer for students : from the increase of the learning process to system adoption\u00a0\u00bb. Soutenue le 10 d\u00e9cembre 2020.<\/li>\n<li>Yacine Abboud \u00ab\u00a0Fouille de motifs : entre accessibilit\u00e9 et robustesse\u00a0\u00bb.\u00a0Soutenue le 28 Novembre 2018.<\/li>\n<li>Benjamin Gras \u00ab\u00a0Les oubli\u00e9s de la recommandation sociale\u00a0\u00bb. Soutenue le 17 Janvier 2018.<\/li>\n<li>Marharyta Aleksandrova \u00ab\u00a0Factorisation de matrices et analyse de contraste pour la recommandation\u00a0\u00bb. Th\u00e8se en co-tutelle avec l&rsquo;Ukraine.\u00a0Soutenue le 7 Juillet 2017.<\/li>\n<li>Lina Fahed \u00a0\u00bb\u00a0Pr\u00e9dire et influencer l\u2019apparition des \u00e9v\u00e9nements dans une s\u00e9quence complexe\u00a0\u00bb. Soutenue le 27 Octobre \u00a02016.<\/li>\n<li>Geoffray Bonnin \u00ab\u00a0sequential approaches in recommender systems for Web navigation\u00a0\u00bb Soutenance le 23 novembre 2010.<\/li>\n<li>Ilham Esslimani \u00ab\u00a0a behavioral approach of the recommendation and social networks as a representation tool\u00a0\u00bb\u00a0Soutenue en D\u00e9cembre 2010.<\/li>\n<\/ul>\n<p>&nbsp;<\/p>\n","protected":false},"excerpt":{"rendered":"<p>Professeur en informatique (section CNU 27) \u00e0 l&rsquo;Universit\u00e9 de Lorraine, directrice adjointe du laboratoire LORIA.<\/p>\n<p>Enseignement \u00e0 l&rsquo;<a href=\"http:\/\/institut-sciences-digitales.fr\">Institut des Sciences du Digital, Management et Cognition.<\/a> Depuis septembre 2018, je suis responsable du <a href=\"http:\/\/institut-sciences-digitales.fr\/idmc-master-sciences-cognitives\/\">Master 2 Sciences Cognitives<\/a>, sp\u00e9cialit\u00e9 Ing\u00e9nierie Cognitive, Interaction et Intelligence Artificielle. De 2012 \u00e0 2018 j&rsquo;ai \u00e9t\u00e9 responsable de la Licence\u00a0<a href=\"http:\/\/mathinfo.univ-lorraine.fr\/content\/licence-miashs\">MIASHS<\/a>\u00a0(Math\u00e9matiques et Informatique Appliqu\u00e9es aux Sciences Humaines et Sociales) de l&rsquo;Universit\u00e9 de Lorraine, et en charge du parcours Sciences Cognitives.<\/p>\n<p>J&rsquo;effectue ma recherche au laboratoire LORIA, au sein de l&rsquo;<a href=\"https:\/\/team.inria.fr\/bird\/fr\/\">\u00e9quipe BIRD<\/a>\u00a0que je dirige.<\/p>\n","protected":false},"author":73,"featured_media":0,"parent":0,"menu_order":0,"comment_status":"closed","ping_status":"closed","template":"","meta":{"footnotes":""},"class_list":["post-314","page","type-page","status-publish","hentry"],"_links":{"self":[{"href":"https:\/\/members.loria.fr\/ABrun\/wp-json\/wp\/v2\/pages\/314","targetHints":{"allow":["GET"]}}],"collection":[{"href":"https:\/\/members.loria.fr\/ABrun\/wp-json\/wp\/v2\/pages"}],"about":[{"href":"https:\/\/members.loria.fr\/ABrun\/wp-json\/wp\/v2\/types\/page"}],"author":[{"embeddable":true,"href":"https:\/\/members.loria.fr\/ABrun\/wp-json\/wp\/v2\/users\/73"}],"replies":[{"embeddable":true,"href":"https:\/\/members.loria.fr\/ABrun\/wp-json\/wp\/v2\/comments?post=314"}],"version-history":[{"count":23,"href":"https:\/\/members.loria.fr\/ABrun\/wp-json\/wp\/v2\/pages\/314\/revisions"}],"predecessor-version":[{"id":480,"href":"https:\/\/members.loria.fr\/ABrun\/wp-json\/wp\/v2\/pages\/314\/revisions\/480"}],"wp:attachment":[{"href":"https:\/\/members.loria.fr\/ABrun\/wp-json\/wp\/v2\/media?parent=314"}],"curies":[{"name":"wp","href":"https:\/\/api.w.org\/{rel}","templated":true}]}}