{"id":307,"date":"2018-09-19T09:26:51","date_gmt":"2018-09-19T07:26:51","guid":{"rendered":"http:\/\/members.loria.fr\/AFalcone\/?page_id=307"},"modified":"2020-01-10T11:15:34","modified_gmt":"2020-01-10T09:15:34","slug":"linux","status":"publish","type":"page","link":"https:\/\/members.loria.fr\/AFalcone\/projets\/linux\/","title":{"rendered":"Doc tech Linux"},"content":{"rendered":"<p><strong>Configuration R\u00e9seau Debian<\/strong><\/p>\n<p>Dans Gnome, n&rsquo;importe quel utilisateur peut modifier les param\u00e8tres r\u00e9seau en utilisant \u00ab\u00a0network-manager\u00a0\u00bb. Comme on ne peut pas d\u00e9sinstaller network-manager sans supprimer Gnome, on d\u00e9sactive simplement le service\u00a0:<\/p>\n<p class=\"code-western\"># update-rc.d network-manager disable<\/p>\n<p>On configure la connexion en statique en modifiant \/etc\/network\/interfaces, ajouter\/modifier\u00a0:<\/p>\n<p class=\"code-western\">auto eth0<\/p>\n<p class=\"code-western\">iface eth0 inet static<\/p>\n<p class=\"code-western\">address xx.xx.xx.xx<\/p>\n<p class=\"code-western\">netmask 24<\/p>\n<p class=\"code-western\">gateway yy.yy.yy.yy<\/p>\n<p>Modifier \/etc\/resolv.conf pour mettre l&rsquo;adresse du serveur DNS, normalement le contr\u00f4leur de domaine ainsi que le nom du domaine et le suffixe par d\u00e9faut\u00a0:<\/p>\n<p class=\"code-western\">domain le.domaine<\/p>\n<p class=\"code-western\">search le.domaine<\/p>\n<p class=\"code-western\">nameserver zz.zz.zz.zz<\/p>\n<p>&nbsp;<\/p>\n<p>Modifier \/etc\/hosts (et <i>\/etc\/hostname<\/i>) pour ajouter ladebian.le.domaine (si ce n&rsquo;est pas d\u00e9j\u00e0 fait).<\/p>\n<p>Red\u00e9marrer la machine ou relancer le service (# service networking restart).<\/p>\n<p><b>Note\u00a0<\/b>: le d\u00e9marrage devient plus long car le service networking met plus temps \u00e0 se lancer \u2026<\/p>\n<p><b>Note\u00a0<\/b>: cependant, avant cette configuration statique sans Network-manager, il fallait relancer le service Winbind \u00e0 chaque d\u00e9marrage car sinon l&rsquo;authentification AD n&rsquo;\u00e9tait pas fonctionnelle.<\/p>\n","protected":false},"excerpt":{"rendered":"<p>Configuration R\u00e9seau Debian<\/p>\n<p>Dans Gnome, n&rsquo;importe quel utilisateur peut modifier les param\u00e8tres r\u00e9seau en utilisant \u00ab\u00a0network-manager\u00a0\u00bb. Comme on ne peut pas d\u00e9sinstaller network-manager sans supprimer Gnome, on d\u00e9sactive simplement le service\u00a0:<\/p>\n<p class=\"code-western\"># update-rc.d network-manager disable<\/p>\n<p>On configure la connexion en statique en modifiant \/etc\/network\/interfaces, ajouter\/modifier\u00a0:<\/p>\n<p class=\"code-western\">auto eth0<\/p>\n<p class=\"code-western\">iface eth0 inet static<\/p>\n<p class=\"code-western\">address xx.xx.xx.xx<\/p>\n<p class=\"code-western\">netmask 24<\/p>\n<p class=\"code-western\">gateway yy.yy.yy.yy<\/p>\n<p>Modifier \/etc\/resolv.conf pour mettre l&rsquo;adresse du serveur DNS, normalement le contr\u00f4leur de domaine ainsi que le nom du domaine et le suffixe par d\u00e9faut\u00a0:<\/p>\n<p class=\"code-western\">domain le.domaine<\/p>\n<p class=\"code-western\">search le.domaine<\/p>\n<p class=\"code-western\">nameserver zz.zz.zz.zz<\/p>\n<p>&nbsp;<\/p>\n","protected":false},"author":10,"featured_media":0,"parent":22,"menu_order":0,"comment_status":"closed","ping_status":"closed","template":"","meta":{"footnotes":""},"class_list":["post-307","page","type-page","status-publish","hentry"],"_links":{"self":[{"href":"https:\/\/members.loria.fr\/AFalcone\/wp-json\/wp\/v2\/pages\/307","targetHints":{"allow":["GET"]}}],"collection":[{"href":"https:\/\/members.loria.fr\/AFalcone\/wp-json\/wp\/v2\/pages"}],"about":[{"href":"https:\/\/members.loria.fr\/AFalcone\/wp-json\/wp\/v2\/types\/page"}],"author":[{"embeddable":true,"href":"https:\/\/members.loria.fr\/AFalcone\/wp-json\/wp\/v2\/users\/10"}],"replies":[{"embeddable":true,"href":"https:\/\/members.loria.fr\/AFalcone\/wp-json\/wp\/v2\/comments?post=307"}],"version-history":[{"count":3,"href":"https:\/\/members.loria.fr\/AFalcone\/wp-json\/wp\/v2\/pages\/307\/revisions"}],"predecessor-version":[{"id":348,"href":"https:\/\/members.loria.fr\/AFalcone\/wp-json\/wp\/v2\/pages\/307\/revisions\/348"}],"up":[{"embeddable":true,"href":"https:\/\/members.loria.fr\/AFalcone\/wp-json\/wp\/v2\/pages\/22"}],"wp:attachment":[{"href":"https:\/\/members.loria.fr\/AFalcone\/wp-json\/wp\/v2\/media?parent=307"}],"curies":[{"name":"wp","href":"https:\/\/api.w.org\/{rel}","templated":true}]}}