{"id":13,"date":"2015-06-15T10:26:53","date_gmt":"2015-06-15T08:26:53","guid":{"rendered":"http:\/\/members.loria.fr\/thierrygartiser\/?page_id=13"},"modified":"2017-01-13T15:25:15","modified_gmt":"2017-01-13T13:25:15","slug":"publications","status":"publish","type":"page","link":"https:\/\/members.loria.fr\/AMalaise\/publications\/","title":{"rendered":"Publications"},"content":{"rendered":"<p>   <!DOCTYPE html PUBLIC \"-\/\/W3C\/\/DTD XHTML 1.0 Transitional\/\/EN\" \"http:\/\/www.w3.org\/TR\/xhtml1\/DTD\/xhtml1-transitional.dtd\"> <html xmlns='http:\/\/www.w3.org\/1999\/xhtml' xml:lang='fr' lang='fr'> <head> <meta name=\"robots\" content=\"noindex, nofollow\" \/> <meta http-equiv=\"content-type\" content= \"text\/html;charset=UTF-8\" \/> <meta http-equiv=\"Content-Language\" content=\"fr\" \/> <link rel=\"stylesheet\" type=\"text\/css\" href=\"..\/css\/VisuGen.css\" \/> <link rel=\"stylesheet\" type=\"text\/css\" href=\"https:\/\/haltools.inria.fr\/\/css\/VisuRubriqueEncadre.css\" \/> <!-- Piwik haltools.inria.fr--> <script type=\"text\/javascript\">   var _paq = _paq || [];   _paq.push(['trackPageView']);   _paq.push(['enableLinkTracking']);   (function() {     var u=\"\/\/piwik.inria.fr\/\";     _paq.push(['setTrackerUrl', u+'piwik.php']);     _paq.push(['setSiteId', 25]);     var d=document, g=d.createElement('script'), s=d.getElementsByTagName('script')[0];     g.type='text\/javascript'; g.async=true; g.defer=true; g.src=u+'piwik.js'; s.parentNode.insertBefore(g,s);   })(); <\/script> <noscript><\/p>\n<p><img decoding=\"async\" src=\"\/\/piwik.inria.fr\/piwik.php?idsite=25\" style=\"border:0;\" alt=\"\" \/><\/p>\n<p><\/noscript> <!-- End Piwik Code -->  <title>Publications HAL de  adrien malaise<\/title> <\/head> <body> <\/p>\n<div id=\"res_script\">\n<p class='Rubrique'>2020<\/p>\n<p class='SousRubrique'>Theses<\/p>\n<dl class='NoticeRes'>\n<dt class=\"ChampRes\">titre<\/dt>\n<dd class=\"ValeurRes Titre\"><a href=\"https:\/\/hal.science\/tel-02896582v2\" target=\"_blank\" >Human movement learning with wearable sensors : towards ergonomic assessment automation<\/a><\/dd>\n<dt class=\"ChampRes\">auteur<\/dt>\n<dd class=\"ValeurRes Auteurs\">Adrien Malais\u00e9<\/dd>\n<dt class=\"ChampRes\">article<\/dt>\n<dd class=\"ValeurRes article\">Informatique [cs]. Universit\u00e9 de Lorraine, 2020. Fran\u00e7ais. <a target=\"_blank\" href=\"https:\/\/www.theses.fr\/2020LORR0055\">&#x27E8;NNT : 2020LORR0055&#x27E9;<\/a><\/dd>\n<dt class=\"ChampRes\">typdoc<\/dt>\n<dd class=\"ValeurRes Type_de_document\">Theses<\/dd>\n<dt class=\"ChampRes\">Acc\u00e8s au texte int\u00e9gral et bibtex<\/dt>\n<dd class=\"ValeurRes Fichier_joint\"> <a href=\"https:\/\/hal.science\/tel-02896582\/file\/these_adrien.pdf\"  target=\"_blank\"> <img decoding=\"async\" alt=\"https:\/\/hal.science\/tel-02896582\/file\/these_adrien.pdf\" src=\"https:\/\/haltools.inria.fr\/images\/Haltools_pdf.png\" border=\"0\" title=\"https:\/\/hal.science\/tel-02896582\/file\/these_adrien.pdf\" \/><\/a> <span class=\"LienBibtexACoteFulltext\"><a href=\"https:\/\/hal.science\/tel-02896582v2\/bibtex\" target=\"_self\"> <img decoding=\"async\" alt=\"BibTex\" src=\"https:\/\/haltools.inria.fr\/images\/Haltools_bibtex3.png\" border=\"0\"  title=\"BibTex\" \/><\/a> <\/span><\/dd>\n<\/dl>\n<p class='Rubrique'>2019<\/p>\n<p class='SousRubrique'>Journal articles<\/p>\n<dl class='NoticeRes'>\n<dt class=\"ChampRes\">titre<\/dt>\n<dd class=\"ValeurRes Titre\"><a href=\"https:\/\/hal.science\/hal-02289107v1\" target=\"_blank\" >Human Movement and Ergonomics: an Industry-Oriented Dataset for Collaborative Robotics<\/a><\/dd>\n<dt class=\"ChampRes\">auteur<\/dt>\n<dd class=\"ValeurRes Auteurs\">Pauline Maurice, Adrien Malais\u00e9, Cl\u00e9lie Amiot, Nicolas Paris, Guy-Junior Richard, Olivier Rochel, Serena Ivaldi<\/dd>\n<dt class=\"ChampRes\">article<\/dt>\n<dd class=\"ValeurRes article\"><i>The International Journal of Robotics Research<\/i>, 2019, 38 (14), pp.1529-1537. <a target=\"_blank\" href=\"https:\/\/dx.doi.org\/10.1177\/0278364919882089\">&#x27E8;10.1177\/0278364919882089&#x27E9;<\/a><\/dd>\n<dt class=\"ChampRes\">typdoc<\/dt>\n<dd class=\"ValeurRes Type_de_document\">Journal articles<\/dd>\n<dt class=\"ChampRes\">DOI<\/dt>\n<dd class=\"ValeurRes DOI\">DOI : <a href=\"\/\/dx.doi.org\/10.1177\/0278364919882089\" target=\"_blank\" >10.1177\/0278364919882089<\/a><\/dd>\n<dt class=\"ChampRes\">Acc\u00e8s au texte int\u00e9gral et bibtex<\/dt>\n<dd class=\"ValeurRes Fichier_joint\"> <a href=\"https:\/\/hal.science\/hal-02289107\/file\/datapaper_ergonomics.pdf\"  target=\"_blank\"> <img decoding=\"async\" alt=\"https:\/\/hal.science\/hal-02289107\/file\/datapaper_ergonomics.pdf\" src=\"https:\/\/haltools.inria.fr\/images\/Haltools_pdf.png\" border=\"0\" title=\"https:\/\/hal.science\/hal-02289107\/file\/datapaper_ergonomics.pdf\" \/><\/a> <span class=\"LienBibtexACoteFulltext\"><a href=\"https:\/\/hal.science\/hal-02289107v1\/bibtex\" target=\"_self\"> <img decoding=\"async\" alt=\"BibTex\" src=\"https:\/\/haltools.inria.fr\/images\/Haltools_bibtex3.png\" border=\"0\"  title=\"BibTex\" \/><\/a> <\/span><\/dd>\n<\/dl>\n<dl class='NoticeRes'>\n<dt class=\"ChampRes\">titre<\/dt>\n<dd class=\"ValeurRes Titre\"><a href=\"https:\/\/hal.science\/hal-01985013v1\" target=\"_blank\" >Activity Recognition for Ergonomics Assessment of Industrial Tasks with Automatic Feature Selection<\/a><\/dd>\n<dt class=\"ChampRes\">auteur<\/dt>\n<dd class=\"ValeurRes Auteurs\">Adrien Malais\u00e9, Pauline Maurice, Francis Colas, Serena Ivaldi<\/dd>\n<dt class=\"ChampRes\">article<\/dt>\n<dd class=\"ValeurRes article\"><i>IEEE Robotics and Automation Letters<\/i>, 2019, 4 (2), pp.1132-1139. <a target=\"_blank\" href=\"https:\/\/dx.doi.org\/10.1109\/LRA.2019.2894389\">&#x27E8;10.1109\/LRA.2019.2894389&#x27E9;<\/a><\/dd>\n<dt class=\"ChampRes\">typdoc<\/dt>\n<dd class=\"ValeurRes Type_de_document\">Journal articles<\/dd>\n<dt class=\"ChampRes\">DOI<\/dt>\n<dd class=\"ValeurRes DOI\">DOI : <a href=\"\/\/dx.doi.org\/10.1109\/LRA.2019.2894389\" target=\"_blank\" >10.1109\/LRA.2019.2894389<\/a><\/dd>\n<dt class=\"ChampRes\">Acc\u00e8s au texte int\u00e9gral et bibtex<\/dt>\n<dd class=\"ValeurRes Fichier_joint\"> <a href=\"https:\/\/hal.science\/hal-01985013\/file\/malaise_activity_ral.pdf\"  target=\"_blank\"> <img decoding=\"async\" alt=\"https:\/\/hal.science\/hal-01985013\/file\/malaise_activity_ral.pdf\" src=\"https:\/\/haltools.inria.fr\/images\/Haltools_pdf.png\" border=\"0\" title=\"https:\/\/hal.science\/hal-01985013\/file\/malaise_activity_ral.pdf\" \/><\/a> <span class=\"LienBibtexACoteFulltext\"><a href=\"https:\/\/hal.science\/hal-01985013v1\/bibtex\" target=\"_self\"> <img decoding=\"async\" alt=\"BibTex\" src=\"https:\/\/haltools.inria.fr\/images\/Haltools_bibtex3.png\" border=\"0\"  title=\"BibTex\" \/><\/a> <\/span><\/dd>\n<\/dl>\n<p class='Rubrique'>2018<\/p>\n<p class='SousRubrique'>Conference papers<\/p>\n<dl class='NoticeRes'>\n<dt class=\"ChampRes\">titre<\/dt>\n<dd class=\"ValeurRes Titre\"><a href=\"https:\/\/hal.science\/hal-01808832v1\" target=\"_blank\" >Online Human Activity Recognition for Ergonomics Assessment<\/a><\/dd>\n<dt class=\"ChampRes\">auteur<\/dt>\n<dd class=\"ValeurRes Auteurs\">Adrien Malais\u00e9, Pauline Maurice, Francis Colas, Serena Ivaldi<\/dd>\n<dt class=\"ChampRes\">article<\/dt>\n<dd class=\"ValeurRes article\"><i>SIAS 2018 &#8211; 9\u00e8me conf\u00e9rence internationale sur la s\u00e9curit\u00e9 des syst\u00e8mes industriels automatis\u00e9s<\/i>, Oct 2018, Nancy, France<\/dd>\n<dt class=\"ChampRes\">typdoc<\/dt>\n<dd class=\"ValeurRes Type_de_document\">Conference papers<\/dd>\n<dt class=\"ChampRes\">Acc\u00e8s au texte int\u00e9gral et bibtex<\/dt>\n<dd class=\"ValeurRes Fichier_joint\"> <a href=\"https:\/\/hal.science\/hal-01808832\/file\/malaise_sias.pdf\"  target=\"_blank\"> <img decoding=\"async\" alt=\"https:\/\/hal.science\/hal-01808832\/file\/malaise_sias.pdf\" src=\"https:\/\/haltools.inria.fr\/images\/Haltools_pdf.png\" border=\"0\" title=\"https:\/\/hal.science\/hal-01808832\/file\/malaise_sias.pdf\" \/><\/a> <span class=\"LienBibtexACoteFulltext\"><a href=\"https:\/\/hal.science\/hal-01808832v1\/bibtex\" target=\"_self\"> <img decoding=\"async\" alt=\"BibTex\" src=\"https:\/\/haltools.inria.fr\/images\/Haltools_bibtex3.png\" border=\"0\"  title=\"BibTex\" \/><\/a> <\/span><\/dd>\n<\/dl>\n<dl class='NoticeRes'>\n<dt class=\"ChampRes\">titre<\/dt>\n<dd class=\"ValeurRes Titre\"><a href=\"https:\/\/hal.science\/hal-02348724v1\" target=\"_blank\" >Online Human Activity Recognition for Ergonomics Assessment<\/a><\/dd>\n<dt class=\"ChampRes\">auteur<\/dt>\n<dd class=\"ValeurRes Auteurs\">Adrien Malais\u00e9, Pauline Maurice, Francis Colas, Serena Ivaldi<\/dd>\n<dt class=\"ChampRes\">article<\/dt>\n<dd class=\"ValeurRes article\"><i>JNRH 2018 &#8211; Journ\u00e9es Nationales de la Robotique Humano\u00efde<\/i>, Jun 2018, Nancy, France<\/dd>\n<dt class=\"ChampRes\">typdoc<\/dt>\n<dd class=\"ValeurRes Type_de_document\">Conference papers<\/dd>\n<dt class=\"ChampRes\">Acc\u00e8s au texte int\u00e9gral et bibtex<\/dt>\n<dd class=\"ValeurRes Fichier_joint\"> <a href=\"https:\/\/hal.science\/hal-02348724\/file\/JNRH2018_Malaise.pdf\"  target=\"_blank\"> <img decoding=\"async\" alt=\"https:\/\/hal.science\/hal-02348724\/file\/JNRH2018_Malaise.pdf\" src=\"https:\/\/haltools.inria.fr\/images\/Haltools_pdf.png\" border=\"0\" title=\"https:\/\/hal.science\/hal-02348724\/file\/JNRH2018_Malaise.pdf\" \/><\/a> <span class=\"LienBibtexACoteFulltext\"><a href=\"https:\/\/hal.science\/hal-02348724v1\/bibtex\" target=\"_self\"> <img decoding=\"async\" alt=\"BibTex\" src=\"https:\/\/haltools.inria.fr\/images\/Haltools_bibtex3.png\" border=\"0\"  title=\"BibTex\" \/><\/a> <\/span><\/dd>\n<\/dl>\n<dl class='NoticeRes'>\n<dt class=\"ChampRes\">titre<\/dt>\n<dd class=\"ValeurRes Titre\"><a href=\"https:\/\/hal.science\/hal-01701996v1\" target=\"_blank\" >Activity Recognition With Multiple Wearable Sensors for Industrial Applications<\/a><\/dd>\n<dt class=\"ChampRes\">auteur<\/dt>\n<dd class=\"ValeurRes Auteurs\">Adrien Malais\u00e9, Pauline Maurice, Francis Colas, Fran\u00e7ois Charpillet, Serena Ivaldi<\/dd>\n<dt class=\"ChampRes\">article<\/dt>\n<dd class=\"ValeurRes article\"><i>ACHI 2018 &#8211; Eleventh International Conference on Advances in Computer-Human Interactions<\/i>, Mar 2018, Rome, Italy<\/dd>\n<dt class=\"ChampRes\">typdoc<\/dt>\n<dd class=\"ValeurRes Type_de_document\">Conference papers<\/dd>\n<dt class=\"ChampRes\">Acc\u00e8s au texte int\u00e9gral et bibtex<\/dt>\n<dd class=\"ValeurRes Fichier_joint\"> <a href=\"https:\/\/hal.science\/hal-01701996\/file\/malaise2018_activityRecognition.pdf\"  target=\"_blank\"> <img decoding=\"async\" alt=\"https:\/\/hal.science\/hal-01701996\/file\/malaise2018_activityRecognition.pdf\" src=\"https:\/\/haltools.inria.fr\/images\/Haltools_pdf.png\" border=\"0\" title=\"https:\/\/hal.science\/hal-01701996\/file\/malaise2018_activityRecognition.pdf\" \/><\/a> <span class=\"LienBibtexACoteFulltext\"><a href=\"https:\/\/hal.science\/hal-01701996v1\/bibtex\" target=\"_self\"> <img decoding=\"async\" alt=\"BibTex\" src=\"https:\/\/haltools.inria.fr\/images\/Haltools_bibtex3.png\" border=\"0\"  title=\"BibTex\" \/><\/a> <\/span><\/dd>\n<\/dl>\n<dl class='NoticeRes'>\n<dt class=\"ChampRes\">titre<\/dt>\n<dd class=\"ValeurRes Titre\"><a href=\"https:\/\/hal.science\/hal-01826487v1\" target=\"_blank\" >Ethical and Social Considerations for the Introduction of Human-Centered Technologies at Work<\/a><\/dd>\n<dt class=\"ChampRes\">auteur<\/dt>\n<dd class=\"ValeurRes Auteurs\">Pauline Maurice, Ludivine Allienne, Adrien Malais\u00e9, Serena Ivaldi<\/dd>\n<dt class=\"ChampRes\">article<\/dt>\n<dd class=\"ValeurRes article\"><i>IEEE Workshop on Advanced Robotics and its Social Impacts (ARSO)<\/i>, 2018, Genova, Italy<\/dd>\n<dt class=\"ChampRes\">typdoc<\/dt>\n<dd class=\"ValeurRes Type_de_document\">Conference papers<\/dd>\n<dt class=\"ChampRes\">Acc\u00e8s au texte int\u00e9gral et bibtex<\/dt>\n<dd class=\"ValeurRes Fichier_joint\"> <a href=\"https:\/\/hal.science\/hal-01826487\/file\/Ethical%20and%20Social%20Considerations%20for%20the%20Introduction%20of%20Human-Centered%20Technologies%20at%20Work.pdf\"  target=\"_blank\"> <img decoding=\"async\" alt=\"https:\/\/hal.science\/hal-01826487\/file\/Ethical%20and%20Social%20Considerations%20for%20the%20Introduction%20of%20Human-Centered%20Technologies%20at%20Work.pdf\" src=\"https:\/\/haltools.inria.fr\/images\/Haltools_pdf.png\" border=\"0\" title=\"https:\/\/hal.science\/hal-01826487\/file\/Ethical%20and%20Social%20Considerations%20for%20the%20Introduction%20of%20Human-Centered%20Technologies%20at%20Work.pdf\" \/><\/a> <span class=\"LienBibtexACoteFulltext\"><a href=\"https:\/\/hal.science\/hal-01826487v1\/bibtex\" target=\"_self\"> <img decoding=\"async\" alt=\"BibTex\" src=\"https:\/\/haltools.inria.fr\/images\/Haltools_bibtex3.png\" border=\"0\"  title=\"BibTex\" \/><\/a> <\/span><\/dd>\n<\/dl>\n<p class='Rubrique'>2016<\/p>\n<p class='SousRubrique'>Conference papers<\/p>\n<dl class='NoticeRes'>\n<dt class=\"ChampRes\">titre<\/dt>\n<dd class=\"ValeurRes Titre\"><a href=\"https:\/\/inria.hal.science\/hal-01353809v1\" target=\"_blank\" >One-shot Evaluation of the Control Interface of a Robotic Arm by Non-Experts<\/a><\/dd>\n<dt class=\"ChampRes\">auteur<\/dt>\n<dd class=\"ValeurRes Auteurs\">Sebastian Marichal, Adrien Malais\u00e9, Valerio Modugno, Oriane Dermy, Fran\u00e7ois Charpillet, Serena Ivaldi<\/dd>\n<dt class=\"ChampRes\">article<\/dt>\n<dd class=\"ValeurRes article\"><i>International Conference on Social Robotics<\/i>, Nov 2016, Kansas City, United States<\/dd>\n<dt class=\"ChampRes\">typdoc<\/dt>\n<dd class=\"ValeurRes Type_de_document\">Conference papers<\/dd>\n<dt class=\"ChampRes\">Acc\u00e8s au texte int\u00e9gral et bibtex<\/dt>\n<dd class=\"ValeurRes Fichier_joint\"> <a href=\"https:\/\/inria.hal.science\/hal-01353809\/file\/one-shot-evaluation.pdf\"  target=\"_blank\"> <img decoding=\"async\" alt=\"https:\/\/inria.hal.science\/hal-01353809\/file\/one-shot-evaluation.pdf\" src=\"https:\/\/haltools.inria.fr\/images\/Haltools_pdf.png\" border=\"0\" title=\"https:\/\/inria.hal.science\/hal-01353809\/file\/one-shot-evaluation.pdf\" \/><\/a> <span class=\"LienBibtexACoteFulltext\"><a href=\"https:\/\/inria.hal.science\/hal-01353809v1\/bibtex\" target=\"_self\"> <img decoding=\"async\" alt=\"BibTex\" src=\"https:\/\/haltools.inria.fr\/images\/Haltools_bibtex3.png\" border=\"0\"  title=\"BibTex\" \/><\/a> <\/span><\/dd>\n<\/dl>\n<dl class='NoticeRes'>\n<dt class=\"ChampRes\">titre<\/dt>\n<dd class=\"ValeurRes Titre\"><a href=\"https:\/\/inria.hal.science\/hal-01377708v1\" target=\"_blank\" >Towards collaboration between professional caregivers and robots &#8211; A preliminary study<\/a><\/dd>\n<dt class=\"ChampRes\">auteur<\/dt>\n<dd class=\"ValeurRes Auteurs\">Adrien Malais\u00e9, Sophie Nertomb, Fran\u00e7ois Charpillet, Serena Ivaldi<\/dd>\n<dt class=\"ChampRes\">article<\/dt>\n<dd class=\"ValeurRes article\"><i>International Conference on Social Robotics &#8211; Workshop \u201cUsing social robots to improve the quality of life in the elderly\u201d<\/i>, Nov 2016, Kansas City, United States<\/dd>\n<dt class=\"ChampRes\">typdoc<\/dt>\n<dd class=\"ValeurRes Type_de_document\">Conference papers<\/dd>\n<dt class=\"ChampRes\">Acc\u00e8s au texte int\u00e9gral et bibtex<\/dt>\n<dd class=\"ValeurRes Fichier_joint\"> <a href=\"https:\/\/inria.hal.science\/hal-01377708\/file\/workshop-paper-collaboration%20%283%29.pdf\"  target=\"_blank\"> <img decoding=\"async\" alt=\"https:\/\/inria.hal.science\/hal-01377708\/file\/workshop-paper-collaboration%20%283%29.pdf\" src=\"https:\/\/haltools.inria.fr\/images\/Haltools_pdf.png\" border=\"0\" title=\"https:\/\/inria.hal.science\/hal-01377708\/file\/workshop-paper-collaboration%20%283%29.pdf\" \/><\/a> <span class=\"LienBibtexACoteFulltext\"><a href=\"https:\/\/inria.hal.science\/hal-01377708v1\/bibtex\" target=\"_self\"> <img decoding=\"async\" alt=\"BibTex\" src=\"https:\/\/haltools.inria.fr\/images\/Haltools_bibtex3.png\" border=\"0\"  title=\"BibTex\" \/><\/a> <\/span><\/dd>\n<\/dl>\n<p class='Rubrique'>2015<\/p>\n<p class='SousRubrique'>Conference papers<\/p>\n<dl class='NoticeRes'>\n<dt class=\"ChampRes\">titre<\/dt>\n<dd class=\"ValeurRes Titre\"><a href=\"https:\/\/minesparis-psl.hal.science\/hal-01137307v1\" target=\"_blank\" >Towards Attention Monitoring of Older Adults with Cognitive Impairment During Interaction with an Embodied Conversational Agent<\/a><\/dd>\n<dt class=\"ChampRes\">auteur<\/dt>\n<dd class=\"ValeurRes Auteurs\">Pierre Wargnier, Adrien Malais\u00e9, Julien Jacquemot, Samuel Benveniste, Pierre Jouvelot, Maribel Pino, Anne-Sophie Rigaud<\/dd>\n<dt class=\"ChampRes\">article<\/dt>\n<dd class=\"ValeurRes article\"><i>The Third International Workshop on Virtual and Augmented Assistive Technology (VAAT)<\/i>, Mar 2015, Arles, France. pp 23-28, <a target=\"_blank\" href=\"https:\/\/dx.doi.org\/10.1109\/VAAT.2015.7155406\">&#x27E8;10.1109\/VAAT.2015.7155406&#x27E9;<\/a><\/dd>\n<dt class=\"ChampRes\">typdoc<\/dt>\n<dd class=\"ValeurRes Type_de_document\">Conference papers<\/dd>\n<dt class=\"ChampRes\">DOI<\/dt>\n<dd class=\"ValeurRes DOI\">DOI : <a href=\"\/\/dx.doi.org\/10.1109\/VAAT.2015.7155406\" target=\"_blank\" >10.1109\/VAAT.2015.7155406<\/a><\/dd>\n<dt class=\"ChampRes\">Acc\u00e8s au texte int\u00e9gral et bibtex<\/dt>\n<dd class=\"ValeurRes Fichier_joint\"> <a href=\"https:\/\/minesparis-psl.hal.science\/hal-01137307\/file\/A-595.pdf\"  target=\"_blank\"> <img decoding=\"async\" alt=\"https:\/\/minesparis-psl.hal.science\/hal-01137307\/file\/A-595.pdf\" src=\"https:\/\/haltools.inria.fr\/images\/Haltools_pdf.png\" border=\"0\" title=\"https:\/\/minesparis-psl.hal.science\/hal-01137307\/file\/A-595.pdf\" \/><\/a> <span class=\"LienBibtexACoteFulltext\"><a href=\"https:\/\/minesparis-psl.hal.science\/hal-01137307v1\/bibtex\" target=\"_self\"> <img decoding=\"async\" alt=\"BibTex\" src=\"https:\/\/haltools.inria.fr\/images\/Haltools_bibtex3.png\" border=\"0\"  title=\"BibTex\" \/><\/a> <\/span><\/dd>\n<\/dl><\/div>\n<p> <\/body> <\/html> <\/p>\n","protected":false},"excerpt":{"rendered":"<p>Publications HAL de adrien malaise 2020 Theses titre Human movement learning with wearable sensors : towards ergonomic assessment automation auteur Adrien Malais\u00e9 article Informatique [cs]. Universit\u00e9 de Lorraine, 2020. Fran\u00e7ais. &#x27E8;NNT : 2020LORR0055&#x27E9; typdoc Theses Acc\u00e8s au texte int\u00e9gral et bibtex 2019 Journal articles titre Human Movement and Ergonomics: an Industry-Oriented Dataset for Collaborative Robotics [&hellip;]<\/p>\n","protected":false},"author":5,"featured_media":0,"parent":0,"menu_order":0,"comment_status":"closed","ping_status":"closed","template":"page-fullwidth.php","meta":{"footnotes":""},"class_list":["post-13","page","type-page","status-publish","hentry"],"_links":{"self":[{"href":"https:\/\/members.loria.fr\/AMalaise\/wp-json\/wp\/v2\/pages\/13","targetHints":{"allow":["GET"]}}],"collection":[{"href":"https:\/\/members.loria.fr\/AMalaise\/wp-json\/wp\/v2\/pages"}],"about":[{"href":"https:\/\/members.loria.fr\/AMalaise\/wp-json\/wp\/v2\/types\/page"}],"author":[{"embeddable":true,"href":"https:\/\/members.loria.fr\/AMalaise\/wp-json\/wp\/v2\/users\/5"}],"replies":[{"embeddable":true,"href":"https:\/\/members.loria.fr\/AMalaise\/wp-json\/wp\/v2\/comments?post=13"}],"version-history":[{"count":16,"href":"https:\/\/members.loria.fr\/AMalaise\/wp-json\/wp\/v2\/pages\/13\/revisions"}],"predecessor-version":[{"id":232,"href":"https:\/\/members.loria.fr\/AMalaise\/wp-json\/wp\/v2\/pages\/13\/revisions\/232"}],"wp:attachment":[{"href":"https:\/\/members.loria.fr\/AMalaise\/wp-json\/wp\/v2\/media?parent=13"}],"curies":[{"name":"wp","href":"https:\/\/api.w.org\/{rel}","templated":true}]}}