{"id":10,"date":"2015-06-15T10:23:49","date_gmt":"2015-06-15T08:23:49","guid":{"rendered":"http:\/\/members.loria.fr\/thierrygartiser\/?page_id=10"},"modified":"2022-01-24T17:44:29","modified_gmt":"2022-01-24T15:44:29","slug":"cv","status":"publish","type":"page","link":"https:\/\/members.loria.fr\/ANapoli\/cv\/","title":{"rendered":"CV"},"content":{"rendered":"<div class=\"important_div\" style=\"text-align: left\"><strong>Bref CV en fran\u00e7ais<\/strong> (English below).<\/div>\n<div class=\"important_div\" style=\"text-align: left\"><\/div>\n<div class=\"important_div\" style=\"text-align: left\">Amedeo Napoli est titulaire d&rsquo;une th\u00e8se d&rsquo;\u00e9tat en informatique (1992) et actuellement directeur de recherche \u00e9m\u00e9rite CNRS (ancien responsable de l&rsquo;\u00e9quipe-projet Inria Orpailleur). A.N. fait ses recherches en intelligence artificielle, o\u00f9 il travaille sur les m\u00e9thodes symboliques et num\u00e9riques de d\u00e9couverte de connaissances dans des bases de donn\u00e9es. Il est un sp\u00e9cialiste de l&rsquo;analyse formelle de concepts (FCA pour \u00ab\u00a0Formal Concept Analysis\u00a0\u00bb) et ses extensions (structures de patrons et analyse relationnelle de concepts), la fouille de motifs, la recherche de r\u00e8gles d&rsquo;association et la fouille de textes. Il s&rsquo;int\u00e9resse aussi aux m\u00e9thodes num\u00e9riques de fouille de donn\u00e9es comme les mod\u00e8les de Markov, les r\u00e9seaux bay\u00e9siens et les r\u00e9seaux graphiques, les m\u00e9thodes hybrides qui combinent symbolique et num\u00e9rique. En parall\u00e8le, A.N. s&rsquo;int\u00e9resse aussi aux formalismes de repr\u00e9sentation des connaissances et de raisonnement comme les logiques de descriptions, les ontologies, la classification et le raisonnement \u00e0 partir de cas, le web des donn\u00e9es et les technologies du web s\u00e9mantique. De plus, A.N. s&rsquo;occupe aussi d&rsquo;enseignement et de supervision d&rsquo;\u00e9tudiants.<\/div>\n<div class=\"important_div\" style=\"text-align: left\">\n<p>Amedeo Napoli participe et a particip\u00e9 \u00e0 de nombreux projets de recherche nationaux et internationaux, comprenant des projets europ\u00e9ens, des projets ANR et des projets internationaux. Il est impliqu\u00e9 dans le projet europ\u00e9en \u00ab\u00a0CrossCult\u00a0\u00bb, dans les projets ANR Elker et PractikPharma entre autres. Il entretient un r\u00e9seau important de collaborations internationales, notamment avec l&rsquo;Am\u00e9rique du Nord et du Sud, la Russie et les pays d&rsquo;Europe.<\/p>\n<p>Enfin, A.N. a un r\u00f4le tr\u00e8s actif dans l&rsquo;organisation d&rsquo;\u00e9v\u00e9nements scientifiques. Il organise r\u00e9guli\u00e8rement des workshops (FCA4AI, <a href=\"http:\/\/www.fca4ai.hse.ru\">http:\/\/www.fca4ai.hse.ru<\/a>) et des tutoriels (ECAI, EKAW, IJCAI). Il a \u00e9t\u00e9 le \u00ab\u00a0General Chair\u00a0\u00bb de la conf\u00e9rence ECML-PKDD (International Conference on Machine Learning and Knowledge Discovery, Nancy 14-19 septembre 2014). En 2019 il est l&rsquo;organisateur des Rencontres de la Soci\u00e9t\u00e9 Francophone de classification (SFC 2019, 3-5 septembre 2019, <a href=\"https:\/\/project.inria.fr\/sfc2019\/\">https:\/\/project.inria.fr\/sfc2019\/<\/a>). En 2018 il \u00e9tait le \u00ab\u00a0General Chair\u00a0\u00bb de la conf\u00e9rence EKAW (21st International Conference on Knowledge Engineering and Knowledge Management, Nancy 12-16 Novembre 2018, <a href=\"https:\/\/project.inria.fr\/ekaw2018\/\">https:\/\/project.inria.fr\/ekaw2018\/<\/a>).<\/p>\n<\/div>\n<div class=\"important_div\" style=\"text-align: left\"><strong>Short CV in English.<\/strong><\/div>\n<div class=\"important_div\" style=\"text-align: left\"><\/div>\n<div class=\"important_div\" style=\"text-align: left\">Amedeo Napoli is a CNRS emeritus senior scientist (DR CNRS) with a doctoral degree in Mathematics and an habilitation degree in computer science (\u00ab\u00a0Th\u00e8se d&rsquo;\u00e9tat en informatique\u00a0\u00bb). A.N. is a specialist of knowledge discovery and knowledge engineering. He works on symbolic and numerical methods in knowledge discovery. In particular, has has interest in Formal Concept Analysis and extensions such as pattern structures and relational concept analysis, in pattern and rule mining, and in text mining as well. Besides, he is interested in knowledge engineering, especially in in description logics, classification, case-based reasoning, web of data and technologies of semantic web. In addition, A.N. is involved in teaching in France and abroad, and in student supervision.<\/div>\n<div><\/div>\n<div class=\"important_div\" style=\"text-align: left\">A.N. is active in many research projects at the national and international levels with application fields such as biology, chemistry, and medicine. He participates in European Projects such as \u00ab\u00a0CrossCult\u00a0\u00bb, in French ANR projects such as Elker and PractikPharma. Moreover, he has international collaborations with North and South America, Russia and European Countries.<\/div>\n<div><\/div>\n<div class=\"important_div\" style=\"text-align: left\">He is also involved in many scientific conferences as an organizer or as a program committee member (FCA4AI workshop series <a href=\"http:\/\/www.fca4ai.hse.ru\">http:\/\/www.fca4ai.hse.ru<\/a>). In particular, he was the General Chair of ECML-PKDD 2014 (International Conference on Machine Learning and Knowledge Discovery, Nancy September 14-19 2014). In 2019, he was the organizer of the so-called \u00ab\u00a0Rencontres de la Soci\u00e9t\u00e9 Francophone de classification\u00a0\u00bb (SFC 2019, 3-5 septembre 2019, <a href=\"https:\/\/project.inria.fr\/sfc2019\/\">https:\/\/project.inria.fr\/sfc2019\/<\/a>). In 2018, he was the General Chair of EKAW 2018 (21st International Conference on Knowledge Engineering and Knowledge Management, Nancy November 12-16 2018, <a href=\"https:\/\/project.inria.fr\/ekaw2018\/\">https:\/\/project.inria.fr\/ekaw2018\/<\/a>).<\/div>\n","protected":false},"excerpt":{"rendered":"<p>Bref CV en fran\u00e7ais (English below).<\/p>\n<p>Amedeo Napoli est titulaire d&rsquo;une th\u00e8se d&rsquo;\u00e9tat en informatique (1992) et actuellement directeur de recherche \u00e9m\u00e9rite CNRS (ancien responsable de l&rsquo;\u00e9quipe-projet Inria Orpailleur). A.N. fait ses recherches en intelligence artificielle, o\u00f9 il travaille sur les m\u00e9thodes symboliques et num\u00e9riques de d\u00e9couverte de connaissances dans des bases de donn\u00e9es. Il est un sp\u00e9cialiste de l&rsquo;analyse formelle de concepts (FCA pour \u00ab\u00a0Formal Concept Analysis\u00a0\u00bb) et ses extensions (structures de patrons et analyse relationnelle de concepts), la fouille de motifs, la recherche de r\u00e8gles d&rsquo;association et la fouille de textes. Il s&rsquo;int\u00e9resse aussi aux m\u00e9thodes num\u00e9riques de fouille de donn\u00e9es comme les mod\u00e8les de Markov, <\/p>\n","protected":false},"author":5,"featured_media":0,"parent":0,"menu_order":0,"comment_status":"closed","ping_status":"closed","template":"","meta":{"footnotes":""},"class_list":["post-10","page","type-page","status-publish","hentry"],"_links":{"self":[{"href":"https:\/\/members.loria.fr\/ANapoli\/wp-json\/wp\/v2\/pages\/10","targetHints":{"allow":["GET"]}}],"collection":[{"href":"https:\/\/members.loria.fr\/ANapoli\/wp-json\/wp\/v2\/pages"}],"about":[{"href":"https:\/\/members.loria.fr\/ANapoli\/wp-json\/wp\/v2\/types\/page"}],"author":[{"embeddable":true,"href":"https:\/\/members.loria.fr\/ANapoli\/wp-json\/wp\/v2\/users\/5"}],"replies":[{"embeddable":true,"href":"https:\/\/members.loria.fr\/ANapoli\/wp-json\/wp\/v2\/comments?post=10"}],"version-history":[{"count":64,"href":"https:\/\/members.loria.fr\/ANapoli\/wp-json\/wp\/v2\/pages\/10\/revisions"}],"predecessor-version":[{"id":406,"href":"https:\/\/members.loria.fr\/ANapoli\/wp-json\/wp\/v2\/pages\/10\/revisions\/406"}],"wp:attachment":[{"href":"https:\/\/members.loria.fr\/ANapoli\/wp-json\/wp\/v2\/media?parent=10"}],"curies":[{"name":"wp","href":"https:\/\/api.w.org\/{rel}","templated":true}]}}