{"id":10,"date":"2015-06-15T10:23:49","date_gmt":"2015-06-15T08:23:49","guid":{"rendered":"http:\/\/members.loria.fr\/thierrygartiser\/?page_id=10"},"modified":"2018-10-03T21:40:55","modified_gmt":"2018-10-03T19:40:55","slug":"cv","status":"publish","type":"page","link":"https:\/\/members.loria.fr\/AOulamara\/cv\/","title":{"rendered":"CV"},"content":{"rendered":"<div class=\"important_div\" style=\"text-align: center\"><\/div>\n<h4 class=\"cv\">Etudes<\/h4>\n<ul>\n<li><span class=\"s1\">2009 : HDR &#8211; Habilitation \u00e0 Diriger des Recherches\u00a0 &#8211;\u00a0 \u00a0Universit\u00e9 de Lorraine.<\/span><\/li>\n<li>2001 : Doctorat en Informatique, Universit\u00e9 Joseph Fourier, Grenoble<\/li>\n<li>1998 : M.S. en Informatique\u00a0 &#8211; INPG Grenoble<\/li>\n<\/ul>\n<h4 class=\"cv\">Carri\u00e8re<\/h4>\n<ul>\n<li>12 \u2013 Pr\u00e9sent : Professeur des Universit\u00e9s, Universit\u00e9 de Lorraine<\/li>\n<li>02 &#8211; 12 : Ma\u00eetre de Conf\u00e9rences titulaire \u00e0 l\u2019Ecole des Mines de Nancy &#8211; INPL<\/li>\n<li>01 &#8211; 02 : Ing\u00e9nieur expert en Optimisation, Soci\u00e9t\u00e9 Temposoft, Paris &#8211; Atlanta<\/li>\n<li>00 &#8211; 01 : ATER \u00e0 l\u2019ENSIMAG, Institut National Polytechnique de Grenoble<\/li>\n<\/ul>\n","protected":false},"excerpt":{"rendered":"<p>Etudes<\/p>\n<ul>\n<li>2009 : HDR &#8211; Habilitation \u00e0 Diriger des Recherches\u00a0 &#8211;\u00a0 \u00a0Universit\u00e9 de Lorraine.<\/li>\n<li>2001 : Doctorat en Informatique, Universit\u00e9 Joseph Fourier, Grenoble<\/li>\n<li>1998 : M.S. en Informatique\u00a0 &#8211; INPG Grenoble<\/li>\n<\/ul>\n<p>Carri\u00e8re<\/p>\n<ul>\n<li>12 \u2013 Pr\u00e9sent : Professeur des Universit\u00e9s, Universit\u00e9 de Lorraine<\/li>\n<li>02 &#8211; 12 : Ma\u00eetre de Conf\u00e9rences titulaire \u00e0 l\u2019Ecole des Mines de Nancy &#8211; INPL<\/li>\n<li>01 &#8211; 02 : Ing\u00e9nieur expert en Optimisation, Soci\u00e9t\u00e9 Temposoft, Paris &#8211; Atlanta<\/li>\n<li>00 &#8211; 01 : ATER \u00e0 l\u2019ENSIMAG, Institut National Polytechnique de Grenoble<\/li>\n<\/ul>\n","protected":false},"author":5,"featured_media":0,"parent":0,"menu_order":0,"comment_status":"closed","ping_status":"closed","template":"","meta":{"footnotes":""},"class_list":["post-10","page","type-page","status-publish","hentry"],"_links":{"self":[{"href":"https:\/\/members.loria.fr\/AOulamara\/wp-json\/wp\/v2\/pages\/10","targetHints":{"allow":["GET"]}}],"collection":[{"href":"https:\/\/members.loria.fr\/AOulamara\/wp-json\/wp\/v2\/pages"}],"about":[{"href":"https:\/\/members.loria.fr\/AOulamara\/wp-json\/wp\/v2\/types\/page"}],"author":[{"embeddable":true,"href":"https:\/\/members.loria.fr\/AOulamara\/wp-json\/wp\/v2\/users\/5"}],"replies":[{"embeddable":true,"href":"https:\/\/members.loria.fr\/AOulamara\/wp-json\/wp\/v2\/comments?post=10"}],"version-history":[{"count":52,"href":"https:\/\/members.loria.fr\/AOulamara\/wp-json\/wp\/v2\/pages\/10\/revisions"}],"predecessor-version":[{"id":306,"href":"https:\/\/members.loria.fr\/AOulamara\/wp-json\/wp\/v2\/pages\/10\/revisions\/306"}],"wp:attachment":[{"href":"https:\/\/members.loria.fr\/AOulamara\/wp-json\/wp\/v2\/media?parent=10"}],"curies":[{"name":"wp","href":"https:\/\/api.w.org\/{rel}","templated":true}]}}