{"id":369,"date":"2017-05-17T14:55:09","date_gmt":"2017-05-17T12:55:09","guid":{"rendered":"http:\/\/members.loria.fr\/AScheuer\/?page_id=369"},"modified":"2021-09-17T15:29:13","modified_gmt":"2021-09-17T13:29:13","slug":"robots-thymios","status":"publish","type":"page","link":"https:\/\/members.loria.fr\/AScheuer\/activites\/plateformes\/robots-thymios\/","title":{"rendered":"Activit\u00e9s autour des Thymios 2"},"content":{"rendered":"<h2>Motivations<\/h2>\n<figure class=\"thumbnail wp-caption alignright\" style=\"width: 310px\"><img loading=\"lazy\" decoding=\"async\" src=\"\/AScheuer\/files\/Robots\/Thymio\/Photos\/Thymio_cle.jpg\" alt=\"Un Thymio 2 avec sa cl\u00e9 wifi\" width=\"300\" height=\"225\" \/><figcaption class=\"caption wp-caption-text\">Un Thymio 2 avec sa cl\u00e9 wifi<br \/>(photo : G\u00e9n\u00e9ration Robots)<\/figcaption><\/figure>\n<p>Depuis 2006, les enseignants du <a href=\"http:\/\/www.loria.fr\">Loria<\/a> proposent une sp\u00e9cialit\u00e9 de master nomm\u00e9e <a href=\"http:\/\/licence-master-informatique.formation.univ-lorraine.fr\/interaction-perception-apprentissage-connaissance\">\u00ab interaction, perception, apprentissage, connaissance \u00bb<\/a> et portant sur l&rsquo;intelligence artificielle et la robotique. Pour ce master, en initiation dans le master 1 et dans un enseignement \u00e0 <a href=\"http:\/\/www.centralesupelec.fr\/fr\/nos-4-campus?tab=campus-metz\">Centrale Sup\u00c9lec Metz<\/a>, <a href=\"http:\/\/perso.citi-lab.fr\/osimonin\">Olivier Simonin<\/a> et moi-m\u00eame avons mis au point trois s\u00e9ances de travaux pratiques visant \u00e0 d\u00e9finir un \u00e9vitement d&rsquo;obstacles pour un robot mobile \u00e0 deux roues ind\u00e9pendantes.<\/p>\n<p>Dans un premier temps, les robots utilis\u00e9s pour ces s\u00e9ances \u00e9taient des Kheperas III (<a href=\"https:\/\/www.generationrobots.com\/fr\/401417-robot-miniature-programmable-khepera-iii.html\">com<\/a>, <a href=\"http:\/\/disal.epfl.ch\/page-32508-fr.html\">en<\/a>), fournis par l&rsquo;\u00e9quipe <a href=\"http:\/\/maia.loria.fr\">Maia<\/a> du <a href=\"http:\/\/www.loria.fr\">Loria<\/a>. En 2016, ces Kheperas III \u00e9tant en fin de vie, ils ont \u00e9t\u00e9 remplac\u00e9s par des <a href=\"https:\/\/www.thymio.org\/fr:thymio\">Thymios 2<\/a> Wifi achet\u00e9s \u00e0 <a href=\"https:\/\/www.generationrobots.com\/fr\">G\u00e9n\u00e9ration Robots<\/a> (apr\u00e8s un appel d&rsquo;offre) par le <a href=\"http:\/\/info-fst.dep.univ-lorraine.fr\/\">d\u00e9partement d\u2019informatique<\/a> de la <a href=\"http:\/\/fst.univ-lorraine.fr\/\">facult\u00e9 des sciences et technologies<\/a> de l\u2019<a href=\"http:\/\/www.univ-lorraine.fr\/\">universit\u00e9 de Lorraine<\/a>.<\/p>\n<h2>Am\u00e9lioration du contr\u00f4le<\/h2>\n<p>Apr\u00e8s leur <a href=\"\/AScheuer\/robots\/reception-thymios\">r\u00e9ception<\/a>, une premi\u00e8re saison d&rsquo;enseignement a permis de bien mettre en \u00e9vidence les limitations des comportements fournis par d\u00e9faut. Une <a href=\"\/AScheuer\/plateformes\/robots-thymios\/ameliorations\">am\u00e9lioration de certains de ces comportements<\/a> a donc d\u00e9but\u00e9. La visite d&rsquo;un groupe d&rsquo;enseignants a \u00e9t\u00e9 l&rsquo;occasion d&rsquo;une <a href=\"\/AScheuer\/robots\/demonstration-thymios-maison-science\">d\u00e9monstration<\/a>.<\/p>\n<h2>F\u00eate de la science<\/h2>\n<p>Depuis 2017, ces robots sont utilis\u00e9s pour <a href=\"https:\/\/members.loria.fr\/AScheuer\/comm\/\">un atelier d&rsquo;introduction \u00e0 la robotique<\/a>, lors de <a href=\"https:\/\/members.loria.fr\/AScheuer\/comm\/jal18\/\">la journ\u00e9e Ada Lovelace en 2018<\/a> ou chaque ann\u00e9e pour la f\u00eate de la science.\u00a0 L&rsquo;<a href=\"https:\/\/members.loria.fr\/AScheuer\/comm\/fete-science-2020\/\">\u00e9dition 2020<\/a> a \u00e9t\u00e9 un peu diff\u00e9rente puisqu&rsquo;elle \u00e9tait uniquement accessible en ligne.\u00a0 <a href=\"https:\/\/members.loria.fr\/AScheuer\/comm\/fete-science-2020\/\">La page associ\u00e9e<\/a> d\u00e9taille donc les activit\u00e9s propos\u00e9es lors des autres \u00e9ditions.<\/p>\n","protected":false},"excerpt":{"rendered":"<p>Motivations<\/p>\n<p>Depuis 2006, les enseignants du <a href=\"http:\/\/www.loria.fr\">Loria<\/a> proposent une sp\u00e9cialit\u00e9 de master nomm\u00e9e <a href=\"http:\/\/licence-master-informatique.formation.univ-lorraine.fr\/interaction-perception-apprentissage-connaissance\">\u00ab interaction, perception, apprentissage, connaissance \u00bb<\/a> et portant sur l&rsquo;intelligence artificielle et la robotique. Pour ce master, en initiation dans le master 1 et dans un enseignement \u00e0 <a href=\"http:\/\/www.centralesupelec.fr\/fr\/nos-4-campus?tab=campus-metz\">Centrale Sup\u00c9lec Metz<\/a>, <a href=\"http:\/\/perso.citi-lab.fr\/osimonin\">Olivier Simonin<\/a> et moi-m\u00eame avons mis au point trois s\u00e9ances de travaux pratiques visant \u00e0 d\u00e9finir un \u00e9vitement d&rsquo;obstacles pour un robot mobile \u00e0 deux roues ind\u00e9pendantes.<\/p>\n<p>Dans un premier temps, les robots utilis\u00e9s pour ces s\u00e9ances \u00e9taient des Kheperas III (<a href=\"https:\/\/www.generationrobots.com\/fr\/401417-robot-miniature-programmable-khepera-iii.html\">com<\/a>,<\/p>\n","protected":false},"author":105,"featured_media":0,"parent":384,"menu_order":0,"comment_status":"closed","ping_status":"closed","template":"page-fullwidth.php","meta":{"footnotes":""},"class_list":["post-369","page","type-page","status-publish","hentry"],"_links":{"self":[{"href":"https:\/\/members.loria.fr\/AScheuer\/wp-json\/wp\/v2\/pages\/369","targetHints":{"allow":["GET"]}}],"collection":[{"href":"https:\/\/members.loria.fr\/AScheuer\/wp-json\/wp\/v2\/pages"}],"about":[{"href":"https:\/\/members.loria.fr\/AScheuer\/wp-json\/wp\/v2\/types\/page"}],"author":[{"embeddable":true,"href":"https:\/\/members.loria.fr\/AScheuer\/wp-json\/wp\/v2\/users\/105"}],"replies":[{"embeddable":true,"href":"https:\/\/members.loria.fr\/AScheuer\/wp-json\/wp\/v2\/comments?post=369"}],"version-history":[{"count":20,"href":"https:\/\/members.loria.fr\/AScheuer\/wp-json\/wp\/v2\/pages\/369\/revisions"}],"predecessor-version":[{"id":905,"href":"https:\/\/members.loria.fr\/AScheuer\/wp-json\/wp\/v2\/pages\/369\/revisions\/905"}],"up":[{"embeddable":true,"href":"https:\/\/members.loria.fr\/AScheuer\/wp-json\/wp\/v2\/pages\/384"}],"wp:attachment":[{"href":"https:\/\/members.loria.fr\/AScheuer\/wp-json\/wp\/v2\/media?parent=369"}],"curies":[{"name":"wp","href":"https:\/\/api.w.org\/{rel}","templated":true}]}}