{"id":375,"date":"2017-05-17T14:42:05","date_gmt":"2017-05-17T12:42:05","guid":{"rendered":"http:\/\/members.loria.fr\/AScheuer\/?page_id=375"},"modified":"2018-08-14T16:40:58","modified_gmt":"2018-08-14T14:40:58","slug":"research","status":"publish","type":"page","link":"https:\/\/members.loria.fr\/AScheuer\/activites\/research\/","title":{"rendered":"Research"},"content":{"rendered":"<p>Cette page sera bient\u00f4t r\u00e9dig\u00e9e. \/ This page will be written soon.<\/p>\n","protected":false},"excerpt":{"rendered":"<p>Cette page sera bient\u00f4t r\u00e9dig\u00e9e. \/ This page will be written soon.<\/p>\n","protected":false},"author":105,"featured_media":0,"parent":569,"menu_order":0,"comment_status":"closed","ping_status":"closed","template":"page-fullwidth.php","meta":{"footnotes":""},"class_list":["post-375","page","type-page","status-publish","hentry"],"_links":{"self":[{"href":"https:\/\/members.loria.fr\/AScheuer\/wp-json\/wp\/v2\/pages\/375","targetHints":{"allow":["GET"]}}],"collection":[{"href":"https:\/\/members.loria.fr\/AScheuer\/wp-json\/wp\/v2\/pages"}],"about":[{"href":"https:\/\/members.loria.fr\/AScheuer\/wp-json\/wp\/v2\/types\/page"}],"author":[{"embeddable":true,"href":"https:\/\/members.loria.fr\/AScheuer\/wp-json\/wp\/v2\/users\/105"}],"replies":[{"embeddable":true,"href":"https:\/\/members.loria.fr\/AScheuer\/wp-json\/wp\/v2\/comments?post=375"}],"version-history":[{"count":2,"href":"https:\/\/members.loria.fr\/AScheuer\/wp-json\/wp\/v2\/pages\/375\/revisions"}],"predecessor-version":[{"id":566,"href":"https:\/\/members.loria.fr\/AScheuer\/wp-json\/wp\/v2\/pages\/375\/revisions\/566"}],"up":[{"embeddable":true,"href":"https:\/\/members.loria.fr\/AScheuer\/wp-json\/wp\/v2\/pages\/569"}],"wp:attachment":[{"href":"https:\/\/members.loria.fr\/AScheuer\/wp-json\/wp\/v2\/media?parent=375"}],"curies":[{"name":"wp","href":"https:\/\/api.w.org\/{rel}","templated":true}]}}