{"id":382,"date":"2017-05-17T14:52:37","date_gmt":"2017-05-17T12:52:37","guid":{"rendered":"http:\/\/members.loria.fr\/AScheuer\/?page_id=382"},"modified":"2018-09-27T15:48:36","modified_gmt":"2018-09-27T13:48:36","slug":"enseignements","status":"publish","type":"page","link":"https:\/\/members.loria.fr\/AScheuer\/activites\/enseignements\/","title":{"rendered":"Enseignements"},"content":{"rendered":"<p style=\"text-align: center\">(As I do not teach in English, these pages are in French only &#8211; sorry !)<\/p>\n<p>Les enseignements que j&rsquo;assure sont tr\u00e8s vari\u00e9s, en th\u00e9matique autant qu&rsquo;en niveau\u00a0:<\/p>\n<ul>\n<li>une formation \u00e0 l&rsquo;utilisation rigoureuse et efficace des outils informatiques (gestion des fichiers, messagerie \u00e9lectronique, internet et bureautique), qui introduit des concepts fondamentaux (faciliter la r\u00e9utilisation, factoriser plut\u00f4t que dupliquer, utiliser des conditionnelles et des boucles) de la programmation, en L1 du cursus physique-chimie ; <a href=\"http:\/\/licence-master-informatique.formation.univ-lorraine.fr\/licence-informatique-universite-de-lorraine\/l1-en-details\/semestre-1-competences-transversales\/#EC2\">outils et culture num\u00e9rique (NumOC)<\/a> remplace en septembre 2018 la pr\u00e9paration au C2i ;<\/li>\n<li>des cours de programmation, allant de l&rsquo;initiation en L1 de physique-chimie ou d&rsquo;<a href=\"http:\/\/licence-master-informatique.formation.univ-lorraine.fr\/licence-informatique-universite-de-lorraine\/l1-en-details\/semestre-1-algorithmique-et-programmation-1\">informatique<\/a> \u00e0 la <a href=\"http:\/\/licence-master-informatique.formation.univ-lorraine.fr\/accreditation-2018\/licence-informatique-universite-de-lorraine\/l3-en-details\/semestre-5-algorithmique-conception-programmation-objet-avancee\">programmation avanc\u00e9e<\/a> en <a href=\"http:\/\/licence-master-informatique.formation.univ-lorraine.fr\/licence-informatique-universite-de-lorraine\/l3-en-details\">L3 d&rsquo;informatique<\/a> ;<\/li>\n<li>des formations compl\u00e9mentaires, portant par exemple sur la mod\u00e9lisation de probl\u00e8mes de m\u00e9canique avec <a href=\"http:\/\/matlab.fr\">Matlab<\/a>, en L3 de m\u00e9canique, ou la pr\u00e9sentation de m\u00e9thodes de r\u00e9solution de probl\u00e8mes d&rsquo;optimisation, en <a href=\"http:\/\/licence-master-informatique.formation.univ-lorraine.fr\/licence-informatique-universite-de-lorraine\/l3-en-details\">L3 d&rsquo;informatique<\/a> ;<\/li>\n<li>des cours de robotique, de l&rsquo;<a href=\"http:\/\/licence-master-informatique.formation.univ-lorraine.fr\/master-informatique\/transition\/accreditation-2018\/master\/m1-informatique\/introduction-a-la-robotique-autonome\">introduction \u00e0 la robotique autonome<\/a> en <a href=\"http:\/\/licence-master-informatique.formation.univ-lorraine.fr\/accreditation-2018\/master\/m1-informatique\">M1 d&rsquo;informatique<\/a> aux <a href=\"http:\/\/members.loria.fr\/AScheuer\/activites\/enseignements\/m2-avr-mcr\/\">diff\u00e9rentes approches de contr\u00f4le<\/a> en <a href=\"http:\/\/licence-master-informatique.formation.univ-lorraine.fr\/accreditation-2018\/master\/m2-parcours-avr\">M2 AVR<\/a> (apprentissage, vision et robotique), en passant par les <a href=\"http:\/\/sirien.metz.supelec.fr\/spip.php?rubrique50\">strat\u00e9gies de contr\u00f4le r\u00e9actif multi-agent bio-inspir\u00e9es<\/a> en troisi\u00e8me ann\u00e9e de <a href=\"http:\/\/www.metz.centralesupelec.fr\">Centrale\/Sup\u00e9lec Metz<\/a>.<\/li>\n<\/ul>\n","protected":false},"excerpt":{"rendered":"<p style=\"text-align: center\">(As I do not teach in English, these pages are in French only &#8211; sorry !)<\/p>\n<p>Les enseignements que j&rsquo;assure sont tr\u00e8s vari\u00e9s, en th\u00e9matique autant qu&rsquo;en niveau\u00a0:<\/p>\n<ul>\n<li>une formation \u00e0 l&rsquo;utilisation rigoureuse et efficace des outils informatiques (gestion des fichiers, messagerie \u00e9lectronique, internet et bureautique), qui introduit des concepts fondamentaux (faciliter la r\u00e9utilisation, factoriser plut\u00f4t que dupliquer, utiliser des conditionnelles et des boucles) de la programmation, en L1 du cursus physique-chimie ; <a href=\"http:\/\/licence-master-informatique.formation.univ-lorraine.fr\/licence-informatique-universite-de-lorraine\/l1-en-details\/semestre-1-competences-transversales\/#EC2\">outils et culture num\u00e9rique (NumOC)<\/a> remplace en septembre 2018 la pr\u00e9paration au C2i ;<\/li>\n<li>des cours de programmation,<\/li>\n<\/ul>\n","protected":false},"author":105,"featured_media":0,"parent":569,"menu_order":0,"comment_status":"closed","ping_status":"closed","template":"page-fullwidth.php","meta":{"footnotes":""},"class_list":["post-382","page","type-page","status-publish","hentry"],"_links":{"self":[{"href":"https:\/\/members.loria.fr\/AScheuer\/wp-json\/wp\/v2\/pages\/382","targetHints":{"allow":["GET"]}}],"collection":[{"href":"https:\/\/members.loria.fr\/AScheuer\/wp-json\/wp\/v2\/pages"}],"about":[{"href":"https:\/\/members.loria.fr\/AScheuer\/wp-json\/wp\/v2\/types\/page"}],"author":[{"embeddable":true,"href":"https:\/\/members.loria.fr\/AScheuer\/wp-json\/wp\/v2\/users\/105"}],"replies":[{"embeddable":true,"href":"https:\/\/members.loria.fr\/AScheuer\/wp-json\/wp\/v2\/comments?post=382"}],"version-history":[{"count":8,"href":"https:\/\/members.loria.fr\/AScheuer\/wp-json\/wp\/v2\/pages\/382\/revisions"}],"predecessor-version":[{"id":620,"href":"https:\/\/members.loria.fr\/AScheuer\/wp-json\/wp\/v2\/pages\/382\/revisions\/620"}],"up":[{"embeddable":true,"href":"https:\/\/members.loria.fr\/AScheuer\/wp-json\/wp\/v2\/pages\/569"}],"wp:attachment":[{"href":"https:\/\/members.loria.fr\/AScheuer\/wp-json\/wp\/v2\/media?parent=382"}],"curies":[{"name":"wp","href":"https:\/\/api.w.org\/{rel}","templated":true}]}}