{"id":56,"date":"2015-06-16T13:44:07","date_gmt":"2015-06-16T11:44:07","guid":{"rendered":"http:\/\/members.loria.fr\/thierrygartiser\/?page_id=56"},"modified":"2019-04-04T10:23:11","modified_gmt":"2019-04-04T08:23:11","slug":"accueil","status":"publish","type":"page","link":"https:\/\/members.loria.fr\/AScheuer\/","title":{"rendered":"Accueil"},"content":{"rendered":"<table  class=\" table table-hover\" style=\"width: 100%;border: 0px\">\n<tbody>\n<tr>\n<td style=\"vertical-align: middle\"><img loading=\"lazy\" decoding=\"async\" src=\"\/AScheuer\/files\/Images\/Icons\/UL_DI_logo.png\" alt=\"Logo de l'UL|FST\/DI\" usemap=\"#ULmap\" width=\"422\" height=\"98\" \/><\/td>\n<td style=\"vertical-align: middle\"><a href=\"http:\/\/www.loria.fr\"><img loading=\"lazy\" decoding=\"async\" src=\"\/AScheuer\/files\/Images\/Icons\/Loria_logo_mini.png\" alt=\"Logo du Loria\" width=\"101\" height=\"96\" \/><\/a><\/td>\n<td style=\"vertical-align: middle\"><img loading=\"lazy\" decoding=\"async\" style=\"float: right\" src=\"\/AScheuer\/files\/Images\/Photos\/portrait.jpg\" alt=\"Photo\" width=\"92\" height=\"124\" \/><\/td>\n<\/tr>\n<\/tbody>\n<\/table>\n<map name=\"ULmap\">\n<area alt=\"Universit\u00e9 de Lorraine\" coords=\"0,0,216,98\" shape=\"rect\" href=\"http:\/\/www.univ-lorraine.fr\" \/>\n<area alt=\"D\u00e9pt Informatique de la FST\" coords=\"303,66,410,98\" shape=\"rect\" href=\"http:\/\/info-fst.dep.univ-lorraine.fr\" \/>\n<area alt=\"Fac. des Sciences et Technologies\" coords=\"217,0,422,98\" shape=\"rect\" href=\"http:\/\/fst.univ-lorraine.fr\" \/> <\/map>\n<p><b>Ma\u00eetre de conf\u00e9rences<\/b> du <a href=\"http:\/\/info-fst.dep.univ-lorraine.fr\">d\u00e9partement d&rsquo;informatique<\/a> de la <a href=\"http:\/\/fst.univ-lorraine.fr\">facult\u00e9 des sciences et technologies<\/a> de l&rsquo;<a href=\"http:\/\/www.univ-lorraine.fr\">universit\u00e9 de Lorraine<\/a>\u00a0: <a href=\"http:\/\/qsfsp.ovh\"><img decoding=\"async\" style=\"float: right;width: 32px;height: 32px;border: 0\" src=\"\/AScheuer\/files\/Images\/carreRouge.png\" alt=\"Carr\u00e9 rouge\" \/><\/a><\/p>\n<ul>\n<li>responsable d&rsquo;<a href=\"http:\/\/members.loria.fr\/AScheuer\/activites\/enseignements\/\">enseignements<\/a> (d\u00e9finition du contenu et des emplois du temps, formation d&rsquo;enseignants, conception et correction des examens, &#8230;)\u00a0;<\/li>\n<li><a href=\"http:\/\/members.loria.fr\/AScheuer\/activites\/enseignements\/\">cours<\/a> d&rsquo;initiation, de programmation et de g\u00e9nie logiciel\u00a0;<\/li>\n<li>membre de la commission de sp\u00e9cialistes (recrutement, 2001-2004).<\/li>\n<\/ul>\n<p><a href=\"http:\/\/members.loria.fr\/AScheuer\/activites\/research\/\"><b>Chercheur<\/b><\/a> en <i>algorithmique du mouvement<\/i> dans l&rsquo;\u00e9quipe <a href=\"http:\/\/team.inria.fr\/larsen\">Larsen<\/a> du <a href=\"http:\/\/www.loria.fr\">Loria<\/a>.<\/p>\n<p><b>Responsable <\/b>du <a href=\"http:\/\/members.loria.fr\/AScheuer\/activites\/plateformes\/\">d\u00e9veloppement<\/a> de la biblioth\u00e8que <a title=\"Pages en anglais\" href=\"http:\/\/iseeml.loria.fr\">ISeeML<\/a>.<\/p>\n<p><b>Docteur es informatique<\/b> de l&rsquo;<a href=\"http:\/\/www.inpg.fr\">INPG<\/a> (1998), <b>professeur agr\u00e9g\u00e9 de math\u00e9matiques<\/b> (1993), ancien \u00e9l\u00e8ve de l&rsquo;<a href=\"http:\/\/www.ens-lyon.fr\">ENS Lyon<\/a>.<\/p>\n<p style=\"text-align: right;font-size: 75%\">Thanks to <a href=\"http:\/\/glyphicons.com\">GLYPHICONS<\/a> for their free icons.<\/p>\n<table  class=\" table table-hover\" style=\"width: 80%;border: 0px\" align=\"center\">\n<tbody>\n<tr>\n<td align=\"center\"><img loading=\"lazy\" decoding=\"async\" src=\"http:\/\/members.loria.fr\/AScheuer\/files\/Old_W3\/Images\/GlyphIcons\/warning-sign.png\" alt=\"Warning Sign\" width=\"22\" height=\"20\" align=\"middle\" \/><\/td>\n<td style=\"text-align: center\">En attendant que ces pages s&rsquo;\u00e9toffent, vous pouvez consulter mes (tr\u00e8s) <a href=\"files\/Old_W3\">anciennes pages<\/a>.<\/td>\n<td align=\"center\"><img loading=\"lazy\" decoding=\"async\" src=\"http:\/\/members.loria.fr\/AScheuer\/files\/Old_W3\/Images\/GlyphIcons\/construction-cone.png\" alt=\"Construction Cone\" width=\"22\" height=\"20\" align=\"middle\" \/><\/td>\n<\/tr>\n<\/tbody>\n<\/table>\n","protected":false},"excerpt":{"rendered":"<p><img loading=\"lazy\" decoding=\"async\" src=\"\/AScheuer\/files\/Images\/Icons\/UL_DI_logo.png\" alt=\"Logo de l'UL|FST\/DI\" usemap=\"#ULmap\" width=\"422\" height=\"98\" \/><br \/>\n<a href=\"http:\/\/www.loria.fr\"><img loading=\"lazy\" decoding=\"async\" src=\"\/AScheuer\/files\/Images\/Icons\/Loria_logo_mini.png\" alt=\"Logo du Loria\" width=\"101\" height=\"96\" \/><\/a><br \/>\n<img loading=\"lazy\" decoding=\"async\" style=\"float: right\" src=\"\/AScheuer\/files\/Images\/Photos\/portrait.jpg\" alt=\"Photo\" width=\"92\" height=\"124\" \/><\/p>\n<p>Ma\u00eetre de conf\u00e9rences du <a href=\"http:\/\/info-fst.dep.univ-lorraine.fr\">d\u00e9partement d&rsquo;informatique<\/a> de la <a href=\"http:\/\/fst.univ-lorraine.fr\">facult\u00e9 des sciences et technologies<\/a> de l&rsquo;<a href=\"http:\/\/www.univ-lorraine.fr\">universit\u00e9 de Lorraine<\/a>\u00a0: <a href=\"http:\/\/qsfsp.ovh\"><img decoding=\"async\" style=\"float: right;width: 32px;height: 32px;border: 0\" src=\"\/AScheuer\/files\/Images\/carreRouge.png\" alt=\"Carr\u00e9 rouge\" \/><\/a><\/p>\n<ul>\n<li>responsable d&rsquo;<a href=\"http:\/\/members.loria.fr\/AScheuer\/activites\/enseignements\/\">enseignements<\/a> (d\u00e9finition du contenu et des emplois du temps, formation d&rsquo;enseignants, conception et correction des examens, &#8230;)\u00a0;<\/li>\n<li><a href=\"http:\/\/members.loria.fr\/AScheuer\/activites\/enseignements\/\">cours<\/a> d&rsquo;initiation, de programmation et de g\u00e9nie logiciel\u00a0;<\/li>\n<li>membre de la commission de sp\u00e9cialistes (recrutement, 2001-2004).<\/li>\n<\/ul>\n<p><a href=\"http:\/\/members.loria.fr\/AScheuer\/activites\/research\/\">Chercheur<\/a> en <i>algorithmique du mouvement<\/i> dans l&rsquo;\u00e9quipe <a href=\"http:\/\/team.inria.fr\/larsen\">Larsen<\/a> du <a href=\"http:\/\/www.loria.fr\">Loria<\/a>.<\/p>\n","protected":false},"author":5,"featured_media":0,"parent":0,"menu_order":0,"comment_status":"closed","ping_status":"closed","template":"","meta":{"footnotes":""},"class_list":["post-56","page","type-page","status-publish","hentry"],"_links":{"self":[{"href":"https:\/\/members.loria.fr\/AScheuer\/wp-json\/wp\/v2\/pages\/56","targetHints":{"allow":["GET"]}}],"collection":[{"href":"https:\/\/members.loria.fr\/AScheuer\/wp-json\/wp\/v2\/pages"}],"about":[{"href":"https:\/\/members.loria.fr\/AScheuer\/wp-json\/wp\/v2\/types\/page"}],"author":[{"embeddable":true,"href":"https:\/\/members.loria.fr\/AScheuer\/wp-json\/wp\/v2\/users\/5"}],"replies":[{"embeddable":true,"href":"https:\/\/members.loria.fr\/AScheuer\/wp-json\/wp\/v2\/comments?post=56"}],"version-history":[{"count":57,"href":"https:\/\/members.loria.fr\/AScheuer\/wp-json\/wp\/v2\/pages\/56\/revisions"}],"predecessor-version":[{"id":714,"href":"https:\/\/members.loria.fr\/AScheuer\/wp-json\/wp\/v2\/pages\/56\/revisions\/714"}],"wp:attachment":[{"href":"https:\/\/members.loria.fr\/AScheuer\/wp-json\/wp\/v2\/media?parent=56"}],"curies":[{"name":"wp","href":"https:\/\/api.w.org\/{rel}","templated":true}]}}