{"id":569,"date":"2018-08-14T15:51:13","date_gmt":"2018-08-14T13:51:13","guid":{"rendered":"http:\/\/members.loria.fr\/AScheuer\/?page_id=569"},"modified":"2018-08-14T16:46:07","modified_gmt":"2018-08-14T14:46:07","slug":"activites","status":"publish","type":"page","link":"https:\/\/members.loria.fr\/AScheuer\/activites\/","title":{"rendered":"Activit\u00e9s"},"content":{"rendered":"<p>Mes activit\u00e9s peuvent \u00eatre rang\u00e9es dans les cat\u00e9gories suivantes :<\/p>\n<table  class=\" table table-hover\" border=\"0\" width=\"100%\">\n<tbody>\n<tr>\n<td align=\"center\"><img loading=\"lazy\" decoding=\"async\" src=\"..\/files\/Old_W3\/Images\/GlyphIcons\/blackboard.png\" alt=\"Blackboard\" width=\"22\" height=\"20\" align=\"middle\" \/><\/td>\n<td><a href=\".\/enseignements\">des enseignements<\/a> d&rsquo;<a href=\"http:\/\/info-fst.dep.univ-lorraine.fr\">informatique<\/a>, principalement \u00e0 la <a href=\"http:\/\/fst.univ-lorraine.fr\">facult\u00e9 des sciences et technologies<\/a> de l&rsquo;<a href=\"http:\/\/univ-lorraine.fr\">universit\u00e9 de Lorraine<\/a>,<\/td>\n<\/tr>\n<tr>\n<td align=\"center\"><img loading=\"lazy\" decoding=\"async\" src=\"..\/files\/Old_W3\/Images\/GlyphIcons\/factory.png\" alt=\"Factory\" width=\"20\" height=\"22\" align=\"middle\" \/><\/td>\n<td><a href=\".\/plateformes\">des d\u00e9veloppements<\/a> sur diff\u00e9rentes plateformes,<\/td>\n<\/tr>\n<tr>\n<td align=\"center\"><img loading=\"lazy\" decoding=\"async\" src=\"..\/files\/Old_W3\/Images\/GlyphIcons\/settings.png\" alt=\"Settings\" width=\"24\" height=\"24\" align=\"middle\" \/><\/td>\n<td><a href=\".\/systemes\">l&rsquo;installation et la maintenance<\/a> de portables pour les enseignements et la recherche,<\/td>\n<\/tr>\n<tr>\n<td align=\"center\"><img loading=\"lazy\" decoding=\"async\" src=\"..\/files\/Old_W3\/Images\/GlyphIcons\/tie.png\" alt=\"Tie\" width=\"11\" height=\"26\" align=\"middle\" \/><\/td>\n<td>la participation aux activit\u00e9s partag\u00e9es (d\u00e9monstrations, conseils, &#8230;),<\/td>\n<\/tr>\n<tr>\n<td align=\"center\"><img loading=\"lazy\" decoding=\"async\" src=\"..\/files\/Old_W3\/Images\/GlyphIcons\/lightbulb.png\" alt=\"Lightbulb\" width=\"22\" height=\"20\" align=\"middle\" \/><\/td>\n<td><a href=\".\/research\">des recherches<\/a> en autonomie du mouvement dans l&rsquo;\u00e9quipe <a href=\"http:\/\/team.inria.fr\/larsen\">Larsen<\/a> du <a href=\"http:\/\/loria.fr\">Loria<\/a>.<\/td>\n<\/tr>\n<\/tbody>\n<\/table>\n","protected":false},"excerpt":{"rendered":"<p>Mes activit\u00e9s peuvent \u00eatre rang\u00e9es dans les cat\u00e9gories suivantes :<\/p>\n<p><img loading=\"lazy\" decoding=\"async\" src=\"..\/files\/Old_W3\/Images\/GlyphIcons\/blackboard.png\" alt=\"Blackboard\" width=\"22\" height=\"20\" align=\"middle\" \/><br \/>\n<a href=\".\/enseignements\">des enseignements<\/a> d&rsquo;<a href=\"http:\/\/info-fst.dep.univ-lorraine.fr\">informatique<\/a>, principalement \u00e0 la <a href=\"http:\/\/fst.univ-lorraine.fr\">facult\u00e9 des sciences et technologies<\/a> de l&rsquo;<a href=\"http:\/\/univ-lorraine.fr\">universit\u00e9 de Lorraine<\/a>,<\/p>\n<p><img loading=\"lazy\" decoding=\"async\" src=\"..\/files\/Old_W3\/Images\/GlyphIcons\/factory.png\" alt=\"Factory\" width=\"20\" height=\"22\" align=\"middle\" \/><br \/>\n<a href=\".\/plateformes\">des d\u00e9veloppements<\/a> sur diff\u00e9rentes plateformes,<\/p>\n<p><img loading=\"lazy\" decoding=\"async\" src=\"..\/files\/Old_W3\/Images\/GlyphIcons\/settings.png\" alt=\"Settings\" width=\"24\" height=\"24\" align=\"middle\" \/><br \/>\n<a href=\".\/systemes\">l&rsquo;installation et la maintenance<\/a> de portables pour les enseignements et la recherche,<\/p>\n<p><img loading=\"lazy\" decoding=\"async\" src=\"..\/files\/Old_W3\/Images\/GlyphIcons\/tie.png\" alt=\"Tie\" width=\"11\" height=\"26\" align=\"middle\" \/><br \/>\nla participation aux activit\u00e9s partag\u00e9es (d\u00e9monstrations, conseils, &#8230;),<\/p>\n<p><img loading=\"lazy\" decoding=\"async\" src=\"..\/files\/Old_W3\/Images\/GlyphIcons\/lightbulb.png\" alt=\"Lightbulb\" width=\"22\" height=\"20\" align=\"middle\" \/><br \/>\n<a href=\".\/research\">des recherches<\/a> en autonomie du mouvement dans l&rsquo;\u00e9quipe <a href=\"http:\/\/team.inria.fr\/larsen\">Larsen<\/a> du <a href=\"http:\/\/loria.fr\">Loria<\/a>. <\/p>\n","protected":false},"author":105,"featured_media":0,"parent":0,"menu_order":0,"comment_status":"closed","ping_status":"closed","template":"","meta":{"footnotes":""},"class_list":["post-569","page","type-page","status-publish","hentry"],"_links":{"self":[{"href":"https:\/\/members.loria.fr\/AScheuer\/wp-json\/wp\/v2\/pages\/569","targetHints":{"allow":["GET"]}}],"collection":[{"href":"https:\/\/members.loria.fr\/AScheuer\/wp-json\/wp\/v2\/pages"}],"about":[{"href":"https:\/\/members.loria.fr\/AScheuer\/wp-json\/wp\/v2\/types\/page"}],"author":[{"embeddable":true,"href":"https:\/\/members.loria.fr\/AScheuer\/wp-json\/wp\/v2\/users\/105"}],"replies":[{"embeddable":true,"href":"https:\/\/members.loria.fr\/AScheuer\/wp-json\/wp\/v2\/comments?post=569"}],"version-history":[{"count":8,"href":"https:\/\/members.loria.fr\/AScheuer\/wp-json\/wp\/v2\/pages\/569\/revisions"}],"predecessor-version":[{"id":587,"href":"https:\/\/members.loria.fr\/AScheuer\/wp-json\/wp\/v2\/pages\/569\/revisions\/587"}],"wp:attachment":[{"href":"https:\/\/members.loria.fr\/AScheuer\/wp-json\/wp\/v2\/media?parent=569"}],"curies":[{"name":"wp","href":"https:\/\/api.w.org\/{rel}","templated":true}]}}