{"id":577,"date":"2018-08-14T16:20:57","date_gmt":"2018-08-14T14:20:57","guid":{"rendered":"http:\/\/members.loria.fr\/AScheuer\/?page_id=577"},"modified":"2018-08-14T16:39:35","modified_gmt":"2018-08-14T14:39:35","slug":"systemes","status":"publish","type":"page","link":"https:\/\/members.loria.fr\/AScheuer\/activites\/systemes\/","title":{"rendered":"Gestion de syst\u00e8mes \/ System Management"},"content":{"rendered":"<p>En plus des portables que j&rsquo;utilise, je maintiens plusieurs autres portables qui sont utilis\u00e9s soit pour <a href=\"..\/enseignements\">les enseignements<\/a> (dont des travaux pratiques avec <a href=\"..\/plateformes\/robots-thymios\">les Thymios<\/a>), soit pour <a href=\"..\/research\">la recherche<\/a> (stages de <a href=\"http:\/\/licence-master-informatique.formation.univ-lorraine.fr\/accreditation-2018\/master\/m2-parcours-avr\">Master 2<\/a>). Le syst\u00e8me install\u00e9 est principalement <a href=\"http:\/\/xubuntu.fr\">XUbuntu<\/a>. J&rsquo;ai r\u00e9cemment r\u00e9dig\u00e9 <a href=\"..\/..\/system\/xubuntu-hp-14-cf0013nf-fr\">un article d\u00e9taillant l&rsquo;installation de ce syst\u00e8me sur un HP<\/a>.<\/p>\n<p>In addition of the successive laptops I have been using, I also manage several other laptops either for teaching (including practical works on <a href=\"..\/plateformes\/robots-thymios\">Thymio robots<\/a> &#8211; page in French) or for <a href=\"..\/research\">research<\/a> (<a href=\"http:\/\/licence-master-informatique.formation.univ-lorraine.fr\/accreditation-2018\/master\/m2-parcours-avr\">Master 2<\/a> internship &#8211; page in French). I mainly use <a href=\"http:\/\/xubuntu.org\">XUbuntu<\/a>, for which I recently wrote <a href=\"..\/..\/system\/xubuntu-hp-14-cf0013nf\">an article on how to install it on a HP laptop<\/a>.<\/p>\n","protected":false},"excerpt":{"rendered":"<p>En plus des portables que j&rsquo;utilise, je maintiens plusieurs autres portables qui sont utilis\u00e9s soit pour <a href=\"..\/enseignements\">les enseignements<\/a> (dont des travaux pratiques avec <a href=\"..\/plateformes\/robots-thymios\">les Thymios<\/a>), soit pour <a href=\"..\/research\">la recherche<\/a> (stages de <a href=\"http:\/\/licence-master-informatique.formation.univ-lorraine.fr\/accreditation-2018\/master\/m2-parcours-avr\">Master 2<\/a>). Le syst\u00e8me install\u00e9 est principalement <a href=\"http:\/\/xubuntu.fr\">XUbuntu<\/a>. J&rsquo;ai r\u00e9cemment r\u00e9dig\u00e9 <a href=\"..\/..\/system\/xubuntu-hp-14-cf0013nf-fr\">un article d\u00e9taillant l&rsquo;installation de ce syst\u00e8me sur un HP<\/a>.<\/p>\n<p>In addition of the successive laptops I have been using, I also manage several other laptops either for teaching (including practical works on <a href=\"..\/plateformes\/robots-thymios\">Thymio robots<\/a> &#8211; page in French) or for <a href=\"..\/research\">research<\/a> (<a href=\"http:\/\/licence-master-informatique.formation.univ-lorraine.fr\/accreditation-2018\/master\/m2-parcours-avr\">Master 2<\/a> internship &#8211;<\/p>\n","protected":false},"author":105,"featured_media":0,"parent":569,"menu_order":0,"comment_status":"closed","ping_status":"closed","template":"page-fullwidth.php","meta":{"footnotes":""},"class_list":["post-577","page","type-page","status-publish","hentry"],"_links":{"self":[{"href":"https:\/\/members.loria.fr\/AScheuer\/wp-json\/wp\/v2\/pages\/577","targetHints":{"allow":["GET"]}}],"collection":[{"href":"https:\/\/members.loria.fr\/AScheuer\/wp-json\/wp\/v2\/pages"}],"about":[{"href":"https:\/\/members.loria.fr\/AScheuer\/wp-json\/wp\/v2\/types\/page"}],"author":[{"embeddable":true,"href":"https:\/\/members.loria.fr\/AScheuer\/wp-json\/wp\/v2\/users\/105"}],"replies":[{"embeddable":true,"href":"https:\/\/members.loria.fr\/AScheuer\/wp-json\/wp\/v2\/comments?post=577"}],"version-history":[{"count":8,"href":"https:\/\/members.loria.fr\/AScheuer\/wp-json\/wp\/v2\/pages\/577\/revisions"}],"predecessor-version":[{"id":585,"href":"https:\/\/members.loria.fr\/AScheuer\/wp-json\/wp\/v2\/pages\/577\/revisions\/585"}],"up":[{"embeddable":true,"href":"https:\/\/members.loria.fr\/AScheuer\/wp-json\/wp\/v2\/pages\/569"}],"wp:attachment":[{"href":"https:\/\/members.loria.fr\/AScheuer\/wp-json\/wp\/v2\/media?parent=577"}],"curies":[{"name":"wp","href":"https:\/\/api.w.org\/{rel}","templated":true}]}}