{"id":618,"date":"2018-09-27T15:47:23","date_gmt":"2018-09-27T13:47:23","guid":{"rendered":"http:\/\/members.loria.fr\/AScheuer\/?page_id=618"},"modified":"2022-09-26T11:47:39","modified_gmt":"2022-09-26T09:47:39","slug":"m2-avr-mcr","status":"publish","type":"page","link":"https:\/\/members.loria.fr\/AScheuer\/activites\/enseignements\/m2-avr-mcr\/","title":{"rendered":"M2 AVR : cours de \u00ab mod\u00e9lisation et commande en robotique \u00bb"},"content":{"rendered":"<div class=\"entry-content\">\n<h2 style=\"text-align: center\">Ann\u00e9e 2021-2022<\/h2>\n<p>Pendant plusieurs ann\u00e9es, certains \u00e9tudiants (principalement ceux de <a href=\"http:\/\/www.metz.centralesupelec.fr\">Sup\u00c9lec Metz<\/a>) du <a href=\"http:\/\/licence-master-informatique.formation.univ-lorraine.fr\/master-informatique\/transition\/accreditation-2018\/master\/m2-parcours-avr\/m2-parcours-avr-orientation-avr\/modelisation-et-commande-en-robotique\">cours de \u00ab mod\u00e9lisation et commande en robotique \u00bb<\/a> du <a href=\"http:\/\/licence-master-informatique.formation.univ-lorraine.fr\/accreditation-2018\/master\/m2-parcours-avr\">master 2 \u00ab apprentissage, vision et robotique \u00bb<\/a> n\u2019avaient pas d\u2019acc\u00e8s \u00e0 <a href=\"http:\/\/arche.univ-lorraine.fr\">la plateforme d\u2019\u00e9change de cours<\/a> de <a href=\"http:\/\/www.univ-lorraine.fr\">l\u2019universit\u00e9 de Lorraine<\/a>. Cette page leur donnait acc\u00e8s aux fichiers plac\u00e9s sur cette plateforme. Elle servira peut-\u00eatre encore cette ann\u00e9e.<\/p>\n<p id=\"yui_3_17_2_1_1538053547637_1373\"><b id=\"yui_3_17_2_1_1538053547637_1372\">Rappel <\/b>(tir\u00e9 du <a href=\"https:\/\/arche.univ-lorraine.fr\/course\/view.php?id=22818\">cours sur arche<\/a>) : si les cours magistraux ne sont pas obligatoires (mais fortement conseill\u00e9s), <i style=\"color: red\">les TD et TP le sont (obligatoires)<\/i> et sont tous susceptibles d\u2019\u00eatre not\u00e9s !<\/p>\n<p><u style=\"color: red\">Toute absence non justifi\u00e9e peut vous co\u00fbter cet UE, votre semestre et donc votre ann\u00e9e !..<\/u><\/p>\n<p style=\"text-align: center\">La date du<b> contr\u00f4le terminal <\/b>n&rsquo;est pas encore fix\u00e9e !<\/p>\n<p style=\"text-align: center\">Cette ann\u00e9e, ma partie et celle de <a href=\"https:\/\/members.loria.fr\/PHenaff\">P. Henaff<\/a> vont se d\u00e9rouler en alternance&#8230;<\/p>\n<table  class=\" table table-hover\" border=\"0px\" width=\"100%\">\n<tbody>\n<tr>\n<td colspan=\"4\">\n<h3 style=\"background-color: lightgrey\">Semaine 1 : 26 septembre &#8211; 2 octobre<\/h3>\n<\/td>\n<\/tr>\n<tr>\n<td width=\"10%\"><\/td>\n<td style=\"background-color: lightskyblue\" colspan=\"2\"><b>Jeudi 29, 10 h 15, E 33 &#8211; A. Scheuer, CM 1 :<\/b><\/p>\n<ul>\n<li>introduction \u00e0 l&rsquo;enseignement,<\/li>\n<li>pr\u00e9sentation des plateformes et des environnements.<\/li>\n<\/ul>\n<\/td>\n<td width=\"30%\"><\/td>\n<\/tr>\n<tr>\n<td colspan=\"4\">\n<h3 style=\"background-color: lightgrey\">Semaine 2 : 3 &#8211; 9 octobre<\/h3>\n<\/td>\n<\/tr>\n<tr>\n<td colspan=\"2\" width=\"40%\"><\/td>\n<td style=\"background-color: darkseagreen\" colspan=\"2\"><b>Jeudi 6, 8 h 00, E 35 &#8211; <a href=\"https:\/\/members.loria.fr\/PHenaff\">P. H\u00e9naff<\/a>, CM 1 :<\/b><\/p>\n<ul>\n<li>introduction \u00e0 la robotique,<\/li>\n<li>principes de mod\u00e9lisation des syst\u00e8mes robotiques.<\/li>\n<\/ul>\n<\/td>\n<\/tr>\n<tr>\n<td colspan=\"4\">\n<h3 style=\"background-color: lightgrey\">Semaine 3 :\u00a0 &#8211;\u00a0 octobre<\/h3>\n<\/td>\n<\/tr>\n<tr>\n<td colspan=\"2\"><\/td>\n<td style=\"background-color: darkseagreen\" colspan=\"2\"><b>Mercredi 6, 16 h 15,  &#8211; <a href=\"https:\/\/members.loria.fr\/PHenaff\">P. H\u00e9naff<\/a>, CM 2 :<\/b><br \/>\nmod\u00e9lisation des robots et boucles d&rsquo;asservissements.<\/td>\n<\/tr>\n<tr>\n<td colspan=\"4\">\n<h3 style=\"background-color: lightgrey\">Semaine 4 :\u00a0 &#8211;\u00a0 octobre<\/h3>\n<\/td>\n<\/tr>\n<tr>\n<td><\/td>\n<td style=\"background-color: lightskyblue\" colspan=\"2\"><b>Mardi 12, 16 h 15, ??? &#8211; A. Scheuer, CM 2 :<\/b><\/p>\n<ul>\n<li>pr\u00e9sentation des plateformes et des environnements,<\/li>\n<li>contr\u00f4les r\u00e9actifs.<\/li>\n<\/ul>\n<\/td>\n<td><\/td>\n<\/tr>\n<tr>\n<td colspan=\"4\">\n<h3 style=\"background-color: lightgrey\">Semaine 5 :\u00a0 &#8211;\u00a0 octobre<\/h3>\n<\/td>\n<\/tr>\n<tr>\n<td><\/td>\n<td style=\"background-color: lightskyblue\" colspan=\"2\"><b>Mardi 19, 14 h, ??? &#8211; A. Scheuer, TD 1 :<\/b><br \/>\ncontr\u00f4le r\u00e9actif sur robots r\u00e9els.<\/td>\n<td><\/td>\n<\/tr>\n<tr>\n<td colspan=\"4\">\n<h3 style=\"background-color: lightgrey\">Semaine 6 :\u00a0 &#8211;\u00a0 octobre<\/h3>\n<\/td>\n<\/tr>\n<tr>\n<td colspan=\"4\"><em>Vacances de la Toussaint.<\/em><\/td>\n<\/tr>\n<\/tbody>\n<\/table>\n<p style=\"text-align: center\">La suite bient\u00f4t&#8230;<\/p>\n<\/div>\n","protected":false},"excerpt":{"rendered":"<p>Ann\u00e9e 2021-2022<\/p>\n<p>Pendant plusieurs ann\u00e9es, certains \u00e9tudiants (principalement ceux de <a href=\"http:\/\/www.metz.centralesupelec.fr\">Sup\u00c9lec Metz<\/a>) du <a href=\"http:\/\/licence-master-informatique.formation.univ-lorraine.fr\/master-informatique\/transition\/accreditation-2018\/master\/m2-parcours-avr\/m2-parcours-avr-orientation-avr\/modelisation-et-commande-en-robotique\">cours de \u00ab mod\u00e9lisation et commande en robotique \u00bb<\/a> du <a href=\"http:\/\/licence-master-informatique.formation.univ-lorraine.fr\/accreditation-2018\/master\/m2-parcours-avr\">master 2 \u00ab apprentissage, vision et robotique \u00bb<\/a> n\u2019avaient pas d\u2019acc\u00e8s \u00e0 <a href=\"http:\/\/arche.univ-lorraine.fr\">la plateforme d\u2019\u00e9change de cours<\/a> de <a href=\"http:\/\/www.univ-lorraine.fr\">l\u2019universit\u00e9 de Lorraine<\/a>. Cette page leur donnait acc\u00e8s aux fichiers plac\u00e9s sur cette plateforme. Elle servira peut-\u00eatre encore cette ann\u00e9e.<\/p>\n<p id=\"yui_3_17_2_1_1538053547637_1373\">Rappel (tir\u00e9 du <a href=\"https:\/\/arche.univ-lorraine.fr\/course\/view.php?id=22818\">cours sur arche<\/a>) : si les cours magistraux ne sont pas obligatoires (mais fortement conseill\u00e9s), <i style=\"color: red\">les TD et TP le sont (obligatoires)<\/i> et sont tous susceptibles d\u2019\u00eatre not\u00e9s !<\/p>\n","protected":false},"author":105,"featured_media":0,"parent":382,"menu_order":0,"comment_status":"closed","ping_status":"closed","template":"page-fullwidth.php","meta":{"footnotes":""},"class_list":["post-618","page","type-page","status-publish","hentry"],"_links":{"self":[{"href":"https:\/\/members.loria.fr\/AScheuer\/wp-json\/wp\/v2\/pages\/618","targetHints":{"allow":["GET"]}}],"collection":[{"href":"https:\/\/members.loria.fr\/AScheuer\/wp-json\/wp\/v2\/pages"}],"about":[{"href":"https:\/\/members.loria.fr\/AScheuer\/wp-json\/wp\/v2\/types\/page"}],"author":[{"embeddable":true,"href":"https:\/\/members.loria.fr\/AScheuer\/wp-json\/wp\/v2\/users\/105"}],"replies":[{"embeddable":true,"href":"https:\/\/members.loria.fr\/AScheuer\/wp-json\/wp\/v2\/comments?post=618"}],"version-history":[{"count":110,"href":"https:\/\/members.loria.fr\/AScheuer\/wp-json\/wp\/v2\/pages\/618\/revisions"}],"predecessor-version":[{"id":949,"href":"https:\/\/members.loria.fr\/AScheuer\/wp-json\/wp\/v2\/pages\/618\/revisions\/949"}],"up":[{"embeddable":true,"href":"https:\/\/members.loria.fr\/AScheuer\/wp-json\/wp\/v2\/pages\/382"}],"wp:attachment":[{"href":"https:\/\/members.loria.fr\/AScheuer\/wp-json\/wp\/v2\/media?parent=618"}],"curies":[{"name":"wp","href":"https:\/\/api.w.org\/{rel}","templated":true}]}}