{"id":690,"date":"2019-01-23T09:57:45","date_gmt":"2019-01-23T08:57:45","guid":{"rendered":"http:\/\/members.loria.fr\/AScheuer\/?page_id=690"},"modified":"2022-09-26T11:23:19","modified_gmt":"2022-09-26T09:23:19","slug":"supelec","status":"publish","type":"page","link":"https:\/\/members.loria.fr\/AScheuer\/activites\/enseignements\/supelec\/","title":{"rendered":"Centrale-Sup\u00e9lec : mineure de vie artificielle"},"content":{"rendered":"<p>Cet enseignement a \u00e9t\u00e9 effectu\u00e9 avec J. Fix et H. Frezza-Buet, qui assuraient une s\u00e9ance avant et deux apr\u00e8s la partie pr\u00e9sent\u00e9e ici, de 2014 \u00e0 2020.<\/p>\n<h2>S\u00e9ance 1<\/h2>\n<p><a href=\"http:\/\/homepages.loria.fr\/AScheuer\/Supelec\/1-Intro_react_AC_SMA.pdf\">Introduction \u00e0 l&rsquo;intelligence en essaim, automates cellulaires, SMA r\u00e9actifs et exemples de r\u00e9solution collective<\/a> (PDF, 3,4 Mo).<\/p>\n<h2>S\u00e9ance 2<\/h2>\n<p>D\u00e9finition de comportements r\u00e9actifs bas\u00e9s sur le concept de Braitenberg.<\/p>\n<p>Durant cette s\u00e9ance, les \u00e9tudiants utilisent Aseba, un logiciel qu&rsquo;ils peuvent installer sur leur portable (en haut de <a href=\"https:\/\/www.thymio.org\/fr:start\">cette page<\/a>, vous avez les liens pour installer sur les diff\u00e9rents OS : Linux, MacOS &amp; Windows). \u00c0 noter que pour Ubuntu, il faut aussi ajouter le paquet libqt4-sql-sqlite pour que l&rsquo;aide en ligne fonctionne. De plus, pour Ubuntu 18.04, si le paquet propos\u00e9 est incomplet, il faut utiliser l&rsquo;archive fournie en bas de <a href=\"https:\/\/members.loria.fr\/AScheuer\/system\/missing-aseba-studio-on-ubuntu-18-04\/\">cette page<\/a>.<\/p>\n<ul>\n<li><a href=\"http:\/\/homepages.loria.fr\/AScheuer\/Supelec\/2a-Present.pdf\">Transparents pr\u00e9sentant le TP<\/a> (PDF, 1,3 Mo).<\/li>\n<li><a href=\"http:\/\/homepages.loria.fr\/AScheuer\/Supelec\/evitement.aesl\">Code fourni<\/a> (aesl\/UTF-8, 1,1 Ko).<\/li>\n<li><a href=\"http:\/\/homepages.loria.fr\/AScheuer\/Supelec\/2b-Aide.pdf\">Un peu d&rsquo;aide pour le TP<\/a> (PDF, 577 Ko).<\/li>\n<\/ul>\n<p>En compl\u00e9ment du TP, voici <a href=\"http:\/\/homepages.loria.fr\/AScheuer\/Supelec\/labyrinthe.playground\">le labyrinthe en simulation<\/a> (xml, 2,2 Ko &#8211; enregistrez le, puis chargez le dans Aseba Playground avant de lancer Aseba Studio) : vous pourrez ainsi continuer \u00e0 travailler, m\u00eame sans robot.<\/p>\n<h2>S\u00e9ance 3<\/h2>\n<p><a href=\"http:\/\/homepages.loria.fr\/AScheuer\/Supelec\/3-Resol_coll.pdf\">Exemples de r\u00e9solution collective (suite) et paradigme g\u00e9n\u00e9ral<\/a> (PDF, 3,4 Mo).<\/p>\n<h2>S\u00e9ance 4<\/h2>\n<p>D\u00e9placement en essaim (simulation avec Java et <a href=\"http:\/\/www.madkit.net\/madkit\/demos.php\">MadKit<\/a>).<\/p>\n<ul>\n<li><a href=\"http:\/\/homepages.loria.fr\/AScheuer\/Supelec\/4-Flocking.pdf\">Transparents pr\u00e9sentant le TP<\/a> (PDF, 895 Ko) et<\/li>\n<li><a href=\"http:\/\/homepages.loria.fr\/AScheuer\/Supelec\/4-Flocking.zip\">Code fourni<\/a> (Zip, 782 Ko).<\/li>\n<\/ul>\n<h2>S\u00e9ance 5<\/h2>\n<p>Recherche de ressources (algorithme fourmis, simulation avec Java).<\/p>\n<ul>\n<li><a href=\"http:\/\/homepages.loria.fr\/AScheuer\/Supelec\/5-Foraging.pdf\">Transparents pr\u00e9sentant le TP<\/a> (PDF, 663 Ko).<\/li>\n<li><a href=\"http:\/\/homepages.loria.fr\/AScheuer\/Supelec\/5-Foraging.zip\">Code fourni<\/a> (Zip, 396 Ko).<\/li>\n<\/ul>\n","protected":false},"excerpt":{"rendered":"<p>Cet enseignement a \u00e9t\u00e9 effectu\u00e9 avec J. Fix et H. Frezza-Buet, qui assuraient une s\u00e9ance avant et deux apr\u00e8s la partie pr\u00e9sent\u00e9e ici, de 2014 \u00e0 2020.<\/p>\n<p>S\u00e9ance 1<\/p>\n<p><a href=\"http:\/\/homepages.loria.fr\/AScheuer\/Supelec\/1-Intro_react_AC_SMA.pdf\">Introduction \u00e0 l&rsquo;intelligence en essaim, automates cellulaires, SMA r\u00e9actifs et exemples de r\u00e9solution collective<\/a> (PDF, 3,4 Mo).<\/p>\n<p>S\u00e9ance 2<\/p>\n<p>D\u00e9finition de comportements r\u00e9actifs bas\u00e9s sur le concept de Braitenberg.<\/p>\n<p>Durant cette s\u00e9ance, les \u00e9tudiants utilisent Aseba, un logiciel qu&rsquo;ils peuvent installer sur leur portable (en haut de <a href=\"https:\/\/www.thymio.org\/fr:start\">cette page<\/a>, vous avez les liens pour installer sur les diff\u00e9rents OS : Linux,<\/p>\n","protected":false},"author":105,"featured_media":0,"parent":382,"menu_order":0,"comment_status":"closed","ping_status":"closed","template":"page-fullwidth.php","meta":{"footnotes":""},"class_list":["post-690","page","type-page","status-publish","hentry"],"_links":{"self":[{"href":"https:\/\/members.loria.fr\/AScheuer\/wp-json\/wp\/v2\/pages\/690","targetHints":{"allow":["GET"]}}],"collection":[{"href":"https:\/\/members.loria.fr\/AScheuer\/wp-json\/wp\/v2\/pages"}],"about":[{"href":"https:\/\/members.loria.fr\/AScheuer\/wp-json\/wp\/v2\/types\/page"}],"author":[{"embeddable":true,"href":"https:\/\/members.loria.fr\/AScheuer\/wp-json\/wp\/v2\/users\/105"}],"replies":[{"embeddable":true,"href":"https:\/\/members.loria.fr\/AScheuer\/wp-json\/wp\/v2\/comments?post=690"}],"version-history":[{"count":27,"href":"https:\/\/members.loria.fr\/AScheuer\/wp-json\/wp\/v2\/pages\/690\/revisions"}],"predecessor-version":[{"id":946,"href":"https:\/\/members.loria.fr\/AScheuer\/wp-json\/wp\/v2\/pages\/690\/revisions\/946"}],"up":[{"embeddable":true,"href":"https:\/\/members.loria.fr\/AScheuer\/wp-json\/wp\/v2\/pages\/382"}],"wp:attachment":[{"href":"https:\/\/members.loria.fr\/AScheuer\/wp-json\/wp\/v2\/media?parent=690"}],"curies":[{"name":"wp","href":"https:\/\/api.w.org\/{rel}","templated":true}]}}