{"id":984,"date":"2024-11-25T09:37:38","date_gmt":"2024-11-25T08:37:38","guid":{"rendered":"https:\/\/members.loria.fr\/AScheuer\/?page_id=984"},"modified":"2024-11-25T16:12:37","modified_gmt":"2024-11-25T15:12:37","slug":"intro-robotique-licence","status":"publish","type":"page","link":"https:\/\/members.loria.fr\/AScheuer\/activites\/enseignements\/intro-robotique-licence\/","title":{"rendered":"Introduction \u00e0 la robotique en Licence"},"content":{"rendered":"<map name=\"ULmap\">\n<area alt=\"Universit\u00e9 de Lorraine\" coords=\"0,0,108,49\" shape=\"rect\" href=\"http:\/\/www.univ-lorraine.fr\" \/>\n<area alt=\"D\u00e9pt Informatique de la FST\" coords=\"150,33,205,49\" shape=\"rect\" href=\"http:\/\/info-fst.dep.univ-lorraine.fr\" \/>\n<area alt=\"Fac. des Sciences et Technologies\" coords=\"105,0,211,49\" shape=\"rect\" href=\"http:\/\/fst.univ-lorraine.fr\" \/> <\/map>\n<p><img loading=\"lazy\" decoding=\"async\" class=\"aligncenter\" src=\"\/AScheuer\/files\/Images\/Icons\/UL_DI_logo.png\" alt=\"Logo de l'UL|FST\/DI\" usemap=\"#ULmap\" width=\"211\" height=\"49\" \/><\/p>\n<h1>Contenu<\/h1>\n<p>Cet enseignement est compos\u00e9 de 7 s\u00e9ances de 2 h de cours et de 8 s\u00e9ances de 2 h de travaux dirig\u00e9s.<br \/>\n<a href=\"http:\/\/members.loria.fr\/AScheuer\/wp-content\/blogs.dir\/122\/files\/sites\/122\/2024\/11\/archi_log-300x218.png\"><img loading=\"lazy\" decoding=\"async\" class=\"alignright size-medium wp-image-989\" src=\"http:\/\/members.loria.fr\/AScheuer\/wp-content\/blogs.dir\/122\/files\/sites\/122\/2024\/11\/archi_log-300x218.png\" alt=\"Architecture logicielle en robotique\" width=\"120\" height=\"88\" srcset=\"https:\/\/members.loria.fr\/AScheuer\/wp-content\/blogs.dir\/122\/files\/sites\/122\/2024\/11\/archi_log-300x218.png 300w, https:\/\/members.loria.fr\/AScheuer\/wp-content\/blogs.dir\/122\/files\/sites\/122\/2024\/11\/archi_log-768x559.png 768w, https:\/\/members.loria.fr\/AScheuer\/wp-content\/blogs.dir\/122\/files\/sites\/122\/2024\/11\/archi_log.png 804w\" sizes=\"auto, (max-width: 120px) 100vw, 120px\" \/><\/a><\/p>\n<p>Le <strong>cours<\/strong> d\u00e9peint rapidement quelques aspects historique de la robotique ainsi que certaines perspectives prochaines. Il pr\u00e9sente ensuite diff\u00e9rentes plateformes mat\u00e9rielles et logicielles, et les fondements des principaux modules permettant un comportement autonome (perception, cartographie, planification et contr\u00f4le).<\/p>\n<p>La mise en pratique consiste \u00e0 r\u00e9aliser un <strong>mini-projet<\/strong>, choisi parmi 5 : effectuer un slalom, suivre un objet, parcourir un labyrinthe, cartographier une zone, ou trouver et ramener un cube de couleur. La plateforme mat\u00e9rielle est un robot <a href=\"http:\/\/education.lego.com\/en-us\/support\/mindstorms-ev3\/building-instructions\">Lego Mindstorm Ev3<\/a>, contr\u00f4l\u00e9 par le syst\u00e8me <a href=\"https:\/\/www.ev3dev.org\/\">Ev3dev2<\/a> (<tt><a href=\"https:\/\/fr.wikipedia.org\/wiki\/Secure_Shell\">ssh<\/a><\/tt> &amp; <a href=\"https:\/\/www.python.org\/\">Python 3<\/a>).<\/p>\n<p><a href=\"http:\/\/members.loria.fr\/AScheuer\/wp-content\/blogs.dir\/122\/files\/sites\/122\/2024\/11\/grab_cube.jpg\"><img loading=\"lazy\" decoding=\"async\" class=\"aligncenter size-medium wp-image-1010\" src=\"http:\/\/members.loria.fr\/AScheuer\/wp-content\/blogs.dir\/122\/files\/sites\/122\/2024\/11\/grab_cube-300x150.jpg\" alt=\"Robot et cube\" width=\"300\" height=\"150\" srcset=\"https:\/\/members.loria.fr\/AScheuer\/wp-content\/blogs.dir\/122\/files\/sites\/122\/2024\/11\/grab_cube-300x150.jpg 300w, https:\/\/members.loria.fr\/AScheuer\/wp-content\/blogs.dir\/122\/files\/sites\/122\/2024\/11\/grab_cube-768x383.jpg 768w, https:\/\/members.loria.fr\/AScheuer\/wp-content\/blogs.dir\/122\/files\/sites\/122\/2024\/11\/grab_cube.jpg 770w\" sizes=\"auto, (max-width: 300px) 100vw, 300px\" \/><\/a><br \/>\n<a href=\"http:\/\/members.loria.fr\/AScheuer\/wp-content\/blogs.dir\/122\/files\/sites\/122\/2024\/11\/tank_bot.jpg\"><img loading=\"lazy\" decoding=\"async\" class=\"alignright size-medium wp-image-1004\" src=\"http:\/\/members.loria.fr\/AScheuer\/wp-content\/blogs.dir\/122\/files\/sites\/122\/2024\/11\/tank_bot-300x170.jpg\" alt=\"Tank Bot\" width=\"300\" height=\"170\" srcset=\"https:\/\/members.loria.fr\/AScheuer\/wp-content\/blogs.dir\/122\/files\/sites\/122\/2024\/11\/tank_bot-300x170.jpg 300w, https:\/\/members.loria.fr\/AScheuer\/wp-content\/blogs.dir\/122\/files\/sites\/122\/2024\/11\/tank_bot.jpg 413w\" sizes=\"auto, (max-width: 300px) 100vw, 300px\" \/><\/a><\/p>\n<p style=\"text-align: center\"><a href=\"http:\/\/members.loria.fr\/AScheuer\/wp-content\/blogs.dir\/122\/files\/sites\/122\/2024\/11\/speed_bot-300x233.jpg\"><img loading=\"lazy\" decoding=\"async\" class=\"alignleft size-medium wp-image-1000\" src=\"http:\/\/members.loria.fr\/AScheuer\/wp-content\/blogs.dir\/122\/files\/sites\/122\/2024\/11\/speed_bot-300x233.jpg\" alt=\"Speed Bot\" width=\"200\" height=\"154\" srcset=\"https:\/\/members.loria.fr\/AScheuer\/wp-content\/blogs.dir\/122\/files\/sites\/122\/2024\/11\/speed_bot-300x233.jpg 300w, https:\/\/members.loria.fr\/AScheuer\/wp-content\/blogs.dir\/122\/files\/sites\/122\/2024\/11\/speed_bot.jpg 628w\" sizes=\"auto, (max-width: 200px) 100vw, 200px\" \/><\/a><br \/>\n<a href=\"http:\/\/licence-master-informatique.formation.univ-lorraine.fr\/portfolio\/les-l2-jouent-aux-legos\">Quelques r\u00e9alisations pass\u00e9es<\/a> sont pr\u00e9sent\u00e9es sur les pages du <a href=\"http:\/\/info-fst.dep.univ-lorraine.fr\/\">d\u00e9partement informatique<\/a> de la <a href=\"http:\/\/fst.univ-lorraine.fr\/\">FST<\/a>.<\/p>\n<figure id=\"attachment_1012\" class=\"thumbnail wp-caption aligncenter\" style=\"width: 210px\"><a href=\"http:\/\/members.loria.fr\/AScheuer\/files\/diapo_intro_rob_L.pdf\"><img loading=\"lazy\" decoding=\"async\" class=\"wp-image-1012\" src=\"http:\/\/members.loria.fr\/AScheuer\/wp-content\/blogs.dir\/122\/files\/sites\/122\/2024\/11\/apercu-300x225.jpg\" alt=\"diaporama\" width=\"200\" height=\"150\" srcset=\"https:\/\/members.loria.fr\/AScheuer\/wp-content\/blogs.dir\/122\/files\/sites\/122\/2024\/11\/apercu-300x225.jpg 300w, https:\/\/members.loria.fr\/AScheuer\/wp-content\/blogs.dir\/122\/files\/sites\/122\/2024\/11\/apercu-1024x767.jpg 1024w, https:\/\/members.loria.fr\/AScheuer\/wp-content\/blogs.dir\/122\/files\/sites\/122\/2024\/11\/apercu-768x575.jpg 768w, https:\/\/members.loria.fr\/AScheuer\/wp-content\/blogs.dir\/122\/files\/sites\/122\/2024\/11\/apercu.jpg 1051w\" sizes=\"auto, (max-width: 200px) 100vw, 200px\" \/><\/a><figcaption class=\"caption wp-caption-text\">Diaporama de pr\u00e9sentation<\/figcaption><\/figure>\n<h1>Pr\u00e9requis<\/h1>\n<p><a href=\"https:\/\/www.python.org\/\"><img loading=\"lazy\" decoding=\"async\" class=\"alignleft\" src=\"https:\/\/s3.dualstack.us-east-2.amazonaws.com\/pythondotorg-assets\/media\/community\/logos\/python-logo-only.png\" alt=\"Logo Python\" width=\"54\" height=\"65\" \/><\/a>Les notions \u00e0 conna\u00eetre pour suivre cet enseignement sont des structures de donn\u00e9es fondamentales (les listes &#8211; piles et files, les arbres et les graphes) ainsi que le langage <a href=\"https:\/\/www.python.org\/\">Python<\/a> et les bases de <tt><a href=\"https:\/\/fr.wikipedia.org\/wiki\/Secure_Shell\">ssh<\/a><\/tt>.<\/p>\n","protected":false},"excerpt":{"rendered":"<p><img loading=\"lazy\" decoding=\"async\" class=\"aligncenter\" src=\"\/AScheuer\/files\/Images\/Icons\/UL_DI_logo.png\" alt=\"Logo de l'UL|FST\/DI\" usemap=\"#ULmap\" width=\"211\" height=\"49\" \/><\/p>\n<p>Contenu<\/p>\n<p>Cet enseignement est compos\u00e9 de 7 s\u00e9ances de 2 h de cours et de 8 s\u00e9ances de 2 h de travaux dirig\u00e9s.<br \/>\n<a href=\"http:\/\/members.loria.fr\/AScheuer\/wp-content\/blogs.dir\/122\/files\/sites\/122\/2024\/11\/archi_log-300x218.png\"><img loading=\"lazy\" decoding=\"async\" class=\"alignright size-medium wp-image-989\" src=\"http:\/\/members.loria.fr\/AScheuer\/wp-content\/blogs.dir\/122\/files\/sites\/122\/2024\/11\/archi_log-300x218.png\" alt=\"Architecture logicielle en robotique\" width=\"120\" height=\"88\" srcset=\"https:\/\/members.loria.fr\/AScheuer\/wp-content\/blogs.dir\/122\/files\/sites\/122\/2024\/11\/archi_log-300x218.png 300w, https:\/\/members.loria.fr\/AScheuer\/wp-content\/blogs.dir\/122\/files\/sites\/122\/2024\/11\/archi_log-768x559.png 768w, https:\/\/members.loria.fr\/AScheuer\/wp-content\/blogs.dir\/122\/files\/sites\/122\/2024\/11\/archi_log.png 804w\" sizes=\"auto, (max-width: 120px) 100vw, 120px\" \/><\/a><\/p>\n<p>Le cours d\u00e9peint rapidement quelques aspects historique de la robotique ainsi que certaines perspectives prochaines. Il pr\u00e9sente ensuite diff\u00e9rentes plateformes mat\u00e9rielles et logicielles, et les fondements des principaux modules permettant un comportement autonome (perception, cartographie, planification et contr\u00f4le).<\/p>\n<p>La mise en pratique consiste \u00e0 r\u00e9aliser un mini-projet, choisi parmi 5 : effectuer un slalom, suivre un objet, parcourir un labyrinthe, cartographier une zone, ou trouver et ramener un cube de couleur.<\/p>\n","protected":false},"author":105,"featured_media":0,"parent":382,"menu_order":0,"comment_status":"closed","ping_status":"closed","template":"page-fullwidth.php","meta":{"footnotes":""},"class_list":["post-984","page","type-page","status-publish","hentry"],"_links":{"self":[{"href":"https:\/\/members.loria.fr\/AScheuer\/wp-json\/wp\/v2\/pages\/984","targetHints":{"allow":["GET"]}}],"collection":[{"href":"https:\/\/members.loria.fr\/AScheuer\/wp-json\/wp\/v2\/pages"}],"about":[{"href":"https:\/\/members.loria.fr\/AScheuer\/wp-json\/wp\/v2\/types\/page"}],"author":[{"embeddable":true,"href":"https:\/\/members.loria.fr\/AScheuer\/wp-json\/wp\/v2\/users\/105"}],"replies":[{"embeddable":true,"href":"https:\/\/members.loria.fr\/AScheuer\/wp-json\/wp\/v2\/comments?post=984"}],"version-history":[{"count":25,"href":"https:\/\/members.loria.fr\/AScheuer\/wp-json\/wp\/v2\/pages\/984\/revisions"}],"predecessor-version":[{"id":1014,"href":"https:\/\/members.loria.fr\/AScheuer\/wp-json\/wp\/v2\/pages\/984\/revisions\/1014"}],"up":[{"embeddable":true,"href":"https:\/\/members.loria.fr\/AScheuer\/wp-json\/wp\/v2\/pages\/382"}],"wp:attachment":[{"href":"https:\/\/members.loria.fr\/AScheuer\/wp-json\/wp\/v2\/media?parent=984"}],"curies":[{"name":"wp","href":"https:\/\/api.w.org\/{rel}","templated":true}]}}