{"id":10,"date":"2015-06-15T10:23:49","date_gmt":"2015-06-15T08:23:49","guid":{"rendered":"http:\/\/members.loria.fr\/thierrygartiser\/?page_id=10"},"modified":"2022-03-07T09:05:03","modified_gmt":"2022-03-07T07:05:03","slug":"cv","status":"publish","type":"page","link":"https:\/\/members.loria.fr\/ASellami\/cv\/","title":{"rendered":"CV"},"content":{"rendered":"<div class=\"important_div\" style=\"text-align: center\"><\/div>\n<h4 class=\"cv\">Personal data<\/h4>\n<ul>\n<li class=\"p1\"><span class=\"s1\">Professional situation :ATER \u00e0 Telecom Nancy, University of Lorraine (LORIA lab)<\/span><\/li>\n<li class=\"p1\"><span class=\"s1\">Address : Campus Scientifique, 615 Rue du Jardin-Botanique, 54506 Vand\u0153uvre-l\u00e8s-Nancy, France<br \/>\n<\/span><\/li>\n<li class=\"p1\"><span class=\"s1\">Phone : +33 (0) 6 43 82 88 46<br \/>\n<\/span><\/li>\n<li class=\"p1\"><span class=\"s1\"><span class=\"s1\">Email : akrem.sellami@inria.fr ; akrem.sellami@telecom-bretagne.eu<br \/>\n<\/span><\/span><\/p>\n<h4 class=\"cv\">Education<\/h4>\n<ul>\n<li style=\"list-style-type: none\">\n<ul>\n<li class=\"p1\"><span class=\"s1\"><b>2014-2017 : PhD in Signal, Image, Vision\u00a0 (ITI \/ IMT Atlantique de Brest)<\/b><\/span><\/li>\n<\/ul>\n<\/li>\n<\/ul>\n<p>Subject: Semantic interpretation of hyperspectral images based on an adaptive reduction of dimensionality<br \/>\nAdvisors: Basel Solaiman and Imed Riadh Farah<br \/>\nDefense date: December 11, 2017<br \/>\nDistinction: Very Honorable<\/p>\n<ul>\n<li style=\"list-style-type: none\">\n<ul>\n<li><b>2012: MSc indegree in Computer Science (RIADI \/ Universit\u00e9 de Jendouba)<\/b><\/li>\n<\/ul>\n<\/li>\n<\/ul>\n<p>Subject: Integration of spatio-temporal relationships in Hidden Markov Chains for intra-urban monitoring<br \/>\nAdvisors: Imed Riadh Farah and Vincent Barra<br \/>\nInternship: Geometry, Image, Learning, Algorithm Group, LIMOS laboratory, Blaise Pascal University, Clermont-Ferrand, France<br \/>\nDefense date: December 21, 2012<br \/>\nDistinction: Very Good<\/p>\n<h4 class=\"cv\">WORK EXPERIENCE<\/h4>\n<ul>\n<li style=\"list-style-type: none\">\n<ul>\n<li class=\"p1\"><span class=\"s1\">June 2020- Present: Postdoctoral Researcher &#8211; Universit\u00e9 de Lorraine &#8211; Vand\u0153uvre-l\u00e8s-Nancy<\/span><br \/>\nResearch Group: D4. Traitement automatique des langues et des connaissances (LORIA)<\/li>\n<\/ul>\n<\/li>\n<\/ul>\n<p>&nbsp;<\/p>\n<ul>\n<li><span class=\"s1\">Oct 2018- May 2020 : Postdoctoral Researcher, Aix-Marseille University, France<br \/>\nResearch Group: Qarma team (apprentissage automatique de Marseille, LIS lab) and Banco team (INT)<\/p>\n<p><\/span><\/li>\n<li>2017-2018: <span class=\"s1\">Research Assistant (ATER), Paris Descartes University, France- IUT<\/span><\/li>\n<li>\nResearch Group: SOCS team (LIPADE)<\/li>\n<li><span class=\"s1\">Aug.2012-Dec.2012: Research Internee, Blaise Pascal University, Clermont-Ferrand, France<br \/>\nResearch Group: G4 team (LIMOS) <\/span><\/li>\n<\/ul>\n<h4 class=\"cv\">Research Area and Skills<\/h4>\n<div id=\"skillbar_straight\" style=\"padding:10px 0;\">\n\n<div class=\"skillbar clearfix\" data-percent=\"80%\" style=\"background: #eeeeee;\">\r\n\t\t\t\t<div class=\"skillbar-title\" style=\"background: #336699 !important;\"><span>Deep Learning<\/span><\/div>\r\n\t\t\t\t<div class=\"skillbar-bar\" style=\"background: #336699;\"><\/div>\r\n\t\t\t\t<div class=\"skill-bar-percent\">80%<\/div>\r\n\t\t\t<\/div>\n\n<div class=\"skillbar clearfix\" data-percent=\"75%\" style=\"background: #eeeeee;\">\r\n\t\t\t\t<div class=\"skillbar-title\" style=\"background: #336699 !important;\"><span>Computer Vision<\/span><\/div>\r\n\t\t\t\t<div class=\"skillbar-bar\" style=\"background: #336699;\"><\/div>\r\n\t\t\t\t<div class=\"skill-bar-percent\">75%<\/div>\r\n\t\t\t<\/div>\n\n<div class=\"skillbar clearfix\" data-percent=\"70%\" style=\"background: #eeeeee;\">\r\n\t\t\t\t<div class=\"skillbar-title\" style=\"background: #336699 !important;\"><span>Graph Deep Representation Learning<\/span><\/div>\r\n\t\t\t\t<div class=\"skillbar-bar\" style=\"background: #336699;\"><\/div>\r\n\t\t\t\t<div class=\"skill-bar-percent\">70%<\/div>\r\n\t\t\t<\/div>\n\n<div class=\"skillbar clearfix\" data-percent=\"70%\" style=\"background: #eeeeee;\">\r\n\t\t\t\t<div class=\"skillbar-title\" style=\"background: #336699 !important;\"><span>Multi-view Learning<\/span><\/div>\r\n\t\t\t\t<div class=\"skillbar-bar\" style=\"background: #336699;\"><\/div>\r\n\t\t\t\t<div class=\"skill-bar-percent\">70%<\/div>\r\n\t\t\t<\/div>\n\n<div class=\"skillbar clearfix\" data-percent=\"80%\" style=\"background: #eeeeee;\">\r\n\t\t\t\t<div class=\"skillbar-title\" style=\"background: #336699 !important;\"><span>Dimensionality Reduction<\/span><\/div>\r\n\t\t\t\t<div class=\"skillbar-bar\" style=\"background: #336699;\"><\/div>\r\n\t\t\t\t<div class=\"skill-bar-percent\">80%<\/div>\r\n\t\t\t<\/div>\n\n\n<div style=\"clear:both;\"><\/div>\n<\/div>\n<div style=\"clear:both; height:10px; overflow:hidden;\"><\/div>\n<style type=\"text\/css\">.skillbar-title{font-size:px;color:;}.skill-bar-percent{font-size:px;color:;}<\/style><script>\r\n\t\t\t\tfunction sbar(){\r\n\t\t\t\t\tjQuery(\".skillbar\").each(function(){\r\n\t\t\t\t\t\tjQuery(this).find(\".skillbar-bar\").animate({\r\n\t\t\t\t\t\t\twidth:jQuery(this).attr(\"data-percent\")\r\n\t\t\t\t\t\t},3000);\r\n\t\t\t\t\t});\t\r\n\t\t\t\t}\r\n\t\t\t\tif ( jQuery(\"#skillbar_straight\").next().is(\":appeared\") ){\r\n\t\t\t\t\tsbar();\r\n\t\t\t\t} else {\r\n\t\t\t\t\tjQuery( window ).scroll(function() {\r\n\t\t\t\t\t\tif ( jQuery(\"#skillbar_straight\").next().is(\":appeared\") ){\r\n\t\t\t\t\t\t\tsbar();\r\n\t\t\t\t\t\t}\r\n\t\t\t\t\t});\r\n\t\t\t\t}\r\n\t\t\t\t<\/script>\n<p>My research area include machine learning (deep learning, representation learning,&#8230;), graph deep representation learning, dimensionality reduction (features extraction\/selection, multi-linear algebra), data analytics, as well as applications to brain\/satellite images.<\/li>\n<\/ul>\n","protected":false},"excerpt":{"rendered":"<p>Personal data<\/p>\n<ul>\n<li class=\"p1\">Professional situation :ATER \u00e0 Telecom Nancy, University of Lorraine (LORIA lab)<\/li>\n<li class=\"p1\">Address : Campus Scientifique, 615 Rue du Jardin-Botanique, 54506 Vand\u0153uvre-l\u00e8s-Nancy, France\n<\/li>\n<li class=\"p1\">Phone : +33 (0) 6 43 82 88 46\n<\/li>\n<li class=\"p1\">Email : akrem.sellami@inria.fr ; akrem.sellami@telecom-bretagne.eu\n<p>Education<\/p>\n<ul>\n<li style=\"list-style-type: none\">\n<ul>\n<li class=\"p1\">2014-2017 : PhD in Signal, Image, Vision\u00a0 (ITI \/ IMT Atlantique de Brest)<\/li>\n<\/ul>\n<\/li>\n<\/ul>\n<p>Subject: Semantic interpretation of hyperspectral images based on an adaptive reduction of dimensionality<br \/>\nAdvisors: Basel Solaiman and Imed Riadh Farah<br \/>\nDefense date: December 11, 2017<br \/>\nDistinction: Very Honorable<\/p>\n<ul>\n<li style=\"list-style-type: none\">\n<ul>\n<li>2012: MSc indegree in Computer Science (RIADI \/ Universit\u00e9 de Jendouba)<\/li>\n<\/ul>\n<\/li>\n<\/ul>\n<p>Subject: Integration of spatio-temporal relationships in Hidden Markov Chains for intra-urban monitoring<br \/>\nAdvisors: Imed Riadh Farah and Vincent Barra<br \/>\nInternship: Geometry,<\/p>\n<\/li>\n<\/ul>\n","protected":false},"author":5,"featured_media":0,"parent":0,"menu_order":0,"comment_status":"closed","ping_status":"closed","template":"","meta":{"footnotes":""},"class_list":["post-10","page","type-page","status-publish","hentry"],"_links":{"self":[{"href":"https:\/\/members.loria.fr\/ASellami\/wp-json\/wp\/v2\/pages\/10","targetHints":{"allow":["GET"]}}],"collection":[{"href":"https:\/\/members.loria.fr\/ASellami\/wp-json\/wp\/v2\/pages"}],"about":[{"href":"https:\/\/members.loria.fr\/ASellami\/wp-json\/wp\/v2\/types\/page"}],"author":[{"embeddable":true,"href":"https:\/\/members.loria.fr\/ASellami\/wp-json\/wp\/v2\/users\/5"}],"replies":[{"embeddable":true,"href":"https:\/\/members.loria.fr\/ASellami\/wp-json\/wp\/v2\/comments?post=10"}],"version-history":[{"count":74,"href":"https:\/\/members.loria.fr\/ASellami\/wp-json\/wp\/v2\/pages\/10\/revisions"}],"predecessor-version":[{"id":497,"href":"https:\/\/members.loria.fr\/ASellami\/wp-json\/wp\/v2\/pages\/10\/revisions\/497"}],"wp:attachment":[{"href":"https:\/\/members.loria.fr\/ASellami\/wp-json\/wp\/v2\/media?parent=10"}],"curies":[{"name":"wp","href":"https:\/\/api.w.org\/{rel}","templated":true}]}}