{"id":10,"date":"2015-06-15T10:23:49","date_gmt":"2015-06-15T08:23:49","guid":{"rendered":"http:\/\/members.loria.fr\/thierrygartiser\/?page_id=10"},"modified":"2016-11-14T18:37:26","modified_gmt":"2016-11-14T16:37:26","slug":"cv","status":"publish","type":"page","link":"https:\/\/members.loria.fr\/BKerautret\/cv\/","title":{"rendered":"CV"},"content":{"rendered":"<div class=\"important_div\" style=\"text-align: center\"><\/div>\n<h4 class=\"cv\">Formation<\/h4>\n<ul>\n<li class=\"p1\"><span class=\"s1\">from 2006: Professor Assistant (LORIA \/ Universit\u00e9 de Lorraine- IUT de saint Di\u00e9 des Vosges)<\/span><\/li>\n<\/ul>\n<h4 class=\"cv\">Exp\u00e9rience professionnelle<\/h4>\n<ul>\n<li class=\"p1\"><span class=\"s1\">(exemple) 2012-2015 : ATER &#8211; Universit\u00e9 de Lorraine &#8211; Vand\u0153uvre-l\u00e8s-Nancy<\/span><\/li>\n<\/ul>\n","protected":false},"excerpt":{"rendered":"<p>Formation<\/p>\n<ul>\n<li class=\"p1\">from 2006: Professor Assistant (LORIA \/ Universit\u00e9 de Lorraine- IUT de saint Di\u00e9 des Vosges)<\/li>\n<\/ul>\n<p>Exp\u00e9rience professionnelle<\/p>\n<ul>\n<li class=\"p1\">(exemple) 2012-2015 : ATER &#8211; Universit\u00e9 de Lorraine &#8211; Vand\u0153uvre-l\u00e8s-Nancy<\/li>\n<\/ul>\n","protected":false},"author":5,"featured_media":0,"parent":0,"menu_order":0,"comment_status":"closed","ping_status":"closed","template":"","meta":{"footnotes":""},"class_list":["post-10","page","type-page","status-publish","hentry"],"_links":{"self":[{"href":"https:\/\/members.loria.fr\/BKerautret\/wp-json\/wp\/v2\/pages\/10","targetHints":{"allow":["GET"]}}],"collection":[{"href":"https:\/\/members.loria.fr\/BKerautret\/wp-json\/wp\/v2\/pages"}],"about":[{"href":"https:\/\/members.loria.fr\/BKerautret\/wp-json\/wp\/v2\/types\/page"}],"author":[{"embeddable":true,"href":"https:\/\/members.loria.fr\/BKerautret\/wp-json\/wp\/v2\/users\/5"}],"replies":[{"embeddable":true,"href":"https:\/\/members.loria.fr\/BKerautret\/wp-json\/wp\/v2\/comments?post=10"}],"version-history":[{"count":51,"href":"https:\/\/members.loria.fr\/BKerautret\/wp-json\/wp\/v2\/pages\/10\/revisions"}],"predecessor-version":[{"id":294,"href":"https:\/\/members.loria.fr\/BKerautret\/wp-json\/wp\/v2\/pages\/10\/revisions\/294"}],"wp:attachment":[{"href":"https:\/\/members.loria.fr\/BKerautret\/wp-json\/wp\/v2\/media?parent=10"}],"curies":[{"name":"wp","href":"https:\/\/api.w.org\/{rel}","templated":true}]}}