{"id":22,"date":"2015-06-15T11:01:33","date_gmt":"2015-06-15T09:01:33","guid":{"rendered":"http:\/\/members.loria.fr\/thierrygartiser\/?page_id=22"},"modified":"2016-09-21T19:52:39","modified_gmt":"2016-09-21T17:52:39","slug":"arteoz","status":"publish","type":"page","link":"https:\/\/members.loria.fr\/BWrobelDautcourt\/arteoz\/","title":{"rendered":"artEoz"},"content":{"rendered":"<p><strong><a href=\"http:\/\/arteoz.loria.fr\" target=\"_blank\"><img loading=\"lazy\" decoding=\"async\" class=\"alignright wp-image-285 size-large\" src=\"http:\/\/members.loria.fr\/BWrobelDautcourt\/wp-content\/blogs.dir\/71\/files\/sites\/71\/2016\/09\/docIllustree-1024x635.png\" alt=\"docillustree\" width=\"648\" height=\"402\" srcset=\"https:\/\/members.loria.fr\/BWrobelDautcourt\/wp-content\/blogs.dir\/71\/files\/sites\/71\/2016\/09\/docIllustree-1024x635.png 1024w, https:\/\/members.loria.fr\/BWrobelDautcourt\/wp-content\/blogs.dir\/71\/files\/sites\/71\/2016\/09\/docIllustree-300x186.png 300w, https:\/\/members.loria.fr\/BWrobelDautcourt\/wp-content\/blogs.dir\/71\/files\/sites\/71\/2016\/09\/docIllustree-768x476.png 768w, https:\/\/members.loria.fr\/BWrobelDautcourt\/wp-content\/blogs.dir\/71\/files\/sites\/71\/2016\/09\/docIllustree.png 1390w\" sizes=\"auto, (max-width: 648px) 100vw, 648px\" \/><\/a><a href=\"http:\/\/arteoz.loria.fr\" target=\"_blank\">artEoz<\/a><\/strong> est une plateforme d\u00e9di\u00e9e \u00e0 l&rsquo;enseignement de la programmation permettant de visualiser l&rsquo;\u00e9tat de la m\u00e9moire lors de l&rsquo;ex\u00e9cution d&rsquo;un programme \u00e9crit en Java ou en Python.<\/p>\n<p>Son objectif principal est de mettre en images les paradigmes de la programmation objet, allant de la d\u00e9claration de variable \u00e0 l\u2019instanciation classique. La compr\u00e9hension de l\u2019effet des instructions passe par la construction d\u2019une repr\u00e9sentation de ce qui se passe en m\u00e9moire centrale.<\/p>\n<p>Le logiciel <strong>artEoz<\/strong> a \u00e9t\u00e9 d\u00e9pos\u00e9 le 22 novembre 2012 \u00e0 l\u2019Agence de Protection des Programmes (<a href=\"http:\/\/www.app.asso.fr\/\" target=\"_blank\">APP<\/a>). Il est la propri\u00e9t\u00e9 de l\u2019Universit\u00e9 de Lorraine.<\/p>\n<p>Il a \u00e9t\u00e9 con\u00e7u et d\u00e9velopp\u00e9 par Martine Gautier et Brigitte Wrobel-Dautcourt, enseignants-chercheurs au <a href=\"http:\/\/info-fst.dep.univ-lorraine.fr\/\" target=\"_blank\"><strong>D\u00e9partement informatique<\/strong><\/a> de la Facult\u00e9 des Sciences et Technologies \u2013 Universit\u00e9 de Lorraine \/ <a href=\"http:\/\/www.loria.fr\" target=\"_blank\"><strong>Loria<\/strong>.<\/a><\/p>\n<p>Il est prot\u00e9g\u00e9 par une <strong><a title=\"Licence\" href=\"http:\/\/arteoz.loria.fr\/?page_id=346\">licence<\/a><\/strong> d\u2019utilisation.<\/p>\n<p>Il peut \u00eatre <strong><a title=\"T\u00e9l\u00e9chargement\" href=\"http:\/\/arteoz.loria.fr\/?page_id=53\">t\u00e9l\u00e9charg\u00e9<\/a><\/strong> gratuitement depuis son site web \u00e0 condition de l\u2019utiliser dans un cadre acad\u00e9mique.<\/p>\n<p style=\"text-align: center\"><a href=\"http:\/\/arteoz.loria.fr\" target=\"_blank\"><strong>Site web artEoz<\/strong><\/a><\/p>\n","protected":false},"excerpt":{"rendered":"<p><a href=\"http:\/\/arteoz.loria.fr\" target=\"_blank\"><img loading=\"lazy\" decoding=\"async\" class=\"alignright wp-image-285 size-large\" src=\"http:\/\/members.loria.fr\/BWrobelDautcourt\/wp-content\/blogs.dir\/71\/files\/sites\/71\/2016\/09\/docIllustree-1024x635.png\" alt=\"docillustree\" width=\"648\" height=\"402\" srcset=\"https:\/\/members.loria.fr\/BWrobelDautcourt\/wp-content\/blogs.dir\/71\/files\/sites\/71\/2016\/09\/docIllustree-1024x635.png 1024w, https:\/\/members.loria.fr\/BWrobelDautcourt\/wp-content\/blogs.dir\/71\/files\/sites\/71\/2016\/09\/docIllustree-300x186.png 300w, https:\/\/members.loria.fr\/BWrobelDautcourt\/wp-content\/blogs.dir\/71\/files\/sites\/71\/2016\/09\/docIllustree-768x476.png 768w, https:\/\/members.loria.fr\/BWrobelDautcourt\/wp-content\/blogs.dir\/71\/files\/sites\/71\/2016\/09\/docIllustree.png 1390w\" sizes=\"auto, (max-width: 648px) 100vw, 648px\" \/><\/a><a href=\"http:\/\/arteoz.loria.fr\" target=\"_blank\">artEoz<\/a> est une plateforme d\u00e9di\u00e9e \u00e0 l&rsquo;enseignement de la programmation permettant de visualiser l&rsquo;\u00e9tat de la m\u00e9moire lors de l&rsquo;ex\u00e9cution d&rsquo;un programme \u00e9crit en Java ou en Python.<\/p>\n<p>Son objectif principal est de mettre en images les paradigmes de la programmation objet, allant de la d\u00e9claration de variable \u00e0 l\u2019instanciation classique. La compr\u00e9hension de l\u2019effet des instructions passe par la construction d\u2019une repr\u00e9sentation de ce qui se passe en m\u00e9moire centrale.<\/p>\n<p>Le logiciel artEoz a \u00e9t\u00e9 d\u00e9pos\u00e9 le 22 novembre 2012 \u00e0 l\u2019Agence de Protection des Programmes (<a href=\"http:\/\/www.app.asso.fr\/\" target=\"_blank\">APP<\/a>).<\/p>\n","protected":false},"author":5,"featured_media":0,"parent":0,"menu_order":0,"comment_status":"closed","ping_status":"closed","template":"page-fullwidth.php","meta":{"footnotes":""},"class_list":["post-22","page","type-page","status-publish","hentry"],"_links":{"self":[{"href":"https:\/\/members.loria.fr\/BWrobelDautcourt\/wp-json\/wp\/v2\/pages\/22","targetHints":{"allow":["GET"]}}],"collection":[{"href":"https:\/\/members.loria.fr\/BWrobelDautcourt\/wp-json\/wp\/v2\/pages"}],"about":[{"href":"https:\/\/members.loria.fr\/BWrobelDautcourt\/wp-json\/wp\/v2\/types\/page"}],"author":[{"embeddable":true,"href":"https:\/\/members.loria.fr\/BWrobelDautcourt\/wp-json\/wp\/v2\/users\/5"}],"replies":[{"embeddable":true,"href":"https:\/\/members.loria.fr\/BWrobelDautcourt\/wp-json\/wp\/v2\/comments?post=22"}],"version-history":[{"count":18,"href":"https:\/\/members.loria.fr\/BWrobelDautcourt\/wp-json\/wp\/v2\/pages\/22\/revisions"}],"predecessor-version":[{"id":322,"href":"https:\/\/members.loria.fr\/BWrobelDautcourt\/wp-json\/wp\/v2\/pages\/22\/revisions\/322"}],"wp:attachment":[{"href":"https:\/\/members.loria.fr\/BWrobelDautcourt\/wp-json\/wp\/v2\/media?parent=22"}],"curies":[{"name":"wp","href":"https:\/\/api.w.org\/{rel}","templated":true}]}}