{"id":323,"date":"2016-11-10T17:56:43","date_gmt":"2016-11-10T15:56:43","guid":{"rendered":"http:\/\/members.loria.fr\/CBourjot\/?page_id=323"},"modified":"2016-11-22T13:08:32","modified_gmt":"2016-11-22T11:08:32","slug":"realisations","status":"publish","type":"page","link":"https:\/\/members.loria.fr\/CBourjot\/realisations\/","title":{"rendered":"Th\u00e9matique et R\u00e9alisations"},"content":{"rendered":"<p><strong>THEMATIQUE<\/strong><\/p>\n<ul>\n<li>Mes travaux de recherche se situent dans le domaine de l\u2019Intelligence Artificielle Situ\u00e9e (Situated Artificial Intelligence) et des Syst\u00e8mes Multi-Agent (Multi-Agent Systems).<\/li>\n<li>Ils s\u2019appliquent \u00e0 la conception de syst\u00e8mes auto-organis\u00e9s \u00e0 base d\u2019agents r\u00e9actifs, \u00a0\u00e0 la conception de mod\u00e8les centr\u00e9s agents pour la compr\u00e9hension de syst\u00e8mes complexes biologiques ou cyber-physiques.<\/li>\n<\/ul>\n<p><strong>Key-words : Artificial Intelligence, Multi-agent system, biological modeling, complex systems, self-organized systems, multi-modeling<\/strong><\/p>\n<p>&nbsp;<\/p>\n<p><strong>REALISATIONS<a href=\"http:\/\/members.loria.fr\/CBourjot\/wp-content\/blogs.dir\/147\/files\/sites\/147\/2015\/06\/toile.png\"><img loading=\"lazy\" decoding=\"async\" class=\"wp-image-347 alignright\" src=\"http:\/\/members.loria.fr\/CBourjot\/wp-content\/blogs.dir\/147\/files\/sites\/147\/2015\/06\/toile-300x214.png\" alt=\"toile\" width=\"102\" height=\"73\" srcset=\"https:\/\/members.loria.fr\/CBourjot\/wp-content\/blogs.dir\/147\/files\/sites\/147\/2015\/06\/toile-300x214.png 300w, https:\/\/members.loria.fr\/CBourjot\/wp-content\/blogs.dir\/147\/files\/sites\/147\/2015\/06\/toile.png 318w\" sizes=\"auto, (max-width: 102px) 100vw, 102px\" \/><\/a><\/strong><\/p>\n<ul>\n<li>Mod\u00e9lisation de l&rsquo;auto-organisation dans les soci\u00e9t\u00e9s animales<\/li>\n<li>R\u00e9solution collective de probl\u00e8mes<\/li>\n<li>Mod\u00e8les pour l&rsquo;auto-organisation<\/li>\n<li>M\u00e9ta mod\u00e8le pour la multi-mod\u00e9lisation<\/li>\n<li>\u00c9tudes et simulations des dynamiques d\u00e9lib\u00e9ratives<\/li>\n<\/ul>\n<p>Pour les d\u00e9mos aller sur <a href=\"https:\/\/members.loria.fr\/CBourjot\/files\/recherches.html\">My old site<\/a><\/p>\n<p>&nbsp;<\/p>\n","protected":false},"excerpt":{"rendered":"<p>THEMATIQUE<\/p>\n<ul>\n<li>Mes travaux de recherche se situent dans le domaine de l\u2019Intelligence Artificielle Situ\u00e9e (Situated Artificial Intelligence) et des Syst\u00e8mes Multi-Agent (Multi-Agent Systems).<\/li>\n<li>Ils s\u2019appliquent \u00e0 la conception de syst\u00e8mes auto-organis\u00e9s \u00e0 base d\u2019agents r\u00e9actifs, \u00a0\u00e0 la conception de mod\u00e8les centr\u00e9s agents pour la compr\u00e9hension de syst\u00e8mes complexes biologiques ou cyber-physiques.<\/li>\n<\/ul>\n<p>Key-words : Artificial Intelligence, Multi-agent system, biological modeling, complex systems, self-organized systems, multi-modeling<\/p>\n<p>&nbsp;<\/p>\n<p>REALISATIONS<a href=\"http:\/\/members.loria.fr\/CBourjot\/wp-content\/blogs.dir\/147\/files\/sites\/147\/2015\/06\/toile.png\"><img loading=\"lazy\" decoding=\"async\" class=\"wp-image-347 alignright\" src=\"http:\/\/members.loria.fr\/CBourjot\/wp-content\/blogs.dir\/147\/files\/sites\/147\/2015\/06\/toile-300x214.png\" alt=\"toile\" width=\"102\" height=\"73\" srcset=\"https:\/\/members.loria.fr\/CBourjot\/wp-content\/blogs.dir\/147\/files\/sites\/147\/2015\/06\/toile-300x214.png 300w, https:\/\/members.loria.fr\/CBourjot\/wp-content\/blogs.dir\/147\/files\/sites\/147\/2015\/06\/toile.png 318w\" sizes=\"auto, (max-width: 102px) 100vw, 102px\" \/><\/a><\/p>\n<ul>\n<li>Mod\u00e9lisation de l&rsquo;auto-organisation dans les soci\u00e9t\u00e9s animales<\/li>\n<li>R\u00e9solution collective de probl\u00e8mes<\/li>\n<li>Mod\u00e8les pour l&rsquo;auto-organisation<\/li>\n<li>M\u00e9ta mod\u00e8le pour la multi-mod\u00e9lisation<\/li>\n<li>\u00c9tudes et simulations des dynamiques d\u00e9lib\u00e9ratives<\/li>\n<\/ul>\n<p>Pour les d\u00e9mos aller sur <a href=\"https:\/\/members.loria.fr\/CBourjot\/files\/recherches.html\">My old site<\/a><\/p>\n<p>&nbsp;<\/p>\n","protected":false},"author":130,"featured_media":0,"parent":0,"menu_order":0,"comment_status":"closed","ping_status":"closed","template":"","meta":{"footnotes":""},"class_list":["post-323","page","type-page","status-publish","hentry"],"_links":{"self":[{"href":"https:\/\/members.loria.fr\/CBourjot\/wp-json\/wp\/v2\/pages\/323","targetHints":{"allow":["GET"]}}],"collection":[{"href":"https:\/\/members.loria.fr\/CBourjot\/wp-json\/wp\/v2\/pages"}],"about":[{"href":"https:\/\/members.loria.fr\/CBourjot\/wp-json\/wp\/v2\/types\/page"}],"author":[{"embeddable":true,"href":"https:\/\/members.loria.fr\/CBourjot\/wp-json\/wp\/v2\/users\/130"}],"replies":[{"embeddable":true,"href":"https:\/\/members.loria.fr\/CBourjot\/wp-json\/wp\/v2\/comments?post=323"}],"version-history":[{"count":17,"href":"https:\/\/members.loria.fr\/CBourjot\/wp-json\/wp\/v2\/pages\/323\/revisions"}],"predecessor-version":[{"id":375,"href":"https:\/\/members.loria.fr\/CBourjot\/wp-json\/wp\/v2\/pages\/323\/revisions\/375"}],"wp:attachment":[{"href":"https:\/\/members.loria.fr\/CBourjot\/wp-json\/wp\/v2\/media?parent=323"}],"curies":[{"name":"wp","href":"https:\/\/api.w.org\/{rel}","templated":true}]}}