{"id":359,"date":"2016-11-10T19:11:58","date_gmt":"2016-11-10T17:11:58","guid":{"rendered":"http:\/\/members.loria.fr\/CBourjot\/?page_id=359"},"modified":"2018-10-02T17:27:31","modified_gmt":"2018-10-02T15:27:31","slug":"theses-co-encadrees","status":"publish","type":"page","link":"https:\/\/members.loria.fr\/CBourjot\/theses-co-encadrees\/","title":{"rendered":"Th\u00e8ses co-encadr\u00e9es"},"content":{"rendered":"<h4>TH\u00c8SES CO-ENCADR\u00c9ES :<\/h4>\n<ul>\n<li><strong><a href=\"http:\/\/people.irisa.fr\/Benjamin.Camus\/\" target=\"_blank\"> Benjamin Camus<\/a><\/strong>, \u00ab\u00a0Environnement multi-agent pour la multi-mod\u00e9lisation et simulation des syst\u00e8mes complexes\u00a0\u00bb. Th\u00e8se soutenue en d\u00e9cembre 2016<\/li>\n<\/ul>\n<ul>\n<li><strong>Fran\u00e7ois Klein<\/strong>, \u00ab\u00a0Contr\u00f4le d&rsquo;un SMA R\u00e9actif par Mod\u00e9lisation et Apprentissage de sa Dynamique Globale\u00a0\u00bb. Th\u00e8se soutenue en d\u00e9cembre 2009<\/li>\n<\/ul>\n<ul>\n<li><a href=\"http:\/\/www.logistic-swarm.net\/myw\/\"><strong>Rodolphe Charrier<\/strong><\/a>, \u00ab\u00a0L\u2019intelligence en essaim sous l\u2019angle des syst\u00e8mes complexes : \u00e9tude d\u2019un syst\u00e8me multi-agent r\u00e9actif\u00a0 \u00e0 base d\u2019it\u00e9rations logistiques coupl\u00e9es\u00a0\u00bb. Th\u00e8se soutenue en d\u00e9cembre 2009<\/li>\n<\/ul>\n<ul>\n<li><strong><a href=\"http:\/\/www.loria.fr\/%7Evthomas\/\" target=\"_blank\">Vincent Thomas<\/a><\/strong>, \u00ab\u00a0Proposition d&rsquo;un formalisme pour la construction automatique d&rsquo;interactions dans les SMAs r\u00e9actifs\u00a0\u00bb. Th\u00e8se soutenue en novembre 2005<\/li>\n<\/ul>\n","protected":false},"excerpt":{"rendered":"<p>TH\u00c8SES CO-ENCADR\u00c9ES :<\/p>\n<ul>\n<li><a href=\"http:\/\/people.irisa.fr\/Benjamin.Camus\/\" target=\"_blank\"> Benjamin Camus<\/a>, \u00ab\u00a0Environnement multi-agent pour la multi-mod\u00e9lisation et simulation des syst\u00e8mes complexes\u00a0\u00bb. Th\u00e8se soutenue en d\u00e9cembre 2016<\/li>\n<\/ul>\n<ul>\n<li>Fran\u00e7ois Klein, \u00ab\u00a0Contr\u00f4le d&rsquo;un SMA R\u00e9actif par Mod\u00e9lisation et Apprentissage de sa Dynamique Globale\u00a0\u00bb. Th\u00e8se soutenue en d\u00e9cembre 2009<\/li>\n<\/ul>\n<ul>\n<li><a href=\"http:\/\/www.logistic-swarm.net\/myw\/\">Rodolphe Charrier<\/a>, \u00ab\u00a0L\u2019intelligence en essaim sous l\u2019angle des syst\u00e8mes complexes : \u00e9tude d\u2019un syst\u00e8me multi-agent r\u00e9actif\u00a0 \u00e0 base d\u2019it\u00e9rations logistiques coupl\u00e9es\u00a0\u00bb. Th\u00e8se soutenue en d\u00e9cembre 2009<\/li>\n<\/ul>\n<ul>\n<li><a href=\"http:\/\/www.loria.fr\/%7Evthomas\/\" target=\"_blank\">Vincent Thomas<\/a>, \u00ab\u00a0Proposition d&rsquo;un formalisme pour la construction automatique d&rsquo;interactions dans les SMAs r\u00e9actifs\u00a0\u00bb.<\/li>\n<\/ul>\n","protected":false},"author":130,"featured_media":0,"parent":0,"menu_order":0,"comment_status":"closed","ping_status":"closed","template":"","meta":{"footnotes":""},"class_list":["post-359","page","type-page","status-publish","hentry"],"_links":{"self":[{"href":"https:\/\/members.loria.fr\/CBourjot\/wp-json\/wp\/v2\/pages\/359","targetHints":{"allow":["GET"]}}],"collection":[{"href":"https:\/\/members.loria.fr\/CBourjot\/wp-json\/wp\/v2\/pages"}],"about":[{"href":"https:\/\/members.loria.fr\/CBourjot\/wp-json\/wp\/v2\/types\/page"}],"author":[{"embeddable":true,"href":"https:\/\/members.loria.fr\/CBourjot\/wp-json\/wp\/v2\/users\/130"}],"replies":[{"embeddable":true,"href":"https:\/\/members.loria.fr\/CBourjot\/wp-json\/wp\/v2\/comments?post=359"}],"version-history":[{"count":11,"href":"https:\/\/members.loria.fr\/CBourjot\/wp-json\/wp\/v2\/pages\/359\/revisions"}],"predecessor-version":[{"id":423,"href":"https:\/\/members.loria.fr\/CBourjot\/wp-json\/wp\/v2\/pages\/359\/revisions\/423"}],"wp:attachment":[{"href":"https:\/\/members.loria.fr\/CBourjot\/wp-json\/wp\/v2\/media?parent=359"}],"curies":[{"name":"wp","href":"https:\/\/api.w.org\/{rel}","templated":true}]}}