{"id":56,"date":"2015-06-16T13:44:07","date_gmt":"2015-06-16T11:44:07","guid":{"rendered":"http:\/\/members.loria.fr\/thierrygartiser\/?page_id=56"},"modified":"2024-02-12T20:41:24","modified_gmt":"2024-02-12T18:41:24","slug":"accueil","status":"publish","type":"page","link":"https:\/\/members.loria.fr\/CBourjot\/","title":{"rendered":"Accueil"},"content":{"rendered":"<p class=\"cv\"><strong>Ma\u00eetre de Conf\u00e9rences<\/strong> <strong>Em\u00e9rite<\/strong> en Informatique \u00e0 l&rsquo; <a href=\"http:\/\/www.univ-lorraine.fr\/\">Universit\u00e9 de Lorraine <\/a><\/p>\n<p class=\"cv\"><strong>Recherche<\/strong> au LORIA\u00a0 : membre de<span class=\"s1\"> l&rsquo;<a href=\"https:\/\/simbiot.loria.fr\/\">\u00e9quipe Simbiot<\/a><\/span><\/p>\n<p class=\"cv\"><strong>Enseignement<\/strong> \u00e0 l&rsquo;IDMC\u00a0 &#8211;\u00a0 <a href=\"https:\/\/idmc.univ-lorraine.fr\/\">Institut des Sciences du Digital, Management et Cognition \u00a0<\/a><\/p>\n","protected":false},"excerpt":{"rendered":"<p class=\"cv\">Ma\u00eetre de Conf\u00e9rences Em\u00e9rite en Informatique \u00e0 l&rsquo; <a href=\"http:\/\/www.univ-lorraine.fr\/\">Universit\u00e9 de Lorraine <\/a><\/p>\n<p class=\"cv\">Recherche au LORIA\u00a0 : membre de l&rsquo;<a href=\"https:\/\/simbiot.loria.fr\/\">\u00e9quipe Simbiot<\/a><\/p>\n<p class=\"cv\">Enseignement \u00e0 l&rsquo;IDMC\u00a0 &#8211;\u00a0 <a href=\"https:\/\/idmc.univ-lorraine.fr\/\">Institut des Sciences du Digital, Management et Cognition \u00a0<\/a><\/p>\n","protected":false},"author":5,"featured_media":0,"parent":0,"menu_order":0,"comment_status":"closed","ping_status":"closed","template":"","meta":{"footnotes":""},"class_list":["post-56","page","type-page","status-publish","hentry"],"_links":{"self":[{"href":"https:\/\/members.loria.fr\/CBourjot\/wp-json\/wp\/v2\/pages\/56","targetHints":{"allow":["GET"]}}],"collection":[{"href":"https:\/\/members.loria.fr\/CBourjot\/wp-json\/wp\/v2\/pages"}],"about":[{"href":"https:\/\/members.loria.fr\/CBourjot\/wp-json\/wp\/v2\/types\/page"}],"author":[{"embeddable":true,"href":"https:\/\/members.loria.fr\/CBourjot\/wp-json\/wp\/v2\/users\/5"}],"replies":[{"embeddable":true,"href":"https:\/\/members.loria.fr\/CBourjot\/wp-json\/wp\/v2\/comments?post=56"}],"version-history":[{"count":32,"href":"https:\/\/members.loria.fr\/CBourjot\/wp-json\/wp\/v2\/pages\/56\/revisions"}],"predecessor-version":[{"id":445,"href":"https:\/\/members.loria.fr\/CBourjot\/wp-json\/wp\/v2\/pages\/56\/revisions\/445"}],"wp:attachment":[{"href":"https:\/\/members.loria.fr\/CBourjot\/wp-json\/wp\/v2\/media?parent=56"}],"curies":[{"name":"wp","href":"https:\/\/api.w.org\/{rel}","templated":true}]}}