{"id":306,"date":"2017-02-01T11:40:24","date_gmt":"2017-02-01T09:40:24","guid":{"rendered":"http:\/\/members.loria.fr\/CDumenil\/?page_id=306"},"modified":"2018-11-19T15:22:08","modified_gmt":"2018-11-19T13:22:08","slug":"cours","status":"publish","type":"page","link":"https:\/\/members.loria.fr\/CDumenil\/cours\/","title":{"rendered":"Teaching"},"content":{"rendered":"<h2><span style=\"text-decoration: underline\">Ann\u00e9e 2018\/2019<\/span><\/h2>\n<ul>\n<li><a href=\"\/CDumenil\/files\/Teaching\/2018-2019\/Algorithmique et programmation avancees\">Algorithmique et programmation avanc\u00e9s, M2 IMSD<\/a><\/li>\n<\/ul>\n<h2><span style=\"text-decoration: underline\">Ann\u00e9e 2017\/2018<\/span><\/h2>\n<ul>\n<li>Algorithmique et programmation avanc\u00e9s, M2 IMOI<\/li>\n<\/ul>\n<h2><span style=\"text-decoration: underline\">Ann\u00e9e 2016\/2017<\/span><\/h2>\n<ul>\n<li>TD Math\u00e9matiques, L2 Physique-Chimie (40h)<\/li>\n<\/ul>\n<ul>\n<li>TP G\u00e9og\u00e9bra, L2 Math\u00e9matiques (20h)<\/li>\n<\/ul>\n","protected":false},"excerpt":{"rendered":"<p>Ann\u00e9e 2018\/2019<\/p>\n<ul>\n<li><a href=\"\/CDumenil\/files\/Teaching\/2018-2019\/Algorithmique et programmation avancees\">Algorithmique et programmation avanc\u00e9s, M2 IMSD<\/a><\/li>\n<\/ul>\n<p>Ann\u00e9e 2017\/2018<\/p>\n<ul>\n<li>Algorithmique et programmation avanc\u00e9s, M2 IMOI<\/li>\n<\/ul>\n<p>Ann\u00e9e 2016\/2017<\/p>\n<ul>\n<li>TD Math\u00e9matiques, L2 Physique-Chimie (40h)<\/li>\n<\/ul>\n<ul>\n<li>TP G\u00e9og\u00e9bra, L2 Math\u00e9matiques (20h)<\/li>\n<\/ul>\n","protected":false},"author":142,"featured_media":0,"parent":0,"menu_order":0,"comment_status":"closed","ping_status":"closed","template":"","meta":{"footnotes":""},"class_list":["post-306","page","type-page","status-publish","hentry"],"_links":{"self":[{"href":"https:\/\/members.loria.fr\/CDumenil\/wp-json\/wp\/v2\/pages\/306","targetHints":{"allow":["GET"]}}],"collection":[{"href":"https:\/\/members.loria.fr\/CDumenil\/wp-json\/wp\/v2\/pages"}],"about":[{"href":"https:\/\/members.loria.fr\/CDumenil\/wp-json\/wp\/v2\/types\/page"}],"author":[{"embeddable":true,"href":"https:\/\/members.loria.fr\/CDumenil\/wp-json\/wp\/v2\/users\/142"}],"replies":[{"embeddable":true,"href":"https:\/\/members.loria.fr\/CDumenil\/wp-json\/wp\/v2\/comments?post=306"}],"version-history":[{"count":49,"href":"https:\/\/members.loria.fr\/CDumenil\/wp-json\/wp\/v2\/pages\/306\/revisions"}],"predecessor-version":[{"id":362,"href":"https:\/\/members.loria.fr\/CDumenil\/wp-json\/wp\/v2\/pages\/306\/revisions\/362"}],"wp:attachment":[{"href":"https:\/\/members.loria.fr\/CDumenil\/wp-json\/wp\/v2\/media?parent=306"}],"curies":[{"name":"wp","href":"https:\/\/api.w.org\/{rel}","templated":true}]}}