{"id":10,"date":"2015-06-15T10:23:49","date_gmt":"2015-06-15T08:23:49","guid":{"rendered":"http:\/\/members.loria.fr\/thierrygartiser\/?page_id=10"},"modified":"2016-08-30T10:56:04","modified_gmt":"2016-08-30T08:56:04","slug":"cv","status":"publish","type":"page","link":"https:\/\/members.loria.fr\/CGodart\/cv\/","title":{"rendered":"Curriculum Vitae"},"content":{"rendered":"<div class=\"important_div\" style=\"text-align: center\"><\/div>\n<h4 class=\"cv\">Formation<\/h4>\n<ul>\n<li class=\"p1\"><span class=\"s1\">1981 : PhD (CRIN \/ University Henri Poincar\u00e9)<\/span><\/li>\n<li class=\"p1\">1993 : Th\u00e8se d&rsquo;\u00e9tat en math\u00e9matiques (CRIN\/University Henri Poincar\u00e9)<\/li>\n<\/ul>\n<h4 class=\"cv\">Professional experience<\/h4>\n<ul>\n<li class=\"cv\"><b>1981-1983 \u00a0\u00a0<\/b><em>Assistant, Faculty of Sciences, Tunis, Tunisia<\/em><\/li>\n<li class=\"cv\"><b>1984-1985 \u00a0<\/b><i>Assistant, University Nancy 2.<\/i><\/li>\n<li class=\"cv\"><b>1985-1990 \u00a0<\/b><i>Assistant Professor, University Henri Poincar\u00e9, Nancy 1.<\/i><\/li>\n<li class=\"cv\"><b>1990-1992 \u00a0<\/b><i>Researcher Scientist, CNRS<\/i><\/li>\n<li class=\"cv\"><b>1992-1993 \u00a0<\/b><i>Assistant Professor, University Henri Poincar\u00e9, Nancy 1.<\/i><\/li>\n<li class=\"cv\"><b>1993-1998 \u00a0<\/b><i>Professeur, University Henri Poincar\u00e9, Nancy 1, ESSTIN.<\/i><\/li>\n<li class=\"cv\"><b>1998-2000 \u00a0<\/b><i>Research Director, INRIA<\/i><\/li>\n<li class=\"cv\"><b>2000-2012 \u00a0<\/b><i>Full-time Professor, University Henri Poincar\u00e9, Nancy 1, ESSTIN.<\/i><\/li>\n<li class=\"cv\"><b>2012-now<\/b>\u00a0 \u00a0<i>Full-time Professor, Universit\u00e9 de Lorraine, ESSTIN.<\/i><\/li>\n<\/ul>\n<h4 class=\"cv\">Publications<\/h4>\n<ul>\n<li><a href=\"https:\/\/scholar.google.com\/citations?hl=fr&amp;user=K1Akx6sAAAAJ&amp;view_op=list_works&amp;gmla=AJsN-F4bcoZizw-9mUhXyncGJsoCtEv2ViOkfst1wXduTH-VkLnZ0Yk61DBdClVgoTtcK_uW-QxaqJKyiTignvyKXrPp8G6vT4YBCVld28F7UkS3HLEmvnrFd36RE-cNd97wJ210M8kx&amp;undo=untrash_citations,qjMakFHDy7sC&amp;cstart=0&amp;pagesize=20\">Google_Scholar<\/a><\/li>\n<li><a href=\"http:\/\/dblp.uni-trier.de\/pers\/hd\/g\/Godart:Claude.html\">DBLP<\/a><\/li>\n<\/ul>\n<h4 class=\"cv\">Software<\/h4>\n<p>The first version of the <strong><a href=\"http:\/\/www.bonitasoft.com\/\">Bonita<\/a><\/strong> system was initiated and developped in my research group.<\/p>\n<h4 class=\"cv\"><\/h4>\n","protected":false},"excerpt":{"rendered":"<p>Formation<\/p>\n<ul>\n<li class=\"p1\">1981 : PhD (CRIN \/ University Henri Poincar\u00e9)<\/li>\n<li class=\"p1\">1993 : Th\u00e8se d&rsquo;\u00e9tat en math\u00e9matiques (CRIN\/University Henri Poincar\u00e9)<\/li>\n<\/ul>\n<p>Professional experience<\/p>\n<ul>\n<li class=\"cv\">1981-1983 \u00a0\u00a0<em>Assistant, Faculty of Sciences, Tunis, Tunisia<\/em><\/li>\n<li class=\"cv\">1984-1985 \u00a0<i>Assistant, University Nancy 2.<\/i><\/li>\n<li class=\"cv\">1985-1990 \u00a0<i>Assistant Professor, University Henri Poincar\u00e9, Nancy 1.<\/i><\/li>\n<li class=\"cv\">1990-1992 \u00a0<i>Researcher Scientist, CNRS<\/i><\/li>\n<li class=\"cv\">1992-1993 \u00a0<i>Assistant Professor, University Henri Poincar\u00e9, Nancy 1.<\/i><\/li>\n<li class=\"cv\">1993-1998 \u00a0<i>Professeur, University Henri Poincar\u00e9, Nancy 1, ESSTIN.<\/i><\/li>\n<li class=\"cv\">1998-2000 \u00a0<i>Research Director, INRIA<\/i><\/li>\n<li class=\"cv\">2000-2012 \u00a0<i>Full-time Professor,<\/i><\/li>\n<\/ul>\n","protected":false},"author":5,"featured_media":0,"parent":0,"menu_order":0,"comment_status":"closed","ping_status":"closed","template":"","meta":{"footnotes":""},"class_list":["post-10","page","type-page","status-publish","hentry"],"_links":{"self":[{"href":"https:\/\/members.loria.fr\/CGodart\/wp-json\/wp\/v2\/pages\/10","targetHints":{"allow":["GET"]}}],"collection":[{"href":"https:\/\/members.loria.fr\/CGodart\/wp-json\/wp\/v2\/pages"}],"about":[{"href":"https:\/\/members.loria.fr\/CGodart\/wp-json\/wp\/v2\/types\/page"}],"author":[{"embeddable":true,"href":"https:\/\/members.loria.fr\/CGodart\/wp-json\/wp\/v2\/users\/5"}],"replies":[{"embeddable":true,"href":"https:\/\/members.loria.fr\/CGodart\/wp-json\/wp\/v2\/comments?post=10"}],"version-history":[{"count":62,"href":"https:\/\/members.loria.fr\/CGodart\/wp-json\/wp\/v2\/pages\/10\/revisions"}],"predecessor-version":[{"id":362,"href":"https:\/\/members.loria.fr\/CGodart\/wp-json\/wp\/v2\/pages\/10\/revisions\/362"}],"wp:attachment":[{"href":"https:\/\/members.loria.fr\/CGodart\/wp-json\/wp\/v2\/media?parent=10"}],"curies":[{"name":"wp","href":"https:\/\/api.w.org\/{rel}","templated":true}]}}