{"id":22,"date":"2015-06-15T11:01:33","date_gmt":"2015-06-15T09:01:33","guid":{"rendered":"http:\/\/members.loria.fr\/thierrygartiser\/?page_id=22"},"modified":"2016-07-28T10:55:43","modified_gmt":"2016-07-28T08:55:43","slug":"projets","status":"publish","type":"page","link":"https:\/\/members.loria.fr\/CGodart\/projets\/","title":{"rendered":"Projets"},"content":{"rendered":"<ul>\n<li><a href=\"http:\/\/www.qualipso.org\/\">European IST IP Qualipso <\/a>: Quality Platform for Open Source Software (2006-2011)<\/li>\n<li><a href=\"http:\/\/concerto.xwiki.com\/\">RNTL XWiki Lokahi <\/a>(2006-2009)<\/li>\n<li>with <a href=\"http:\/\/www.2st.fr\/\">2ST society<\/a>, Web content management (2004-2006)<\/li>\n<li><a href=\"http:\/\/www.libresource.org\/\">RNTL PureSource (LibreSource)<\/a> (2002-2005) with\u00a0 Artenum et l&rsquo;University Paris 7. Development of a platform for collaborative development<\/li>\n<li><a href=\"http:\/\/www.loria.fr\/equipes\/ecoo\/coopera\/\">RIAMM COOPERA<\/a> (2001-2004) with Jeriko, LPI University Nancy 2 and ORME. Objectif : Utiliser le travail coop\u00e9ratif distribu\u00e9 sur Internet pour apprendre aux enfants des \u00e9coles et des coll\u00e8ges \u00e0 organiser leur travail, et \u00e0 coop\u00e9rer.<\/li>\n<li><a href=\"http:\/\/www.loria.fr\/projets\/kvm\/\">Eureka 2432 KVM (Knowledge Valorization Matrix)<\/a> (2001-2004) with Kappa (France) et HTTP Software (Great Britain).<\/li>\n<li><a href=\"http:\/\/www.east-eea.net\/\">ITEA EAST (Architecture pour l&rsquo;Electronique embarqu\u00e9e)<\/a> (2001-2003) with European Car Manufacturers\u00a0 (BMW, Daimler Chrysler, Fiat, PSA, Renault, Volvo) and supliers (Bosch, EATS, Magnetti Marelli,Siemens, Valeo).<\/li>\n<li><a href=\"http:\/\/www.loria.fr\/equipes\/ecoo\/inedit3G.htm\">With 3G Booster<\/a> (2001) Web service for managing Rendez Vous on Internet (2001-2002), financ\u00e9 par la Communaut\u00e9 Urbaine du Grand Nancy.<\/li>\n<li><a href=\"http:\/\/www.loria.fr\/equipes\/ecoo\/corvette\">Corvette<\/a> (2000-2001) with Hitachi R&amp;D Tokyo. On s&rsquo;int\u00e9resse \u00e0 la mise en oeuve d&rsquo;un concept de workflow coop\u00e9ratif pour les applications de co-conception et de co-ing\u00e9nierie.<\/li>\n<li><a href=\"http:\/\/aee.inria.fr\/\">SERICS AEE (Architecture pour l&rsquo;Electronique embarqu\u00e9e)<\/a> (1998-2001) On s&rsquo;int\u00e9resse plus particuli\u00e8rement \u00e0 la d\u00e9finition d&rsquo;une m\u00e9todologie permettant la mod\u00e9lisation des proc\u00e9d\u00e9s des partenaires et leur interop\u00e9rabilit\u00e9.<\/li>\n<li><a href=\"http:\/\/www.loria.fr\/equipes\/ecoo\/cnet\">COCAO<\/a> (1998-2001) with\u00a0 France Telecom R&amp;D and CRAI. L&rsquo;objectif est de mettre en \u00e9vidence des briques g\u00e9n\u00e9riques de coop\u00e9ration en prenant comme domaine exploratoire le BTP<\/li>\n<\/ul>\n","protected":false},"excerpt":{"rendered":"<ul>\n<li><a href=\"http:\/\/www.qualipso.org\/\">European IST IP Qualipso <\/a>: Quality Platform for Open Source Software (2006-2011)<\/li>\n<li><a href=\"http:\/\/concerto.xwiki.com\/\">RNTL XWiki Lokahi <\/a>(2006-2009)<\/li>\n<li>with <a href=\"http:\/\/www.2st.fr\/\">2ST society<\/a>, Web content management (2004-2006)<\/li>\n<li><a href=\"http:\/\/www.libresource.org\/\">RNTL PureSource (LibreSource)<\/a> (2002-2005) with\u00a0 Artenum et l&rsquo;University Paris 7. Development of a platform for collaborative development<\/li>\n<li><a href=\"http:\/\/www.loria.fr\/equipes\/ecoo\/coopera\/\">RIAMM COOPERA<\/a> (2001-2004) with Jeriko, LPI University Nancy 2 and ORME. Objectif : Utiliser le travail coop\u00e9ratif distribu\u00e9 sur Internet pour apprendre aux enfants des \u00e9coles et des coll\u00e8ges \u00e0 organiser leur travail, et \u00e0 coop\u00e9rer.<\/li>\n<li><a href=\"http:\/\/www.loria.fr\/projets\/kvm\/\">Eureka 2432 KVM (Knowledge Valorization Matrix)<\/a> (2001-2004) with Kappa (France) et HTTP Software (Great Britain).<\/li>\n<\/ul>\n","protected":false},"author":5,"featured_media":0,"parent":0,"menu_order":0,"comment_status":"closed","ping_status":"closed","template":"page-fullwidth.php","meta":{"footnotes":""},"class_list":["post-22","page","type-page","status-publish","hentry"],"_links":{"self":[{"href":"https:\/\/members.loria.fr\/CGodart\/wp-json\/wp\/v2\/pages\/22","targetHints":{"allow":["GET"]}}],"collection":[{"href":"https:\/\/members.loria.fr\/CGodart\/wp-json\/wp\/v2\/pages"}],"about":[{"href":"https:\/\/members.loria.fr\/CGodart\/wp-json\/wp\/v2\/types\/page"}],"author":[{"embeddable":true,"href":"https:\/\/members.loria.fr\/CGodart\/wp-json\/wp\/v2\/users\/5"}],"replies":[{"embeddable":true,"href":"https:\/\/members.loria.fr\/CGodart\/wp-json\/wp\/v2\/comments?post=22"}],"version-history":[{"count":2,"href":"https:\/\/members.loria.fr\/CGodart\/wp-json\/wp\/v2\/pages\/22\/revisions"}],"predecessor-version":[{"id":339,"href":"https:\/\/members.loria.fr\/CGodart\/wp-json\/wp\/v2\/pages\/22\/revisions\/339"}],"wp:attachment":[{"href":"https:\/\/members.loria.fr\/CGodart\/wp-json\/wp\/v2\/media?parent=22"}],"curies":[{"name":"wp","href":"https:\/\/api.w.org\/{rel}","templated":true}]}}