{"id":22,"date":"2015-06-15T11:01:33","date_gmt":"2015-06-15T09:01:33","guid":{"rendered":"http:\/\/members.loria.fr\/thierrygartiser\/?page_id=22"},"modified":"2024-01-09T12:14:24","modified_gmt":"2024-01-09T10:14:24","slug":"projects","status":"publish","type":"page","link":"https:\/\/members.loria.fr\/CIgnat\/projects\/","title":{"rendered":"Projects"},"content":{"rendered":"<p><strong><a class=\"urllink\" href=\"https:\/\/pepr-ensemble.fr\/\" rel=\"nofollow\"> PILOT (Practices and infrastructure lor Long-term collaboration) project of the PEPR eNSEMBLE <\/a> (2022-2030) <\/strong> (Co-Coordinator)<br \/>\nIt aims to design and engineer collaborative platforms that build upon regulatory challenges, organizational theories, and field descriptions. It seeks to anticipate technological and societal evolutions and enable a French (or European) exception on digital platforms that guarantee individual actors&rsquo; autonomy and foster care, trust, and digital well-being. The project\u2019s key challenges stem from revisiting the socio-technical stack, which includes novel conceptual models and design frameworks for long-term collaborative practices and enabling fluid collective experiences that support interoperability and evolution.<\/p>\n<p><strong><a class=\"urllink\" href=\"https:\/\/project.inria.fr\/alvearium\/\" rel=\"nofollow\"> Alvearium  (Large Scale Secure and Reliable Peer-to-Peer Cloud Storage)<\/a> (2022-2026)  <\/strong> (Coordinator)<br \/>\nIt is a challenge project (D\u00e9fi Inria) between Inria and <a href=\"https:\/\/www.hivenet.com\/\">HIVE<\/a> company. It proposes a peer-to-peer cloud that exploits the unused capacity of computers and incentivizes users to contribute their computer resources to the network in exchange for similar capacity from the network and\/or monetary compensation. The system ensures the confidentiality of users data by fragmenting, encrypting and spreading it across the peer-to-peer network. The Inria COAST, COATI, MYRIADS, PESTO and WIDE teams participating in this challenge bring their expertise on aspects of reliable and cost-efficient data placement and repair in the case of node failures, collaboration on shared data, data security and management of malicious nodes in the context of unreliable distributed storage.<\/p>\n<p><strong>Deeptech project with Fair&amp;Smart (2020-2024)<\/strong> (Inria&rsquo;s Principal Investigator)<br \/>\nThis project is funded by BPI and coordinated by Fair&amp;Smart with CryptoExperts, Coast and READ teams as academic partners. The project aims to develop a platform for the management of personal data according to the General Data Protection Regulation (GDPR). The computational personal trust model that we proposed for the repeated trust game and its validation methodology will be adapted for the Fair&amp;Smart personal data management platform for computing trust between the different stakeholders of this platform. Our decentralized mechanism for identity certification relying on a blockchain will be also transferred to Fair&amp;Smart for user identification for their personal data management platform. <\/p>\n<p><strong><a class=\"urllink\" href=\"http:\/\/uscoast.loria.fr\/\" rel=\"nofollow\">USCOAST (User Studies on Trustworthy Collaborative Systems)<\/a> Inria Associate team (2013-2018) <\/strong>(Principal Investigator)<br \/>\nThis project focuses on the human evaluation of methods and algorithms for trustworthy collaborative editing. The project brings together expertise on distributed collaborative systems of SCORE team with expertise in user studies of Department of Psychology of Wright State University. I am the Principal Investigator for this associated team.<\/p>\n<p><strong><a href=\"http:\/\/ng.open-paas.org\/\">OpenPaaS::NG<\/a> (2015-2019)<\/strong> (Responsible for the work package on secure and reliable peer-to-peer collaboration)<br \/>\nThis project was financed by BpiFrance and involved French industrial leaders in open-source software development (Linagora,Nexedi, XWiki) and academic partners in collaborative work (COAST team) and recommender systems (DaScim team, LIX). The result of this project was the development of a French open-source new generation collaboration platform for enterprises that offers various secure collaboration modes (real-time, connected, disconnected, ad-hoc) over shared data, support for virtual meetings with automatic summary and recommendations. COAST team was responsible with the  design of the peer-to-peer collaborative middleware.<\/p>\n<p><strong>Region Lorraine TVPaint (2016-2017)<\/strong> (Coordinator)<br \/>\nThis project in collaboration with TVPaint Development financed by Region Lorraine contributed to the design of a collaborative system dedicated to animation movies that allows to manipulate high quantities of digital artifacts in a collaborative way.<\/p>\n<p><strong>Region Grand Est TVPaint (2017-2019)<\/strong> (Coordinator)<br \/>\nThis was a follow-up project in collaboration with TVPaint Development financed by Region Grand Est. We designed and implemented a commercial product dedicated to 2D animation movies that can manipulate a large amount of data in a collaborative and secure manner. The new collaboration module included data sharing and orchestration of the different tasks according to different actors roles.<\/p>\n<p><strong>ANR <a href=\"http:\/\/streams.loria.fr\">STREAMS<\/a> (Solutions for Peer-to-peer Real-time Social Web) (2010-2014)<\/strong> (Responsible for the privacy and security WP and the replication algorithms evaluation WP)<br \/>\nThis project designed peer-to-peer solutions for real-time social web applications that eliminate the disadvantages of centralised architectures. <\/p>\n<p><strong>ANR <a href=\"http:\/\/concordant.lip6.fr\/\">ConcoRDant<\/a> (CRDTs for consistency without concurrency control in Cloud and Peer-to-Peer systems) (2010-2014)<\/strong> (Participant)<br \/>\nThis project investigated the Commutative Replicated Data Type (CRDT), i.e. a data type where all concurrent operations commute, a simple approach for ensuring eventual consistency that scales indefinitely.<\/p>\n<p><strong>Wiki 3.0 (2009-2012)<\/strong> (Inria\u2019s Principal Investigator)<br \/>\nThis project was financed by the call for projects \u00ab\u00a0Web 2.0\u00a0\u00bb launched by the Minister of Economy in France (appel Web innovant du volet num\u00e9rique du plan de relance). It extended the XWiki system to offer real-time editing and to integrate social interaction tools such as chat and micro-blogging. Partners of this project were XWiki SAS, INRIA and Mandriva. The real-time wiki editor developed in this project was released as an extension of XWiki<\/a>.<\/p>\n<p><strong>RNTL <a href=\"http:\/\/concerto.xwiki.com\/xwiki\/bin\/view\/Main\/WebHome\">XWiki Concerto<\/a> (2006-2009)<\/strong> (Member)<br \/>\nThis project developed a Wiki web application over a P2P network that offers access to mobility, i.e. users can edit offline their wiki pages from a variety of devices such as smartphones, PDAs or desktops.<\/p>\n<p><strong>ARC RECALL 2006-2007 (R\u00e9plication optimiste pour l&rsquo;\u00c9dition CoLLaborative massive sur r\u00e9seau P2P)<\/strong> (Member)<br \/>\nThe goal of this project was the development of optimistic replication algorithms for supporting massive collaborative editing involving thousands of users. <\/p>\n","protected":false},"excerpt":{"rendered":"<p>PILOT (Practices and infrastructure lor Long-term collaboration) project of the PEPR eNSEMBLE (2022-2030) (Co-Coordinator) It aims to design and engineer collaborative platforms that build upon regulatory challenges, organizational theories, and field descriptions. It seeks to anticipate technological and societal evolutions and enable a French (or European) exception on digital platforms that guarantee individual actors&rsquo; autonomy [&hellip;]<\/p>\n","protected":false},"author":5,"featured_media":0,"parent":0,"menu_order":0,"comment_status":"closed","ping_status":"closed","template":"page-fullwidth.php","meta":{"footnotes":""},"class_list":["post-22","page","type-page","status-publish","hentry"],"_links":{"self":[{"href":"https:\/\/members.loria.fr\/CIgnat\/wp-json\/wp\/v2\/pages\/22","targetHints":{"allow":["GET"]}}],"collection":[{"href":"https:\/\/members.loria.fr\/CIgnat\/wp-json\/wp\/v2\/pages"}],"about":[{"href":"https:\/\/members.loria.fr\/CIgnat\/wp-json\/wp\/v2\/types\/page"}],"author":[{"embeddable":true,"href":"https:\/\/members.loria.fr\/CIgnat\/wp-json\/wp\/v2\/users\/5"}],"replies":[{"embeddable":true,"href":"https:\/\/members.loria.fr\/CIgnat\/wp-json\/wp\/v2\/comments?post=22"}],"version-history":[{"count":39,"href":"https:\/\/members.loria.fr\/CIgnat\/wp-json\/wp\/v2\/pages\/22\/revisions"}],"predecessor-version":[{"id":557,"href":"https:\/\/members.loria.fr\/CIgnat\/wp-json\/wp\/v2\/pages\/22\/revisions\/557"}],"wp:attachment":[{"href":"https:\/\/members.loria.fr\/CIgnat\/wp-json\/wp\/v2\/media?parent=22"}],"curies":[{"name":"wp","href":"https:\/\/api.w.org\/{rel}","templated":true}]}}