{"id":10,"date":"2015-06-15T10:23:49","date_gmt":"2015-06-15T08:23:49","guid":{"rendered":"http:\/\/members.loria.fr\/thierrygartiser\/?page_id=10"},"modified":"2024-03-05T11:51:19","modified_gmt":"2024-03-05T09:51:19","slug":"cv","status":"publish","type":"page","link":"https:\/\/members.loria.fr\/CLabba\/cv\/","title":{"rendered":"CV"},"content":{"rendered":"<h1>Formation<\/h1>\n<ul>\n<li><em><span dir=\"ltr\" role=\"presentation\">2013\u20132017<\/span><\/em>\u00a0: <strong>Th\u00e8se de Doctorat en Informatique<span dir=\"ltr\" role=\"presentation\">,<\/span><\/strong> <span dir=\"ltr\" role=\"presentation\">\u00c9cole Nationale des Sciences de l\u2019Informatique (ENSI), RIADI\u00a0<\/span><span dir=\"ltr\" role=\"presentation\">laboratory, University of Manouba<\/span><span dir=\"ltr\" role=\"presentation\">, Tunisia.<\/span><\/li>\n<li><span dir=\"ltr\" role=\"presentation\"><em>2011\u20132012<\/em> :<\/span> <strong>Master, Intelligence Artificielle et Aide \u00e0 la D\u00e9cision\u00a0<\/strong><span dir=\"ltr\" role=\"presentation\">,<\/span> <span dir=\"ltr\" role=\"presentation\">ENSI, RIADI laboratory, University of\u00a0<\/span><span dir=\"ltr\" role=\"presentation\">Manouba<\/span><span dir=\"ltr\" role=\"presentation\">, Tunisia.<\/span><\/li>\n<li><span dir=\"ltr\" role=\"presentation\"><em>2009\u20132012<\/em> :<\/span> \u00a0<strong>Dipl\u00f4me d&rsquo;ing\u00e9nieur en Informatique<span dir=\"ltr\" role=\"presentation\">,<\/span><\/strong> <span dir=\"ltr\" role=\"presentation\">ENSI, University of Manouba<\/span><span dir=\"ltr\" role=\"presentation\">, Tunisia.<\/span><\/li>\n<li><span dir=\"ltr\" role=\"presentation\"><em>2007\u20132009<\/em> :<\/span> <strong>Dipl\u00f4me des \u00c9tudes Universitaires du Premier Cycle (classe pr\u00e9paratoire aux \u00e9coles d&rsquo;ing\u00e9nieurs)<span dir=\"ltr\" role=\"presentation\">,<\/span><\/strong> <span dir=\"ltr\" role=\"presentation\">Institut\u00a0<\/span><span dir=\"ltr\" role=\"presentation\">pr\u00e9paratoire aux \u00e9tudes d\u2019ing\u00e9nieurs de Monastir (IPEIM), University of Monastir<\/span><span dir=\"ltr\" role=\"presentation\">, Tunisia.<\/span><\/li>\n<li><span dir=\"ltr\" role=\"presentation\"><em>2006\u20132007<\/em> :<\/span> \u00a0<strong>Baccalaur\u00e9at<span dir=\"ltr\" role=\"presentation\">, Mathematics<\/span><\/strong><span dir=\"ltr\" role=\"presentation\">,<\/span> Lyc\u00e9e Secondaire Aboukacem Chebbi, Chebba, Mahdia, Tunisie.<\/li>\n<\/ul>\n<h1>Fonctions exerc\u00e9es<\/h1>\n<ul>\n<li><span dir=\"ltr\" role=\"presentation\"><em>Since Avril 2019<\/em> :<\/span> <strong>Chercheuse postdoctorale<\/strong><span dir=\"ltr\" role=\"presentation\"><strong>,<\/strong> au sein de l&rsquo;\u00e9quipe Kiwi\/Bird, Loria, Universit\u00e9 de Lorraine, France.\u00a0<\/span><\/li>\n<li><span dir=\"ltr\" role=\"presentation\"><em>2022\u20132023<\/em>\u00a0:<\/span><strong> Enseignante vacataire<\/strong>, Institut Universitaire de Technologie Nancy-Charlemagne (IUT Nancy-Charlemagne), Universit\u00e9 de Lorraine, France.<\/li>\n<li><span dir=\"ltr\" role=\"presentation\"><em>2020\u20132024<\/em>\u00a0:<\/span> <strong>Enseignante vacataire<\/strong>, Institut des sciences du Digital, Management Cognition (IDMC), Universit\u00e9 de Lorraine, France.<\/li>\n<li><span dir=\"ltr\" role=\"presentation\"><em>2018\u20132019<\/em>\u00a0(1 an) :<\/span> <strong>Chercheuse postdoctorale<\/strong>, au sein de l&rsquo;\u00e9quipe COAST, Loria, Inria, Universit\u00e9 de Lorraine, France.<\/li>\n<li>2016-2017 (3 mois) : <strong>Chercheuse invit\u00e9e<\/strong>, en tant que doctorante, au sein de l&rsquo;\u00e9quipe ACEMAS, SAMOVAR, T\u00e9l\u00e9com SudParis.<\/li>\n<li>2014 (6 mois) : <strong>Chercheuse invit\u00e9e<\/strong>, en tant que doctorante, au sein de l&rsquo;\u00e9quipe Magma, LIG, Grenoble, France.<\/li>\n<li><span dir=\"ltr\" role=\"presentation\"><em>2015\u20132016<\/em> :<\/span> <strong>Enseignante contractuelle<\/strong>, Institut sup\u00e9rieur d&rsquo;informatique (ISI), Universit\u00e9 Tunis El Manar, Tunisie.<\/li>\n<li><span dir=\"ltr\" role=\"presentation\"><em>2013\u20132015<\/em>\u00a0:<\/span> <strong>Enseignante vacataire<\/strong>, Institut sup\u00e9rieur d&rsquo;informatique (ISI), Universit\u00e9 Tunis El Manar, Tunisie.<\/li>\n<\/ul>\n","protected":false},"excerpt":{"rendered":"<p>Formation<\/p>\n<ul>\n<li><em>2013\u20132017<\/em>\u00a0: Th\u00e8se de Doctorat en Informatique, \u00c9cole Nationale des Sciences de l\u2019Informatique (ENSI), RIADI\u00a0laboratory, University of Manouba, Tunisia.<\/li>\n<li><em>2011\u20132012<\/em> : Master, Intelligence Artificielle et Aide \u00e0 la D\u00e9cision\u00a0, ENSI, RIADI laboratory, University of\u00a0Manouba, Tunisia.<\/li>\n<li><em>2009\u20132012<\/em> : \u00a0Dipl\u00f4me d&rsquo;ing\u00e9nieur en Informatique, ENSI, University of Manouba, Tunisia.<\/li>\n<li><em>2007\u20132009<\/em> : Dipl\u00f4me des \u00c9tudes Universitaires du Premier Cycle (classe pr\u00e9paratoire aux \u00e9coles d&rsquo;ing\u00e9nieurs), Institut\u00a0pr\u00e9paratoire aux \u00e9tudes d\u2019ing\u00e9nieurs de Monastir (IPEIM), University of Monastir, Tunisia.<\/li>\n<li><em>2006\u20132007<\/em> : \u00a0Baccalaur\u00e9at, Mathematics, Lyc\u00e9e Secondaire Aboukacem Chebbi,<\/li>\n<\/ul>\n","protected":false},"author":5,"featured_media":0,"parent":0,"menu_order":0,"comment_status":"closed","ping_status":"closed","template":"","meta":{"footnotes":""},"class_list":["post-10","page","type-page","status-publish","hentry"],"_links":{"self":[{"href":"https:\/\/members.loria.fr\/CLabba\/wp-json\/wp\/v2\/pages\/10","targetHints":{"allow":["GET"]}}],"collection":[{"href":"https:\/\/members.loria.fr\/CLabba\/wp-json\/wp\/v2\/pages"}],"about":[{"href":"https:\/\/members.loria.fr\/CLabba\/wp-json\/wp\/v2\/types\/page"}],"author":[{"embeddable":true,"href":"https:\/\/members.loria.fr\/CLabba\/wp-json\/wp\/v2\/users\/5"}],"replies":[{"embeddable":true,"href":"https:\/\/members.loria.fr\/CLabba\/wp-json\/wp\/v2\/comments?post=10"}],"version-history":[{"count":55,"href":"https:\/\/members.loria.fr\/CLabba\/wp-json\/wp\/v2\/pages\/10\/revisions"}],"predecessor-version":[{"id":376,"href":"https:\/\/members.loria.fr\/CLabba\/wp-json\/wp\/v2\/pages\/10\/revisions\/376"}],"wp:attachment":[{"href":"https:\/\/members.loria.fr\/CLabba\/wp-json\/wp\/v2\/media?parent=10"}],"curies":[{"name":"wp","href":"https:\/\/api.w.org\/{rel}","templated":true}]}}