{"id":13,"date":"2015-06-15T10:26:53","date_gmt":"2015-06-15T08:26:53","guid":{"rendered":"http:\/\/members.loria.fr\/thierrygartiser\/?page_id=13"},"modified":"2024-04-28T17:02:27","modified_gmt":"2024-04-28T15:02:27","slug":"publications","status":"publish","type":"page","link":"https:\/\/members.loria.fr\/CLabba\/publications\/","title":{"rendered":"Publications"},"content":{"rendered":"<h1 style=\"text-align: left\">Revues internationales<\/h1>\n<ul style=\"text-align: left\">\n<li><span dir=\"ltr\" role=\"presentation\">Amal Ben Soussia, <strong>Chahrazed Labba<\/strong>, Azim Roussanaly, and Anne Boyer.<\/span> <span dir=\"ltr\" role=\"presentation\">Time-dependent\u00a0<\/span><span dir=\"ltr\" role=\"presentation\">metrics to assess performance prediction systems.<\/span> <span dir=\"ltr\" role=\"presentation\">The International Journal of Information and\u00a0<\/span><span dir=\"ltr\" role=\"presentation\">Learning Technology<\/span><span dir=\"ltr\" role=\"presentation\">. Emerald Publishing Limited, 2022.<\/span><\/li>\n<li><span dir=\"ltr\" role=\"presentation\">Linda Ouchaou, Hassina Nacer, and <strong>Chahrazed Labba<\/strong>. Towards a distributed saas management\u00a0<\/span><span dir=\"ltr\" role=\"presentation\">system in a multi-cloud environment.<\/span> <span dir=\"ltr\" role=\"presentation\">Cluster Computing<\/span><span dir=\"ltr\" role=\"presentation\">, volume 25, pages 4051\u20134071. Springer,\u00a0<\/span><span dir=\"ltr\" role=\"presentation\">2022.<\/span><\/li>\n<li><span dir=\"ltr\" role=\"presentation\"><strong>Chahrazed Labba<\/strong>, Narj\u00e8s Bellamine Ben Saoud, and Julie Dugdale. A predictive approach for\u00a0<\/span><span dir=\"ltr\" role=\"presentation\">the efficient distribution of agent-based systems on a hybrid-cloud.<\/span> <span dir=\"ltr\" role=\"presentation\">Future Generation Computer\u00a0<\/span><span dir=\"ltr\" role=\"presentation\">Systems<\/span><span dir=\"ltr\" role=\"presentation\">, volume 86, pages 750\u2013764, 2018.<\/span><\/li>\n<\/ul>\n<h1 style=\"text-align: left\">Conf\u00e9rences internationales<\/h1>\n<ul>\n<li><strong>Chahrazed LABBA<\/strong> and Anne Boyer. Towards An Online Incremental Approach to Predict Students Performance. International Conference on Computer Supported Education,<a href=\"http:\/\/members.loria.fr\/CLabba\/wp-content\/blogs.dir\/247\/files\/sites\/247\/2024\/04\/CSEDU2024labba.pdf\"> CSEDU 2024<\/a> (<span style=\"color: #ff0000\"><span style=\"color: #ff0000\">Accepted,<a href=\"http:\/\/members.loria.fr\/CLabba\/wp-content\/blogs.dir\/247\/files\/sites\/247\/2024\/04\/CSEDU2024labba.pdf\">CSEDU2024labba<\/a><\/span><\/span>).<\/li>\n<li><strong>Chahrazed Labba<\/strong>, Ameline Alcouffe, Eric Crub\u00e9zy, and Anne Boyer. IArch : An AI Tool for Digging Deeper into Archaeological Data. IEEE 35th International Conference on Tools with Artificial Intelligence (ICTAI 2023).<a href=\"http:\/\/members.loria.fr\/CLabba\/wp-content\/blogs.dir\/247\/files\/sites\/247\/2023\/12\/httpsconferences.computer.orgictaipubpdfsICTAI2023-3kcFI9xHIPnqRs15TXhYG427300a022427300a022.pdf\">ICTAI2023<\/a><\/li>\n<li><strong>Chahrazed Labba<\/strong> et Anne Boyer. Harmoniser Innovation et Confidentialit\u00e9 : Le Futur\u00a0d&rsquo;enseignement gr\u00e2ce \u00e0 l&rsquo;apprentissage f\u00e9d\u00e9r\u00e9. 2\u00e8me Symposium de la Recherche Scientifique Francophone en Europe centrale et orientale, Bucarest-Roumanie, Novembre 2023.<\/li>\n<li><span dir=\"ltr\" role=\"presentation\">Amal Ben Soussia, <strong>Chahrazed Labba<\/strong>, Azim Roussanaly, and Anne Boyer. Assess performance\u00a0<\/span><span dir=\"ltr\" role=\"presentation\">prediction systems: Beyond precision indicators. In<\/span> <span dir=\"ltr\" role=\"presentation\">CSEDU (1)<\/span><span dir=\"ltr\" role=\"presentation\">, pages 489\u2013496, 2022.<\/span><\/li>\n<\/ul>\n<div class=\"page\" role=\"region\" data-page-number=\"1\" aria-label=\"Page 1\" data-loaded=\"true\" data-listening-for-double-click=\"true\">\n<ul>\n<li class=\"textLayer\" style=\"text-align: left\"><span dir=\"ltr\" role=\"presentation\"><strong>Chahrazed Labba<\/strong> and Anne Boyer.<\/span> <span dir=\"ltr\" role=\"presentation\">When and how to update online analytical models for\u00a0<\/span><span dir=\"ltr\" role=\"presentation\">predicting students performance? In\u00a0<\/span><span dir=\"ltr\" role=\"presentation\">European Conference on Technology Enhanced Learning<\/span><span dir=\"ltr\" role=\"presentation\">,\u00a0<\/span>pages 173\u2013186. Springer, 2022.<\/li>\n<li class=\"textLayer\" style=\"text-align: left\"><span dir=\"ltr\" role=\"presentation\"><strong>Chahrazed Labba<\/strong>, Rabie Ben Atitallah, and Anne Boyer. Combining artificial intelligence and\u00a0<\/span><span dir=\"ltr\" role=\"presentation\">edge computing to reshape distance education (case study: K-12 learners).<\/span> <span dir=\"ltr\" role=\"presentation\">In<\/span> <span dir=\"ltr\" role=\"presentation\">International\u00a0<\/span><span dir=\"ltr\" role=\"presentation\">Conference on Artificial Intelligence in Education<\/span><span dir=\"ltr\" role=\"presentation\">, pages 218\u2013230. Springer, 2022.<\/span><\/li>\n<li class=\"textLayer\" style=\"text-align: left\"><strong>Chahrazed Labba<\/strong>, Azim Roussanaly, and Anne Boyer. An operational framework for evaluating\u00a0<span dir=\"ltr\" role=\"presentation\">the performance of learning record stores.<\/span> <span dir=\"ltr\" role=\"presentation\">In<\/span> <span dir=\"ltr\" role=\"presentation\">European Conference on Technology Enhanced\u00a0<\/span><span dir=\"ltr\" role=\"presentation\">Learning<\/span><span dir=\"ltr\" role=\"presentation\">, pages 45\u201359. Springer, 2020.<\/span><\/li>\n<li class=\"textLayer\" style=\"text-align: left\"><span dir=\"ltr\" role=\"presentation\">Wided Mathlouthi, <strong>Chahrazed Labba<\/strong>, Walid Gaaloul, and Narjes Bellamine Ben Saoud.<\/span> <span dir=\"ltr\" role=\"presentation\">Sos\u00a0<\/span><span dir=\"ltr\" role=\"presentation\">paradigm benefits saas integration:\u00a0<\/span><span dir=\"ltr\" role=\"presentation\">novel approach and first results.<\/span> <span dir=\"ltr\" role=\"presentation\">In<\/span> <span dir=\"ltr\" role=\"presentation\">2019 IEEE 28th\u00a0<\/span><span dir=\"ltr\" role=\"presentation\">International Conference on Enabling Technologies: Infrastructure for Collaborative Enterprises\u00a0<\/span><span dir=\"ltr\" role=\"presentation\">(WETICE)<\/span><span dir=\"ltr\" role=\"presentation\">, pages 174\u2013179. IEEE, 2019.<\/span><\/li>\n<li class=\"textLayer\" style=\"text-align: left\">\u00a0<span dir=\"ltr\" role=\"presentation\">Guillaume Rosinosky, <strong>Chahrazed Labba<\/strong>, Vincenzo Ferme, Samir Youcef, Fran\u00e7ois Charoy, and\u00a0<\/span><span dir=\"ltr\" role=\"presentation\">Cesare Pautasso.<\/span> <span dir=\"ltr\" role=\"presentation\">Evaluating multi-tenant live migrations effects on performance.<\/span> <span dir=\"ltr\" role=\"presentation\">In<\/span> <span dir=\"ltr\" role=\"presentation\">OTM\u00a0<\/span><span dir=\"ltr\" role=\"presentation\">Confederated International Conferences\u00a0\u00bb On the Move to Meaningful Internet Systems\u00a0\u00bb<\/span><span dir=\"ltr\" role=\"presentation\">, pages\u00a0<\/span>61\u201377. Springer, 2018.<\/li>\n<li class=\"textLayer\" style=\"text-align: left\"><span dir=\"ltr\" role=\"presentation\"><strong>Chahrazed Labba<\/strong>, Noura Ben Salah, and Narj\u00e8s Bellamine Ben Saoud. An agent-based meta-<\/span><span dir=\"ltr\" role=\"presentation\">model for response organization structures. In<\/span> <span dir=\"ltr\" role=\"presentation\">International Conference on Information Systems\u00a0<\/span><span dir=\"ltr\" role=\"presentation\">for Crisis Response and Management in Mediterranean Countries<\/span><span dir=\"ltr\" role=\"presentation\">, pages 154\u2013167. Springer, 2017.<\/span><\/li>\n<li class=\"textLayer\" style=\"text-align: left\"><span dir=\"ltr\" role=\"presentation\"><strong>Chahrazed Labba<\/strong> and Narj\u00e8s Bellamine Ben Saoud.<\/span> <span dir=\"ltr\" role=\"presentation\">Cost-based assessment of partitioning\u00a0<\/span><span dir=\"ltr\" role=\"presentation\">algorithms of agent-based systems on hybrid cloud environments.<\/span> <span dir=\"ltr\" role=\"presentation\">arXiv e-prints<\/span><span dir=\"ltr\" role=\"presentation\">, pages arXiv\u2013<\/span><span dir=\"ltr\" role=\"presentation\">1709, 2017.<\/span><\/li>\n<li class=\"textLayer\" style=\"text-align: left\"><span dir=\"ltr\" role=\"presentation\"><strong>Chahrazed Labba<\/strong>, Nour Assy, Narj\u00e8s Bellamine Ben Saoud, and Walid Gaaloul.<\/span> <span dir=\"ltr\" role=\"presentation\">Adaptive\u00a0<\/span><span dir=\"ltr\" role=\"presentation\">deployment of service-based processes into cloud federations.<\/span> <span dir=\"ltr\" role=\"presentation\">In<\/span> <span dir=\"ltr\" role=\"presentation\">International Conference on\u00a0<\/span><span dir=\"ltr\" role=\"presentation\">Web Information Systems Engineering<\/span><span dir=\"ltr\" role=\"presentation\">, pages 275\u2013289. Springer, 2017.<\/span><\/li>\n<li class=\"textLayer\" style=\"text-align: left\"><span dir=\"ltr\" role=\"presentation\"><strong>Chahrazed Labba<\/strong>, Narjes Bellamine ben Saoud, and Julie Dugdale.<\/span> <span dir=\"ltr\" role=\"presentation\">Towards a conceptual\u00a0<\/span><span dir=\"ltr\" role=\"presentation\">framework to support adaptative agent-based systems partitioning.<\/span> <span dir=\"ltr\" role=\"presentation\">In<\/span> <span dir=\"ltr\" role=\"presentation\">2015 IEEE\/ACIS 16th\u00a0<\/span><span dir=\"ltr\" role=\"presentation\">International Conference on Software Engineering, Artificial Intelligence, Networking and Paral<\/span><span dir=\"ltr\" role=\"presentation\">lel\/Distributed Computing (SNPD)<\/span><span dir=\"ltr\" role=\"presentation\">, pages 1\u20135. IEEE, 2015.<\/span><\/li>\n<li class=\"textLayer\" style=\"text-align: left\"><strong>Chahrazed Labba<\/strong>, Narj\u00e8s Bellamine Ben Saoud, and Karim Chine. Towards large-scale cloud-<span dir=\"ltr\" role=\"presentation\">based emergency management simulation \u201csimgenis revisited\u201d. In<\/span> <span dir=\"ltr\" role=\"presentation\">International Conference on\u00a0<\/span><span dir=\"ltr\" role=\"presentation\">Information Systems for Crisis Response and Management in Mediterranean Countries<\/span><span dir=\"ltr\" role=\"presentation\">, pages\u00a0<\/span>13\u201320. Springer, 2014.<\/li>\n<\/ul>\n<h1>Chapitre de Livre<\/h1>\n<ul>\n<li><strong>Chahrazed Labba<\/strong> et Anne Boyer. Un Tableau de Bord Analytique G\u00e9n\u00e9rique pour les Enseignants. Editions EMS, Collection Nouvelles p\u00e9dagogies. (\u00c0 para\u00eetre en septembre 2023)<\/li>\n<\/ul>\n<\/div>\n","protected":false},"excerpt":{"rendered":"<p>Revues internationales<\/p>\n<ul style=\"text-align: left\">\n<li>Amal Ben Soussia, Chahrazed Labba, Azim Roussanaly, and Anne Boyer. Time-dependent\u00a0metrics to assess performance prediction systems. The International Journal of Information and\u00a0Learning Technology. Emerald Publishing Limited, 2022.<\/li>\n<li>Linda Ouchaou, Hassina Nacer, and Chahrazed Labba. Towards a distributed saas management\u00a0system in a multi-cloud environment. Cluster Computing, volume 25, pages 4051\u20134071. Springer,\u00a02022.<\/li>\n<li>Chahrazed Labba, Narj\u00e8s Bellamine Ben Saoud, and Julie Dugdale. A predictive approach for\u00a0the efficient distribution of agent-based systems on a hybrid-cloud. Future Generation Computer\u00a0Systems, volume 86, pages 750\u2013764, 2018.<\/li>\n<\/ul>\n<p>Conf\u00e9rences internationales<\/p>\n<ul>\n<li>Chahrazed LABBA and Anne Boyer.<\/li>\n<\/ul>\n","protected":false},"author":5,"featured_media":0,"parent":0,"menu_order":0,"comment_status":"closed","ping_status":"closed","template":"","meta":{"footnotes":""},"class_list":["post-13","page","type-page","status-publish","hentry"],"_links":{"self":[{"href":"https:\/\/members.loria.fr\/CLabba\/wp-json\/wp\/v2\/pages\/13","targetHints":{"allow":["GET"]}}],"collection":[{"href":"https:\/\/members.loria.fr\/CLabba\/wp-json\/wp\/v2\/pages"}],"about":[{"href":"https:\/\/members.loria.fr\/CLabba\/wp-json\/wp\/v2\/types\/page"}],"author":[{"embeddable":true,"href":"https:\/\/members.loria.fr\/CLabba\/wp-json\/wp\/v2\/users\/5"}],"replies":[{"embeddable":true,"href":"https:\/\/members.loria.fr\/CLabba\/wp-json\/wp\/v2\/comments?post=13"}],"version-history":[{"count":34,"href":"https:\/\/members.loria.fr\/CLabba\/wp-json\/wp\/v2\/pages\/13\/revisions"}],"predecessor-version":[{"id":385,"href":"https:\/\/members.loria.fr\/CLabba\/wp-json\/wp\/v2\/pages\/13\/revisions\/385"}],"wp:attachment":[{"href":"https:\/\/members.loria.fr\/CLabba\/wp-json\/wp\/v2\/media?parent=13"}],"curies":[{"name":"wp","href":"https:\/\/api.w.org\/{rel}","templated":true}]}}