{"id":22,"date":"2015-06-15T11:01:33","date_gmt":"2015-06-15T09:01:33","guid":{"rendered":"http:\/\/members.loria.fr\/thierrygartiser\/?page_id=22"},"modified":"2024-03-05T12:57:10","modified_gmt":"2024-03-05T10:57:10","slug":"projets","status":"publish","type":"page","link":"https:\/\/members.loria.fr\/CLabba\/projets\/","title":{"rendered":"Activit\u00e9s de Recherche"},"content":{"rendered":"<h4><strong>Projets dans lesquels je suis et j&rsquo;ai \u00e9t\u00e9 impliqu\u00e9e :<\/strong><\/h4>\n<ul>\n<li><strong>Le projet <a href=\"https:\/\/dataspace.prometheus-x.org\/building-blocks\/decentralized-ai\/decentralized-ai-training\">EDGE Skills <\/a><\/strong>(2024-2027)<strong>: <\/strong>mettre en place un \u00e9cosyst\u00e8me centr\u00e9 sur l&rsquo;humain visant \u00e0 cr\u00e9er un espace europ\u00e9en de donn\u00e9es d\u00e9di\u00e9 \u00e0 l&rsquo;\u00e9ducation et aux comp\u00e9tences.<\/li>\n<li><strong>Le projet <a href=\"https:\/\/lola.loria.fr\">LOLA<\/a><\/strong>\u00a0(2019-2023): Laboratoire Ouvert en Learning Analytics,\u00a0soutenu dans le cas d&rsquo;une convention par le Minist\u00e8re de l&rsquo;\u00c9ducation Nationale et de la Jeunesse (MENJ).<\/li>\n<li><strong>Le projet <a href=\"http:\/\/metal.loria.fr\/\">PIA e-FRAN METAL<\/a><\/strong>\u00a0(2016-2019): Mod\u00e8les et Traces au service de l&rsquo;Apprentissage des Langues, projet PIA e-FRAN port\u00e9 par le Loria de l&rsquo;Universit\u00e9 de Lorraine.<\/li>\n<li><strong>Le projet <a href=\"https:\/\/ng.open-paas.org\/index.html\">OpenPaaS <\/a><\/strong>(2015-2018)<strong>: <\/strong>d\u00e9velopper une offre open source fran\u00e7aise de plateforme de collaboration de nouvelle g\u00e9n\u00e9ration (de type Cloud) pour les entreprises et les administrations afin de d\u00e9velopper une ind\u00e9pendance technologique vis-\u00e0-vis des grands acteurs classiques du num\u00e9rique.<\/li>\n<li><strong>Le\u00a0projet CMCU num\u00e9ro 15G1413<\/strong>, dans le cadre du programme PHC \u00ab Utique \u00bb.<\/li>\n<\/ul>\n<h4>Collaborations :<\/h4>\n<ul>\n<li>\u00c0 l&rsquo;\u00e9chelle Nationale :\n<ul>\n<li>Universit\u00e9 Paul Sabatier &#8211; Toulouse 3, Centre d&rsquo;anthropobiologie et de g\u00e9nomique de Toulouse &#8211; CAGT. Je travaille avec Eric Crub\u00e9zy et Ameline Alcouffe sur l&rsquo;utilisation de techniques d&rsquo;apprentissage automatique pour analyser les donn\u00e9es arch\u00e9ologiques. Ce travail a donn\u00e9 lieu \u00e0 une publication dans la conf\u00e9rence <a href=\"https:\/\/members.loria.fr\/CLabba\/wp-content\/blogs.dir\/247\/files\/sites\/247\/2023\/12\/httpsconferences.computer.orgictaipubpdfsICTAI2023-3kcFI9xHIPnqRs15TXhYG427300a022427300a022.pdf\">ICTAI<\/a>.<\/li>\n<li>Institut Jean Lamour &#8211; Universit\u00e9 de Lorraine. Je travaille avec Alexandre Nomin\u00e9 sur l&rsquo;utilisation de techniques d&rsquo;apprentissage automatique pour pr\u00e9dire des nouveaux alliages \u00e0 haute entropie.<\/li>\n<\/ul>\n<\/li>\n<li>\u00c0 l&rsquo;\u00e9chelle Internationale :\n<ul>\n<li style=\"text-align: left\">Institut de math\u00e9matiques \u00ab\u00a0Simion Stoilow\u00a0\u00bb de l&rsquo;Acad\u00e9mie roumaine. Je travaille avec Radu Price et\u00a0<span style=\"font-weight: 400\">Iulian\u00a0<\/span><span style=\"font-weight: 400\"><span style=\"font-weight: 400\">C\u00eempean sur une proposition d&rsquo;un projet PHC dans le cadre de l&rsquo;appel Br\u00e2ncusi-Roumanie. Le sujet porte sur l&rsquo;utilisation des m<\/span><\/span>\u00e9thodes d&rsquo;apprentissage automatique, en particulier l&rsquo;apprentissage f\u00e9d\u00e9r\u00e9 sur les donn\u00e9es distribu\u00e9es des patients pour l&rsquo;aide au traitement du cancer de la thyro\u00efde.<\/li>\n<\/ul>\n<\/li>\n<\/ul>\n<h4><strong>Encadrement :<\/strong><\/h4>\n<h5>Participation \u00e0 un Encadrement de Th\u00e8se :<\/h5>\n<ul>\n<li>Abdoul Fataoh Kabore : l&rsquo;<i>Intelligence artificielle pour la pr\u00e9diction de nouveaux mat\u00e9riaux \u00e0 haute entopie. Encadr\u00e9 par Anne Boyer, LORIA, Universit\u00e9 de Lorraine et <\/i><a href=\"https:\/\/mines-nancy.univ-lorraine.fr\/2020\/10\/27\/alexandre-nomine-nouveau-directeur-de-laction-internationale\/\">Alexandre Nomin\u00e9<\/a>, Institut Jean Lamour, Universit\u00e9 de Lorraine.<\/li>\n<\/ul>\n<h5>Encadrement Niveau M1<\/h5>\n<ul>\n<li>Housna Chana : D\u00e9veloppement d&rsquo;une strat\u00e9gie de s\u00e9lection des clients pour am\u00e9liorer l&rsquo;apprentissage f\u00e9d\u00e9r\u00e9, projet 3A \u00c9cole des Mines de Nancy (5 mois)<\/li>\n<li>Th\u00e9o Ducret : Machine learning pour l&rsquo;arch\u00e9ologie, projet 3A \u00c9cole des Mines de Nancy (5 mois). En collaboration avec <a href=\"https:\/\/www.iufrance.fr\/les-membres-de-liuf\/membre\/2359-eric-crubezy.html\">Eric Crub\u00e9zy<\/a> et <a href=\"https:\/\/cagt.cnrs.fr\/alcouffe-ameline\/\">Ameline Alcouffe<\/a> de l&rsquo;Universit\u00e9 Toulouse 3.<\/li>\n<li>Nasr El-Hamzaoui : Machine learning pour la d\u00e9couverte de mat\u00e9riaux de haute entropie, projet 3A \u00c9cole des Mines de Nancy (5 mois). En collaboration avec <a href=\"https:\/\/mines-nancy.univ-lorraine.fr\/2020\/10\/27\/alexandre-nomine-nouveau-directeur-de-laction-internationale\/\">Alexandre Nomin\u00e9<\/a>, Institut Jean Lamour, Universit\u00e9 de Lorraine.<\/li>\n<li>Benoit Catiga : L&rsquo;ing\u00e9nierie des caract\u00e9ristiques pour am\u00e9liorer la pr\u00e9diction des alliages \u00e0 haute entropie, projet 3A \u00c9cole des Mines de Nancy (5 mois). En collaboration avec <a href=\"https:\/\/mines-nancy.univ-lorraine.fr\/2020\/10\/27\/alexandre-nomine-nouveau-directeur-de-laction-internationale\/\">Alexandre Nomin\u00e9<\/a>, Institut Jean Lamour, Universit\u00e9 de Lorraine.<\/li>\n<li>Hajar Hajji : Strat\u00e9gies de Web Scraping pour l&rsquo;Analyse des Risques des M\u00e9taux Critiques dans le Contexte des Transitions Num\u00e9riques,\u00a0projet 3A \u00c9cole des Mines de Nancy (5 mois). En collaboration avec <a href=\"https:\/\/mines-nancy.univ-lorraine.fr\/2020\/10\/27\/alexandre-nomine-nouveau-directeur-de-laction-internationale\/\">Alexandre Nomin\u00e9<\/a>, Institut Jean Lamour, Universit\u00e9 de Lorraine.<\/li>\n<li>Oleksandra Kuksa : D\u00e9veloppement de site web LOLA (dans le cadre du projet Edge Skills). IDMC, Universit\u00e9 de Lorraine (Depuis F\u00e9vrier 2024).<\/li>\n<li>Olha Alieinik : L&rsquo;apprentissage f\u00e9d\u00e9r\u00e9 vertical pour pr\u00e9dire les performances des apprenants (dans le cadre du projet Edge Skills). \u00a0IDMC, Universit\u00e9 de Lorraine (Depuis F\u00e9vrier 2024).<\/li>\n<\/ul>\n<h5>Encadrement Niveau M2<\/h5>\n<ul>\n<li>Enzo De Carvalho : Learning Analytics : \u00c9tude d&rsquo;un standard d&rsquo;entrep\u00f4t de donn\u00e9es, ENSIIE &#8211; \u00c9cole Nationale sup\u00e9rieure d&rsquo;Informatique pour l&rsquo;Industrie et l&rsquo;Entreprise, Paris (2 mois)<\/li>\n<li>Amine Sdour : Federated learning pour la d\u00e9couverte de mat\u00e9riaux de haute entropie, \u00a0EMINES &#8211; School of Industrial Management de l&rsquo;Universit\u00e9 Mohammed VI Polytechnique (2 mois)<\/li>\n<li>Hammou Hanini : Machine Learning pour la d\u00e9couverte de mat\u00e9riaux de haute entropie, EMINES &#8211; School of Industrial Management de l&rsquo;Universit\u00e9 Mohammed VI Polytechnique (2 mois)<\/li>\n<li>Anasse Essalih : Apprentissage f\u00e9d\u00e9r\u00e9 pour la d\u00e9tection des alliages \u00e0 haute entropie, MINES &#8211; School of Industrial Management de l&rsquo;Universit\u00e9 Mohammed VI Polytechnique (2 mois)<\/li>\n<\/ul>\n<h5>Encadrement Niveau L3<\/h5>\n<ul>\n<li>Romain Reiter :\u00a0D\u00e9veloppement d&rsquo;un service utilisant la norme xAPI pour l&rsquo;acc\u00e8s aux donn\u00e9es d&rsquo;usage Mathador, IDMC, Universit\u00e9 de Lorraine (3 mois).<\/li>\n<li>Olha Alieinik et Oleksandra Kuksa: Codage des contributions th\u00e9oriques d\u00e9velopp\u00e9es au sein de l&rsquo;\u00e9quipe Bird, \u00a0IDMC, Universit\u00e9 de Lorraine (6 mois).<\/li>\n<\/ul>\n<h4><strong>Conf\u00e9rence et Hackathon :<\/strong><\/h4>\n<ul>\n<li>Membre de la comit\u00e9 scientifique de la conf\u00e9rence internationale &lsquo;<a href=\"https:\/\/www.greendeal.mines-nancy.eu\">Academia Stands for Green Deal<\/a>&lsquo; , le 10-11 Mai 2023, \u00e0 l&rsquo;\u00c9cole des Mines de Nancy.<\/li>\n<li>Chair d&rsquo;une session \u00e0 la 3 \u00e8me conf\u00e9rence annuelle &lsquo;<a href=\"https:\/\/lsac2019.loria.fr\">Learning \\&amp; Student Analytics<\/a>&lsquo;, Universit\u00e9 de Lorraine, Loria, 23-24 Octobre 2019.<\/li>\n<li>Membre de la comit\u00e9 d&rsquo;organisation pour <a href=\"https:\/\/lsac2019.loria.fr\/index.html#hackathon\">le hackathon<\/a> organis\u00e9 les 24 et 25 octobre 2019 au Loria. Le hackathon vise \u00e0 concevoir des prototypes innovants et des solutions techniques pour les enseignants, les apprenants et le personnel universitaire en explorant et en \u00e9valuant des ensembles de donn\u00e9es d&rsquo;apprentissage donn\u00e9s.<\/li>\n<li>Membre de la comit\u00e9 d\u2019organisation de la conf\u00e9rence internationale <a href=\"http:\/\/www.riadi.rnu.tn\/iscrammed2015\/home.php\">ISCRAM-med<\/a> 2015 qui s\u2019est tenue du 28 au 30 octobre 2015. De plus j&rsquo;ai \u00e9t\u00e9 charge\u00e9 du developpement du site web de la conf\u00e9rence.<\/li>\n<\/ul>\n<h4><strong>Autres Activit\u00e9s de Recherche :<\/strong><\/h4>\n<ul>\n<li>Participation au lancement du projet Edge Skills le 23-24 Janvier 2024. Le Loria, est plus particuli\u00e8rement l&rsquo;\u00e9quipe Bird, est impliqu\u00e9 dans 2 building blocks : <a href=\"https:\/\/dataspace.prometheus-x.org\/building-blocks\/trustworthy-ai-assessment\">Trustworthy AI Assessment<\/a> et <a href=\"https:\/\/dataspace.prometheus-x.org\/building-blocks\/decentralized-ai\/decentralized-ai-training\">Decentralized AI training<\/a>.<\/li>\n<li>le 5 avril 2022, j&rsquo;ai anim\u00e9 <a href=\"https:\/\/prometheus-x.org\/assemblies\/dases-learning-traces\/f\/59\/meetings\/80?commentId=778\">un atelier<\/a> \u00ab\u00a0profils xAPI\u00a0\u00bb dans les locaux de France Universit\u00e9 Num\u00e9rique \u00e0 Paris.<\/li>\n<li>Les 28 et 29 avril 2022, j&rsquo;ai anim\u00e9 avec Philippe Noel, l&rsquo;atelier <a href=\"https:\/\/lola.loria.fr\">LOLA<\/a>, d\u00e9di\u00e9 aux futurs utilisateurs (Edtech) de la plateforme pour pr\u00e9senter LOLA et comment l&rsquo;utiliser.<\/li>\n<li>Depuis janvier 2022, Je suis membre du groupe de travail national <a href=\"https:\/\/prometheus-x.org\/?locale=fr\">Gaia-X DASES<\/a> pour cr\u00e9er des profils xAPI qui sont publiquement disponibles, utilisables par tous au sein de l&rsquo;alliance Gaia-x et au-del\u00e0.<\/li>\n<\/ul>\n","protected":false},"excerpt":{"rendered":"<p>Projets dans lesquels je suis et j&rsquo;ai \u00e9t\u00e9 impliqu\u00e9e :<\/p>\n<ul>\n<li>Le projet <a href=\"https:\/\/dataspace.prometheus-x.org\/building-blocks\/decentralized-ai\/decentralized-ai-training\">EDGE Skills <\/a>(2024-2027): mettre en place un \u00e9cosyst\u00e8me centr\u00e9 sur l&rsquo;humain visant \u00e0 cr\u00e9er un espace europ\u00e9en de donn\u00e9es d\u00e9di\u00e9 \u00e0 l&rsquo;\u00e9ducation et aux comp\u00e9tences.<\/li>\n<li>Le projet <a href=\"https:\/\/lola.loria.fr\">LOLA<\/a>\u00a0(2019-2023): Laboratoire Ouvert en Learning Analytics,\u00a0soutenu dans le cas d&rsquo;une convention par le Minist\u00e8re de l&rsquo;\u00c9ducation Nationale et de la Jeunesse (MENJ).<\/li>\n<li>Le projet <a href=\"http:\/\/metal.loria.fr\/\">PIA e-FRAN METAL<\/a>\u00a0(2016-2019): Mod\u00e8les et Traces au service de l&rsquo;Apprentissage des Langues, projet PIA e-FRAN port\u00e9 par le Loria de l&rsquo;Universit\u00e9 de Lorraine.<\/li>\n<\/ul>\n","protected":false},"author":5,"featured_media":0,"parent":0,"menu_order":0,"comment_status":"closed","ping_status":"closed","template":"","meta":{"footnotes":""},"class_list":["post-22","page","type-page","status-publish","hentry"],"_links":{"self":[{"href":"https:\/\/members.loria.fr\/CLabba\/wp-json\/wp\/v2\/pages\/22","targetHints":{"allow":["GET"]}}],"collection":[{"href":"https:\/\/members.loria.fr\/CLabba\/wp-json\/wp\/v2\/pages"}],"about":[{"href":"https:\/\/members.loria.fr\/CLabba\/wp-json\/wp\/v2\/types\/page"}],"author":[{"embeddable":true,"href":"https:\/\/members.loria.fr\/CLabba\/wp-json\/wp\/v2\/users\/5"}],"replies":[{"embeddable":true,"href":"https:\/\/members.loria.fr\/CLabba\/wp-json\/wp\/v2\/comments?post=22"}],"version-history":[{"count":17,"href":"https:\/\/members.loria.fr\/CLabba\/wp-json\/wp\/v2\/pages\/22\/revisions"}],"predecessor-version":[{"id":381,"href":"https:\/\/members.loria.fr\/CLabba\/wp-json\/wp\/v2\/pages\/22\/revisions\/381"}],"wp:attachment":[{"href":"https:\/\/members.loria.fr\/CLabba\/wp-json\/wp\/v2\/media?parent=22"}],"curies":[{"name":"wp","href":"https:\/\/api.w.org\/{rel}","templated":true}]}}