{"id":342,"date":"2023-03-09T17:11:56","date_gmt":"2023-03-09T15:11:56","guid":{"rendered":"https:\/\/members.loria.fr\/CLabba\/?page_id=342"},"modified":"2024-03-05T12:02:58","modified_gmt":"2024-03-05T10:02:58","slug":"enseignement","status":"publish","type":"page","link":"https:\/\/members.loria.fr\/CLabba\/enseignement\/","title":{"rendered":"Enseignement"},"content":{"rendered":"<p>J&rsquo;ai une activit\u00e9 d&rsquo;enseignement depuis 10 ans.<\/p>\n<ul>\n<li><span dir=\"ltr\" role=\"presentation\"><em>2020\u20132024<\/em>\u00a0:<\/span> <strong>Enseignante vacataire<\/strong>, Institut des sciences du Digital, Management Cognition (IDMC), Universit\u00e9 de Lorraine, France.<\/li>\n<li><span dir=\"ltr\" role=\"presentation\"><em>2022\u20132023<\/em>\u00a0:<\/span><strong> Enseignante vacataire<\/strong>, Institut Universitaire de Technologie Nancy-Charlemagne (IUT Nancy-Charlemagne), Universit\u00e9 de Lorraine, France.<\/li>\n<li><span dir=\"ltr\" role=\"presentation\"><em>2015\u20132016<\/em> :<\/span> <strong>Enseignante contractuelle<\/strong>, Institut sup\u00e9rieur d&rsquo;informatique (ISI), Universit\u00e9 Tunis El Manar, Tunisie.<\/li>\n<li><span dir=\"ltr\" role=\"presentation\"><em>2013\u20132015<\/em>\u00a0:<\/span> <strong>Enseignante vacataire<\/strong>, Institut sup\u00e9rieur d&rsquo;informatique (ISI), Universit\u00e9 Tunis El Manar, Tunisie.<\/li>\n<\/ul>\n<p>J&rsquo;ai enseign\u00e9 \u00e0 diff\u00e9rents niveaux (Licence et Ing\u00e9nieur) et dans diff\u00e9rentes structures en Tunisie et en France. Mes interventions ont port\u00e9 sur des sujets vari\u00e9s :<\/p>\n<h4>IDMC, Universit\u00e9 de Lorraine, France<\/h4>\n<ul>\n<li>Programmation Orient\u00e9e Objet (Java): CM et TD (Responsable du cours), 2 \u00e9me ann\u00e9e Licence MIASHS parcours MIAGE.<\/li>\n<li>Algorithmique Avanc\u00e9e : TD , 2 \u00e9me ann\u00e9e Licence MIASHS<\/li>\n<\/ul>\n<h4>IUT \u00a0Nancy-Charlemagne, Universit\u00e9 de Lorraine, France<\/h4>\n<ul>\n<li>Conception Objet : TD, TP 1 \u00e8re ann\u00e9e B.U.T. Informatique.<\/li>\n<li>Suivi de SA\u00c9, 1 \u00e8re ann\u00e9e B.U.T. Informatique.<\/li>\n<\/ul>\n<h4>ISI, Universit\u00e9 Tunis-El-Manar, Tunisie<\/h4>\n<ul>\n<li>Architecture orient\u00e9e service : TP, 3 \u00e8me ann\u00e9e Licence SIL.<\/li>\n<li>Projet de D\u00e9veloppement : Programmation, 2 \u00e8me ann\u00e9e cycle ing\u00e9nieur GLSI<\/li>\n<li>D\u00e9veloppement \u00e0 base de logiciels libres : TP, 3 \u00e8me ann\u00e9e Licence SIL.<\/li>\n<li>Ing\u00e9nierie des Connaissances : TD, 3\u00a0\u00e8me ann\u00e9e cycle ing\u00e9nieur GLSI<\/li>\n<li>Syst\u00e8mes Complexes et Syst\u00e8mes Multi-agent : TD et TP, 3\u00a0\u00e8me ann\u00e9e cycle ing\u00e9nieur GLSI<\/li>\n<li>Indexation et Recherche d&rsquo;Information Multim\u00e9dia : TD, 2 \u00e8me ann\u00e9e cycle ing\u00e9nieur GLSI<\/li>\n<li>Web Mobile et application web avanc\u00e9e : TD, 2 \u00e8me ann\u00e9e cycle ing\u00e9nieur GLSI<\/li>\n<\/ul>\n","protected":false},"excerpt":{"rendered":"<p>J&rsquo;ai une activit\u00e9 d&rsquo;enseignement depuis 10 ans.<\/p>\n<ul>\n<li><em>2020\u20132024<\/em>\u00a0: Enseignante vacataire, Institut des sciences du Digital, Management Cognition (IDMC), Universit\u00e9 de Lorraine, France.<\/li>\n<li><em>2022\u20132023<\/em>\u00a0: Enseignante vacataire, Institut Universitaire de Technologie Nancy-Charlemagne (IUT Nancy-Charlemagne), Universit\u00e9 de Lorraine, France.<\/li>\n<li><em>2015\u20132016<\/em> : Enseignante contractuelle, Institut sup\u00e9rieur d&rsquo;informatique (ISI), Universit\u00e9 Tunis El Manar, Tunisie.<\/li>\n<li><em>2013\u20132015<\/em>\u00a0: Enseignante vacataire, Institut sup\u00e9rieur d&rsquo;informatique (ISI), Universit\u00e9 Tunis El Manar, Tunisie.<\/li>\n<\/ul>\n<p>J&rsquo;ai enseign\u00e9 \u00e0 diff\u00e9rents niveaux (Licence et Ing\u00e9nieur) et dans diff\u00e9rentes structures en Tunisie et en France.<\/p>\n","protected":false},"author":231,"featured_media":0,"parent":0,"menu_order":0,"comment_status":"closed","ping_status":"closed","template":"","meta":{"footnotes":""},"class_list":["post-342","page","type-page","status-publish","hentry"],"_links":{"self":[{"href":"https:\/\/members.loria.fr\/CLabba\/wp-json\/wp\/v2\/pages\/342","targetHints":{"allow":["GET"]}}],"collection":[{"href":"https:\/\/members.loria.fr\/CLabba\/wp-json\/wp\/v2\/pages"}],"about":[{"href":"https:\/\/members.loria.fr\/CLabba\/wp-json\/wp\/v2\/types\/page"}],"author":[{"embeddable":true,"href":"https:\/\/members.loria.fr\/CLabba\/wp-json\/wp\/v2\/users\/231"}],"replies":[{"embeddable":true,"href":"https:\/\/members.loria.fr\/CLabba\/wp-json\/wp\/v2\/comments?post=342"}],"version-history":[{"count":11,"href":"https:\/\/members.loria.fr\/CLabba\/wp-json\/wp\/v2\/pages\/342\/revisions"}],"predecessor-version":[{"id":377,"href":"https:\/\/members.loria.fr\/CLabba\/wp-json\/wp\/v2\/pages\/342\/revisions\/377"}],"wp:attachment":[{"href":"https:\/\/members.loria.fr\/CLabba\/wp-json\/wp\/v2\/media?parent=342"}],"curies":[{"name":"wp","href":"https:\/\/api.w.org\/{rel}","templated":true}]}}