{"id":13,"date":"2015-06-15T10:26:53","date_gmt":"2015-06-15T08:26:53","guid":{"rendered":"http:\/\/members.loria.fr\/thierrygartiser\/?page_id=13"},"modified":"2023-10-19T20:45:06","modified_gmt":"2023-10-19T18:45:06","slug":"publications","status":"publish","type":"page","link":"https:\/\/members.loria.fr\/ChuyuanLi\/publications\/","title":{"rendered":"Publications"},"content":{"rendered":"<h4>2023<\/h4>\n<ul>\n<li><strong>Chuyuan Li.\u00a0<\/strong><a href=\"http:\/\/docnum.univ-lorraine.fr\/public\/DDOC_T_2023_0107_LI.pdf\">Facing Data Scarcity in Dialogues for Discourse Structure Discovery and Prediction<\/a>. Ph.D. thesis. <em>Universit\u00e9 de Lorraine<\/em>, 2023.<\/li>\n<li><strong>Chuyuan Li<\/strong>, Patrick Huber, Wen Xiao, Maxime Amblard, Chlo\u00e9 Braud and Giuseppe Carenini.\u00a0<a href=\"https:\/\/arxiv.org\/abs\/2302.05895\">Discourse Structure Extraction from Pre-Trained and Fine-Tuned Language Models in Dialogues.<\/a>\u00a0In <em>Findings of\u00a0EACL<\/em>, 2023.<\/li>\n<\/ul>\n<h4>2022<\/h4>\n<ul>\n<li>Jonathan Ginzburg, Zulipiye Yusupujiang, <strong>Chuyuan Li<\/strong>, Kexin Ren, Aleksandra Kucharska and Pawel Lupkowski. <strong><a href=\"https:\/\/journals.uic.edu\/ojs\/index.php\/dad\/article\/view\/11531\">Characterizing the response space of questions: data and theory<\/a>.\u00a0<\/strong>In <em>Journal Dialogue &amp; Discourse 13.2 (2022): 79-132.<\/em><\/li>\n<li><strong>Chuyuan Li<\/strong>, Chlo\u00e9 Braud and Maxime Amblard. <strong><a href=\"https:\/\/aclanthology.org\/2022.sigdial-1.7\/\">Multi-Task Learning for Depression Detection in Dialogs<\/a>. <\/strong>In <em>Proceedings of the 23nd Annual Meeting of the Special Interest Group on Discourse and Dialogue (SIGdial),\u00a0<\/em>2022.<\/li>\n<li><span class=\"\">Harry Bunt, Maxime Amblard, Johan Bos, Kar\u00ebn Fort, Bruno Guillaume, Philippe de Groote, <strong>Chuyuan Li<\/strong>, Pierre Ludmann, Michel Musiol, Siyana Pavlova, Guy Perrier and Sylvain Pogodalla.\u00a0<\/span><strong><span class=\"\"><a href=\"https:\/\/let.uvt.nl\/general\/people\/bunt\/docs\/lrec2022-Quant-v2.pdf\">Quantification Annotation in ISO 24617-12, Second Draft.<\/a>\u00a0<\/span><\/strong><span class=\"\">In <em>Proceedings of The 14th Language Resources and Evaluation Conference (LREC 2022).<\/em><\/span><\/li>\n<\/ul>\n<h4>2021<\/h4>\n<ul>\n<li><strong>Chuyuan Li<\/strong>, Maxime Amblard, Chlo\u00e9 Braud, Caroline Demily, Nicolas Franck, Michel Musiol. <strong><a href=\"https:\/\/aclanthology.org\/2021.codi-main.3\/\">Investigating non lexical markers of the language of schizophrenia in spontaneous conversations<\/a><\/strong>. In <a href=\"https:\/\/sites.google.com\/view\/codi-2021\/accepted-papers?authuser=0\"><em>Proceedings of the 2nd Workshop on Computational Approaches to Discourse (CODI), EMNLP, 2021.<\/em><\/a><\/li>\n<li>Maxime Amblard, Kar\u00ebn Fort, Bruno Guillaume, Philippe de Groote, <strong>Chuyuan Li<\/strong>, Pierre Ludmann, michel musiol, Siyana Pavlova, Guy Perrier and Sylvain Pogodalla.\u00a0<strong><a href=\"https:\/\/sigsem.uvt.nl\/isa17\/AmblardEtAl-final.pdf\">The Annotators Did Not Agree on Some of the Guidelines Examples.<\/a><\/strong>\u00a0In <a href=\"https:\/\/sigsem.uvt.nl\/isa17\/\"><em>Proceedings of the 17th Joint ACL &#8211; ISO Workshop on Interoperable Semantic Annotation (ISA-17)<\/em><\/a>, 2021.<\/li>\n<li><strong>Chuyuan Li<\/strong>, Maxime Amblard, Chlo\u00e9 Braud, Caroline Demily, Nicolas Franck et Michel Musiol. <a href=\"https:\/\/www.irit.fr\/TLH-Sante2021\/wp-content\/uploads\/2021\/01\/Sante-et-TAL-2021_Li-et-al.pdf\"><strong>Investigation des marqueurs langagiers non-lexicaux et sp\u00e9cifiques des personnes souffrant de schizophr\u00e9nie dans des conversations spontan\u00e9es.<\/strong><\/a> Presentation at <a href=\"https:\/\/www.irit.fr\/TLH-Sante2021\/\"><em>Journ\u00e9e commune AFIA-THL \/ ATALA &#8211; la sant\u00e9 et le langage<\/em><\/a>, 2021.<\/li>\n<\/ul>\n<h4>2020<\/h4>\n<ul>\n<li>Maxime Amblard, Chlo\u00e9 Braud, <strong>Chuyuan Li<\/strong>, Michel Musiol, Caroline Demily et Nicolas Franck.\u00a0<a href=\"https:\/\/jep-taln2020.loria.fr\/article-123\/\"><strong>Investigation par m\u00e9thodes d\u2019apprentissage des sp\u00e9cificit\u00e9s langagi\u00e8res propres aux personnes avec schizophr\u00e9nie (Investigating Learning Methods Applied to Language Specificity of Persons with Schizophrenia).<\/strong><\/a>\u00a0In <a href=\"https:\/\/jep-taln2020.loria.fr\/article-123\/\"><i>6e conf\u00e9rence conjointe Journ\u00e9es d&#8217;\u00c9tudes sur la Parole (JEP, 33e \u00e9dition), Traitement Automatique des Langues Naturelles (TALN, 27e \u00e9dition), Rencontre des \u00c9tudiants Chercheurs en Informatique pour le Traitement Automatique des Langues (R\u00c9CITAL, 22e \u00e9dition). Volume 2: Traitement Automatique des Langues Naturelles<\/i>(pp. 12-26)<\/a>. ATALA; AFCP. 2020<\/li>\n<\/ul>\n<h4>2019<\/h4>\n<ul>\n<li id=\"title\">Jonathan Ginzburg, Zulipiye Yusupujiang, <strong>Chuyuan Li<\/strong>, Kexin Ren and Pawe\u0142 \u0141upkowski.\u00a0<a href=\"https:\/\/www.aclweb.org\/anthology\/W19-5937\/\"><strong>Characterizing the Response Space of Questions: a Corpus Study for <span class=\"acl-fixed-case\">E<\/span>nglish and Polish.<\/strong><\/a>\u00a0In <a href=\"https:\/\/www.aclweb.org\/anthology\/volumes\/W19-59\/\"><em>Proceedings<\/em> of the 20th Annual SIGdial Meeting on Discourse and Dialogue<\/a>, 2019.<\/li>\n<\/ul>\n<p>&nbsp;<\/p>\n","protected":false},"excerpt":{"rendered":"<p>2023<\/p>\n<ul>\n<li>Chuyuan Li.\u00a0<a href=\"http:\/\/docnum.univ-lorraine.fr\/public\/DDOC_T_2023_0107_LI.pdf\">Facing Data Scarcity in Dialogues for Discourse Structure Discovery and Prediction<\/a>. Ph.D. thesis. <em>Universit\u00e9 de Lorraine<\/em>, 2023.<\/li>\n<li>Chuyuan Li, Patrick Huber, Wen Xiao, Maxime Amblard, Chlo\u00e9 Braud and Giuseppe Carenini.\u00a0<a href=\"https:\/\/arxiv.org\/abs\/2302.05895\">Discourse Structure Extraction from Pre-Trained and Fine-Tuned Language Models in Dialogues.<\/a>\u00a0In <em>Findings of\u00a0EACL<\/em>, 2023.<\/li>\n<\/ul>\n<p>2022<\/p>\n<ul>\n<li>Jonathan Ginzburg, Zulipiye Yusupujiang, Chuyuan Li, Kexin Ren, Aleksandra Kucharska and Pawel Lupkowski. <a href=\"https:\/\/journals.uic.edu\/ojs\/index.php\/dad\/article\/view\/11531\">Characterizing the response space of questions: data and theory<\/a>.\u00a0In <em>Journal Dialogue &amp; Discourse 13.2 (2022): 79-132.<\/em><\/li>\n<\/ul>\n","protected":false},"author":5,"featured_media":0,"parent":0,"menu_order":0,"comment_status":"closed","ping_status":"closed","template":"page-fullwidth.php","meta":{"footnotes":""},"class_list":["post-13","page","type-page","status-publish","hentry"],"_links":{"self":[{"href":"https:\/\/members.loria.fr\/ChuyuanLi\/wp-json\/wp\/v2\/pages\/13","targetHints":{"allow":["GET"]}}],"collection":[{"href":"https:\/\/members.loria.fr\/ChuyuanLi\/wp-json\/wp\/v2\/pages"}],"about":[{"href":"https:\/\/members.loria.fr\/ChuyuanLi\/wp-json\/wp\/v2\/types\/page"}],"author":[{"embeddable":true,"href":"https:\/\/members.loria.fr\/ChuyuanLi\/wp-json\/wp\/v2\/users\/5"}],"replies":[{"embeddable":true,"href":"https:\/\/members.loria.fr\/ChuyuanLi\/wp-json\/wp\/v2\/comments?post=13"}],"version-history":[{"count":50,"href":"https:\/\/members.loria.fr\/ChuyuanLi\/wp-json\/wp\/v2\/pages\/13\/revisions"}],"predecessor-version":[{"id":640,"href":"https:\/\/members.loria.fr\/ChuyuanLi\/wp-json\/wp\/v2\/pages\/13\/revisions\/640"}],"wp:attachment":[{"href":"https:\/\/members.loria.fr\/ChuyuanLi\/wp-json\/wp\/v2\/media?parent=13"}],"curies":[{"name":"wp","href":"https:\/\/api.w.org\/{rel}","templated":true}]}}