{"id":327,"date":"2020-05-25T16:48:40","date_gmt":"2020-05-25T14:48:40","guid":{"rendered":"http:\/\/members.loria.fr\/ChuyuanLi\/?page_id=327"},"modified":"2024-02-25T22:36:52","modified_gmt":"2024-02-25T20:36:52","slug":"activities","status":"publish","type":"page","link":"https:\/\/members.loria.fr\/ChuyuanLi\/activities\/","title":{"rendered":"Activities"},"content":{"rendered":"<h4>TEACHING<\/h4>\n<p>Most of my teaching is at\u00a0<a href=\"https:\/\/idmc.univ-lorraine.fr\">IDMC<\/a>, Universit\u00e9 de Lorraine, Nancy, from Fall 2019 to Spring 2023.<\/p>\n<p>[Master students]<\/p>\n<ul>\n<li><strong>Discourse &amp; Dialogue<\/strong> (master TAL) &#8212; TA,\u00a0<em>Spring 2023<\/em>\n<ul>\n<li>I developed an annotation platform for SDRT-style discourse annotation with a collegue, ref <a href=\"https:\/\/members.loria.fr\/ChuyuanLi\/sdrt\/\">this page<\/a>\u00a0for more details.<\/li>\n<\/ul>\n<\/li>\n<li><strong>Introduction to <a href=\"https:\/\/www.grid5000.fr\/w\/Grid5000:Home\">Grid&#8217;5000<\/a><\/strong> (master TAL) &#8211; Instructor, <em>Fall 2020, Fall 2021, Fall 2022, Fall 2023<\/em>\n<ul>\n<li>I was the instructor for this course. I designed CM materials.<\/li>\n<li>Slides: <a href=\"http:\/\/members.loria.fr\/ChuyuanLi\/wp-content\/blogs.dir\/216\/files\/sites\/216\/2023\/12\/Introduction_to_Grid5000_part1.pdf\">Introduction_to_Grid5000_part1<\/a>, <a href=\"http:\/\/members.loria.fr\/ChuyuanLi\/wp-content\/blogs.dir\/216\/files\/sites\/216\/2023\/12\/Introduction_to-grid5k_part2.pdf\">Introduction_to grid5k_part2<\/a><\/li>\n<\/ul>\n<\/li>\n<li><strong>Introduction to Git<\/strong> (master TAL)\u00a0&#8211; Instructor, <em>Fall 2020<\/em>\n<ul>\n<li>I was the instructor for this course. I designed CM materials.<\/li>\n<li>Exercise: <a href=\"http:\/\/members.loria.fr\/ChuyuanLi\/wp-content\/blogs.dir\/216\/files\/sites\/216\/2023\/12\/gitexo.pdf\">gitexo<\/a><\/li>\n<\/ul>\n<\/li>\n<li><strong>Advanced Python Programming<\/strong> (master TAL) &#8212; TA, <em>Fall 2020, Fall 2022<\/em>\n<ul>\n<li>Designed Python coding exercises for 10 sessions.<\/li>\n<\/ul>\n<\/li>\n<li><a href=\"https:\/\/idmc.univ-lorraine.fr\/informations-master-tal\/info-tal-projets-tutores\/\"><strong>Supervised Project<\/strong><\/a> (master TAL) &#8212; Mentor, <em>Fall 2020, Spring 2021<\/em>\n<ul>\n<li>Students: Albert Miller,\u00a0Anar Yeginbergenova<\/li>\n<li>Report: <a href=\"https:\/\/idmc.univ-lorraine.fr\/wp-content\/uploads\/2021\/09\/8Supervised_Project_Final_Albert_Anar.pdf\">What are you saying? Dialogue act annotation<\/a><\/li>\n<\/ul>\n<\/li>\n<\/ul>\n<p>[Engineering students]<\/p>\n<ul>\n<li><strong>Operational Research<\/strong> (Ecole de Mines, Nancy) &#8212; TA, Spring<em>\u00a02020\u00a0<\/em><\/li>\n<\/ul>\n<p>[Undergraduate students]<\/p>\n<ul>\n<li><strong>Formalism of Representation &amp; Reasoning<\/strong> (undergrad L3 Sciences Cognitives) &#8212; Instructor &amp; TA, <em>Spring 2023<\/em>\n<ul>\n<li>Design CM and TD materials for 5 sessions<\/li>\n<li>Slides:\n<ul>\n<li>CM1: G\u00e9n\u00e9ralit\u00e9s sur la logique. Slides: <a href=\"http:\/\/members.loria.fr\/ChuyuanLi\/wp-content\/blogs.dir\/216\/files\/sites\/216\/2023\/12\/cm1.pdf\">frr-cm1<\/a><\/li>\n<li>TD1: <a href=\"http:\/\/members.loria.fr\/ChuyuanLi\/wp-content\/blogs.dir\/216\/files\/sites\/216\/2023\/12\/td1.pdf\">frr-td1<\/a><\/li>\n<li>CM2: Logique propositionnelle. Slides: <a href=\"http:\/\/members.loria.fr\/ChuyuanLi\/wp-content\/blogs.dir\/216\/files\/sites\/216\/2023\/12\/cm2.pdf\">frr-cm2<\/a><\/li>\n<li>TD2: <a href=\"http:\/\/members.loria.fr\/ChuyuanLi\/wp-content\/blogs.dir\/216\/files\/sites\/216\/2023\/12\/td2.pdf\">frr-td2<\/a><\/li>\n<li>CM3: Logique des pr\u00e9dicats. Slides: <a href=\"http:\/\/members.loria.fr\/ChuyuanLi\/wp-content\/blogs.dir\/216\/files\/sites\/216\/2023\/12\/cm3.pdf\">frr-cm3<\/a><\/li>\n<li>TD3: <a href=\"http:\/\/members.loria.fr\/ChuyuanLi\/wp-content\/blogs.dir\/216\/files\/sites\/216\/2023\/12\/td3.pdf\">frr-td3<\/a><\/li>\n<li>CM4: Mod\u00e8le &amp; unification. Slides: <a href=\"http:\/\/members.loria.fr\/ChuyuanLi\/wp-content\/blogs.dir\/216\/files\/sites\/216\/2023\/12\/cm4.pdf\">frr-cm4<\/a><\/li>\n<li>TD4: <a href=\"http:\/\/members.loria.fr\/ChuyuanLi\/wp-content\/blogs.dir\/216\/files\/sites\/216\/2023\/12\/td4.pdf\">frr-td4<\/a><\/li>\n<li>CM5: D\u00e9duction naturelle. Slides: <a href=\"http:\/\/members.loria.fr\/ChuyuanLi\/wp-content\/blogs.dir\/216\/files\/sites\/216\/2023\/12\/cm5.pdf\">frr-cm5<\/a><\/li>\n<li>TD5: <a href=\"http:\/\/members.loria.fr\/ChuyuanLi\/wp-content\/blogs.dir\/216\/files\/sites\/216\/2023\/12\/td5.pdf\">frr-td5<\/a><\/li>\n<\/ul>\n<\/li>\n<\/ul>\n<\/li>\n<li><strong>Introduction to NLP<\/strong> (undergrad L2, L3 Sciences Cognitives) &#8212; TA, <em>Spring 2020, Spring 2021, Spring 2022<\/em>\n<ul>\n<li>I was the TA for 1 group of L2 students and 2 groups for L3 students. I mainly designed TD materials for 10 sessions.<\/li>\n<li>L2 &#8212; Traitement Automatique des Langues\n<ul>\n<li>TD1: <a href=\"http:\/\/members.loria.fr\/ChuyuanLi\/wp-content\/blogs.dir\/216\/files\/sites\/216\/2023\/12\/TD1.pdf\">l2-tal-TD1<\/a><\/li>\n<li>TD2: <a href=\"http:\/\/members.loria.fr\/ChuyuanLi\/wp-content\/blogs.dir\/216\/files\/sites\/216\/2023\/12\/td2-1.pdf\">l2-tal-td2<\/a><\/li>\n<li>TD3: <a href=\"http:\/\/members.loria.fr\/ChuyuanLi\/wp-content\/blogs.dir\/216\/files\/sites\/216\/2023\/12\/td3-1.pdf\">l2-tal-td3<\/a><\/li>\n<li>TD4: <a href=\"http:\/\/members.loria.fr\/ChuyuanLi\/wp-content\/blogs.dir\/216\/files\/sites\/216\/2023\/12\/td4-1.pdf\">l2-tal-td4<\/a><\/li>\n<li>TD5: <a href=\"http:\/\/members.loria.fr\/ChuyuanLi\/wp-content\/blogs.dir\/216\/files\/sites\/216\/2023\/12\/td5-1.pdf\">l2-tal-td5<\/a><\/li>\n<li>TD6-7: <a href=\"http:\/\/members.loria.fr\/ChuyuanLi\/wp-content\/blogs.dir\/216\/files\/sites\/216\/2023\/12\/td6-RegEx.pdf\">l2-tal-td6<\/a><\/li>\n<li>TD8: <a href=\"http:\/\/members.loria.fr\/ChuyuanLi\/wp-content\/blogs.dir\/216\/files\/sites\/216\/2023\/12\/TD8.pdf\">l2-tal-TD8<\/a><\/li>\n<li>TD9: <a href=\"http:\/\/members.loria.fr\/ChuyuanLi\/wp-content\/blogs.dir\/216\/files\/sites\/216\/2023\/12\/td9.pdf\">l2-tal-td9<\/a><\/li>\n<li>TD10: <a href=\"http:\/\/members.loria.fr\/ChuyuanLi\/wp-content\/blogs.dir\/216\/files\/sites\/216\/2023\/12\/td10.pdf\">l2-tal-td10<\/a><\/li>\n<\/ul>\n<\/li>\n<li>L3 &#8212; Ing\u00e9nierie des langues. For L3 students, I created Jupyter notebooks for implementation exercises.\n<ul>\n<li>TD1: <a href=\"http:\/\/members.loria.fr\/ChuyuanLi\/wp-content\/blogs.dir\/216\/files\/sites\/216\/2023\/12\/td1-1.pdf\">td1<\/a><\/li>\n<li>TD2: <a href=\"http:\/\/members.loria.fr\/ChuyuanLi\/wp-content\/blogs.dir\/216\/files\/sites\/216\/2023\/12\/td2-2.pdf\">td2<\/a><\/li>\n<li>TD3: <a href=\"http:\/\/members.loria.fr\/ChuyuanLi\/wp-content\/blogs.dir\/216\/files\/sites\/216\/2023\/12\/td3-2.pdf\">td3<\/a><\/li>\n<li>TD4: <a href=\"http:\/\/members.loria.fr\/ChuyuanLi\/wp-content\/blogs.dir\/216\/files\/sites\/216\/2023\/12\/TD4._sujet.pdf\">TD4._sujet<\/a><\/li>\n<li>TD5: <a href=\"http:\/\/members.loria.fr\/ChuyuanLi\/wp-content\/blogs.dir\/216\/files\/sites\/216\/2023\/12\/TD5._sujet.pdf\">TD5._sujet<\/a><\/li>\n<li>TD6-7: <a href=\"http:\/\/members.loria.fr\/ChuyuanLi\/wp-content\/blogs.dir\/216\/files\/sites\/216\/2023\/12\/TD6._sujet.pdf\">TD6._sujet<\/a><\/li>\n<li>TD8-9: <a href=\"http:\/\/members.loria.fr\/ChuyuanLi\/wp-content\/blogs.dir\/216\/files\/sites\/216\/2023\/12\/TD8._sujet.pdf\">TD8._sujet<\/a><\/li>\n<li>TD10: <a href=\"http:\/\/members.loria.fr\/ChuyuanLi\/wp-content\/blogs.dir\/216\/files\/sites\/216\/2023\/12\/TD10._sujet.pdf\">TD10._sujet<\/a><\/li>\n<\/ul>\n<\/li>\n<\/ul>\n<\/li>\n<li><strong>C Language Programming<\/strong> (undergrad L1 Maths) &#8212; TA, <em>Spring 2021<\/em><\/li>\n<\/ul>\n<h4>CONFERENCES &amp; TALKS<\/h4>\n<ul>\n<li>02\/2024: AAAI conference, ML4CMH workshop<\/li>\n<li>07\/2023: ACL conference, <a href=\"https:\/\/sites.google.com\/view\/codi-2023\/schedule?authuser=0\">CODI workshop<\/a>\u00a0(poster presentation)<\/li>\n<li>05\/2023: EACL conference<\/li>\n<li>10\/2022: COLING conference, <a href=\"https:\/\/sites.google.com\/view\/codi-2022\/home\">CODI workshop<\/a>\u00a0(oral presentation)<\/li>\n<li>09\/2022: <a href=\"https:\/\/2022.sigdial.org\">SIGdial <\/a>conference (poster presentation)<\/li>\n<li>09\/2022: <span dir=\"ltr\" role=\"presentation\">Caf\u00e9\u00a0<\/span><span dir=\"ltr\" role=\"presentation\">TAL Seminar at ATILF, invited speaker, &#8220;Discourse Structure Extraction in Dialogues&#8221;.<\/span><\/li>\n<li>11\/2021: EMNLP conference, <a href=\"https:\/\/sites.google.com\/view\/codi-2021\/schedule\">CODI workshop<\/a>\u00a0(online presentation)<\/li>\n<li>02\/2021: Seminar\u00a0<a href=\"https:\/\/www.irit.fr\/TLH-Sante2021\/\">Journ\u00e9e commune AFIA-THL \/ ATALA &#8211; la sant\u00e9 et le langage<\/a>\u00a0(online <a href=\"https:\/\/www.irit.fr\/TLH-Sante2021\/wp-content\/uploads\/2021\/01\/Sante-et-TAL-2021_Li-et-al.pdf\">presentation)<\/a><\/li>\n<li>06\/2020 : <a href=\"https:\/\/jep-taln2020.loria.fr\">JEP-TALN-RECITAL <\/a>conference (online\u00a0presentation)<\/li>\n<\/ul>\n","protected":false},"excerpt":{"rendered":"<p>TEACHING<\/p>\n<p>Most of my teaching is at\u00a0<a href=\"https:\/\/idmc.univ-lorraine.fr\">IDMC<\/a>, Universit\u00e9 de Lorraine, Nancy, from Fall 2019 to Spring 2023.<\/p>\n<p>[Master students]<\/p>\n<ul>\n<li>Discourse &amp; Dialogue (master TAL) &#8212; TA,\u00a0<em>Spring 2023<\/em>\n<ul>\n<li>I developed an annotation platform for SDRT-style discourse annotation with a collegue, ref <a href=\"https:\/\/members.loria.fr\/ChuyuanLi\/sdrt\/\">this page<\/a>\u00a0for more details.<\/li>\n<\/ul>\n<\/li>\n<li>Introduction to <a href=\"https:\/\/www.grid5000.fr\/w\/Grid5000:Home\">Grid&#8217;5000<\/a> (master TAL) &#8211; Instructor, <em>Fall 2020, Fall 2021, Fall 2022, Fall 2023<\/em>\n<ul>\n<li>I was the instructor for this course. I designed CM materials.<\/li>\n<li>Slides: <a href=\"http:\/\/members.loria.fr\/ChuyuanLi\/wp-content\/blogs.dir\/216\/files\/sites\/216\/2023\/12\/Introduction_to_Grid5000_part1.pdf\">Introduction_to_Grid5000_part1<\/a>,<\/li>\n<\/ul>\n<\/li>\n<\/ul>\n","protected":false},"author":200,"featured_media":0,"parent":0,"menu_order":0,"comment_status":"closed","ping_status":"closed","template":"page-fullwidth.php","meta":{"footnotes":""},"class_list":["post-327","page","type-page","status-publish","hentry"],"_links":{"self":[{"href":"https:\/\/members.loria.fr\/ChuyuanLi\/wp-json\/wp\/v2\/pages\/327","targetHints":{"allow":["GET"]}}],"collection":[{"href":"https:\/\/members.loria.fr\/ChuyuanLi\/wp-json\/wp\/v2\/pages"}],"about":[{"href":"https:\/\/members.loria.fr\/ChuyuanLi\/wp-json\/wp\/v2\/types\/page"}],"author":[{"embeddable":true,"href":"https:\/\/members.loria.fr\/ChuyuanLi\/wp-json\/wp\/v2\/users\/200"}],"replies":[{"embeddable":true,"href":"https:\/\/members.loria.fr\/ChuyuanLi\/wp-json\/wp\/v2\/comments?post=327"}],"version-history":[{"count":44,"href":"https:\/\/members.loria.fr\/ChuyuanLi\/wp-json\/wp\/v2\/pages\/327\/revisions"}],"predecessor-version":[{"id":709,"href":"https:\/\/members.loria.fr\/ChuyuanLi\/wp-json\/wp\/v2\/pages\/327\/revisions\/709"}],"wp:attachment":[{"href":"https:\/\/members.loria.fr\/ChuyuanLi\/wp-json\/wp\/v2\/media?parent=327"}],"curies":[{"name":"wp","href":"https:\/\/api.w.org\/{rel}","templated":true}]}}