{"id":10,"date":"2015-06-15T10:23:49","date_gmt":"2015-06-15T08:23:49","guid":{"rendered":"http:\/\/members.loria.fr\/thierrygartiser\/?page_id=10"},"modified":"2026-03-19T13:31:57","modified_gmt":"2026-03-19T11:31:57","slug":"cv","status":"publish","type":"page","link":"https:\/\/members.loria.fr\/DBoltcheva\/cv\/","title":{"rendered":"CV"},"content":{"rendered":"<h4 class=\"cv\">Professional Experience<\/h4>\n<ul>\n<li><span class=\"s1\">since 2011:<strong> Associate Professor (Ma\u00eetre de Conf\u00e9rences)<\/strong>, <em>University of Lorraine<\/em>, Nancy (France).<\/span><\/li>\n<li>2009-2011 : <strong>Post-Doc<\/strong> at INRIA, the <a href=\"https:\/\/evasion.imag.fr\/\"> EVASION<\/a> team &#8211; Grenoble<\/li>\n<li class=\"p1\">2008-2009 : <strong>Post-Doc<\/strong> at INRIA, the <a href=\"http:\/\/www-sop.inria.fr\/geometrica\/\"> GEOMETRICA<\/a> team &#8211; Sophia Antipolis<\/li>\n<li>2006-2008 : Teaching Computer Science at <a href=\"http:\/\/iutrs.unistra.fr\/\"> IUT Robert Schuman<\/a> as <strong>ATER<\/strong>.<\/li>\n<li class=\"p1\"><span class=\"s1\">2003-2006 : Teaching Computer Science at <a href=\"http:\/\/iutrs.unistra.fr\/\"> IUT Robert Schuman<\/a> as \u00ab\u00a0<strong>moniteur\u00a0\u00bb<\/strong>.<br \/>\n<\/span><\/li>\n<\/ul>\n<h4 class=\"cv\">Education<\/h4>\n<ul>\n<li>2000-2025 : Completed a full <em>Traditional Chinese Medicine curriculum<\/em> at <a href=\"https:\/\/www.ilmtc.fr\/\">ILMTC<\/a> under the supervision of <a href=\"https:\/\/www.ilmtc.fr\/eric-bourbonnais\">Dr Eric Bourbonnais<\/a>, covering acupuncture, pharmacopoeia, dietetics, Tui Na, and Qi Gong. The program included extensive clinical training, comprising one internship at <a href=\"https:\/\/chr-metz-thionville.fr\/\">Mercy Hospital<\/a> and two clinical experiences in China at <em>the Wuhan TCM Hospital<\/em> and <em>the Nanjing TCM Hospital<\/em>.<\/li>\n<li>2003-2007 : Ph.D. in Computer Science from the <a href=\"http:\/\/www.unistra.fr\/\"> University of Strasbourg<\/a>, in the Computer Graphics and Geometry <a href=\"https:\/\/lsiit-cnrs.unistra.fr\/igg-en\/index.php\/Main_Page\"> IGG <\/a> team of the <a href=\"http:\/\/lsiit.u-strasbg.fr\/\"> LSIIT <\/a> Lab, in collaboration with <a href=\"https:\/\/www.ircad.fr\/fr\/\">IRCAD<\/a>.<br \/>\nThesis (in French): Mod\u00e9lisation g\u00e9om\u00e9trique et topologique des images discr\u00e8tes. <a href=\"http:\/\/lsiit.u-strasbg.fr\/Publications\/2007\/Bol07\/these_boltcheva.pdf\"> [Download] <\/a><\/li>\n<li class=\"p1\"><span class=\"s1\">1998-2003 : Master in Computer Science from the <a href=\"http:\/\/www.unistra.fr\/\"> University of Strasbourg<\/a>.<br \/>\nThesis (in French): Segmentation anatomique du foie \u00e0 partir des rep\u00e8res internes et externes. <a href=\"http:\/\/lsiit.u-strasbg.fr\/Publications\/2003\/Bol03\/DEA_boltcheva.pdf\"> [Download] <\/a><br \/>\n<\/span><\/li>\n<\/ul>\n<h4 class=\"cv\"><strong>Program committee<\/strong><\/h4>\n<ul>\n<li>2017-2024 : Symposium of Solid and Physical Modeling (SPM) &#8211; a leading international conference on computer-aided design and physics-based modeling<\/li>\n<\/ul>\n<h4 class=\"cv\"><strong>Reviewing committee<\/strong><\/h4>\n<ul>\n<li>SIGGRAPH 2014,2016,2017,2019,2020<\/li>\n<li>Eurographics 2015,2016,2021<\/li>\n<li>SPM 2015, 2016, 2017, 2018<\/li>\n<li>TVCG 2016<\/li>\n<li>The Visual Computer 2015, 2016<\/li>\n<li>JFIG 2017-2024<\/li>\n<li>CAD 2019, GMOD 2019<\/li>\n<li>Reproductibility Stamp : 2000-2023<\/li>\n<\/ul>\n<h4 class=\"cv\">Skills<\/h4>\n<div id=\"skillbar_straight\" style=\"padding:10px 0;\">\n\n<div class=\"skillbar clearfix\" data-percent=\"70%\" style=\"background: #eeeeee;\">\r\n\t\t\t\t<div class=\"skillbar-title\" style=\"background: #336699 !important;\"><span>geometric modeling<\/span><\/div>\r\n\t\t\t\t<div class=\"skillbar-bar\" style=\"background: #336699;\"><\/div>\r\n\t\t\t\t<div class=\"skill-bar-percent\">70%<\/div>\r\n\t\t\t<\/div>\n\n<div class=\"skillbar clearfix\" data-percent=\"90%\" style=\"background: #eeeeee;\">\r\n\t\t\t\t<div class=\"skillbar-title\" style=\"background: #336699 !important;\"><span>mesh generation<\/span><\/div>\r\n\t\t\t\t<div class=\"skillbar-bar\" style=\"background: #336699;\"><\/div>\r\n\t\t\t\t<div class=\"skill-bar-percent\">90%<\/div>\r\n\t\t\t<\/div>\n\n<div class=\"skillbar clearfix\" data-percent=\"90%\" style=\"background: #eeeeee;\">\r\n\t\t\t\t<div class=\"skillbar-title\" style=\"background: #336699 !important;\"><span>surface reconstruction<\/span><\/div>\r\n\t\t\t\t<div class=\"skillbar-bar\" style=\"background: #336699;\"><\/div>\r\n\t\t\t\t<div class=\"skill-bar-percent\">90%<\/div>\r\n\t\t\t<\/div><\/p>\n<p><div class=\"skillbar clearfix\" data-percent=\"60%\" style=\"background: #eeeeee;\">\r\n\t\t\t\t<div class=\"skillbar-title\" style=\"background: #336699 !important;\"><span>computational topology<\/span><\/div>\r\n\t\t\t\t<div class=\"skillbar-bar\" style=\"background: #336699;\"><\/div>\r\n\t\t\t\t<div class=\"skill-bar-percent\">60%<\/div>\r\n\t\t\t<\/div>\n\n\n<div style=\"clear:both;\"><\/div>\n<\/div>\n<div style=\"clear:both; height:10px; overflow:hidden;\"><\/div>\n<style type=\"text\/css\">.skillbar-title{font-size:px;color:;}.skill-bar-percent{font-size:px;color:;}<\/style><script>\r\n\t\t\t\tfunction sbar(){\r\n\t\t\t\t\tjQuery(\".skillbar\").each(function(){\r\n\t\t\t\t\t\tjQuery(this).find(\".skillbar-bar\").animate({\r\n\t\t\t\t\t\t\twidth:jQuery(this).attr(\"data-percent\")\r\n\t\t\t\t\t\t},3000);\r\n\t\t\t\t\t});\t\r\n\t\t\t\t}\r\n\t\t\t\tif ( jQuery(\"#skillbar_straight\").next().is(\":appeared\") ){\r\n\t\t\t\t\tsbar();\r\n\t\t\t\t} else {\r\n\t\t\t\t\tjQuery( window ).scroll(function() {\r\n\t\t\t\t\t\tif ( jQuery(\"#skillbar_straight\").next().is(\":appeared\") ){\r\n\t\t\t\t\t\t\tsbar();\r\n\t\t\t\t\t\t}\r\n\t\t\t\t\t});\r\n\t\t\t\t}\r\n\t\t\t\t<\/script>\n","protected":false},"excerpt":{"rendered":"<p>Professional Experience<\/p>\n<ul>\n<li>since 2011: Associate Professor (Ma\u00eetre de Conf\u00e9rences), <em>University of Lorraine<\/em>, Nancy (France).<\/li>\n<li>2009-2011 : Post-Doc at INRIA, the <a href=\"https:\/\/evasion.imag.fr\/\"> EVASION<\/a> team &#8211; Grenoble<\/li>\n<li class=\"p1\">2008-2009 : Post-Doc at INRIA, the <a href=\"http:\/\/www-sop.inria.fr\/geometrica\/\"> GEOMETRICA<\/a> team &#8211; Sophia Antipolis<\/li>\n<li>2006-2008 : Teaching Computer Science at <a href=\"http:\/\/iutrs.unistra.fr\/\"> IUT Robert Schuman<\/a> as ATER.<\/li>\n<li class=\"p1\">2003-2006 : Teaching Computer Science at <a href=\"http:\/\/iutrs.unistra.fr\/\"> IUT Robert Schuman<\/a> as \u00ab\u00a0moniteur\u00a0\u00bb.\n<\/li>\n<\/ul>\n<p>Education<\/p>\n<ul>\n<li>2000-2025 : Completed a full <em>Traditional Chinese Medicine curriculum<\/em> at <a href=\"https:\/\/www.ilmtc.fr\/\">ILMTC<\/a> under the supervision of <a href=\"https:\/\/www.ilmtc.fr\/eric-bourbonnais\">Dr Eric Bourbonnais<\/a>,<\/li>\n<\/ul>\n","protected":false},"author":5,"featured_media":0,"parent":0,"menu_order":0,"comment_status":"closed","ping_status":"closed","template":"","meta":{"footnotes":""},"class_list":["post-10","page","type-page","status-publish","hentry"],"_links":{"self":[{"href":"https:\/\/members.loria.fr\/DBoltcheva\/wp-json\/wp\/v2\/pages\/10","targetHints":{"allow":["GET"]}}],"collection":[{"href":"https:\/\/members.loria.fr\/DBoltcheva\/wp-json\/wp\/v2\/pages"}],"about":[{"href":"https:\/\/members.loria.fr\/DBoltcheva\/wp-json\/wp\/v2\/types\/page"}],"author":[{"embeddable":true,"href":"https:\/\/members.loria.fr\/DBoltcheva\/wp-json\/wp\/v2\/users\/5"}],"replies":[{"embeddable":true,"href":"https:\/\/members.loria.fr\/DBoltcheva\/wp-json\/wp\/v2\/comments?post=10"}],"version-history":[{"count":80,"href":"https:\/\/members.loria.fr\/DBoltcheva\/wp-json\/wp\/v2\/pages\/10\/revisions"}],"predecessor-version":[{"id":423,"href":"https:\/\/members.loria.fr\/DBoltcheva\/wp-json\/wp\/v2\/pages\/10\/revisions\/423"}],"wp:attachment":[{"href":"https:\/\/members.loria.fr\/DBoltcheva\/wp-json\/wp\/v2\/media?parent=10"}],"curies":[{"name":"wp","href":"https:\/\/api.w.org\/{rel}","templated":true}]}}