{"id":385,"date":"2018-11-07T13:25:54","date_gmt":"2018-11-07T11:25:54","guid":{"rendered":"http:\/\/members.loria.fr\/DBoltcheva\/?page_id=385"},"modified":"2026-03-19T18:24:39","modified_gmt":"2026-03-19T16:24:39","slug":"interships","status":"publish","type":"page","link":"https:\/\/members.loria.fr\/DBoltcheva\/interships\/","title":{"rendered":"Interships"},"content":{"rendered":"<h5>2024-2025<\/h5>\n<ul>\n<li><span style=\"color: #33cccc\"><strong>D\u00e9veloppement d&rsquo;un assistant web pour le traitement de souvenirs traumatiques par EMDR avec suivi du regard en temps r\u00e9el<\/strong><\/span><\/li>\n<li><span style=\"color: #808080\">r\u00e9alis\u00e9 par Diego Riviere-Jombart (stage de fin BUT 3 INFO)<\/span><\/li>\n<\/ul>\n<p>Le but de ce projet est de continuer et finir l&rsquo;assistant web permettant de traiter les souvenirs traumatiques, d\u00e9but\u00e9 l&rsquo;ann\u00e9e pr\u00e9c\u00e9dente par Lucas Poirot.<\/p>\n<hr \/>\n<h5>2023-2024<\/h5>\n<ul>\n<li><span style=\"color: #800080\"><strong>Reconnaissance des gestes d&rsquo;une main (<em>Master 1)<\/em><\/strong><\/span><\/li>\n<li><span style=\"color: #808080\">r\u00e9alis\u00e9 par Claire Kurth et Victor Dall\u00e9<\/span><\/li>\n<\/ul>\n<p>Le but de ce projet est d&rsquo;impl\u00e9menter un syst\u00e8me de reconnaissance des mouvements de la main \u00e0 l&rsquo;aide d&rsquo;un classificateur classique Haar-cascade.<br \/>\nLe syst\u00e8me doit reconna\u00eetre le geste de la main de l&rsquo;utilisateur (poing, un doigt, deux, trois, quatre,&#8230;) et le mapper \u00e0 diff\u00e9rentes t\u00e2ches telles que le lancement d&rsquo;applications comme le bloc-notes, la peinture, et l&rsquo;ouverture de sites web.<\/p>\n<p>Le syst\u00e8me doit \u00eatre mis en oeuvre avec l&rsquo;aide de la librairie de \u00ab\u00a0Computer Vision\u00a0\u00bb &#8211; OpenCV, comme dans le papier exemple ci-joint. Une extension possible serait l&rsquo;impl\u00e9mentation d&rsquo;un syst\u00e8me de d\u00e9tection des mouvements de la t\u00eate ou du corps, tout entier.<\/p>\n<ul>\n<li><span style=\"color: #008000\"><strong>ANAMNES&rsquo;IT<\/strong><em><strong> (BUT 2A)<\/strong><\/em><\/span><\/li>\n<li><span style=\"color: #808080\">r\u00e9alis\u00e9 par Jean-Baptiste Paquin et Diego Riviere-Jombart<\/span><\/li>\n<\/ul>\n<p class=\"western\"><span lang=\"fr-FR\">Le<\/span> stage consiste \u00e0 concevoir et d\u00e9velopper une plateforme web d\u00e9di\u00e9e \u00e0 l&rsquo;h\u00e9bergement de questionnaires d&rsquo;anamn\u00e8se, accessible aux praticiens et consultants.<\/p>\n<ul>\n<li><span style=\"color: #800000\"><strong>D\u00e9veloppement d&rsquo;un assistant virtuel pour le traitement de souvenirs traumatiques<\/strong> (<em><strong>BUT 3A)<\/strong><\/em><\/span><\/li>\n<li><span style=\"color: #808080\">r\u00e9alis\u00e9 par Lucas Poirot<\/span><\/li>\n<\/ul>\n<p><a name=\"DWT1451\"><\/a>Ce sujet s&rsquo;appuie sur des recherches r\u00e9centes qui ont montr\u00e9 l&rsquo;efficacit\u00e9 de l&rsquo;EMDR (Eye Movement Desensitization and Reprocessing) dans le traitement et l\u2019int\u00e9gration des souvenirs traumatiques [HealthCareEMDR,2022].<\/p>\n<p class=\"western\">Le syst\u00e8me propos\u00e9 reposera sur l&rsquo;utilisation d&rsquo;un assistant virtuel dot\u00e9 d&rsquo;actionneurs vid\u00e9o, tactiles et audio. Cette approche innovante vise \u00e0 fournir une exp\u00e9rience immersive et plus efficace que les traitements EMDR traditionnels. En int\u00e9grant des \u00e9l\u00e9ments visuels, tactiles et sonores, le syst\u00e8me peut cr\u00e9er un environnement virtuel qui aide les individus \u00e0 revisiter leurs souvenirs traumatiques de mani\u00e8re contr\u00f4l\u00e9e et s\u00e9curis\u00e9e.<\/p>\n<p class=\"western\">L&rsquo;utilisation d&rsquo;\u00e9l\u00e9ments vid\u00e9o permettrait de recr\u00e9er des sc\u00e9narios ou des situations sp\u00e9cifiques associ\u00e9es aux souvenirs traumatiques, offrant ainsi aux patients une opportunit\u00e9 de les confronter progressivement. Les actionneurs tactiles pourraient simuler des sensations physiques li\u00e9es au souvenir, aidant ainsi \u00e0 renforcer la connexion entre l&rsquo;exp\u00e9rience \u00e9motionnelle et la m\u00e9moire sensorielle. De plus, les \u00e9l\u00e9ments audio pourraient \u00eatre utilis\u00e9s pour fournir des instructions guid\u00e9es ou des techniques de relaxation pour aider les patients \u00e0 g\u00e9rer leur anxi\u00e9t\u00e9 pendant le traitement.<\/p>\n<hr \/>\n<h5>2019-2020<\/h5>\n<ul>\n<li><em><strong>Master 2<\/strong> : <\/em>D\u00e9tections des lignes caract\u00e9ristiques \u00e0 partir de donn\u00e9es scanners de massifs rocheux : <a href=\"http:\/\/members.loria.fr\/DBoltcheva\/wp-content\/blogs.dir\/91\/files\/sites\/91\/2019\/01\/sujetM1_2018.pdf\">sujet<\/a><\/li>\n<li><em><strong>Master 2<\/strong> :<\/em> Analyse d&rsquo;un algorithme de reconstruction surfacique :\u00a0 <a href=\"https:\/\/members.loria.fr\/DBoltcheva\/files\/sujet_stage_reconstruction.pdf\">sujet<\/a><\/li>\n<li><em><strong>Master 2<\/strong> : <\/em>Geometrical and topological mesh filtering for fabrication : <a href=\"https:\/\/members.loria.fr\/DBoltcheva\/files\/MeshFiltering.pdf\">sujet<\/a><\/li>\n<\/ul>\n<hr \/>\n<h5>2018-2019<\/h5>\n<ul>\n<li><em><strong>Master 2<\/strong> : <\/em>Reconnaissance de b\u00e2timents \u00e0 partir de nuages de points 3D : <span style=\"color: #808080\"><em>r\u00e9alis\u00e9 par Chouaib Fellah M2 Universit\u00e9 de Strasbourg et <span id=\"DWT318\" class=\"ZmSearchResult\">Damien<\/span> Liehn 5A Polytech Nancy<\/em><\/span><\/li>\n<li><em><strong>Master 2<\/strong> :<\/em> Analyse d&rsquo;un algorithme de reconstruction surfacique<\/li>\n<li><em><strong>Master 2<\/strong> : <\/em>Geometrical and topological mesh filtering for fabrication<\/li>\n<li><em><strong>Master 1<\/strong> : <\/em>D\u00e9tections des lignes caract\u00e9ristiques \u00e0 partir de donn\u00e9es scanners de massifs rocheux<\/li>\n<\/ul>\n<hr \/>\n<h5>2017-2018<\/h5>\n<ul>\n<li><em><strong>Master 1<\/strong> :\u00a0<\/em>Acquisition de donn\u00e9es 3D par cam\u00e9ra TrueDepth et applications : <span style=\"color: #808080\"><em>r\u00e9alis\u00e9 par Antoine Courtil &amp; Nathan Winger, M1 Universit\u00e9 de Lorraine<\/em><\/span><\/li>\n<\/ul>\n<hr \/>\n<h5>2016-2017<\/h5>\n<ul>\n<li><em><strong>Master 2<\/strong> :<\/em> 3D point sets registration :<span style=\"color: #808080\"><em> r\u00e9alis\u00e9 par Adrien Jeannerot, M2 Universit\u00e9 de Lorraine<\/em><\/span><\/li>\n<\/ul>\n<hr \/>\n<p>&nbsp;<\/p>\n","protected":false},"excerpt":{"rendered":"<p>2024-2025<\/p>\n<ul>\n<li>D\u00e9veloppement d&rsquo;un assistant web pour le traitement de souvenirs traumatiques par EMDR avec suivi du regard en temps r\u00e9el<\/li>\n<li>r\u00e9alis\u00e9 par Diego Riviere-Jombart (stage de fin BUT 3 INFO)<\/li>\n<\/ul>\n<p>Le but de ce projet est de continuer et finir l&rsquo;assistant web permettant de traiter les souvenirs traumatiques, d\u00e9but\u00e9 l&rsquo;ann\u00e9e pr\u00e9c\u00e9dente par Lucas Poirot.<\/p>\n<p>2023-2024<\/p>\n<ul>\n<li>Reconnaissance des gestes d&rsquo;une main (<em>Master 1)<\/em><\/li>\n<li>r\u00e9alis\u00e9 par Claire Kurth et Victor Dall\u00e9<\/li>\n<\/ul>\n<p>Le but de ce projet est d&rsquo;impl\u00e9menter un syst\u00e8me de reconnaissance des mouvements de la main \u00e0 l&rsquo;aide d&rsquo;un classificateur classique Haar-cascade.<\/p>\n","protected":false},"author":74,"featured_media":0,"parent":0,"menu_order":0,"comment_status":"closed","ping_status":"closed","template":"","meta":{"footnotes":""},"class_list":["post-385","page","type-page","status-publish","hentry"],"_links":{"self":[{"href":"https:\/\/members.loria.fr\/DBoltcheva\/wp-json\/wp\/v2\/pages\/385","targetHints":{"allow":["GET"]}}],"collection":[{"href":"https:\/\/members.loria.fr\/DBoltcheva\/wp-json\/wp\/v2\/pages"}],"about":[{"href":"https:\/\/members.loria.fr\/DBoltcheva\/wp-json\/wp\/v2\/types\/page"}],"author":[{"embeddable":true,"href":"https:\/\/members.loria.fr\/DBoltcheva\/wp-json\/wp\/v2\/users\/74"}],"replies":[{"embeddable":true,"href":"https:\/\/members.loria.fr\/DBoltcheva\/wp-json\/wp\/v2\/comments?post=385"}],"version-history":[{"count":39,"href":"https:\/\/members.loria.fr\/DBoltcheva\/wp-json\/wp\/v2\/pages\/385\/revisions"}],"predecessor-version":[{"id":612,"href":"https:\/\/members.loria.fr\/DBoltcheva\/wp-json\/wp\/v2\/pages\/385\/revisions\/612"}],"wp:attachment":[{"href":"https:\/\/members.loria.fr\/DBoltcheva\/wp-json\/wp\/v2\/media?parent=385"}],"curies":[{"name":"wp","href":"https:\/\/api.w.org\/{rel}","templated":true}]}}