{"id":56,"date":"2015-06-16T13:44:07","date_gmt":"2015-06-16T11:44:07","guid":{"rendered":"http:\/\/members.loria.fr\/thierrygartiser\/?page_id=56"},"modified":"2026-03-23T08:27:57","modified_gmt":"2026-03-23T06:27:57","slug":"accueil","status":"publish","type":"page","link":"https:\/\/members.loria.fr\/DBoltcheva\/","title":{"rendered":"Home"},"content":{"rendered":"<h5><b>Welcome to my professional web page! <\/b><\/h5>\n<p>I am an associate professor (ma\u00eetre de conf\u00e9rences) in Computer Science since 2011 at the <a href=\"http:\/\/www.univ-lorraine.fr\/\">Univer<\/a><a href=\"http:\/\/members.loria.fr\/DBoltcheva\/wp-content\/blogs.dir\/91\/files\/sites\/91\/2018\/12\/wordcloud3-1.png\"><img loading=\"lazy\" decoding=\"async\" class=\" wp-image-411 alignleft\" src=\"http:\/\/members.loria.fr\/DBoltcheva\/wp-content\/blogs.dir\/91\/files\/sites\/91\/2018\/12\/wordcloud3-1-300x206.png\" alt=\"\" width=\"277\" height=\"190\" srcset=\"https:\/\/members.loria.fr\/DBoltcheva\/wp-content\/blogs.dir\/91\/files\/sites\/91\/2018\/12\/wordcloud3-1-300x206.png 300w, https:\/\/members.loria.fr\/DBoltcheva\/wp-content\/blogs.dir\/91\/files\/sites\/91\/2018\/12\/wordcloud3-1.png 762w\" sizes=\"auto, (max-width: 277px) 100vw, 277px\" \/><\/a><a href=\"http:\/\/www.univ-lorraine.fr\/\">sity of Lorraine<\/a>.<\/p>\n<p>My <a href=\"http:\/\/members.loria.fr\/DBoltcheva\/teaching\/\">teaching<\/a> position was within the <a href=\"http:\/\/iutsd.univ-lorraine.fr\/departement-informatique\/dut-info\/\">Departement of Computing<\/a> of the <a href=\"http:\/\/iutsd.univ-lorraine.fr\/\">IUT Saint-Di\u00e9-des-Vosges<\/a>.<\/p>\n<p>Since September 2025, I moved within the <a href=\"https:\/\/polytech-nancy.univ-lorraine.fr\/formation\/informatique-automatique-robotique-reseaux-ia2r\/\">Departement IA2R<\/a> of <a href=\"https:\/\/polytech-nancy.univ-lorraine.fr\/\">Polytech Nancy<\/a>.<\/p>\n<p>My <a href=\"http:\/\/members.loria.fr\/DBoltcheva\/projets\/\">research<\/a> position is within the\u00a0<a href=\"http:\/\/pixel.inria.fr\/\">PIXEL team<\/a>\u00a0 of the <a href=\"http:\/\/www.loria.fr\/\">LORIA lab<\/a>, which is a joint<b> <\/b>unit of <a href=\"http:\/\/www.inria.fr\/\">INRIA<\/a>, <a href=\"http:\/\/www.univ-lorraine.fr\/\">CNRS <\/a>and<a href=\"http:\/\/www.univ-lorraine.fr\/\"> University of Lorraine.<\/a><\/p>\n<h1>\u00a0BIO<\/h1>\n<p>Ma\u00eetre de conf\u00e9rences en Informatique Graphique, j\u2019explore comment concevoir et manipuler des mod\u00e8les 3D de mani\u00e8re plus intuitive.<\/p>\n<p>J\u2019ai r\u00e9alis\u00e9 ma th\u00e8se au laboratoire ICUBE \u00e0 Strasboug, sous la direction de Dominique Bechmann, en collaboration avec l\u2019IRCAD et Luc Soler, o\u00f9 j\u2019ai d\u00e9velopp\u00e9 des algorithmes de maillage pour reconstruire des organes segment\u00e9s \u00e0 partir d\u2019images m\u00e9dicales.<\/p>\n<p>J\u2019ai poursuivi mes travaux \u00e0 Inria Sophia-Antipolis avec Marette Yvinec et Jean-Daniel Boissonnat, en travaillant sur le raffinement de Delaunay dans CGAL pour la g\u00e9n\u00e9ration de maillages robustes. Mon second post-doctorat, \u00e0 Inria Grenoble avec Jean-Claude L\u00e9on et Franck H\u00e9troy, m\u2019a conduit vers deux nouveaux axes : le calcul it\u00e9ratif de propri\u00e9t\u00e9s topologiques de mod\u00e8les CAD (homologie alg\u00e9brique) et la segmentation s\u00e9mantique de nuages de points LIDAR, \u00e9chantillonn\u00e9s sur des arbres en for\u00eat.<\/p>\n<p>Devenue ma\u00eetre de conf\u00e9rences, j\u2019ai poursuivi mes recherches au LORIA\/Inria Grand-Est, avec Bruno L\u00e9vy, autour de la reconstruction de surfaces triangul\u00e9es \u00e0 partir de nuages de points et de la mod\u00e9lisation automatique de toits \u00e0 l\u2019\u00e9chelle d\u2019une ville \u2014 une \u00e9tape cl\u00e9 vers la cr\u00e9ation de jumeaux num\u00e9riques urbains (mod\u00e8les 3D de type BIM).<\/p>\n<p>Parall\u00e8lement \u00e0 mon parcours scientifique, j\u2019ai \u00e9tudi\u00e9 la m\u00e9decine traditionnelle chinoise (MTC) de 2000 \u00e0 2005 \u00e0 l\u2019ILMTC aupr\u00e8s du Dr Eric Bourbonnais. En 2025, je suis devenue th\u00e9rapeute MTC compl\u00e8te, form\u00e9e en acupuncture, pharmacop\u00e9e, massage Tui Na, di\u00e9t\u00e9tique et Qi Gong.<\/p>\n<p>Cette double culture \u2014 algorithmique et \u00e9nerg\u00e9tique \u2014 nourrit aujourd\u2019hui mon int\u00e9r\u00eat pour les <em>mind machines<\/em>, des environnements immersifs capables de moduler l\u2019\u00e9tat \u00e9motionnel de l\u2019utilisateur.<\/p>\n<p>Mon projet principal, AFFECT, explore une approche innovante de <em>mod\u00e9lisation fr\u00e9quentielle<\/em> des environnements immersifs. L\u2019id\u00e9e est de concevoir les espaces virtuels en fonction de leur nature fr\u00e9quentielle \u2014 des propri\u00e9t\u00e9s que les neurosciences ont d\u00e9j\u00e0 montr\u00e9 comme influen\u00e7ant l\u2019\u00e9tat \u00e9motionnel \u2014 plut\u00f4t que selon des crit\u00e8res narratifs ou esth\u00e9tiques traditionnels. Cette perspective ouvre la voie \u00e0 des environnements v\u00e9ritablement neuro-adaptatifs.<\/p>\n<p>En parall\u00e8le, je d\u00e9veloppe EatingXR, en collaboration avec Muriel Jacquot, une exp\u00e9rience de repas augment\u00e9e mobilisant plusieurs stimuli \u2014 visuels, auditifs et olfactifs (via un dispositif d\u00e9di\u00e9) \u2014 afin d\u2019\u00e9tudier l\u2019impact sensoriel et immersif sur les comportements alimentaires dans l&rsquo;espace et sur terre.<\/p>\n<div class=\"container hero-content\">\n<h5><span style=\"color: #800080\">Je con\u00e7ois des environnements qui transforment le vivant<\/span><\/h5>\n<p class=\"hero-subtitle\">Informatique graphique \u2022 XR \u2022 G\u00e9om\u00e9trie \u2022 \u00c9nergie \u2022 \u00c9motion<\/p>\n<p><a class=\"button\" href=\"perso\">Fil Rouge<\/a><\/p>\n<\/div>\n<p>&nbsp;<\/p>\n<section class=\"hero\">\n<div class=\"container hero-content\"><\/div>\n<\/section>\n","protected":false},"excerpt":{"rendered":"<p>Welcome to my professional web page! <\/p>\n<p>I am an associate professor (ma\u00eetre de conf\u00e9rences) in Computer Science since 2011 at the <a href=\"http:\/\/www.univ-lorraine.fr\/\">Univer<\/a><a href=\"http:\/\/members.loria.fr\/DBoltcheva\/wp-content\/blogs.dir\/91\/files\/sites\/91\/2018\/12\/wordcloud3-1.png\"><img loading=\"lazy\" decoding=\"async\" class=\" wp-image-411 alignleft\" src=\"http:\/\/members.loria.fr\/DBoltcheva\/wp-content\/blogs.dir\/91\/files\/sites\/91\/2018\/12\/wordcloud3-1-300x206.png\" alt=\"\" width=\"277\" height=\"190\" srcset=\"https:\/\/members.loria.fr\/DBoltcheva\/wp-content\/blogs.dir\/91\/files\/sites\/91\/2018\/12\/wordcloud3-1-300x206.png 300w, https:\/\/members.loria.fr\/DBoltcheva\/wp-content\/blogs.dir\/91\/files\/sites\/91\/2018\/12\/wordcloud3-1.png 762w\" sizes=\"auto, (max-width: 277px) 100vw, 277px\" \/><\/a><a href=\"http:\/\/www.univ-lorraine.fr\/\">sity of Lorraine<\/a>.<\/p>\n<p>My <a href=\"http:\/\/members.loria.fr\/DBoltcheva\/teaching\/\">teaching<\/a> position was within the <a href=\"http:\/\/iutsd.univ-lorraine.fr\/departement-informatique\/dut-info\/\">Departement of Computing<\/a> of the <a href=\"http:\/\/iutsd.univ-lorraine.fr\/\">IUT Saint-Di\u00e9-des-Vosges<\/a>.<\/p>\n<p>Since September 2025, I moved within the <a href=\"https:\/\/polytech-nancy.univ-lorraine.fr\/formation\/informatique-automatique-robotique-reseaux-ia2r\/\">Departement IA2R<\/a> of <a href=\"https:\/\/polytech-nancy.univ-lorraine.fr\/\">Polytech Nancy<\/a>.<\/p>\n<p>My <a href=\"http:\/\/members.loria.fr\/DBoltcheva\/projets\/\">research<\/a> position is within the\u00a0<a href=\"http:\/\/pixel.inria.fr\/\">PIXEL team<\/a>\u00a0 of the <a href=\"http:\/\/www.loria.fr\/\">LORIA lab<\/a>, which is a joint unit of <a href=\"http:\/\/www.inria.fr\/\">INRIA<\/a>,<\/p>\n","protected":false},"author":5,"featured_media":0,"parent":0,"menu_order":0,"comment_status":"closed","ping_status":"closed","template":"","meta":{"footnotes":""},"class_list":["post-56","page","type-page","status-publish","hentry"],"_links":{"self":[{"href":"https:\/\/members.loria.fr\/DBoltcheva\/wp-json\/wp\/v2\/pages\/56","targetHints":{"allow":["GET"]}}],"collection":[{"href":"https:\/\/members.loria.fr\/DBoltcheva\/wp-json\/wp\/v2\/pages"}],"about":[{"href":"https:\/\/members.loria.fr\/DBoltcheva\/wp-json\/wp\/v2\/types\/page"}],"author":[{"embeddable":true,"href":"https:\/\/members.loria.fr\/DBoltcheva\/wp-json\/wp\/v2\/users\/5"}],"replies":[{"embeddable":true,"href":"https:\/\/members.loria.fr\/DBoltcheva\/wp-json\/wp\/v2\/comments?post=56"}],"version-history":[{"count":70,"href":"https:\/\/members.loria.fr\/DBoltcheva\/wp-json\/wp\/v2\/pages\/56\/revisions"}],"predecessor-version":[{"id":661,"href":"https:\/\/members.loria.fr\/DBoltcheva\/wp-json\/wp\/v2\/pages\/56\/revisions\/661"}],"wp:attachment":[{"href":"https:\/\/members.loria.fr\/DBoltcheva\/wp-json\/wp\/v2\/media?parent=56"}],"curies":[{"name":"wp","href":"https:\/\/api.w.org\/{rel}","templated":true}]}}