{"id":10,"date":"2015-06-15T10:23:49","date_gmt":"2015-06-15T08:23:49","guid":{"rendered":"http:\/\/members.loria.fr\/thierrygartiser\/?page_id=10"},"modified":"2016-03-31T14:38:33","modified_gmt":"2016-03-31T12:38:33","slug":"cv","status":"publish","type":"page","link":"https:\/\/members.loria.fr\/DColnet\/cv\/","title":{"rendered":"CV"},"content":{"rendered":"<div class=\"important_div\" style=\"text-align: center\"><\/div>\n<h4 class=\"cv\">Formation<\/h4>\n<ul>\n<li class=\"p1\"><span class=\"s1\">(exemple) 2015 : PhD (LORIA \/ Universit\u00e9 de Lorraine)<\/span><\/li>\n<\/ul>\n<h4 class=\"cv\">Exp\u00e9rience professionnelle<\/h4>\n<ul>\n<li class=\"p1\"><span class=\"s1\">(exemple) 2012-2015 : ATER &#8211; Universit\u00e9 de Lorraine &#8211; Vand\u0153uvre-l\u00e8s-Nancy<\/span><\/li>\n<\/ul>\n<h4 class=\"cv\">Centres d&rsquo;int\u00e9r\u00eat et comp\u00e9tences<\/h4>\n<div id=\"skillbar_straight\" style=\"padding:10px 0;\">\n\n<div class=\"skillbar clearfix\" data-percent=\"70%\" style=\"background: #eeeeee;\">\r\n\t\t\t\t<div class=\"skillbar-title\" style=\"background: #336699 !important;\"><span>Int\u00e9r\u00eat 1<\/span><\/div>\r\n\t\t\t\t<div class=\"skillbar-bar\" style=\"background: #336699;\"><\/div>\r\n\t\t\t\t<div class=\"skill-bar-percent\">70%<\/div>\r\n\t\t\t<\/div>\n\n<div class=\"skillbar clearfix\" data-percent=\"80%\" style=\"background: #eeeeee;\">\r\n\t\t\t\t<div class=\"skillbar-title\" style=\"background: #336699 !important;\"><span>Int\u00e9r\u00eat 2<\/span><\/div>\r\n\t\t\t\t<div class=\"skillbar-bar\" style=\"background: #336699;\"><\/div>\r\n\t\t\t\t<div class=\"skill-bar-percent\">80%<\/div>\r\n\t\t\t<\/div>\n\n<div class=\"skillbar clearfix\" data-percent=\"60%\" style=\"background: #eeeeee;\">\r\n\t\t\t\t<div class=\"skillbar-title\" style=\"background: #336699 !important;\"><span>Int\u00e9r\u00eat 3<\/span><\/div>\r\n\t\t\t\t<div class=\"skillbar-bar\" style=\"background: #336699;\"><\/div>\r\n\t\t\t\t<div class=\"skill-bar-percent\">60%<\/div>\r\n\t\t\t<\/div>\n\n\n<div style=\"clear:both;\"><\/div>\n<\/div>\n<div style=\"clear:both; height:10px; overflow:hidden;\"><\/div>\n<style type=\"text\/css\">.skillbar-title{font-size:px;color:;}.skill-bar-percent{font-size:px;color:;}<\/style><script>\r\n\t\t\t\tfunction sbar(){\r\n\t\t\t\t\tjQuery(\".skillbar\").each(function(){\r\n\t\t\t\t\t\tjQuery(this).find(\".skillbar-bar\").animate({\r\n\t\t\t\t\t\t\twidth:jQuery(this).attr(\"data-percent\")\r\n\t\t\t\t\t\t},3000);\r\n\t\t\t\t\t});\t\r\n\t\t\t\t}\r\n\t\t\t\tif ( jQuery(\"#skillbar_straight\").next().is(\":appeared\") ){\r\n\t\t\t\t\tsbar();\r\n\t\t\t\t} else {\r\n\t\t\t\t\tjQuery( window ).scroll(function() {\r\n\t\t\t\t\t\tif ( jQuery(\"#skillbar_straight\").next().is(\":appeared\") ){\r\n\t\t\t\t\t\t\tsbar();\r\n\t\t\t\t\t\t}\r\n\t\t\t\t\t});\r\n\t\t\t\t}\r\n\t\t\t\t<\/script>\n<fieldset class=\"tutoriel\">\n<legend class=\"info\">\n  <a href=\"\/infodoc\/tutoriel\/lecon3\/\"><span class=\"decal\">> voir Tuto Infodoc 3<\/span><\/a><br \/>\n  <\/legend>\n<p><em>Vous pouvez ajouter (ou supprimer) autant de centres d&rsquo;int\u00e9r\u00eat que vous le souhaitez dans la section <strong>skillwrapper<\/strong> ci-dessus.<br \/>Recopiez simplement l&rsquo;int\u00e9gralit\u00e9 d&rsquo;un shortcode <strong>skill<\/strong>, puis modifiez les contenus des champs <strong>title<\/strong> et <strong>percent<\/strong><\/em>.<br \/>\nDocumentation compl\u00e8te dans le <a href=\"\/infodoc\/tutoriel\/lecon3\/\">Tuto 3<\/a>.<br \/>\n<\/fieldset>\n<p><\/p>\n","protected":false},"excerpt":{"rendered":"<p>Formation<\/p>\n<ul>\n<li class=\"p1\">(exemple) 2015 : PhD (LORIA \/ Universit\u00e9 de Lorraine)<\/li>\n<\/ul>\n<p>Exp\u00e9rience professionnelle<\/p>\n<ul>\n<li class=\"p1\">(exemple) 2012-2015 : ATER &#8211; Universit\u00e9 de Lorraine &#8211; Vand\u0153uvre-l\u00e8s-Nancy<\/li>\n<\/ul>\n<p>Centres d&rsquo;int\u00e9r\u00eat et comp\u00e9tences<\/p>\n<p>  <a href=\"\/infodoc\/tutoriel\/lecon3\/\">voir Tuto Infodoc 3<\/a><\/p>\n<p><em>Vous pouvez ajouter (ou supprimer) autant de centres d&rsquo;int\u00e9r\u00eat que vous le souhaitez dans la section skillwrapper ci-dessus.<br \/>Recopiez simplement l&rsquo;int\u00e9gralit\u00e9 d&rsquo;un shortcode skill, puis modifiez les contenus des champs title et percent<\/em>.<br \/>\nDocumentation compl\u00e8te dans le <a href=\"\/infodoc\/tutoriel\/lecon3\/\">Tuto 3<\/a>.<\/p><\/p>\n","protected":false},"author":5,"featured_media":0,"parent":0,"menu_order":0,"comment_status":"closed","ping_status":"closed","template":"","meta":{"footnotes":""},"class_list":["post-10","page","type-page","status-publish","hentry"],"_links":{"self":[{"href":"https:\/\/members.loria.fr\/DColnet\/wp-json\/wp\/v2\/pages\/10","targetHints":{"allow":["GET"]}}],"collection":[{"href":"https:\/\/members.loria.fr\/DColnet\/wp-json\/wp\/v2\/pages"}],"about":[{"href":"https:\/\/members.loria.fr\/DColnet\/wp-json\/wp\/v2\/types\/page"}],"author":[{"embeddable":true,"href":"https:\/\/members.loria.fr\/DColnet\/wp-json\/wp\/v2\/users\/5"}],"replies":[{"embeddable":true,"href":"https:\/\/members.loria.fr\/DColnet\/wp-json\/wp\/v2\/comments?post=10"}],"version-history":[{"count":48,"href":"https:\/\/members.loria.fr\/DColnet\/wp-json\/wp\/v2\/pages\/10\/revisions"}],"predecessor-version":[{"id":211,"href":"https:\/\/members.loria.fr\/DColnet\/wp-json\/wp\/v2\/pages\/10\/revisions\/211"}],"wp:attachment":[{"href":"https:\/\/members.loria.fr\/DColnet\/wp-json\/wp\/v2\/media?parent=10"}],"curies":[{"name":"wp","href":"https:\/\/api.w.org\/{rel}","templated":true}]}}