{"id":56,"date":"2015-06-16T13:44:07","date_gmt":"2015-06-16T11:44:07","guid":{"rendered":"http:\/\/members.loria.fr\/thierrygartiser\/?page_id=56"},"modified":"2016-11-16T13:37:35","modified_gmt":"2016-11-16T11:37:35","slug":"accueil","status":"publish","type":"page","link":"https:\/\/members.loria.fr\/DGalmiche\/","title":{"rendered":"Accueil"},"content":{"rendered":"<p>Bonjour !<br \/>\nMon nouveau site est encore en construction.<br \/>\nEn attendant, vous pouvez toujours <a href=\"\/DGalmiche\/files\/\">acc\u00e9der \u00e0 mon ancient site<\/a> avec notre nouveau syst\u00e8me de nommage (les anciennes adresses sont \u00e9galement redirig\u00e9es).<\/p>\n","protected":false},"excerpt":{"rendered":"<p>Bonjour !<br \/>\nMon nouveau site est encore en construction.<br \/>\nEn attendant, vous pouvez toujours <a href=\"\/DGalmiche\/files\/\">acc\u00e9der \u00e0 mon ancient site<\/a> avec notre nouveau syst\u00e8me de nommage (les anciennes adresses sont \u00e9galement redirig\u00e9es).<\/p>\n","protected":false},"author":5,"featured_media":0,"parent":0,"menu_order":0,"comment_status":"closed","ping_status":"closed","template":"","meta":{"footnotes":""},"class_list":["post-56","page","type-page","status-publish","hentry"],"_links":{"self":[{"href":"https:\/\/members.loria.fr\/DGalmiche\/wp-json\/wp\/v2\/pages\/56","targetHints":{"allow":["GET"]}}],"collection":[{"href":"https:\/\/members.loria.fr\/DGalmiche\/wp-json\/wp\/v2\/pages"}],"about":[{"href":"https:\/\/members.loria.fr\/DGalmiche\/wp-json\/wp\/v2\/types\/page"}],"author":[{"embeddable":true,"href":"https:\/\/members.loria.fr\/DGalmiche\/wp-json\/wp\/v2\/users\/5"}],"replies":[{"embeddable":true,"href":"https:\/\/members.loria.fr\/DGalmiche\/wp-json\/wp\/v2\/comments?post=56"}],"version-history":[{"count":18,"href":"https:\/\/members.loria.fr\/DGalmiche\/wp-json\/wp\/v2\/pages\/56\/revisions"}],"predecessor-version":[{"id":289,"href":"https:\/\/members.loria.fr\/DGalmiche\/wp-json\/wp\/v2\/pages\/56\/revisions\/289"}],"wp:attachment":[{"href":"https:\/\/members.loria.fr\/DGalmiche\/wp-json\/wp\/v2\/media?parent=56"}],"curies":[{"name":"wp","href":"https:\/\/api.w.org\/{rel}","templated":true}]}}