{"id":10,"date":"2015-06-15T10:23:49","date_gmt":"2015-06-15T08:23:49","guid":{"rendered":"http:\/\/members.loria.fr\/thierrygartiser\/?page_id=10"},"modified":"2017-03-09T19:03:00","modified_gmt":"2017-03-09T17:03:00","slug":"cv","status":"publish","type":"page","link":"https:\/\/members.loria.fr\/DJamet\/cv\/","title":{"rendered":"CV"},"content":{"rendered":"<div class=\"important_div\" style=\"text-align: center\">\n<div class=\"important_div\" style=\"text-align: left\">Depuis\u00a02006 : Ma\u00eetre de Conf\u00e9rences, Universit\u00e9 de Lorraine, IUT Saint-Di\u00e9 des Vosges<\/div>\n<div class=\"important_div\" style=\"text-align: left\">Mes travaux de recherches s&rsquo;effectuent\u00a0au\u00a0<a href=\"http:\/\/www.loria.fr\/fr\/\">LORIA<\/a>, D\u00e9partement\u00a0<a href=\"http:\/\/igc.loria.fr\/index.php\/Main\/HomePage\">Algorithmique, calcul, image et g\u00e9om\u00e9trie<\/a>.\n<\/div>\n<div class=\"important_div\" style=\"text-align: left\">Mes centres d&rsquo;int\u00e9r\u00eats en recherche : combinatoire des mots, fractions continues, syst\u00e8mes dynamiques, g\u00e9om\u00e9trie digitale.<\/div>\n<\/div>\n<h4 class=\"cv\">Formation<\/h4>\n<ul>\n<li class=\"p1\"><span class=\"s1\">2003-2005 : Th\u00e8se de doctorat\u00a0(LIRMM \/ Universit\u00e9 de Montpellier II)<\/span><\/li>\n<\/ul>\n<h4 class=\"cv\">Exp\u00e9rience professionnelle<\/h4>\n<ul>\n<li class=\"p1\">Sept. 2006 &#8211; Aujourd&rsquo;hui\u00a0: Ma\u00eetre de Conf\u00e9rences\u00a0&#8211; Universit\u00e9 de Lorraine<\/li>\n<li class=\"p1\"><span class=\"s1\">Jan. 2006- Ao\u00fbt 2006 : Post-doc INRIA &#8211; Projet\u00a0Adage &#8211; Vand\u0153uvre-l\u00e8s-Nancy<\/span><\/li>\n<\/ul>\n","protected":false},"excerpt":{"rendered":"<p>Depuis\u00a02006 : Ma\u00eetre de Conf\u00e9rences, Universit\u00e9 de Lorraine, IUT Saint-Di\u00e9 des Vosges<br \/>\nMes travaux de recherches s&rsquo;effectuent\u00a0au\u00a0<a href=\"http:\/\/www.loria.fr\/fr\/\">LORIA<\/a>, D\u00e9partement\u00a0<a href=\"http:\/\/igc.loria.fr\/index.php\/Main\/HomePage\">Algorithmique, calcul, image et g\u00e9om\u00e9trie<\/a>.<\/p>\n<p>Mes centres d&rsquo;int\u00e9r\u00eats en recherche : combinatoire des mots, fractions continues, syst\u00e8mes dynamiques, g\u00e9om\u00e9trie digitale.<\/p>\n<p>Formation<\/p>\n<ul>\n<li class=\"p1\">2003-2005 : Th\u00e8se de doctorat\u00a0(LIRMM \/ Universit\u00e9 de Montpellier II)<\/li>\n<\/ul>\n<p>Exp\u00e9rience professionnelle<\/p>\n<ul>\n<li class=\"p1\">Sept. 2006 &#8211; Aujourd&rsquo;hui\u00a0: Ma\u00eetre de Conf\u00e9rences\u00a0&#8211; Universit\u00e9 de Lorraine<\/li>\n<li class=\"p1\">Jan. 2006- Ao\u00fbt 2006 : Post-doc INRIA &#8211; Projet\u00a0Adage &#8211; Vand\u0153uvre-l\u00e8s-Nancy<\/li>\n<\/ul>\n","protected":false},"author":5,"featured_media":0,"parent":0,"menu_order":0,"comment_status":"closed","ping_status":"closed","template":"","meta":{"footnotes":""},"class_list":["post-10","page","type-page","status-publish","hentry"],"_links":{"self":[{"href":"https:\/\/members.loria.fr\/DJamet\/wp-json\/wp\/v2\/pages\/10","targetHints":{"allow":["GET"]}}],"collection":[{"href":"https:\/\/members.loria.fr\/DJamet\/wp-json\/wp\/v2\/pages"}],"about":[{"href":"https:\/\/members.loria.fr\/DJamet\/wp-json\/wp\/v2\/types\/page"}],"author":[{"embeddable":true,"href":"https:\/\/members.loria.fr\/DJamet\/wp-json\/wp\/v2\/users\/5"}],"replies":[{"embeddable":true,"href":"https:\/\/members.loria.fr\/DJamet\/wp-json\/wp\/v2\/comments?post=10"}],"version-history":[{"count":51,"href":"https:\/\/members.loria.fr\/DJamet\/wp-json\/wp\/v2\/pages\/10\/revisions"}],"predecessor-version":[{"id":293,"href":"https:\/\/members.loria.fr\/DJamet\/wp-json\/wp\/v2\/pages\/10\/revisions\/293"}],"wp:attachment":[{"href":"https:\/\/members.loria.fr\/DJamet\/wp-json\/wp\/v2\/media?parent=10"}],"curies":[{"name":"wp","href":"https:\/\/api.w.org\/{rel}","templated":true}]}}