{"id":10,"date":"2015-06-15T10:23:49","date_gmt":"2015-06-15T08:23:49","guid":{"rendered":"http:\/\/members.loria.fr\/thierrygartiser\/?page_id=10"},"modified":"2016-07-03T12:40:05","modified_gmt":"2016-07-03T10:40:05","slug":"cv","status":"publish","type":"page","link":"https:\/\/members.loria.fr\/DJouvet\/","title":{"rendered":"CV"},"content":{"rendered":"<div class=\"important_div\" style=\"text-align: center\"><\/div>\n<h4 class=\"cv\">Exp\u00e9rience professionnelle<\/h4>\n<ul>\n<li class=\"p1\">2014-&#8230;\u00a0:\u00a0Team leader, Speech Group (<a href=\"http:\/\/www.inria.fr\/equipes\/multispeech\">MULTISPEECH<\/a>), LORIA &#8211; INRIA Nancy &#8211; Grand-Est.<\/li>\n<li class=\"p1\"><span class=\"GramE\"><span lang=\"EN-US\">2009-2013\u00a0:\u00a0<\/span><\/span><span lang=\"EN-US\">Research, Speech Group (<a href=\"http:\/\/www.inria.fr\/equipes\/parole\">PAROLE<\/a>), LORIA &#8211; INRIA Nancy &#8211; Grand-Est.<\/span><\/li>\n<li class=\"p1\">1998-2008\u00a0:\u00a0Management of the Speech Recognition Group, France <span class=\"SpellE\">T\u00e9l\u00e9com<\/span> R&amp;D, <span class=\"SpellE\">Lannion<\/span>.<\/li>\n<li class=\"p1\">1991-1997\u00a0:\u00a0In charge of Speech Recognition Studies, CNET (French National Research Center for Telecommunications), Lannion.<\/li>\n<li class=\"p1\">1981-1991\u00a0:\u00a0Research &amp; Development in Speech Recognition, CNET (French National Research Center for Telecommunications), Lannion.<\/li>\n<\/ul>\n<h4 class=\"cv\">Formation<\/h4>\n<ul>\n<li class=\"p1\">2008\u00a0:\u00a0\u00ab\u00a0Habilitation \u00e0 <span class=\"SpellE\">Diriger<\/span> des <span class=\"SpellE\">Recherches<\/span>\u00ab\u00a0, University of Avignon: \u00ab\u00a0<i>Variability of Speech Signal and Robustness in Automatic Speech Recognition<\/i>\u00ab\u00a0.<\/li>\n<li class=\"p1\">1988\u00a0:\u00a0PhD Thesis, <span class=\"SpellE\">\u00c9cole<\/span> <span class=\"SpellE\">Nationale<\/span> <span class=\"SpellE\">Sup\u00e9rieure<\/span> des <span class=\"SpellE\">T\u00e9l\u00e9communications<\/span>, Paris: \u00ab\u00a0<i>Speaker Independent Connected Word Recognition based on Statistical Methods<\/i>\u00ab\u00a0.<\/li>\n<li class=\"p1\">1979-1981\u00a0:\u00a0\u00c9cole Nationale Sup\u00e9rieure des T\u00e9l\u00e9communications, Paris.<\/li>\n<li class=\"p1\">1976-1979 : \u00c9cole Polytechnique, Palaiseau.<\/li>\n<\/ul>\n<h4 class=\"cv\">Centres d&rsquo;int\u00e9r\u00eat et comp\u00e9tences<\/h4>\n<ul>\n<li>Speech modeling<\/li>\n<li>Speech recognition and speech synthesis, statistic methods<\/li>\n<li>Speech-text alignment<\/li>\n<li>Speech prosody, punctuation, utterance modality<\/li>\n<li>Unsupervised training \/ adaptation<\/li>\n<li>Speech variabilities, stochastic models, HMM,\u00a0&#8230;<\/li>\n<li>Non-native speech recognition, robust speech recognition<\/li>\n<li>Speaker and utterance verification, confidence measures<\/li>\n<\/ul>\n","protected":false},"excerpt":{"rendered":"<p>Exp\u00e9rience professionnelle 2014-&#8230;\u00a0:\u00a0Team leader, Speech Group (MULTISPEECH), LORIA &#8211; INRIA Nancy &#8211; Grand-Est. 2009-2013\u00a0:\u00a0Research, Speech Group (PAROLE), LORIA &#8211; INRIA Nancy &#8211; Grand-Est. 1998-2008\u00a0:\u00a0Management of the Speech Recognition Group, France T\u00e9l\u00e9com R&amp;D, Lannion. 1991-1997\u00a0:\u00a0In charge of Speech Recognition Studies, CNET (French National Research Center for Telecommunications), Lannion. 1981-1991\u00a0:\u00a0Research &amp; Development in Speech Recognition, CNET (French [&hellip;]<\/p>\n","protected":false},"author":5,"featured_media":0,"parent":0,"menu_order":0,"comment_status":"closed","ping_status":"closed","template":"","meta":{"footnotes":""},"class_list":["post-10","page","type-page","status-publish","hentry"],"_links":{"self":[{"href":"https:\/\/members.loria.fr\/DJouvet\/wp-json\/wp\/v2\/pages\/10","targetHints":{"allow":["GET"]}}],"collection":[{"href":"https:\/\/members.loria.fr\/DJouvet\/wp-json\/wp\/v2\/pages"}],"about":[{"href":"https:\/\/members.loria.fr\/DJouvet\/wp-json\/wp\/v2\/types\/page"}],"author":[{"embeddable":true,"href":"https:\/\/members.loria.fr\/DJouvet\/wp-json\/wp\/v2\/users\/5"}],"replies":[{"embeddable":true,"href":"https:\/\/members.loria.fr\/DJouvet\/wp-json\/wp\/v2\/comments?post=10"}],"version-history":[{"count":23,"href":"https:\/\/members.loria.fr\/DJouvet\/wp-json\/wp\/v2\/pages\/10\/revisions"}],"predecessor-version":[{"id":254,"href":"https:\/\/members.loria.fr\/DJouvet\/wp-json\/wp\/v2\/pages\/10\/revisions\/254"}],"wp:attachment":[{"href":"https:\/\/members.loria.fr\/DJouvet\/wp-json\/wp\/v2\/media?parent=10"}],"curies":[{"name":"wp","href":"https:\/\/api.w.org\/{rel}","templated":true}]}}