{"id":56,"date":"2015-06-16T13:44:07","date_gmt":"2015-06-16T11:44:07","guid":{"rendered":"http:\/\/members.loria.fr\/thierrygartiser\/?page_id=56"},"modified":"2016-03-31T14:34:54","modified_gmt":"2016-03-31T12:34:54","slug":"accueil","status":"publish","type":"page","link":"https:\/\/members.loria.fr\/DLarchey\/accueil\/","title":{"rendered":"Accueil"},"content":{"rendered":"<p>Bonjour !<\/p>\n<p>Vous venez de r\u00e9ceptionner votre nouveau site de pages professionnelles : nous allons vous montrer en quelques le\u00e7ons comment prendre en main \u00a0l&rsquo;outil d&rsquo;administration du site (WordPress), modifier et cr\u00e9er des contenus, personnaliser son aspect et utiliser les extensions mises \u00e0 votre disposition.<\/p>\n<p>Quand vous aurez fait le tour de ce tutoriel, vous pourrez d\u00e9truire cette page (ou son contenu) et faire d\u00e9marrer votre site sur une page de votre cru !<br \/>\nSi vous avez l&rsquo;habitude de WordPress, merci de prendre tout de m\u00eame la peine de parcourir les 3 premi\u00e8res le\u00e7ons : la version de WordPress utilis\u00e9e ici est sp\u00e9cifique, et certaines manipulations doivent \u00eatre faites avant de vous lancer dans le grand bain.<\/p>\n<p>Le tutoriel est accessible depuis un site de documentation d\u00e9di\u00e9e. Cliquez <a href=\"\/infodoc\/tutoriel\/\" target=\"_blank\">ici<\/a> pour l&rsquo;ouvrir dans une nouvelle fen\u00eatre de votre navigateur, placez les deux fen\u00eatres c\u00f4te \u00e0 c\u00f4te et suivez pas \u00e0 pas les instructions.<br \/>\nCe tutoriel fait souvent appel \u00e0 des notions g\u00e9n\u00e9riques d&rsquo;usage dans WordPress (pages, articles, r\u00f4les,\u2026). Vous en trouverez les <a href=\"\/infodoc\/faq\/faq1\/\" target=\"_blank\">d\u00e9finitions<\/a> dans des <a href=\"\/infodoc\/faq\/\" target=\"_blank\">FAQs sp\u00e9cialis\u00e9es<\/a>.<\/p>\n<ul>\n<li><a href=\"\/infodoc\/tutoriel\/\" target=\"_blank\">Tutoriel<\/a><\/li>\n<li><a href=\"\/infodoc\/manips\/\" target=\"_blank\">Documentation utilisateur<\/a><\/li>\n<li><a href=\"\/infodoc\/faq\/\" target=\"_blank\">FAQ<\/a><\/li>\n<\/ul>\n<fieldset class=\"tutoriel\">\n<legend class=\"info\">\n  <a href=\"\/infodoc\/tutoriel\/lecon1\/\" target=\"_blank\"><span class=\"decal\">> voir Tuto Infodoc 1<\/span><\/a><br \/>\n  <\/legend>\n<p><em><a href=\"\/infodoc\/tutoriel\/lecon1\/\" target=\"_blank\">D\u00e9marrez le premier tuto et apprenez \u00e0 manipuler l&rsquo;interface d&rsquo;administration de votre site<\/a>.<\/em>.<br \/>\n<\/fieldset>\n<p><\/p>\n","protected":false},"excerpt":{"rendered":"<p>Bonjour !<\/p>\n<p>Vous venez de r\u00e9ceptionner votre nouveau site de pages professionnelles : nous allons vous montrer en quelques le\u00e7ons comment prendre en main \u00a0l&rsquo;outil d&rsquo;administration du site (WordPress), modifier et cr\u00e9er des contenus, personnaliser son aspect et utiliser les extensions mises \u00e0 votre disposition.<\/p>\n<p>Quand vous aurez fait le tour de ce tutoriel, vous pourrez d\u00e9truire cette page (ou son contenu) et faire d\u00e9marrer votre site sur une page de votre cru !<br \/>\nSi vous avez l&rsquo;habitude de WordPress, merci de prendre tout de m\u00eame la peine de parcourir les 3 premi\u00e8res le\u00e7ons : la version de WordPress utilis\u00e9e ici est sp\u00e9cifique,<\/p>\n","protected":false},"author":5,"featured_media":0,"parent":0,"menu_order":0,"comment_status":"closed","ping_status":"closed","template":"","meta":{"footnotes":""},"class_list":["post-56","page","type-page","status-publish","hentry"],"_links":{"self":[{"href":"https:\/\/members.loria.fr\/DLarchey\/wp-json\/wp\/v2\/pages\/56","targetHints":{"allow":["GET"]}}],"collection":[{"href":"https:\/\/members.loria.fr\/DLarchey\/wp-json\/wp\/v2\/pages"}],"about":[{"href":"https:\/\/members.loria.fr\/DLarchey\/wp-json\/wp\/v2\/types\/page"}],"author":[{"embeddable":true,"href":"https:\/\/members.loria.fr\/DLarchey\/wp-json\/wp\/v2\/users\/5"}],"replies":[{"embeddable":true,"href":"https:\/\/members.loria.fr\/DLarchey\/wp-json\/wp\/v2\/comments?post=56"}],"version-history":[{"count":16,"href":"https:\/\/members.loria.fr\/DLarchey\/wp-json\/wp\/v2\/pages\/56\/revisions"}],"predecessor-version":[{"id":232,"href":"https:\/\/members.loria.fr\/DLarchey\/wp-json\/wp\/v2\/pages\/56\/revisions\/232"}],"wp:attachment":[{"href":"https:\/\/members.loria.fr\/DLarchey\/wp-json\/wp\/v2\/media?parent=56"}],"curies":[{"name":"wp","href":"https:\/\/api.w.org\/{rel}","templated":true}]}}