{"id":10,"date":"2015-06-15T10:23:49","date_gmt":"2015-06-15T08:23:49","guid":{"rendered":"http:\/\/members.loria.fr\/thierrygartiser\/?page_id=10"},"modified":"2017-02-02T22:42:20","modified_gmt":"2017-02-02T20:42:20","slug":"cv","status":"publish","type":"page","link":"https:\/\/members.loria.fr\/DMaxim\/cv\/","title":{"rendered":"CV"},"content":{"rendered":"<p>I am currently a post-doctoral researcher in the Madynes team,\u00a0employed by the University of Lorraine and\u00a0conducting my research in the LORIA laboratory in Nancy, France.<\/p>\n<h4 class=\"cv\"><\/h4>\n<h4 class=\"cv\">Formation \/ Education<\/h4>\n<ul>\n<li class=\"p1\"><strong>Doctorat \/ Ph.D.:<\/strong><br \/>\nIntitul\u00e9 \/ Title : Probabilistic Analysis of Real-Time Systems<br \/>\nDate de soutenance \/ Date of the defense of the Ph.D. : 10\/12\/2013<br \/>\n\u00c9tablissement ayant d\u00e9livr\u00e9 la th\u00e8se \/ Granting institution : Universit\u00e9 de Lorraine<br \/>\nEntit\u00e9 d\u2019accueil (laboratoire, \u00e9quipe, etc.) pour la pr\u00e9paration de la th\u00e8se \/ Host entity (laboratory, team, etc.) for the preparation of the Ph.D. : Inria Nancy &#8211; Grand-Est<\/li>\n<li class=\"p1\"><strong>Master ou \u00e9quivalent \/ Master\u2019s or equivalent:<\/strong><br \/>\nIntitul\u00e9 \/ Title : Response time analysis of tasks with probabilistic execution times using genetic algorithms<br \/>\nDate \/ Date : 15\/02\/2010<br \/>\n\u00c9tablissement ayant d\u00e9livr\u00e9 le dipl\u00f4me \/ Granting institution : Lower Danube University of Galati, Romania<br \/>\nOrganisme o\u00f9 s\u2019est d\u00e9roul\u00e9 le stage \/ Institution\u00a0where the training course took place : Inria Nancy &#8211; Grand-Est<\/li>\n<\/ul>\n<h4 class=\"cv\">Exp\u00e9rience professionnelle \/ Professional experience<\/h4>\n<ul>\n<li class=\"p1\"><strong>Situation professionnelle actuelle \/ Current professionnal status:<\/strong><br \/>\nStatut et fonction \/ Position and statute: Post-doctoral researcher<br \/>\nEtablissement (ville &#8211; pays) \/ Institution (city -country): Loria-University of Lorraine, Nancy, France<br \/>\nDate d\u2019entr\u00e9e en fonction \/ Start: 01\/11\/2016<\/li>\n<li class=\"p1\"><strong>Exp\u00e9riences professionnelles ant\u00e9rieures \/ Previous professionnal experiences:<\/strong><br \/>\n<table  class=\" table table-hover\" style=\"width: 100%\">\n<tbody>\n<tr>\n<th><strong>Dates d\u00e9but (Start)<\/strong><\/th>\n<th><strong>Dates fin (End)<\/strong><\/th>\n<th><strong>\u00c9tablissements (Institutions)<\/strong><\/th>\n<th><strong>Fonctions et statuts (Positions and status)<\/strong><\/th>\n<\/tr>\n<tr>\n<th><strong>01\/11\/2015<\/strong><\/th>\n<th><strong>31\/10\/2016<\/strong><\/th>\n<th><strong>Inria de Paris, EPI AOSTE<\/strong><\/th>\n<th><strong>Post-doctoral Researcher<\/strong><\/th>\n<\/tr>\n<tr>\n<th><strong>11\/02\/2014<\/strong><\/th>\n<th><strong>10\/08\/2015<\/strong><\/th>\n<th><strong>Cister\/ISEP\/IPP Porto<\/strong><\/th>\n<th><strong>Associate researcher<\/strong><\/th>\n<\/tr>\n<tr>\n<th><strong>01\/10\/2010<\/strong><\/th>\n<th><strong>31\/12\/2013<\/strong><\/th>\n<th><strong>Inria Nancy Grand Est<\/strong><\/th>\n<th><strong>PhD Candidate<\/strong><\/th>\n<\/tr>\n<tr>\n<th><strong>01\/05\/2011<\/strong><\/th>\n<th><strong>30\/04\/2013<\/strong><\/th>\n<th><strong>Inria Nancy Grand Est<\/strong><\/th>\n<th><strong>Doctoral support RI<\/strong><\/th>\n<\/tr>\n<\/tbody>\n<\/table>\n<\/li>\n<\/ul>\n<h4 class=\"cv\"><\/h4>\n","protected":false},"excerpt":{"rendered":"<p>I am currently a post-doctoral researcher in the Madynes team,\u00a0employed by the University of Lorraine and\u00a0conducting my research in the LORIA laboratory in Nancy, France. Formation \/ Education Doctorat \/ Ph.D.: Intitul\u00e9 \/ Title : Probabilistic Analysis of Real-Time Systems Date de soutenance \/ Date of the defense of the Ph.D. : 10\/12\/2013 \u00c9tablissement ayant [&hellip;]<\/p>\n","protected":false},"author":5,"featured_media":0,"parent":0,"menu_order":0,"comment_status":"closed","ping_status":"closed","template":"","meta":{"footnotes":""},"class_list":["post-10","page","type-page","status-publish","hentry"],"_links":{"self":[{"href":"https:\/\/members.loria.fr\/DMaxim\/wp-json\/wp\/v2\/pages\/10","targetHints":{"allow":["GET"]}}],"collection":[{"href":"https:\/\/members.loria.fr\/DMaxim\/wp-json\/wp\/v2\/pages"}],"about":[{"href":"https:\/\/members.loria.fr\/DMaxim\/wp-json\/wp\/v2\/types\/page"}],"author":[{"embeddable":true,"href":"https:\/\/members.loria.fr\/DMaxim\/wp-json\/wp\/v2\/users\/5"}],"replies":[{"embeddable":true,"href":"https:\/\/members.loria.fr\/DMaxim\/wp-json\/wp\/v2\/comments?post=10"}],"version-history":[{"count":41,"href":"https:\/\/members.loria.fr\/DMaxim\/wp-json\/wp\/v2\/pages\/10\/revisions"}],"predecessor-version":[{"id":288,"href":"https:\/\/members.loria.fr\/DMaxim\/wp-json\/wp\/v2\/pages\/10\/revisions\/288"}],"wp:attachment":[{"href":"https:\/\/members.loria.fr\/DMaxim\/wp-json\/wp\/v2\/media?parent=10"}],"curies":[{"name":"wp","href":"https:\/\/api.w.org\/{rel}","templated":true}]}}