{"id":22,"date":"2015-06-15T11:01:33","date_gmt":"2015-06-15T09:01:33","guid":{"rendered":"http:\/\/members.loria.fr\/thierrygartiser\/?page_id=22"},"modified":"2017-06-07T11:26:38","modified_gmt":"2017-06-07T09:26:38","slug":"projets","status":"publish","type":"page","link":"https:\/\/members.loria.fr\/EColin\/projets\/","title":{"rendered":"Projets"},"content":{"rendered":"<fieldset class=\"tutoriel\">\n<legend class=\"info\"> <a href=\"http:\/\/metal.loria.fr\/\" target=\"_blank\" rel=\"noopener noreferrer\"><span class=\"decal\"> METAL<\/span><\/a><br \/>\n<\/legend>\n<p>METAL, Mod\u00e8les et Traces au service de l&rsquo;Apprentissage des Langues, est un projet <a href=\"http:\/\/ecolenumerique.education.gouv.fr\/2017\/02\/02\/e-fran-lancement-des-22-projets-selectionnes\/\">e-Fran<\/a>. J&rsquo;effectue une th\u00e8se dans le cadre de ce projet ; elle porte sur la conception, le d\u00e9veloppement et l&rsquo;\u00e9valuation de technologies innovantes pour l&rsquo;apprentissage personnalis\u00e9 des langues \u00e9crites. Je me focalise sur le fran\u00e7ais.<\/p>\n<p>Mon objectif est de permettre une meilleure automatisation de la g\u00e9n\u00e9ration d&rsquo;exercices. Plus sp\u00e9cifiquement, l&rsquo;objectif est de concevoir un mod\u00e8le permettant de g\u00e9n\u00e9rer des phrases respectant certaines contraintes lexicales et\/ou syntaxiques. Ces phrases seront ensuite utilis\u00e9es pour cr\u00e9er des exercices impliquant les constructions lexicales et\/ou syntaxiques pr\u00e9sentes dans la phrase g\u00e9n\u00e9r\u00e9e.<\/fieldset>\n<p>&nbsp;<\/p>\n<fieldset class=\"tutoriel\">\n<legend class=\"info\"> <a href=\"http:\/\/www.agence-nationale-recherche.fr\/projet-anr\/?tx_lwmsuivibilan_pi2%5BCODE%5D=ANR-14-CE24-0033\" target=\"_blank\" rel=\"noopener noreferrer\"><span class=\"decal\"> WEB-NLG<\/span><\/a><br \/>\n<\/legend>\n<p>J&rsquo;ai \u00e9t\u00e9 mobilis\u00e9e par le projet <a href=\"http:\/\/talc1.loria.fr\/webnlg\/stories\/about.html\">WEB-NLG<\/a>. Ce projet participe \u00e0 la promotion de syst\u00e8mes de g\u00e9n\u00e9ration permettant de produire du texte \u00e0 partir de donn\u00e9es du web s\u00e9mantique.<\/p>\n<p>Concr\u00e8tement, j&rsquo;ai travaill\u00e9 \u00e0 la jonction de <a href=\"https:\/\/verbs.colorado.edu\/~mpalmer\/projects\/verbnet.html\">VerbNet<\/a> (une base d\u00e9crivant la structure canonique des phrases de plus de 4000 verbes anglais) et <a href=\"http:\/\/talc1.loria.fr\/synalp\/stories\/softs.html\">GenI<\/a> (r\u00e9alisateur de surface). Ma principale proposition est une m\u00e9thode de cr\u00e9ation automatique d&rsquo;une grammaire noyau syntaxico-s\u00e9mantique ; elle a fait l&rsquo;objet d&rsquo;article en cours de publication (R\u00e9cital 2017).<\/fieldset>\n<p>&nbsp;<\/p>\n<fieldset class=\"tutoriel\">\n<legend class=\"info\"> <a href=\"http:\/\/www.agence-nationale-recherche.fr\/projet-anr\/?tx_lwmsuivibilan_pi2%5BCODE%5D=ANR-14-CE24-0033\" target=\"_blank\" rel=\"noopener noreferrer\"><span class=\"decal\"> Golfred<\/span><\/a><br \/>\n<\/legend>\n<p>Golfred vise la production de r\u00e9cit \u00e0 partir d&rsquo;exp\u00e9riences spatiales d&rsquo;un robot de service (GOLEM) par extraction de connaissances textuelles.<\/p>\n<p>J&rsquo;ai int\u00e9gr\u00e9 les r\u00e9sultats de ma participation au sein de Web-NLG dans ce magnifique projet. Les connaissances textuelles extraites sont structur\u00e9es en rdfs : du web s\u00e9mantique produit par <a href=\"http:\/\/wit.istc.cnr.it\/stlab-tools\/fred\">Fred<\/a> (LIPN, Universit\u00e9 de Paris 13 (FRANCE)), en provenance des images d\u00e9cod\u00e9es par <a href=\"http:\/\/golem.iimas.unam.mx\/home.php?lang=es&amp;sec=home\">GOLEM<\/a> (IIMAS, UNAM (Mexique)). Il s&rsquo;agit donc de g\u00e9n\u00e9rer du texte en anglais correct et \u00e0 la lecture la plus fluide possible.<\/fieldset>\n","protected":false},"excerpt":{"rendered":"<p><a href=\"http:\/\/metal.loria.fr\/\" target=\"_blank\" rel=\"noopener noreferrer\"> METAL<\/a><\/p>\n<p>METAL, Mod\u00e8les et Traces au service de l&rsquo;Apprentissage des Langues, est un projet <a href=\"http:\/\/ecolenumerique.education.gouv.fr\/2017\/02\/02\/e-fran-lancement-des-22-projets-selectionnes\/\">e-Fran<\/a>. J&rsquo;effectue une th\u00e8se dans le cadre de ce projet ; elle porte sur la conception, le d\u00e9veloppement et l&rsquo;\u00e9valuation de technologies innovantes pour l&rsquo;apprentissage personnalis\u00e9 des langues \u00e9crites. Je me focalise sur le fran\u00e7ais.<\/p>\n<p>Mon objectif est de permettre une meilleure automatisation de la g\u00e9n\u00e9ration d&rsquo;exercices. Plus sp\u00e9cifiquement, l&rsquo;objectif est de concevoir un mod\u00e8le permettant de g\u00e9n\u00e9rer des phrases respectant certaines contraintes lexicales et\/ou syntaxiques. Ces phrases seront ensuite utilis\u00e9es pour cr\u00e9er des exercices impliquant les constructions lexicales et\/ou syntaxiques pr\u00e9sentes dans la phrase g\u00e9n\u00e9r\u00e9e.<\/p>\n","protected":false},"author":5,"featured_media":0,"parent":0,"menu_order":0,"comment_status":"closed","ping_status":"closed","template":"page-fullwidth.php","meta":{"footnotes":""},"class_list":["post-22","page","type-page","status-publish","hentry"],"_links":{"self":[{"href":"https:\/\/members.loria.fr\/EColin\/wp-json\/wp\/v2\/pages\/22","targetHints":{"allow":["GET"]}}],"collection":[{"href":"https:\/\/members.loria.fr\/EColin\/wp-json\/wp\/v2\/pages"}],"about":[{"href":"https:\/\/members.loria.fr\/EColin\/wp-json\/wp\/v2\/types\/page"}],"author":[{"embeddable":true,"href":"https:\/\/members.loria.fr\/EColin\/wp-json\/wp\/v2\/users\/5"}],"replies":[{"embeddable":true,"href":"https:\/\/members.loria.fr\/EColin\/wp-json\/wp\/v2\/comments?post=22"}],"version-history":[{"count":17,"href":"https:\/\/members.loria.fr\/EColin\/wp-json\/wp\/v2\/pages\/22\/revisions"}],"predecessor-version":[{"id":460,"href":"https:\/\/members.loria.fr\/EColin\/wp-json\/wp\/v2\/pages\/22\/revisions\/460"}],"wp:attachment":[{"href":"https:\/\/members.loria.fr\/EColin\/wp-json\/wp\/v2\/media?parent=22"}],"curies":[{"name":"wp","href":"https:\/\/api.w.org\/{rel}","templated":true}]}}