{"id":10,"date":"2015-06-15T10:23:49","date_gmt":"2015-06-15T08:23:49","guid":{"rendered":"http:\/\/members.loria.fr\/thierrygartiser\/?page_id=10"},"modified":"2017-02-06T16:41:59","modified_gmt":"2017-02-06T14:41:59","slug":"cv","status":"publish","type":"page","link":"https:\/\/members.loria.fr\/EFreyssinet\/cv\/","title":{"rendered":"CV"},"content":{"rendered":"<div class=\"important_div\" style=\"text-align: center\"><\/div>\n<h4 class=\"cv\">Formation<\/h4>\n<ul>\n<li class=\"p1\"><span class=\"s1\">2011-2015 : Doctorat en informatique\u00a0(Universit\u00e9 Pierre et Marie Curie, Paris VI)<\/span><\/li>\n<li class=\"p1\">1999-2000 : Mast\u00e8re sp\u00e9cialis\u00e9 SSIR (ENST, Paris)<\/li>\n<li class=\"p1\">1995-1996 : Ecole des officiers de la gendarmerie nationale, DU Droit et sciences criminelles<\/li>\n<li class=\"p1\">1992-1995 : Ecole Polytechnique (X92)<\/li>\n<\/ul>\n<h4 class=\"cv\">Parcours\u00a0acad\u00e9mique<\/h4>\n<ul>\n<li>2008-2013 : Master 2 SSI, Universit\u00e9 de technologie de Troyes, Cours sur la cybercriminalit\u00e9, Enseignant vacataire<\/li>\n<li>2000-2015 : Master 2 EMI\/EEJSI, Universit\u00e9 Paris II, Cours sur la cybercriminalit\u00e9 et la preuve num\u00e9rique, Enseignant vacataire<\/li>\n<li>2000-2005 : Formation des enqu\u00eateurs sp\u00e9cialis\u00e9s en technologies num\u00e9riques de la gendarmerie nationale (NTECH)<\/li>\n<\/ul>\n<h4 class=\"cv\">Exp\u00e9rience professionnelle<\/h4>\n<ul>\n<li class=\"p1\">Depuis mars 2015 : Minist\u00e8re de l&rsquo;int\u00e9rieur,\u00a0Conseiller au sein de la D\u00e9l\u00e9gation minist\u00e9rielle charg\u00e9e de la lutte contre les cybermenaces<\/li>\n<li class=\"p1\">2010-2015 : P\u00f4le judiciaire de la gendarmerie nationale, chef de la Division de lutte contre la cybercriminalit\u00e9 (puis Centre de lutte contre les criminalit\u00e9s num\u00e9riques)<\/li>\n<li class=\"p1\">2005-2010 : Bureau de la police judiciaire (DGGN\/SDPJ), charg\u00e9 de projets Lutte contre la cybercriminalit\u00e9<\/li>\n<li class=\"p1\">1998-2005 : Institut de recherche criminelle de la gendarmerie nationale, Chef du d\u00e9partement informatique-\u00e9lectronique<\/li>\n<li class=\"p1\"><span class=\"s1\">1996-1998 : Escadron de gendarmerie mobile 35\/7 Revigny sur Ornain, Commandant de peloton<\/span><\/li>\n<\/ul>\n<h4 class=\"cv\">Centres d&rsquo;int\u00e9r\u00eat et comp\u00e9tences<\/h4>\n<div id=\"skillbar_straight\" style=\"padding:10px 0;\">\n\n<div class=\"skillbar clearfix\" data-percent=\"95%\" style=\"background: #eeeeee;\">\r\n\t\t\t\t<div class=\"skillbar-title\" style=\"background: #336699 !important;\"><span>Botnets<\/span><\/div>\r\n\t\t\t\t<div class=\"skillbar-bar\" style=\"background: #336699;\"><\/div>\r\n\t\t\t\t<div class=\"skill-bar-percent\">95%<\/div>\r\n\t\t\t<\/div>\n\n<div class=\"skillbar clearfix\" data-percent=\"90%\" style=\"background: #eeeeee;\">\r\n\t\t\t\t<div class=\"skillbar-title\" style=\"background: #336699 !important;\"><span>Criminalistique num\u00e9rique<\/span><\/div>\r\n\t\t\t\t<div class=\"skillbar-bar\" style=\"background: #336699;\"><\/div>\r\n\t\t\t\t<div class=\"skill-bar-percent\">90%<\/div>\r\n\t\t\t<\/div>\n\n<div class=\"skillbar clearfix\" data-percent=\"70%\" style=\"background: #eeeeee;\">\r\n\t\t\t\t<div class=\"skillbar-title\" style=\"background: #336699 !important;\"><span>Droit du num\u00e9rique<\/span><\/div>\r\n\t\t\t\t<div class=\"skillbar-bar\" style=\"background: #336699;\"><\/div>\r\n\t\t\t\t<div class=\"skill-bar-percent\">70%<\/div>\r\n\t\t\t<\/div>\n\n\n<div style=\"clear:both;\"><\/div>\n<\/div>\n<div style=\"clear:both; height:10px; overflow:hidden;\"><\/div>\n<style type=\"text\/css\">.skillbar-title{font-size:px;color:;}.skill-bar-percent{font-size:px;color:;}<\/style><script>\r\n\t\t\t\tfunction sbar(){\r\n\t\t\t\t\tjQuery(\".skillbar\").each(function(){\r\n\t\t\t\t\t\tjQuery(this).find(\".skillbar-bar\").animate({\r\n\t\t\t\t\t\t\twidth:jQuery(this).attr(\"data-percent\")\r\n\t\t\t\t\t\t},3000);\r\n\t\t\t\t\t});\t\r\n\t\t\t\t}\r\n\t\t\t\tif ( jQuery(\"#skillbar_straight\").next().is(\":appeared\") ){\r\n\t\t\t\t\tsbar();\r\n\t\t\t\t} else {\r\n\t\t\t\t\tjQuery( window ).scroll(function() {\r\n\t\t\t\t\t\tif ( jQuery(\"#skillbar_straight\").next().is(\":appeared\") ){\r\n\t\t\t\t\t\t\tsbar();\r\n\t\t\t\t\t\t}\r\n\t\t\t\t\t});\r\n\t\t\t\t}\r\n\t\t\t\t<\/script>\n","protected":false},"excerpt":{"rendered":"<p>Formation<\/p>\n<ul>\n<li class=\"p1\">2011-2015 : Doctorat en informatique\u00a0(Universit\u00e9 Pierre et Marie Curie, Paris VI)<\/li>\n<li class=\"p1\">1999-2000 : Mast\u00e8re sp\u00e9cialis\u00e9 SSIR (ENST, Paris)<\/li>\n<li class=\"p1\">1995-1996 : Ecole des officiers de la gendarmerie nationale, DU Droit et sciences criminelles<\/li>\n<li class=\"p1\">1992-1995 : Ecole Polytechnique (X92)<\/li>\n<\/ul>\n<p>Parcours\u00a0acad\u00e9mique<\/p>\n<ul>\n<li>2008-2013 : Master 2 SSI, Universit\u00e9 de technologie de Troyes, Cours sur la cybercriminalit\u00e9, Enseignant vacataire<\/li>\n<li>2000-2015 : Master 2 EMI\/EEJSI, Universit\u00e9 Paris II, Cours sur la cybercriminalit\u00e9 et la preuve num\u00e9rique, Enseignant vacataire<\/li>\n<li>2000-2005 : Formation des enqu\u00eateurs sp\u00e9cialis\u00e9s en technologies num\u00e9riques de la gendarmerie nationale (NTECH)<\/li>\n<\/ul>\n<p>Exp\u00e9rience professionnelle<\/p>\n<ul>\n<li class=\"p1\">Depuis mars 2015 : Minist\u00e8re de l&rsquo;int\u00e9rieur,\u00a0<\/li>\n<\/ul>\n","protected":false},"author":5,"featured_media":0,"parent":0,"menu_order":0,"comment_status":"closed","ping_status":"closed","template":"","meta":{"footnotes":""},"class_list":["post-10","page","type-page","status-publish","hentry"],"_links":{"self":[{"href":"https:\/\/members.loria.fr\/EFreyssinet\/wp-json\/wp\/v2\/pages\/10","targetHints":{"allow":["GET"]}}],"collection":[{"href":"https:\/\/members.loria.fr\/EFreyssinet\/wp-json\/wp\/v2\/pages"}],"about":[{"href":"https:\/\/members.loria.fr\/EFreyssinet\/wp-json\/wp\/v2\/types\/page"}],"author":[{"embeddable":true,"href":"https:\/\/members.loria.fr\/EFreyssinet\/wp-json\/wp\/v2\/users\/5"}],"replies":[{"embeddable":true,"href":"https:\/\/members.loria.fr\/EFreyssinet\/wp-json\/wp\/v2\/comments?post=10"}],"version-history":[{"count":53,"href":"https:\/\/members.loria.fr\/EFreyssinet\/wp-json\/wp\/v2\/pages\/10\/revisions"}],"predecessor-version":[{"id":301,"href":"https:\/\/members.loria.fr\/EFreyssinet\/wp-json\/wp\/v2\/pages\/10\/revisions\/301"}],"wp:attachment":[{"href":"https:\/\/members.loria.fr\/EFreyssinet\/wp-json\/wp\/v2\/media?parent=10"}],"curies":[{"name":"wp","href":"https:\/\/api.w.org\/{rel}","templated":true}]}}