{"id":102,"date":"2015-06-17T12:57:29","date_gmt":"2015-06-17T10:57:29","guid":{"rendered":"http:\/\/members.loria.fr\/template\/?page_id=102"},"modified":"2017-02-06T16:35:00","modified_gmt":"2017-02-06T14:35:00","slug":"equipe","status":"publish","type":"page","link":"https:\/\/members.loria.fr\/EFreyssinet\/equipe\/","title":{"rendered":"\u00c9quipe"},"content":{"rendered":"<p>&nbsp;<\/p>\n<p>En tant que membre associ\u00e9 du LORIA, je ne fais pas partie d&rsquo;une \u00e9quipe permanente de ce laboratoire. J&rsquo;ai nou\u00e9 notamment des collaborations avec les \u00e9quipes suivantes:<\/p>\n<ul>\n<li><a href=\"http:\/\/www.lhs.loria.fr\">LHS (Laboratoire de haute s\u00e9curit\u00e9)<\/a>, Loria<\/li>\n<li><a href=\"http:\/\/www.complexnetworks.fr\/\">R\u00e9seaux Complexes<\/a>, Universit\u00e9 Pierre et Marie Curie, LIP6<\/li>\n<\/ul>\n","protected":false},"excerpt":{"rendered":"<p>&nbsp;<\/p>\n<p>En tant que membre associ\u00e9 du LORIA, je ne fais pas partie d&rsquo;une \u00e9quipe permanente de ce laboratoire. J&rsquo;ai nou\u00e9 notamment des collaborations avec les \u00e9quipes suivantes:<\/p>\n<ul>\n<li><a href=\"http:\/\/www.lhs.loria.fr\">LHS (Laboratoire de haute s\u00e9curit\u00e9)<\/a>, Loria<\/li>\n<li><a href=\"http:\/\/www.complexnetworks.fr\/\">R\u00e9seaux Complexes<\/a>, Universit\u00e9 Pierre et Marie Curie, LIP6<\/li>\n<\/ul>\n","protected":false},"author":1,"featured_media":0,"parent":0,"menu_order":0,"comment_status":"closed","ping_status":"closed","template":"","meta":{"footnotes":""},"class_list":["post-102","page","type-page","status-publish","hentry"],"_links":{"self":[{"href":"https:\/\/members.loria.fr\/EFreyssinet\/wp-json\/wp\/v2\/pages\/102","targetHints":{"allow":["GET"]}}],"collection":[{"href":"https:\/\/members.loria.fr\/EFreyssinet\/wp-json\/wp\/v2\/pages"}],"about":[{"href":"https:\/\/members.loria.fr\/EFreyssinet\/wp-json\/wp\/v2\/types\/page"}],"author":[{"embeddable":true,"href":"https:\/\/members.loria.fr\/EFreyssinet\/wp-json\/wp\/v2\/users\/1"}],"replies":[{"embeddable":true,"href":"https:\/\/members.loria.fr\/EFreyssinet\/wp-json\/wp\/v2\/comments?post=102"}],"version-history":[{"count":18,"href":"https:\/\/members.loria.fr\/EFreyssinet\/wp-json\/wp\/v2\/pages\/102\/revisions"}],"predecessor-version":[{"id":297,"href":"https:\/\/members.loria.fr\/EFreyssinet\/wp-json\/wp\/v2\/pages\/102\/revisions\/297"}],"wp:attachment":[{"href":"https:\/\/members.loria.fr\/EFreyssinet\/wp-json\/wp\/v2\/media?parent=102"}],"curies":[{"name":"wp","href":"https:\/\/api.w.org\/{rel}","templated":true}]}}