{"id":10,"date":"2015-06-15T10:23:49","date_gmt":"2015-06-15T08:23:49","guid":{"rendered":"http:\/\/members.loria.fr\/thierrygartiser\/?page_id=10"},"modified":"2018-03-30T16:42:06","modified_gmt":"2018-03-30T14:42:06","slug":"cv","status":"publish","type":"page","link":"https:\/\/members.loria.fr\/EKerrien\/cv\/","title":{"rendered":"Resume"},"content":{"rendered":"<div class=\"important_div\" style=\"text-align: center\"><\/div>\n<h4 class=\"cv\">Short Bio<\/h4>\n<p>After my graduation from the <a href=\"http:\/\/telecom-paristech.fr\" target=\"_blank\">\u00c9cole Nationale Sup\u00e9rieure des T\u00e9l\u00e9communications (now Telecom ParisTech)<\/a> in 1994, mastering in image processing, I took a flight to Norway to experience midnight sun and midday night (quite perturbing), northern lights (quite magical), Norwegian food (quite&#8230; well let&#8217;s say sometimes strange for a French guy), cold (quite freezing to be euphemistical), and incidentally work at the <a href=\"http:\/\/npolar.no\/en\" target=\"_blank\">Norwegian Polar Institute<\/a> in the framework of my national service (&#8220;cooperation&#8221;).<\/p>\n<p>Upon my return in 1996 I decided to take advantage of my practice in resistance to extreme cold conditions and in walking on iced pavements and came to <a href=\"http:\/\/en.nancy-tourisme.fr\/home\" target=\"_blank\">Nancy<\/a> (France) to do my PhD thesis on image registration in medical imaging (mainly 2D and 3D angiography images). This work was done at <a href=\"http:\/\/www.loria.fr\" target=\"_blank\">Loria<\/a> in collaboration with <a href=\"http:\/\/gehealthcare.com\" target=\"_blank\">GE Medical Systems Europe (now GE Healthcare)<\/a> and the department of Interventional Neuroradiology of <a href=\"http:\/\/www.chu-nancy.fr\" target=\"_blank\">Nancy University Hospital<\/a>.<\/p>\n<p>In 2000, having my brand new doctorate in hand, I joigned <a href=\"http:\/\/www3.gehealthcare.fr\" target=\"_blank\">GE Medical Systems Europe<\/a> as a research engineer before I became a permanent researcher at <a href=\"http:\/\/www.inria.fr\" target=\"_blank\">INRIA<\/a> at the fall of 2001. I&#8217;m currently working in the <a href=\"http:\/\/magrit.loria.fr\" target=\"_blank\">Magrit<\/a> project at Loria, and am an external collaborator of <a href=\"http:\/\/mimesis.inria.fr\" target=\"_blank\">Mimesis<\/a> Inria team in Strasbourg. My main activity deals with medical imaging and augmented reality.<\/p>\n<p>I defended <a href=\"https:\/\/hal.inria.fr\/tel-01754699\">my habilitation thesis<\/a> (<em>Habilitation \u00e0 Diriger des Recherches<\/em>) in 2018. <\/p>\n<h4 class=\"cv\">Interests and Skills<\/h4>\n<div id=\"skillbar_straight\" style=\"padding:10px 0;\">\n\n<div class=\"skillbar clearfix\" data-percent=\"100%\" style=\"background: #eeeeee;\">\r\n\t\t\t\t<div class=\"skillbar-title\" style=\"background: #336699 !important;\"><span>Medical Imaging<\/span><\/div>\r\n\t\t\t\t<div class=\"skillbar-bar\" style=\"background: #336699;\"><\/div>\r\n\t\t\t\t<div class=\"skill-bar-percent\">100%<\/div>\r\n\t\t\t<\/div>\n\n<div class=\"skillbar clearfix\" data-percent=\"80%\" style=\"background: #eeeeee;\">\r\n\t\t\t\t<div class=\"skillbar-title\" style=\"background: #336699 !important;\"><span>Computer Vision<\/span><\/div>\r\n\t\t\t\t<div class=\"skillbar-bar\" style=\"background: #336699;\"><\/div>\r\n\t\t\t\t<div class=\"skill-bar-percent\">80%<\/div>\r\n\t\t\t<\/div>\n\n<div class=\"skillbar clearfix\" data-percent=\"90%\" style=\"background: #eeeeee;\">\r\n\t\t\t\t<div class=\"skillbar-title\" style=\"background: #336699 !important;\"><span>Multi-Modal Imaging<\/span><\/div>\r\n\t\t\t\t<div class=\"skillbar-bar\" style=\"background: #336699;\"><\/div>\r\n\t\t\t\t<div class=\"skill-bar-percent\">90%<\/div>\r\n\t\t\t<\/div>\n\n<div class=\"skillbar clearfix\" data-percent=\"90%\" style=\"background: #eeeeee;\">\r\n\t\t\t\t<div class=\"skillbar-title\" style=\"background: #336699 !important;\"><span>3D Shape Reconstruction<\/span><\/div>\r\n\t\t\t\t<div class=\"skillbar-bar\" style=\"background: #336699;\"><\/div>\r\n\t\t\t\t<div class=\"skill-bar-percent\">90%<\/div>\r\n\t\t\t<\/div>\n\n<div class=\"skillbar clearfix\" data-percent=\"80%\" style=\"background: #eeeeee;\">\r\n\t\t\t\t<div class=\"skillbar-title\" style=\"background: #336699 !important;\"><span>Augmented Reality<\/span><\/div>\r\n\t\t\t\t<div class=\"skillbar-bar\" style=\"background: #336699;\"><\/div>\r\n\t\t\t\t<div class=\"skill-bar-percent\">80%<\/div>\r\n\t\t\t<\/div>\n\n<div class=\"skillbar clearfix\" data-percent=\"80%\" style=\"background: #eeeeee;\">\r\n\t\t\t\t<div class=\"skillbar-title\" style=\"background: #336699 !important;\"><span>Image-Driven Simulation<\/span><\/div>\r\n\t\t\t\t<div class=\"skillbar-bar\" style=\"background: #336699;\"><\/div>\r\n\t\t\t\t<div class=\"skill-bar-percent\">80%<\/div>\r\n\t\t\t<\/div>\n\n\n<div style=\"clear:both;\"><\/div>\n<\/div>\n<div style=\"clear:both; height:10px; overflow:hidden;\"><\/div>\n<style type=\"text\/css\">.skillbar-title{font-size:px;color:;}.skill-bar-percent{font-size:px;color:;}<\/style><script>\r\n\t\t\t\tfunction sbar(){\r\n\t\t\t\t\tjQuery(\".skillbar\").each(function(){\r\n\t\t\t\t\t\tjQuery(this).find(\".skillbar-bar\").animate({\r\n\t\t\t\t\t\t\twidth:jQuery(this).attr(\"data-percent\")\r\n\t\t\t\t\t\t},3000);\r\n\t\t\t\t\t});\t\r\n\t\t\t\t}\r\n\t\t\t\tif ( jQuery(\"#skillbar_straight\").next().is(\":appeared\") ){\r\n\t\t\t\t\tsbar();\r\n\t\t\t\t} else {\r\n\t\t\t\t\tjQuery( window ).scroll(function() {\r\n\t\t\t\t\t\tif ( jQuery(\"#skillbar_straight\").next().is(\":appeared\") ){\r\n\t\t\t\t\t\t\tsbar();\r\n\t\t\t\t\t\t}\r\n\t\t\t\t\t});\r\n\t\t\t\t}\r\n\t\t\t\t<\/script>\n","protected":false},"excerpt":{"rendered":"<p>Short Bio After my graduation from the \u00c9cole Nationale Sup\u00e9rieure des T\u00e9l\u00e9communications (now Telecom ParisTech) in 1994, mastering in image processing, I took a flight to Norway to experience midnight sun and midday night (quite perturbing), northern lights (quite magical), Norwegian food (quite&#8230; well let&#8217;s say sometimes strange for a French guy), cold (quite freezing [&hellip;]<\/p>\n","protected":false},"author":31,"featured_media":0,"parent":0,"menu_order":0,"comment_status":"closed","ping_status":"closed","template":"","meta":{"footnotes":""},"class_list":["post-10","page","type-page","status-publish","hentry"],"_links":{"self":[{"href":"https:\/\/members.loria.fr\/EKerrien\/wp-json\/wp\/v2\/pages\/10","targetHints":{"allow":["GET"]}}],"collection":[{"href":"https:\/\/members.loria.fr\/EKerrien\/wp-json\/wp\/v2\/pages"}],"about":[{"href":"https:\/\/members.loria.fr\/EKerrien\/wp-json\/wp\/v2\/types\/page"}],"author":[{"embeddable":true,"href":"https:\/\/members.loria.fr\/EKerrien\/wp-json\/wp\/v2\/users\/31"}],"replies":[{"embeddable":true,"href":"https:\/\/members.loria.fr\/EKerrien\/wp-json\/wp\/v2\/comments?post=10"}],"version-history":[{"count":35,"href":"https:\/\/members.loria.fr\/EKerrien\/wp-json\/wp\/v2\/pages\/10\/revisions"}],"predecessor-version":[{"id":333,"href":"https:\/\/members.loria.fr\/EKerrien\/wp-json\/wp\/v2\/pages\/10\/revisions\/333"}],"wp:attachment":[{"href":"https:\/\/members.loria.fr\/EKerrien\/wp-json\/wp\/v2\/media?parent=10"}],"curies":[{"name":"wp","href":"https:\/\/api.w.org\/{rel}","templated":true}]}}