{"id":56,"date":"2015-06-16T13:44:07","date_gmt":"2015-06-16T11:44:07","guid":{"rendered":"http:\/\/members.loria.fr\/thierrygartiser\/?page_id=56"},"modified":"2026-04-20T11:12:27","modified_gmt":"2026-04-20T09:12:27","slug":"accueil","status":"publish","type":"page","link":"https:\/\/members.loria.fr\/EKerrien\/","title":{"rendered":"Erwan KERRIEN"},"content":{"rendered":"<p><b>Inria researcher<\/b> &#8211; <i>Charg\u00e9 de Recherche, Hors Classe<\/i> at <a>Inria Centre at Universit\u00e9 de Lorraine<\/a><\/p>\n<p><b>Research activities<\/b> at <a href=\"https:\/\/www.loria.fr\">Loria lab<\/a>, member of the <a href=\"https:\/\/team.inria.fr\/tangram\/\">Tangram team<\/a> (Inria, Universit\u00e9 de Lorraine, CNRS joint team).<\/p>\n<p><b>Teaching<\/b> at Universit\u00e9 de Lorraine, Computer Vision and Image processing (<a href=\"https:\/\/members.loria.fr\/EKerrien\/m2avr\/\">M2 AVR<\/a>, <a href=\"https:\/\/members.loria.fr\/EKerrien\/cets8ah\/\">Mines Nancy school<\/a>) and Computer Science (<a href=\"https:\/\/members.loria.fr\/EKerrien\/initdev\/\">IUT St-Di\u00e9-des-Vosges<\/a>).<\/p>\n<p><b>Research topics:<\/b> all my research applies to medical imaging, in particular interventional imaging and neurovascular pathologies<\/p>\n<ul>\n<li>Medical image computing and interventional image processing<\/li>\n<li>Computer vision and augmented reality<\/li>\n<li>Shape modeling and reconstruction<\/li>\n<li>Image-driven and biomechanical simulation<\/li>\n<\/ul>\n<p><b>Current activities<\/b><\/p>\n<ul>\n<li>\n<i>Responsibilities<\/i><\/p>\n<ul>\n<li>Head of the Digital Health transverse research axis at Loria<\/li>\n<li>In charge of Scientific Outreach at Inria Centre at Universit\u00e9 de Lorraine (with V\u00e9ronique Poirel)<\/li>\n<\/ul>\n<\/li>\n<li>\n<i>Projects<\/i><\/p>\n<ul>\n<li>PI of the <a href=\"https:\/\/project.inria.fr\/prespin\/\">PreSPIN<\/a> ANR project (2021-2026)<\/li>\n<li>Head of Challenge 2 in LIFE-TRAVEL interdisciplinary program for <a href=\"https:\/\/www.univ-lorraine.fr\/isite-lorraine\/\">IEL I-SITE<\/a> (2026-2036)<\/li>\n<\/ul>\n<\/li>\n<li>\n<i>Supervision<\/i><\/p>\n<ul>\n<li>Fateme Ghayem (Post-doc, Sep 2025-Sep 2026, Loria funding)<br \/>\n<i>Leveraging priors to improve intracranial aneurysms detection and analysis<\/i>\n<\/li>\n<li>Alexander Koch (PhD, Nov 2025-Nov 2028, ENACT-R\u00e9gion Grand Est funding, co-supervision with Prof. Antoine Verger, MD, IADI)<br \/>\n<i>Guiding clinical routine practice decisions using amino acid PET imaging for neuro-oncology with artificial intelligence models<\/i><\/li>\n<li>Insaf Mellakh (PhD, Nov 2024-Nov 2027, AM2I pole funding, co-supervision with Julien Oster, IADI)<br \/>\n<i>Quantitative analysis of X-ray angiography images in acute ischemic stroke<\/i><\/li>\n<li>Liang Liao (PhD, Nov 2021, Aug 2026, self-funding (MD), co-supervision with Prof. Ren\u00e9 Anxionnat, MD, IADI)<br \/>\n<i>Detection of brain aneurysms from MRA with Deep Learning: creation of a neural network model and evaluation of its clinical application<\/i><\/li>\n<\/ul>\n","protected":false},"excerpt":{"rendered":"<p>Inria researcher &#8211; Charg\u00e9 de Recherche, Hors Classe at Inria Centre at Universit\u00e9 de Lorraine Research activities at Loria lab, member of the Tangram team (Inria, Universit\u00e9 de Lorraine, CNRS joint team). Teaching at Universit\u00e9 de Lorraine, Computer Vision and Image processing (M2 AVR, Mines Nancy school) and Computer Science (IUT St-Di\u00e9-des-Vosges). Research topics: all [&hellip;]<\/p>\n","protected":false},"author":5,"featured_media":0,"parent":0,"menu_order":0,"comment_status":"closed","ping_status":"closed","template":"","meta":{"footnotes":""},"class_list":["post-56","page","type-page","status-publish","hentry"],"_links":{"self":[{"href":"https:\/\/members.loria.fr\/EKerrien\/wp-json\/wp\/v2\/pages\/56","targetHints":{"allow":["GET"]}}],"collection":[{"href":"https:\/\/members.loria.fr\/EKerrien\/wp-json\/wp\/v2\/pages"}],"about":[{"href":"https:\/\/members.loria.fr\/EKerrien\/wp-json\/wp\/v2\/types\/page"}],"author":[{"embeddable":true,"href":"https:\/\/members.loria.fr\/EKerrien\/wp-json\/wp\/v2\/users\/5"}],"replies":[{"embeddable":true,"href":"https:\/\/members.loria.fr\/EKerrien\/wp-json\/wp\/v2\/comments?post=56"}],"version-history":[{"count":31,"href":"https:\/\/members.loria.fr\/EKerrien\/wp-json\/wp\/v2\/pages\/56\/revisions"}],"predecessor-version":[{"id":526,"href":"https:\/\/members.loria.fr\/EKerrien\/wp-json\/wp\/v2\/pages\/56\/revisions\/526"}],"wp:attachment":[{"href":"https:\/\/members.loria.fr\/EKerrien\/wp-json\/wp\/v2\/media?parent=56"}],"curies":[{"name":"wp","href":"https:\/\/api.w.org\/{rel}","templated":true}]}}