{"id":230,"date":"2016-07-28T00:28:24","date_gmt":"2016-07-27T22:28:24","guid":{"rendered":"http:\/\/members.loria.fr\/EVincent\/?page_id=230"},"modified":"2026-01-15T17:48:37","modified_gmt":"2026-01-15T15:48:37","slug":"keynotes-tutorials-and-press","status":"publish","type":"page","link":"https:\/\/members.loria.fr\/EVincent\/keynotes-tutorials-and-press\/","title":{"rendered":"Keynotes, tutorials, and media interviews"},"content":{"rendered":"<h2 style=\"text-align: center\">Keynotes<\/h2>\n<p><a href=\"http:\/\/homepages.loria.fr\/evincent\/talks\/experttalkICASSP22.pdf\" target=\"_self\" rel=\"noopener noreferrer\">Speech anonymization<\/a><br \/>\n2022 IEEE International Conference on Acoustics, Speech and Signal Processing (ICASSP)<br \/>\nAnnual Conference of the UKRI Centre for Doctoral Training in Speech and Language Technologies and their Applications, 2022<\/p>\n<p><a href=\"http:\/\/homepages.loria.fr\/evincent\/talks\/keynoteCFA16.zip\" target=\"_self\" rel=\"noopener noreferrer\">S\u00e9paration de sources: quand l\u2019acoustique rencontre le machine learning<\/a><br \/>\n13e Congr\u00e8s Fran\u00e7ais d\u2019Acoustique, 2016<\/p>\n<p><a href=\"http:\/\/homepages.loria.fr\/evincent\/talks\/keynoteWASPAA15.zip\" target=\"_self\" rel=\"noopener noreferrer\">Is audio signal processing still useful in the era of machine learning?<\/a><br \/>\n2015 IEEE Workshop on Applications of Signal Processing to Audio and Acoustics (WASPAA)<\/p>\n<p><a href=\"http:\/\/homepages.loria.fr\/evincent\/talks\/keynoteNOLISP09.zip\" target=\"_self\" rel=\"noopener noreferrer\">Audio source separation using hierarchical phase-invariant models<\/a><br \/>\n2009 ISCA Tutorial and Research Workshop on Non-linear Speech Processing (NOLISP)<\/p>\n<p><a href=\"http:\/\/homepages.loria.fr\/evincent\/talks\/keynoteICArn05.pdf\" target=\"_self\" rel=\"noopener noreferrer\">Blind audio source separation: A review of state-of-the-art techniques<\/a> (audio not included)<br \/>\n2005 Workshop of the UK ICA Research Network.<\/p>\n<p>&nbsp;<\/p>\n<h2 style=\"text-align: center\">Tutorials and Summer\/Winter Schools<\/h2>\n<p><a href=\"http:\/\/homepages.loria.fr\/evincent\/talks\/tutorialSPSC22.pdf\" target=\"_self\" rel=\"noopener noreferrer\">Speech anonymization<\/a><br \/>\n2nd Symposium on Security and Privacy in Speech Communication joined with 2nd VoicePrivacy Challenge (SPSC 2022)<\/p>\n<p><a href=\"http:\/\/homepages.loria.fr\/evincent\/talks\/tutorialIS16.pdf\">Learning-based approaches to speech enhancement and separation<\/a> (with Jonathan Le Roux and Hakan Erdogan)<br \/>\nInterspeech 2016<\/p>\n<p><a href=\"http:\/\/homepages.loria.fr\/evincent\/talks\/summerschoolLVA15.pdf\">Advanced spatial processing<\/a> (with Emanu\u00ebl Habets)<br \/>\n2015 LVA\/ICA Summer School on Latent Variable Analysis and Signal Separation<\/p>\n<p><a href=\"http:\/\/homepages.loria.fr\/evincent\/talks\/seminar_IRISA_feb13_1.pdf\">Introduction to sound scene analysis &#8211; Source localization<\/a> &#8211; <a href=\"http:\/\/homepages.loria.fr\/evincent\/talks\/seminar_IRISA_feb13_2.pdf\">Source separation<\/a> &#8211; <a href=\"http:\/\/homepages.loria.fr\/evincent\/talks\/seminar_IRISA_feb13_3.pdf\">Source classification<\/a><br \/>\n2013 IRISA Winter School on &lsquo;Localization, separation and tracking of audio sources&rsquo;<\/p>\n<p><a href=\"http:\/\/homepages.loria.fr\/evincent\/talks\/tutorialIS12.pdf\">Uncertainty handling for environment-robust speech recognition<\/a> (with Ramon Astudillo and Li Deng)<br \/>\nInterspeech 2012<\/p>\n<p><a href=\"http:\/\/homepages.loria.fr\/evincent\/talks\/tutorialDAFx11.zip\">Music source separation<\/a><br \/>\n14th International Conference on Digital Audio Effects (DAFx 2011)<\/p>\n<p><a href=\"http:\/\/homepages.loria.fr\/evincent\/talks\/tutorialISMIR10_part1.zip\">Music source separation<\/a> and its <a href=\"http:\/\/homepages.loria.fr\/evincent\/talks\/tutorialISMIR10_part2.pdf\">applications to MIR<\/a> (with Nobutaka Ono)<br \/>\n2010 International Society for Music Information Retrieval Conference (ISMIR)<\/p>\n<p>&nbsp;<\/p>\n<h2 style=\"text-align: center\">Media interviews<\/h2>\n<p><a href=\"https:\/\/mondenumerique.info\/podcast\/monde-numerique\/episode\/tout-comprendre-reconnaissance-et-synthese-vocale-comment-les-machines-nous-ecoutent-et-nous-parlent\">Tout comprendre \u2013 Reconnaissance et synth\u00e8se vocale : comment les machines nous \u00e9coutent\u2026 et nous parlent<\/a>, Monde Num\u00e9rique, July 11, 2025<\/p>\n<p>L&rsquo;IA et l&rsquo;aide au diagnostic m\u00e9dical, France Info, July 24, 2024<\/p>\n<p><a href=\"https:\/\/www.alliancy.fr\/ia-vocales-conquerir-entreprises\">Les IA vocales, en voie de conqu\u00e9rir les entreprises<\/a>, Alliancy, June 20, 2024<\/p>\n<p><a href=\"https:\/\/www.voisins-nachbarn.eu\/fr\/rechercher\/emmanuel-vincent-directeur-de-la-recherche-inria.html\">Nous recruterons chercheurs et \u00e9tudiants dans le monde entier, en commen\u00e7ant par l&rsquo;espace transfrontalier<\/a>, Alliancy, June 5, 2024<\/p>\n<p><a href=\"https:\/\/www.france.tv\/france-3\/grand-est\/enquetes-de-region-grand-est\/5807130-les-mysteres-du-cerveau.html\">Les myst\u00e8res du cerveau<\/a>, France 3, April 3, 2024<\/p>\n<p><a href=\"https:\/\/www.youtube.com\/watch?v=O6nkeGmWd_w\">IA : Quels d\u00e9fis pour demain ?<\/a>, <em>Quoi de Neuf Chercheur?<\/em>, Twitch, July 19, 2023<\/p>\n<p><a href=\"https:\/\/france3-regions.francetvinfo.fr\/grand-est\/meurthe-et-moselle\/nancy\/algorithmes-discriminations-sexisme-et-racisme-ce-que-vous-devez-savoir-2799491.html\">Algorithmes : discriminations, sexisme et racisme, ce que vous devez savoir<\/a>, France 3, June 21, 2023<\/p>\n<p><a href=\"https:\/\/01netkiosk.milibris.com\/reader\/preview\/c2b140a1-2320-4340-ae81-bf16f9e241d1\">Les assistants vocaux haussent le ton<\/a>, 01net, August 24, 2022<\/p>\n<p><a href=\"https:\/\/www.mondenumerique.info\/la-reconnaissance-vocale-vous-allez-tout-comprendre-serie-speciale\/\">La reconnaissance vocale : vous allez tout comprendre<\/a>, Monde Num\u00e9rique, August 22, 2022<\/p>\n<p><a href=\"https:\/\/www.wired.com\/story\/voice-recognition-privacy-speech-changer\/\">The race to hide your voice<\/a>, Wired, June 1, 2022<\/p>\n<p><a href=\"https:\/\/www.wedemain.fr\/inventer\/dresseur-dintelligence-artificielle-metier-de-demain\/\">Dresseur d\u2019intelligence artificielle, m\u00e9tier de demain ?<\/a>, WE DEMAiN, October 24, 2021<\/p>\n<p>Protection de la vie priv\u00e9e : 2 outils de transformation de la voix et de texte (<a href=\"https:\/\/radiovillageinnovation.com\/broadcast\/85422-Protection-de-la-vie-priv%C3%A9e-2-outils-de-transformation-de-la-voix-et-de-texte\">part 1<\/a> &amp; <a href=\"https:\/\/radiovillageinnovation.com\/broadcast\/85436-PROTECTION-DE-LA-VIE-PRIV%C3%89E-2%C3%A8me-PARTIE-LE-TRANSFORMATEUR-DE-TEXTE-LE-CONSORTIUM-COMPRISE\">part 2<\/a>), <em>Sapience<\/em>, Radio Village Innovation, September 16 &amp; October 7, 2020<\/p>\n<p><a href=\"https:\/\/www.cnil.fr\/sites\/default\/files\/atoms\/files\/cnil_livre-blanc-assistants-vocaux.pdf\">\u00c0 votre \u00e9coute &#8211; Exploration des enjeux \u00e9thiques, techniques et juridiques des assistants vocaux<\/a>, CNIL, September 7, 2020<\/p>\n<p><a href=\"https:\/\/www.rue89strasbourg.com\/tca-interactions-vocales-164104\">On transmet beaucoup plus d\u2019informations par la voix qu\u2019un message<\/a>, Rue89 Strasbourg, November 20, 2019<\/p>\n<p>La voix crescendo, L&rsquo;Usine Nouvelle, June 27, 2019<\/p>\n<p><a href=\"https:\/\/www.youtube.com\/watch?v=d-FBJokNmRY&amp;feature=youtu.be\">Un assistant vocal qui prot\u00e8ge les donn\u00e9es<\/a>, France 3 Grand Est, June 7, 2019<\/p>\n<p><a href=\"http:\/\/www.18h39.fr\/articles\/les-enceintes-connectees-vont-revolutionner-vos-vies-et-vous-ne-pourrez-plus-vous-en-passer.html\">Les enceintes connect\u00e9es vont r\u00e9volutionner vos vies et vous ne pourrez plus vous en passer<\/a>, 18h39.fr, February 22, 2018<\/p>\n<p><a href=\"https:\/\/www.franceculture.fr\/emissions\/le-magazine-de-la-redaction\/gafa-la-voix-est-libre\" target=\"_self\" rel=\"noopener noreferrer\">Gafa : la voix est libre<\/a>, <em>le Magazine de la R\u00e9daction<\/em>, France Culture, January 5, 2018<\/p>\n<p><a href=\"http:\/\/www.lemonde.fr\/economie\/article\/2017\/10\/19\/les-assistants-vocaux-vont-bousculer-la-radio_5203260_3234.html\" target=\"_self\" rel=\"noopener noreferrer\">Les assistants vocaux vont bousculer la radio<\/a>, Le Monde, October 19, 2017<\/p>\n<p><a href=\"https:\/\/www.lesechos.fr\/idees-debats\/sciences-prospective\/030519456581-2017-alexa-la-voix-damazon-2110820.php\" target=\"_self\" rel=\"noopener noreferrer\">2017 : Alexa, la voix d\u2019Amazon<\/a>, Les \u00c9chos, August 31, 2017<\/p>\n<p><a href=\"http:\/\/www.lefigaro.fr\/secteur\/high-tech\/2017\/04\/10\/32001-20170410ARTFIG00298-les-prochains-defis-de-la-reconnaissance-vocale.php\" target=\"_self\" rel=\"noopener noreferrer\">Les prochains d\u00e9fis de la reconnaissance vocale<\/a>, le Figaro, April 11, 2017<\/p>\n<p><a href=\"https:\/\/www.franceinter.fr\/emissions\/le-zoom-de-la-redaction\/le-zoom-de-la-redaction-02-fevrier-2017\" target=\"_self\" rel=\"noopener noreferrer\">Quand les machines apprennent \u00e0 parler l&rsquo;humain<\/a>, <em>le Zoom de la R\u00e9daction<\/em>, France Inter, February 2, 2017<\/p>\n<p><a href=\"https:\/\/interstices.info\/upload\/docs\/audio\/mpeg\/2014-10\/comment_separer_des_sources_sonores_.mp3\" target=\"_self\" rel=\"noopener noreferrer\">Quand les sons se s\u00e9parent<\/a>, Podcast Interstices, October 2014<\/p>\n<p><a href=\"http:\/\/podcast.rcf.fr\/sites\/default\/files\/diffusions\/RCF35\/RCF35_MAGSCIE_20110606_1145.mp3\" target=\"_self\" rel=\"noopener noreferrer\">Science et musique<\/a>, <em>Mag Sciences<\/em>, RCF, June 6, 2011<\/p>\n","protected":false},"excerpt":{"rendered":"<p>Keynotes Speech anonymization 2022 IEEE International Conference on Acoustics, Speech and Signal Processing (ICASSP) Annual Conference of the UKRI Centre for Doctoral Training in Speech and Language Technologies and their Applications, 2022 S\u00e9paration de sources: quand l\u2019acoustique rencontre le machine learning 13e Congr\u00e8s Fran\u00e7ais d\u2019Acoustique, 2016 Is audio signal processing still useful in the era [&hellip;]<\/p>\n","protected":false},"author":45,"featured_media":0,"parent":0,"menu_order":0,"comment_status":"closed","ping_status":"closed","template":"","meta":{"footnotes":""},"class_list":["post-230","page","type-page","status-publish","hentry"],"_links":{"self":[{"href":"https:\/\/members.loria.fr\/EVincent\/wp-json\/wp\/v2\/pages\/230","targetHints":{"allow":["GET"]}}],"collection":[{"href":"https:\/\/members.loria.fr\/EVincent\/wp-json\/wp\/v2\/pages"}],"about":[{"href":"https:\/\/members.loria.fr\/EVincent\/wp-json\/wp\/v2\/types\/page"}],"author":[{"embeddable":true,"href":"https:\/\/members.loria.fr\/EVincent\/wp-json\/wp\/v2\/users\/45"}],"replies":[{"embeddable":true,"href":"https:\/\/members.loria.fr\/EVincent\/wp-json\/wp\/v2\/comments?post=230"}],"version-history":[{"count":45,"href":"https:\/\/members.loria.fr\/EVincent\/wp-json\/wp\/v2\/pages\/230\/revisions"}],"predecessor-version":[{"id":374,"href":"https:\/\/members.loria.fr\/EVincent\/wp-json\/wp\/v2\/pages\/230\/revisions\/374"}],"wp:attachment":[{"href":"https:\/\/members.loria.fr\/EVincent\/wp-json\/wp\/v2\/media?parent=230"}],"curies":[{"name":"wp","href":"https:\/\/api.w.org\/{rel}","templated":true}]}}