{"id":253,"date":"2016-10-19T16:09:22","date_gmt":"2016-10-19T14:09:22","guid":{"rendered":"http:\/\/members.loria.fr\/FCharpillet\/?page_id=253"},"modified":"2025-04-02T12:05:49","modified_gmt":"2025-04-02T10:05:49","slug":"students-html","status":"publish","type":"page","link":"https:\/\/members.loria.fr\/FCharpillet\/students-html\/","title":{"rendered":"Students"},"content":{"rendered":"<h4 id=\"current-phd-students-Lorraine-University\">Current PhD students, Lorraine University<\/h4>\n<ul>\n<p><!--Adrian Bourgaud for a thesis about distributed and active sensing of people in indoor environments. His PhD position is funded by Satelor Project.--><\/p>\n<li> Ahmed-Manaf Dahmani for a thesis (co-adviser David Daney) on inverse optimal control applied to human motion understanding.\n<li>Alexandre Oliveira (Co-advisers Pauline Maurice, Jordan Grenier, Serena Ivaldi) for a CIFRE thesis funded by Safran : Intelligence Arti\ufb01cielle et contr\u00f4le de syst\u00e8mes interactifs : application aux exosquelettes.<\/li>\n<\/ul>\n<h4 id=\"current-postdoc\">Current Postdoc<\/h4>\n<ul>\n<\/ul>\n<h4 id=\"current-postdoc\">Former\u00a0Postdoc<\/h4>\n<ul>\n<li>Xuan Nguyen, now postdoc at Universit\u00e9 de Caen Normandie <\/li>\n<li>Jilles Dibangoye, working on Decentralized Partially Markov Decision Systems, now assistant professor at INSA Lyon, Citi-Lab.<\/li>\n<li>Fabrice Lauri, now assistant professor at universit\u00e9 technologique de Belfort Montbelliard, in SET laboratory.<\/li>\n<li>Maan Badaoui, now professor at university of Lille.<\/li>\n<li>Amine Boumaza, has been assistant professor at Littoral university Calais and is now assistant professor at Lorraine University, Nancy.<\/li>\n<li>Cindy Cappelle, now assistant professor at universit\u00e9 technologique de Belfort Montbeliard, in SET laboratory.<\/li>\n<\/ul>\n<h4 id=\"current-postdoc\">Former\u00a0PhD Students<\/h4>\n<ul>\n<li>Abir Bouaouda (co-advisers Mohamed Boutayed and Dominique Martinez)received her PhD, 13 December 2024 for a thesis entitled: Reinforcement learning for controlling cable driven parallel robots.PhD from Lorraine University\n<li>Lina Achaji received her PhD, 5th July 2023 for a thesis entitled \u00ab\u00a0Behavior Prediction of Road Users for Urban Autonomous Vehicles\u00a0\u00bb, PhD from Lorraine University.\n<li>Elo\u00efse Zehnder (Co-Adviser J\u00e9rome Dinet, Professor of Psychology) received PhD, 10th February 2023, for a thesis entitled: \u00ab\u00a0Sentiment de solitude, agents et robots sociaux : acceptabilit\u00e9 et confiance\u00a0\u00bb, PhD from Lorraine University.\n<li>Jessica Colombel (Co-Adviser David Daney, DR Inria Bordeaux Auctus Team) received PhD 5th December 2022 for a thesis entitled: \u00ab\u00a0Analyse de la dynamique du mouvement humain pour l&rsquo;assistance \u00e0 la personne : Apport de la robustesse de l&rsquo;observation et de l&rsquo;analyse par contr\u00f4le optimal inverse\u00a0\u00bb, PhD from Lorraine University.\n<li>Julien Uzzan received PhD 22nd November 2022 for a thesis entitled:\u00a0\u00bbApprentissage par renforcement pour la conduite autonome\u00a0\u00bb, PhD from Lorraine University.\n<li>Nicolas Gauville received PhD 18th November 2022 for a thesis entitled: \u00ab\u00a0Coordination de plates-formes robotiques autonomes, en environnement inconnu pour la recherche et le sauvetage\u00a0\u00bb, PhD from Lorraine University.\n<li>Yassine El-Khadiri received PhD 31th August 2021 for a thesis entitled: \u00ab\u00a0Inf\u00e9rence bay\u00e9sienne pour la d\u00e9tection des activit\u00e9s de la vie quotidiennes pour faciliter le maintien \u00e0 domicile des personnes \u00e2g\u00e9es\u00a0\u00bb, PhD from Lorraine University.<a href=\"..\/files\/files\/TheseYassineElKhadiri.pdf\">PDF<\/a><\/li>\n<li>Oriane Dermy (co-adviser Serena Ivaldi) received PhD 17th December 2018 for thesis entitled: Pr\u00e9diction du mouvement humain pour la robotique collaborative, du geste accompagn\u00e9 au mouvement corps entier,PhD from Lorraine University.<a href=\"..\/files\/files\/TheseOrianeDermy.pdf\">PDF<\/a><\/li>\n<li>Inaki Fernandes (co-adviser Amine Boumaza) received PhD 19th december 2017 for thesis entitled: Distributed Embodied Evolutionary Adaptation of Behaviors in Swarms of Robotic Agents, PhD from Lorraine University.<\/li>\n<li>Mohamad Daher(co-adviser Maan Badaoui El Najjar) received PhD 13th december 2017 for thesis entitled: High Integrity Personal Tracking Using Fault Tolerant Multi-Sensor Data Fusion, PhD from University of Lille.<\/li>\n<li>Nassim Kald\u00e9 (co-adviser Olivier Simonin) received PhD 12th december 2017 for thesis entitled: Robotic Coverage and Exploration Tasks as Sequential Decision-Making Problems, PhD from Lorraine University.<\/li>\n<li>Abdallah Dib received PhD 24 May 2016 for thesis entitled: Vers un syst\u00e8me de capture du mouvement humain en 3D pour un robot mobile \u00e9voluant dans un environnement encombr\u00e9, PhD from Lorraine University, <a href=\"..\/files\/files\/TheseAbdallahDib.pdf\">PDF<\/a><\/li>\n<li>Mihai Andries (co-adviser Olivier Simonin) received PhD 15th december 2015 for thesis entitled: Object and human tracking and robot control through a load sensing floor, PhD from Lorraine University, <a href=\"..\/files\/files\/TheseMihaiAndries.pdf\">PDF<\/a><\/li>\n<li>Amandine Dubois received PhD 15th september 2014 for thesis entitled: Mesure de la fragilit\u00e9 et d\u00e9tection de chutes pour le maintien \u00e0 domicile des personnes \u00e2g\u00e9es, PhD from Lorraine University, <a href=\"..\/files\/files\/TheseAmandineDubois.pdf\">PDF<\/a>.<\/li>\n<li>Jano Yazbeck (co-adviser Alexis Scheuer) received PhD 10th june 2014 for thesis entitled: Accrochage immat\u00e9riel s\u00fbr et pr\u00eacis de v\u00e9hicules automatiques, PhD from Lorraine University,<a href=\"..\/files\/files\/TheseJanoYazbeck.pdf\">PDF<\/a>.<\/li>\n<li>Antoine Bautin (co-adviser Olivier Simonin) received PhD 3rd October 2013 for thesis entitled: Strat\u00e9gie d\u2019exploration multirobot fond\u00e9e sur le calcul de champs de potentiels, PhD from Lorraine University, <a href=\"..\/files\/files\/TheseAntoineBautin.pdf\">PDF<\/a>.<\/li>\n<li>Mauricio Araya (co-adviser Olivier Buffet and Vincent Thomas) received PhD 4th February 2013 for thesis entitled: Near-Optimal Algorithms for Sequential Information-Gathering, PhD from Lorraine University, <a href=\"..\/files\/files\/TheseMauricioAraya.pdf\">PDF<\/a>.<\/li>\n<li>Arnaud Glad (co-adviser Olivier Simonin) received PhD 15th November 2011 for thesis entitled : Etude de l\u2019auto-organisation dans les algorithmes fourmi d\u00e9di\u00e9s \u00e0 la patrouille multi-agent, <a href=\"..\/files\/files\/TheseArnaudGlad.pdf\">PDF<\/a>.<\/li>\n<li>C\u00e9dric Rose received PhD 27th May 2011 for thesis: Mod\u00e9lisation stochastique pour le raisonnement m\u00e9dical et ses applications \u00e0 la t\u00e9l\u00e9m\u00e9decine. Th\u00e8se de l\u2019Universit\u00e9 Henri Poincar\u00e9, Nancy 1, <a href=\"..\/files\/files\/TheseCedricRose.pdf\">PDF<\/a>.<br \/>\nCedric has now an Engineer position In Diatelic compagny in Nancy.<\/li>\n<li>Gabriel Corona received PhD 11th April 2011 for thesis: Utilisation de croyances heuristiques pour la planification multi-agent dans le cadre des Dec-POMDPs. Th\u00e8se de l\u2019Universit\u00e9 Henri Poincar\u00e9, Nancy 1, <a href=\"..\/files\/files\/TheseGabrielCorona.pdf\">PDF<\/a>.<\/li>\n<li>Christophe Thiery (co-adviser Bruno Scherrer) received PhD 25th november 2010 for thesis: It\u00e9ration sur les Politiques Optimiste et Apprentissage du Jeu de T\u00e9tris. Th\u00e8se de l\u2019Universit\u00e9 Henri Poincar\u00e9, Nancy 1, <a href=\"..\/files\/files\/TheseChristopheThiery.pdf\">PDF<\/a>.<\/li>\n<\/ul>\n<ul>\n<li>Cherif Smaili (co-adviser Maan Badaoui) received PhD 7th May 2010 for thesis: Fusion de donn\u00e9es multicapteurs \u00e0 l\u2019aide d\u2019un r\u00e9seau bay\u00e9sien pour l\u2019estimation d\u2019\u00e9tat d\u2019un v\u00e9hicule. Th\u00e8se de l\u2019Universit\u00e9 Nancy 2, <a href=\"..\/files\/files\/TheseCherifSmaili.pdf\">PDF<\/a>.<br \/>\nCherif is Now assistant professor at USTHB in Algeria.<\/li>\n<li>Rodolphe Charrier (co-adviser Christine Bourjot) received PhD 8th December 2009 for thesis: L\u2019intelligence en essaim sous l\u2019angle des syst\u00e8mes complexes : \u00e9tude d\u2019un syst\u00e8me multi-agent r\u00e9actif \u00e0 base d\u2019it\u00e9rations logistiques coupl\u00e9es. Th\u00e8se de l\u2019Universit\u00e9 Nancy 2, <a href=\"..\/files\/files\/TheseRodolpheCharrier.pdf\">PDF<\/a>.<br \/>\nRodolphe is now assistant professor at University of LeHavre.<\/li>\n<li>Sergio Nogueira (co-adviser Yassine Ruichek) received PhD 9th December 2009 for thesis: Localisation de mobiles par construction de mod\u00e8les 3d en utilisant la st\u00e9r\u00e9ovision, Th\u00e8se de l\u2019Universit\u00e9 Technologique de Belfort Montbeliard, <a href=\"..\/files\/files\/TheseSergioNoguera.pdf\">PDF<\/a>.<\/li>\n<\/ul>\n<ul>\n<li>Raghav Aras (co-adviser Alain Dutech) received PhD 23th October 2008 for thesis: Mathematical Programming Methods For Decentralized POMDPs.Th\u00e8se de l\u2019Universit\u00e9 Henri Poincar\u00e9, Nancy1,<a href=\"..\/files\/files\/TheseRaghavAras.pdf\">PDF<\/a>.<\/li>\n<\/ul>\n<ul>\n<li>Jamal Saboune (co-adviser Jacques Duchene) received PhD 5th febrary 2008 for thesis: D\u00e9veloppement d\u2019un syst\u00e8me passif de suivi 3D du mouvement humain par filtrage particulaire. Th\u00e8se de l\u2019Universit\u00e9 de technologie de Troyes, <a href=\"..\/files\/files\/TheseJamalSaboune.pdf\">PDF<\/a>.<\/li>\n<li>Simon Le Gloannec (co-adviser Abdel illah Mouaddib) received PhD 29th june 2007 for thesis: Contr\u00f4le adaptatif d\u2019un agent rationnel \u00e0 ressources limit\u00e9es dans un environnement dynamique et incertain. Th\u00e8se de l\u2019Universit\u00e8 de Caen sp\u00e9cialit\u00e9 informatique, <a href=\"..\/files\/files\/TheseSimonLeGloannec.pdf\">PDF<\/a>.<\/li>\n<li>Daniel Szer received PhD 10th November 2006 for thesis: Contribution \u00e0 la r\u00e9solution des processus de d\u00e9cision markoviens d\u00e9centralis\u00e9s.Th\u00e8se de l\u2019Universit\u00e9 Henri Poincar\u00e9, Nancy1,<a href=\"..\/files\/files\/TheseDaniel.pdf\">PDF<\/a>.<\/li>\n<\/ul>\n<ul>\n<li>Franck Gechter (co-adviser Vincent Chevrier) received PhD October 2003 for thesis: Mod\u00e8le multi-agent r\u00e9actif pour la fusion de percepts : application \u00e0 la localisation et au suivi en robotique mobile. Th\u00e8se de l\u2019Universit\u00e9 Henri Poincar\u00e9, Nancy1, <a href=\"..\/files\/files\/TheseFranckGechter.pdf\">PDF<\/a>.<br \/>\nFranck is assistant professor at universit\u00e9 technologique de Belfort Montbeliard, in SET laboratory.<\/li>\n<li>Olivier Buffet (co-adviser Alain Dutech) received PhD 10th September 2003 for thesis: Une double approche modulaire de l\u2019apprentissage par renforcement pour des agents intelligents adaptatifs.Th\u00e8se de l\u2019Universit\u00e9 Henri Poincar\u00e9, Nancy1, <a href=\"..\/files\/files\/TheseOlivierBuffet.pdf\">PDF<\/a>.<br \/>\nOlivier is currently researcher at INRIA in the MAIA group.<\/li>\n<li>Bruno Scherrer (co-adviser Fr\u00e9d\u00e9ric Alexandre) received PhD 6th January 2003 for thesis: Apprentissage de repr\u00e9sentation et auto-organisation modulaire pour un agent autonome. Th\u00e8se de l\u2019Universit\u00e9 Henri Poincar\u00e9, Nancy 1, <a href=\"..\/files\/files\/TheseBrunoScherrer.pdf\">PDF<\/a>.<br \/>\nBruno is currently researcher at INRIA in the BIGS team.<\/li>\n<li>Iadine Chad\u00e9s received PhD 6th January 2003 for thesis: Planification distribu\u00e9e dans les syst\u00e8mes multi-agents \u00e0 l\u2019aide de processus d\u00e9cisionnels de Markov. Th\u00e9se de l\u2019Universit\u00e9 Henri Poincar\u00e9, Nancy 1, <a href=\"..\/files\/files\/TheseIadineChades.pdf\">PDF<\/a>.<br \/>\nIadine is currently team leader of the Conservation Decisions team (CSIRO, Land and Water).<\/li>\n<\/ul>\n<ul>\n<li>Laurent Jeanpierre received PhD 3rd December 2002 for thesis: Apprentissage et adaptation pour la mod\u00e9lisation stochastique de syst\u00e8mes dynamiques r\u00e9els.Th\u00e8se de l\u2019Universit\u00e9 Henri Poincar\u00e9, Nancy 1, <a href=\"..\/files\/files\/TheseLaurentJeanpierre.pdf\">PDF<\/a>.<br \/>\nLaurent is assistant professor at university of Caen.<\/li>\n<li>David Bellot (co-adviser Jean Paul Haton and Anne Boyer) received PhD 26 november 2002 for thesis : Fusion de donn\u00e9es avec des r\u00e9seaux bay\u00e9siens pour la mod\u00e9lisation des syst\u00e8mes dynamiques et son application en t\u00e9l\u00e9m\u00e9decine. Th\u00e8se de l\u2019Universit\u00e9 Henri Poincar\u00e9, Nancy 1,<a href=\"..\/files\/files\/TheseDavidBellot.pdf\">PDF<\/a>.<\/li>\n<\/ul>\n<ul>\n<li>Makram Bouzid (co-adviser with Vincent Chevrier and St\u00e9phane Vialle) received PhD 7 november 2001 for thesis: Contribution \u00e0 la mod\u00e9lisation de l\u2019interaction agent\/environnement : Mod\u00e9lisation stochastique et simulation parall\u00e9le. Th\u00e8se de l\u2019Universit\u00e9 Henri Poincar\u00e9, Nancy 1, <a href=\"..\/files\/files\/TheseMakramBouzid.pdf\">PDF<\/a>.<\/li>\n<\/ul>\n<ul>\n<li>Pierre Laroche (co-adviser Jean Paul Haton) received PhD 27th juanary 2000 for thesis: Processus D\u00e9cisionnels de Markov appliqu\u00e9s \u00e0 la planification sous incertitude. Th\u00e8se de l\u2019Universit\u00e9, Henri Poincar\u00e9, Nancy 1, <a href=\"..\/files\/files\/ThesePierreLaroche.pdf\">PDF<\/a>.<br \/>\nPierre is now assistant professor at University of Lorraine.<\/li>\n<\/ul>\n<ul>\n<li>Haik Philippe (co-adviser Jean Paul Haton received PhD in 1999 for thesis: Environnement d\u2019aide au d\u00e9veloppement et Biblioth\u00e8que de programme intelligente.Th\u00e8se d\u2019universit\u00e9 Henri Poincar\u00e9, Nancy1, 1999.<\/li>\n<\/ul>\n<ul>\n<li>Olivier Aycard (co-adviser Jean Paul Haton) received PhD 19 th june 1998 for thesis: Architecture de contr\u00f4le pour robot mobile en environnement int\u00e9rieur structur\u00e9. Th\u00e8se de l\u2019Universit\u00e9 Henri Poincar\u00e9, Nancy 1.<br \/>\nOlivier is an Associate Professor at the Joseph Fourier University of Grenoble<\/li>\n<\/ul>\n<ul>\n<li>Jean Michel Gallone (co-adviser Jean Paul Haton received PhD january 1997 for thesis: R\u00e9solution de probl\u00e8mes sous contraintes de ressources \u00e0 l\u2019aide de r\u00e9seaux neuromim\u00e9tiques : application \u00e0 l\u2019ordonnancement.<br \/>\nJean-Michel Gallone est ing\u00e9nieur de recherche au CNRS.<\/li>\n<li>Malek Mouhoub (co-adviser Jean Paul Haton) received PhD December 1996 for thesis: Contribution \u00e0 l\u2019\u00e9tude des techniques de propagation de contraintes symboliques et num\u00e9riques pour le raisonnement temporel, Th\u00e8se de l\u2019Universit\u00e9 Henri Poincar\u00e9, Nancy 1, <a href=\"..\/files\/files\/TheseMalekMouhoub.pdf\">PDF<\/a>.<br \/>\nMalek is Professor in the Department of Computer Science at University of Regina.<\/li>\n<li>Maroua Bouzid (co-adviser Jean Paul Haton) received PhD july 1995 for thesis: Contribution au raisonnement temporel : Applications aux syst\u00e8mes de maintien de v\u00e9rit\u00e9, th\u00e8se de l\u2019Universit\u00e9 Henri Poincar\u00e9, Nancy 1, Juillet 1995.<br \/>\nMaroua is professor at universit\u00e9 of Caen, in the MAD team of Greyc laboratory.<\/li>\n<li>Nadget Bouzid (co-adviser Jean Paul Haton) received PhD november 1994 for thesis: Mod\u00e8le Qualitatif : analyse, formalisation et mise en oeuvre, Th\u00e8se de l\u2019Universit\u00e9 Henri Poincar\u00e9, Nancy 1, Novembre 1994.<\/li>\n<li>Sylvie Coste-Marquis (co-advisers Jean Paul Haton, Anne Bonneau, Pierre Marquis and Yves Laprie) received PhD october 1994 for thesis: Utilisation des techniques du raisonnement hypoth\u00e9tique pour la reconnaissance automatique de la parole. Th\u00e8se de Doctorat de l\u2019Universit\u00e9 Henri Poincar\u00e9, Nancy, octobre 1994.<br \/>\nSylvie Coste Marquis is assistante professor, university of Lens, CRIL Laboratory.<\/li>\n<li>Corinne Loesel (co-adviser Jean Paul Haton) received PhD juanary 1995 for thesis: Un mod\u00e8le de raisonnement hypoth\u00e9tique et temporel pour la physique qualitative, Th\u00e8se de l\u2019Universit\u00e9 Henri Poincar\u00e9, Nancy1, Janvier 1995.<br \/>\nCorinne Loesel est aujourd\u2019hui chercheur au Centre Henri Tudor au Luxembourg<\/li>\n<li>Abdel-illah Mouaddib (co-adviser Jean Paul Haton) received PhD october 1993 for thesis: Contribution au raisonnement progressif et temps r\u00e9el dans un univers multi-agents, Th\u00e8se de l\u2019Universit\u00e9 Henri Poincar\u00e9, Nancy1, Octobre1993.<br \/>\nAbdel-illah is professor at universit\u00e9 of Caen.<\/li>\n<\/ul>\n<ul>\n<li>Jean Christophe Lementec (co-adviser Jean Paul Haton) received PhD december 1992 for thesis: Prise en compte de contraintes temps r\u00e9el dans un syst\u00e8me multi-bases de connaissances, D\u00e9cembre 1992.<\/li>\n<\/ul>\n<ul>\n<li>Hany Tolba (co-adviser Jean Paul Haton) received PhD december 1992 for thesis: Contribution \u00e0 l\u2019\u00e9tude du raisonnement temporel: int\u00e9gration des informations qualitatives et quantitatives et propagations de contraintes, D\u00e9cembre 1992.<\/li>\n<li>Philippe Lalanda (co-adviser Jean Paul Haton) received PhD december 1992 for thesis: Conduite du raisonnement dans un syst\u00e8me \u00e0 base de tableau noir temps r\u00e9el, Th\u00e8se de l\u2019Universit\u00e9 Henri Poincar\u00e9 Nancy 1, D\u00e9cembre 1992.<br \/>\nPhilippe Lalanda is professor of university J Fourier, Grenoble. He is a member of Adele research Team.<\/li>\n<li>Anne-Claire Boury (co-adviser Jean Paul Haton) received PhD 1991 for thesis: Maintien de v\u00e9rit\u00e9 dans un syst\u00e8me \u00e0 architecture de Blackboard, F\u00e9vrier 1992. Doctorat de l\u2019universit\u00e9 de Nancy I, 1991.<\/li>\n<\/ul>\n<ul>\n<li>Kamel Smaili (co-adviser Jean Paul Haton and Jean-Marie Pierrel) received PhD 1991 for thesis: Conception et r\u00e9alisation d\u2019une machine \u00e0 dicter \u00e0 entr\u00e9e vocale destin\u00e9e aux grands vocabulaires: Le syst\u00e8me MAUD, Doctorat de l\u2019universit\u00e9 de Nancy I, 1991.<br \/>\nKamel is professor at university of Lorraine. He is a the team leader of smart group at Loria.<\/li>\n<\/ul>\n","protected":false},"excerpt":{"rendered":"<p>Current PhD students, Lorraine University Ahmed-Manaf Dahmani for a thesis (co-adviser David Daney) on inverse optimal control applied to human motion understanding. Alexandre Oliveira (Co-advisers Pauline Maurice, Jordan Grenier, Serena Ivaldi) for a CIFRE thesis funded by Safran : Intelligence Arti\ufb01cielle et contr\u00f4le de syst\u00e8mes interactifs : application aux exosquelettes. Current Postdoc Former\u00a0Postdoc Xuan Nguyen, [&hellip;]<\/p>\n","protected":false},"author":60,"featured_media":0,"parent":0,"menu_order":0,"comment_status":"closed","ping_status":"closed","template":"","meta":{"footnotes":""},"class_list":["post-253","page","type-page","status-publish","hentry"],"_links":{"self":[{"href":"https:\/\/members.loria.fr\/FCharpillet\/wp-json\/wp\/v2\/pages\/253","targetHints":{"allow":["GET"]}}],"collection":[{"href":"https:\/\/members.loria.fr\/FCharpillet\/wp-json\/wp\/v2\/pages"}],"about":[{"href":"https:\/\/members.loria.fr\/FCharpillet\/wp-json\/wp\/v2\/types\/page"}],"author":[{"embeddable":true,"href":"https:\/\/members.loria.fr\/FCharpillet\/wp-json\/wp\/v2\/users\/60"}],"replies":[{"embeddable":true,"href":"https:\/\/members.loria.fr\/FCharpillet\/wp-json\/wp\/v2\/comments?post=253"}],"version-history":[{"count":91,"href":"https:\/\/members.loria.fr\/FCharpillet\/wp-json\/wp\/v2\/pages\/253\/revisions"}],"predecessor-version":[{"id":490,"href":"https:\/\/members.loria.fr\/FCharpillet\/wp-json\/wp\/v2\/pages\/253\/revisions\/490"}],"wp:attachment":[{"href":"https:\/\/members.loria.fr\/FCharpillet\/wp-json\/wp\/v2\/media?parent=253"}],"curies":[{"name":"wp","href":"https:\/\/api.w.org\/{rel}","templated":true}]}}