{"id":504,"date":"2025-11-11T23:16:45","date_gmt":"2025-11-11T21:16:45","guid":{"rendered":"https:\/\/members.loria.fr\/FCharpillet\/?page_id=504"},"modified":"2025-11-11T23:18:08","modified_gmt":"2025-11-11T21:18:08","slug":"curent-and-former-phd-students","status":"publish","type":"page","link":"https:\/\/members.loria.fr\/FCharpillet\/curent-and-former-phd-students\/","title":{"rendered":"Current and former PHD Students"},"content":{"rendered":"<table  class=\" table table-hover\" border=\"1\" cellpadding=\"5\" cellspacing=\"0\" style=\"border-collapse: collapse;width: 100%\">\n<thead>\n<tr style=\"background-color: #f0f0f0\">\n<th style=\"width:3%\">N\u00b0<\/th>\n<th style=\"width:15%\">Nom (dates)<\/th>\n<th style=\"width:12%\">Co-encadrants<\/th>\n<th style=\"width:10%\">Th\u00e9matique<\/th>\n<th style=\"width:40%\">Sujet r\u00e9sum\u00e9<\/th>\n<th style=\"width:10%\">Financement<\/th>\n<th style=\"width:10%\">Poste actuel<\/th>\n<\/tr>\n<\/thead>\n<tbody>\n<tr>\n<td>1<\/td>\n<td>G. Ferreol (2024-)<\/td>\n<td><\/td>\n<td><\/td>\n<td><a href=\"https:\/\/\"><br \/>\nSyst\u00e8me multi-agents hybrides (IA g\u00e9n\u00e9rative\/agentique et IA symbolique)<\/a><\/td>\n<td>Cifre Safran<\/td>\n<td>&#8212;<\/td>\n<\/tr>\n<tr>\n<td>2<\/td>\n<td>A. Rhamdami (11\/2022&#8211;)<\/td>\n<td><\/td>\n<td>Contr\u00f4le optimale inverse<\/td>\n<td><a href=\"https:\/\/\">Contr\u00f4le optimale inverse appliqu\u00e9e au mouvement humain, am\u00e9lioration m\u00e9thodes, contraintes, algos robustes, tests<\/a><\/td>\n<td>Budget propre<\/td>\n<td>&#8212;<\/td>\n<\/tr>\n<tr>\n<td>3<\/td>\n<td>A. Bouaouda (09\/2020-12\/24)<\/td>\n<td>Mohamed Boutayed, Dominique Martinez<\/td>\n<td>RL robotique<\/td>\n<td><a href=\"https:\/\/docnum.univ-lorraine.fr\/public\/DDOC_T_2024_0311_BOUAOUDA.pdf\">Apprentissage par renforcement pour robots parall\u00e8les \u00e0 c\u00e2ble, contr\u00f4leur robuste exp\u00e9rimental<\/a><\/td>\n<td>R\u00e9gion<\/td>\n<td>Ing\u00e9nieur AT-LOR<\/td>\n<\/tr>\n<tr>\n<td>4<\/td>\n<td>Lina Achaji (03\/2020-07\/23)<\/td>\n<td><\/td>\n<td>Pr\u00e9diction comportement<\/td>\n<td>Comportement usagers routiers avec Transformers, mono et multi-acteurs<\/td>\n<td>Cifre Stellantis<\/td>\n<td>Applied Scientist Amazon<\/td>\n<\/tr>\n<tr>\n<td>5<\/td>\n<td>E. Zehnder (09\/2019-02\/23)<\/td>\n<td>J\u00e9rome Dinet (Professeur psychologie)<\/td>\n<td>Agents sociaux<\/td>\n<td><a href=\"https:\/\/docnum.univ-lorraine.fr\/public\/DDOC_T_2023_0022_ZEHNDER.pdf\">\u00c9tude de la solitude, acceptabilit\u00e9, confiance envers agents et robots sociaux<\/a><\/td>\n<td>LUE Univ. Lorraine<\/td>\n<td>&#8212;<\/td>\n<\/tr>\n<tr>\n<td>6<\/td>\n<td>J. Colombel (2019-2022)<\/td>\n<td>David Daney (DR Inria Bordeaux Auctus Team)<\/td>\n<td>COI mouvement humain<\/td>\n<td><a href=\"https:\/\/docnum.univ-lorraine.fr\/public\/DDOC_T_2022_0210_COLOMBEL.pdf\">Analyse mouvement humain pour assistance, robustesse observation via contr\u00f4le optimal inverse<\/a><\/td>\n<td>Budget propre<\/td>\n<td>Ing\u00e9nieure R&amp;D GNSS chez SBG<\/td>\n<\/tr>\n<tr>\n<td>7<\/td>\n<td>J. Uzzan (01\/2019-11\/22)<\/td>\n<td><\/td>\n<td>RL conduite autonome<\/td>\n<td>Apprentissage par renforcement pour conduite autonome<\/td>\n<td>Cifre Stellantis<\/td>\n<td>&#8212;<\/td>\n<\/tr>\n<tr>\n<td>8<\/td>\n<td>N. Gauville (05\/2019-11\/22)<\/td>\n<td><\/td>\n<td>Robotique multi-agent<\/td>\n<td><a href=\"https:\/\/docnum.univ-lorraine.fr\/public\/DDOC_T_2022_0279_GAUVILLE.pdf\">Coordination robots autonomes en milieu inconnu pour recherche\/sauvetage, prix JFSMA<\/a><\/td>\n<td>Cifre Safran<\/td>\n<td>Pr\u00e9sident Cats &amp; Foxes SAS<\/td>\n<\/tr>\n<tr>\n<td>9<\/td>\n<td>Y. El-Khadiri (06\/2017-08\/21)<\/td>\n<td><\/td>\n<td>Inf\u00e9rence bay\u00e9sienne<\/td>\n<td><a href=\"https:\/\/docnum.univ-lorraine.fr\/public\/DDOC_T_2021_0251_EL_KHADIRI.pdf\">Inf\u00e9rence bay\u00e9sienne pour d\u00e9tection d\u2019activit\u00e9s quotidiennes, maintien \u00e0 domicile<\/a><\/td>\n<td>Cifre -Pharmagest<\/td>\n<td>Automation Engineer, QBLOX<\/td>\n<\/tr>\n<tr>\n<td>10<\/td>\n<td>O. Dermy (2018)<\/td>\n<td>Serena Ivaldi<\/td>\n<td>Pr\u00e9diction mouvement humain<\/td>\n<td><a href=\"https:\/\/docnum.univ-lorraine.fr\/public\/DDOC_T_2018_0227_DERMY.pdf\">Pr\u00e9diction mouvements pour robotique collaborative, du geste au corps entier<\/a><\/td>\n<td>Bourse Inria<\/td>\n<td>Ma\u00eetre de conf.s Univ. Lorraine<\/td>\n<\/tr>\n<tr>\n<td>11<\/td>\n<td>I. Fernandes (2017)<\/td>\n<td>Amine Boumaza<\/td>\n<td>\u00c9volution en essaim<\/td>\n<td><a href=\"https:\/\/docnum.univ-lorraine.fr\/public\/DDOC_T_2017_0300_FERNANDEZ_PEREZ.pdf\">\u00c9volution comportement dans essaims robotiques distribu\u00e9s<\/a><\/td>\n<td>minist\u00e9rielle<\/td>\n<td>Researcher, CARTIF Espagne<\/td>\n<\/tr>\n<tr>\n<td>12<\/td>\n<td>M. Daher (2017)<\/td>\n<td>Maan Badaoui El Najjar<\/td>\n<td>Fusion multi-capteurs<\/td>\n<td><a href=\"https:\/\/pepite-depot.univ-lille.fr\/LIBRE\/EDSPI\/2017\/50376-2017-Daher.pdf\">Fusion multi-capteurs tol\u00e9rante aux fautes pour suivi de personne<\/a><\/td>\n<td>Budget propre<\/td>\n<td>Associate Professor, Universit\u00e9 Liban<\/td>\n<\/tr>\n<tr>\n<td>13<\/td>\n<td>N. Kald\u00e9 (2017)<\/td>\n<td>Olivier Simonin<\/td>\n<td>Exploration robotique<\/td>\n<td><a href=\"https:\/\/docnum.univ-lorraine.fr\/public\/DDOC_T_2017_0276_KALDE.pdf\">Couverture et exploration robotique via prise de d\u00e9cision s\u00e9quentielle<\/a><\/td>\n<td>minist\u00e9rielle<\/td>\n<td>Lead Developper IBM Strasbourg<\/td>\n<\/tr>\n<tr>\n<td>14<\/td>\n<td>A. Dib (2016)<\/td>\n<td><\/td>\n<td>Capture mouvement humain<\/td>\n<td><a href=\"https:\/\/docnum.univ-lorraine.fr\/public\/DDOC_T_2016_0045_DIB.pdf\">Capture 3D mouvement humain pour robot mobile en environnement encombr\u00e9<\/a><\/td>\n<td>Projet LAR<\/td>\n<td>Research scientist @Ubisoft<\/td>\n<\/tr>\n<tr>\n<td>15<\/td>\n<td>M. Andries (2015)<\/td>\n<td>Olivier Simonin<\/td>\n<td>Localisation &amp; suivi<\/td>\n<td><a href=\"https:\/\/docnum.univ-lorraine.fr\/public\/DDOC_T_2015_0293_ANDRIES.pdf\">Localisation\/suivi humains et objets, contr\u00f4le robot via sol sensible<\/a><\/td>\n<td>IPL PAL INRIA<\/td>\n<td>Ma\u00eetre de Conf\u00e9rences Brest<\/td>\n<\/tr>\n<tr>\n<td>16<\/td>\n<td>A. Dubois (2014)<\/td>\n<td><\/td>\n<td>Maintien \u00e0 domicile<\/td>\n<td><a href=\"https:\/\/docnum.univ-lorraine.fr\/public\/DDOC_T_2014_0095_DUBOIS.pdf\">Mesure fragilit\u00e9 et d\u00e9tection chutes pour maintien domicile personnes \u00e2g\u00e9es<\/a><\/td>\n<td>Bourse INRIA<\/td>\n<td>Ma\u00eetre de conf\u00e9rence Univ Lorraine<\/td>\n<\/tr>\n<tr>\n<td>17<\/td>\n<td>J. Yazbeck (2014)<\/td>\n<td>Alexis Scheuer<\/td>\n<td>V\u00e9hicules autonomes<\/td>\n<td><a href=\"https:\/\/docnum.univ-lorraine.fr\/public\/DDOC_T_2014_0070_YAZBECK.pdf\">Accrochage immat\u00e9riel s\u00fbr et pr\u00e9cis de v\u00e9hicules automatiques<\/a><\/td>\n<td>Projet Europeen Intrade<\/td>\n<td>Business Development Manager, Luxembourg<\/td>\n<\/tr>\n<tr>\n<td>18<\/td>\n<td>A. Bautin (2013)<\/td>\n<td>Olivier Simonin<\/td>\n<td>Exploration multi-robot<\/td>\n<td><a href=\"https:\/\/docnum.univ-lorraine.fr\/public\/DDOC_T_2013_0261_BAUTIN.pdf\">Strat\u00e9gie d\u2019exploration multi-robot via champs de potentiels<\/a><\/td>\n<td>ANR Cartomatic<\/td>\n<td>Software developer Eliis Montpellier<\/td>\n<\/tr>\n<tr>\n<td>19<\/td>\n<td>M. Araya (2013)<\/td>\n<td>Olivier Buffet, Vincent Thomas<\/td>\n<td>D\u00e9cision s\u00e9quentielle<\/td>\n<td><a href=\"https:\/\/docnum.univ-lorraine.fr\/public\/DDOC_T_2013_0002_ARAYA_LOPEZ.pdf\">Algorithmes quasi-optimaux pour d\u00e9cisions s\u00e9quentielles de collecte d\u2019information<\/a><\/td>\n<td>Bourse CONICYT<\/td>\n<td>Associate Professor Chili<\/td>\n<\/tr>\n<tr>\n<td>20<\/td>\n<td>A. Glad (2011)<\/td>\n<td>Olivier Simonin<\/td>\n<td>Essaim multi-agent<\/td>\n<td><a href=\"https:\/\/theses.hal.science\/tel-00646293\/file\/main.pdf\">Auto-organisation dans algorithmes de patrouille multi-agent via ph\u00e9romones digitales<\/a><\/td>\n<td>&#8212;<\/td>\n<td>Head of R&amp;D Nadi Solutions<\/td>\n<\/tr>\n<tr>\n<td>21<\/td>\n<td>G. Corona (2011)<\/td>\n<td><\/td>\n<td>Planification multi-agent<\/td>\n<td><a href=\"https:\/\/docnum.univ-lorraine.fr\/public\/SCD_T_2011_0026_CORONA.pdf\">Planification multi-agent via croyances heuristiques, Dec-POMDP<\/a><\/td>\n<td>&#8212;<\/td>\n<td>Ing\u00e9nieur Diatelic-Pharmagest<\/td>\n<\/tr>\n<tr>\n<td>22<\/td>\n<td>C. Rose (2011)<\/td>\n<td><\/td>\n<td>Raisonnement m\u00e9dical<\/td>\n<td><a href=\"https:\/\/docnum.univ-lorraine.fr\/public\/SCD_T_2011_0148_ROSE.pdf\">Mod\u00e9lisation stochastique et applications t\u00e9l\u00e9m\u00e9decine<\/a><\/td>\n<td>Cifre Diatelic<\/td>\n<td>Ing\u00e9nieur Diatelic SA<\/td>\n<\/tr>\n<tr>\n<td>23<\/td>\n<td>Ch. Smaili (2010)<\/td>\n<td>Maan Badaoui<\/td>\n<td>Fusion multi-capteurs<\/td>\n<td><a href=\"https:\/\/theses.hal.science\/tel-00551833v1\/file\/MA_These.pdf\">Fusion multi-capteurs via r\u00e9seaux bay\u00e9siens pour estimation \u00e9tat v\u00e9hicule<\/a><\/td>\n<td>&#8212;<\/td>\n<td>Chercheur CERIST Alger<\/td>\n<\/tr>\n<tr>\n<td>24<\/td>\n<td>Ch. Thiery (2010)<\/td>\n<td>Bruno Scherrer<\/td>\n<td>Apprentissage jeu<\/td>\n<td><a href=\"http:\/\/docnum.univ-lorraine.fr\/public\/SCD_T_2010_0128_THIERY.pdf\">It\u00e9ration sur les politiques optimistes et apprentissage du jeu de T\u00e9tris<\/a><\/td>\n<td>&#8212;<\/td>\n<td>Senior C++ Developer FileWave<\/td>\n<\/tr>\n<tr>\n<td>25<\/td>\n<td>R. Charrier (2009)<\/td>\n<td>Christine Bourjot<\/td>\n<td>Syst\u00e8mes complexes<\/td>\n<td><a href=\"http:\/\/docnum.univ-lorraine.fr\/public\/DDOC_T_2009_NAN23_001_CHARRIER.pdf\">Intelligence en essaim via syst\u00e8mes multi-agent r\u00e9actifs avec it\u00e9rations logistiques<\/a><\/td>\n<td>PRAG<\/td>\n<td>Ma\u00eetre de conf\u00e9rences Le Havre<\/td>\n<\/tr>\n<tr>\n<td>26<\/td>\n<td>R. Aras (2008)<\/td>\n<td>Alain Dutech<\/td>\n<td>D\u00e9cision multi-agent<\/td>\n<td><a href=\"http:\/\/docnum.univ-lorraine.fr\/public\/SCD_T_2008_0092_ARAS.pdf\">Programmation math\u00e9matique pour Dec-POMDPs<\/a><\/td>\n<td>&#8212;<\/td>\n<td>R&amp;D Machine Learning @Socomec<\/td>\n<\/tr>\n<tr>\n<td>27<\/td>\n<td>J. Saboune (2008)<\/td>\n<td>Jacques Duchene<\/td>\n<td>Suivi mouvement 3D<\/td>\n<td><a href=\"https:\/\/theses.hal.science\/tel-00598867v1\/file\/TheseJamalSaboune.pdf\">Syst\u00e8me passif de suivi 3D mouvement humain par filtrage particulaire<\/a><\/td>\n<td>ANR Parachute<\/td>\n<td>Generative AI leadership Amazon SF<\/td>\n<\/tr>\n<tr>\n<td>28<\/td>\n<td>S. Le Gloannec (2007)<\/td>\n<td>Abdel illah Mouaddib<\/td>\n<td>Contr\u00f4le adaptatif<\/td>\n<td><a href=\"https:\/\/theses.hal.science\/tel-00157545v1\/file\/theseSimonLeGloannec.pdf\">Contr\u00f4le adaptatif agents rationnels \u00e0 ressources limit\u00e9es en environnement incertain<\/a><\/td>\n<td>R\u00e9gion\/Inria<\/td>\n<td>Associate Professor ISEN Ouest<\/td>\n<\/tr>\n<tr>\n<td>29<\/td>\n<td>D. Szer (2006)<\/td>\n<td><\/td>\n<td>D\u00e9cision multi-agent<\/td>\n<td><a href=\"http:\/\/docnum.univ-lorraine.fr\/public\/SCD_T_2006_0146_SZER.pdf\">R\u00e9solution des processus d\u00e9cisionnels markoviens d\u00e9centralis\u00e9s<\/a><\/td>\n<td>Proj. Europ. ITEA<\/td>\n<td>Head Strategy Wash EU TotalEnergies<\/td>\n<\/tr>\n<tr>\n<td>30<\/td>\n<td>F. Gechter (2003)<\/td>\n<td>Vincent Chevrier<\/td>\n<td>Robotique mobile<\/td>\n<td><a href=\"https:\/\/members.loria.fr\/FCharpillet\/files\/files\/TheseFranckGechter.pdf\">Mod\u00e8le multi-agent r\u00e9actif pour fusion de percepts en robotique mobile<\/a><\/td>\n<td>&#8212;<\/td>\n<td>Professeur UTBM Belfort<\/td>\n<\/tr>\n<tr>\n<td>31<\/td>\n<td>O. Buffet (2003)<\/td>\n<td>Alain Dutech<\/td>\n<td>Apprentissage RL<\/td>\n<td><a href=\"https:\/\/hal.univ-lorraine.fr\/tel-01748099v1\/file\/SCD_T_2003_0108_BUFFET.pdf\">Approche modulaire apprentissage par renforcement pour agents intelligents adaptatifs<\/a><\/td>\n<td>&#8212;<\/td>\n<td>CRCN INRIA EPC Larsen<\/td>\n<\/tr>\n<tr>\n<td>32<\/td>\n<td>B. Scherrer (2003)<\/td>\n<td>Fr\u00e9d\u00e9ric Alexandre<\/td>\n<td>Apprentissage machine<\/td>\n<td><a href=\"https:\/\/members.loria.fr\/FCharpillet\/files\/files\/TheseBrunoScherrer.pdf\">Apprentissage de repr\u00e9sentation modulaire et auto-organisation pour agents autonomes<\/a><\/td>\n<td>&#8212;<\/td>\n<td>Researcher INRIA BIGS<\/td>\n<\/tr>\n<tr>\n<td>33<\/td>\n<td>I. Chad\u00e9s (2003)<\/td>\n<td><\/td>\n<td>Planification multi-agent<\/td>\n<td><a href=\"https:\/\/members.loria.fr\/FCharpillet\/files\/files\/TheseIadineChades.pdf\">Planification distribu\u00e9e dans syst\u00e8mes multi-agent Markoviens<\/a><\/td>\n<td>&#8212;<\/td>\n<td>Team leader CSIRO Australie<\/td>\n<\/tr>\n<tr>\n<td>34<\/td>\n<td>L. Jeanpierre (2002)<\/td>\n<td><\/td>\n<td>Apprentissage machine<\/td>\n<td><a href=\"https:\/\/members.loria.fr\/FCharpillet\/files\/files\/TheseLaurentJeanpierre.pdf\">Apprentissage et adaptation pour mod\u00e9lisation stochastique syst\u00e8mes dynamiques<\/a><\/td>\n<td>&#8212;<\/td>\n<td>Ma\u00eetre de conf\u00e9rences Univ Caen<\/td>\n<\/tr>\n<tr>\n<td>35<\/td>\n<td>D. Bellot (2002)<\/td>\n<td>Jean-Paul Haton, Anne Boyer<\/td>\n<td>R\u00e9seaux bay\u00e9siens<\/td>\n<td><a href=\"https:\/\/members.loria.fr\/FCharpillet\/files\/files\/TheseDavidBellot.pdf\">Fusion donn\u00e9es r\u00e9seaux bay\u00e9siens pour mod\u00e9lisation dynamique t\u00e9l\u00e9m\u00e9decine<\/a><\/td>\n<td>&#8212;<\/td>\n<td>Vice President Quantitative Strategist WorldQuant<\/td>\n<\/tr>\n<tr>\n<td>36<\/td>\n<td>M. Bouzid (2001)<\/td>\n<td>Vincent Chevrier, St\u00e9phane Vialle<\/td>\n<td>Mod\u00e9lisation interaction agent\/environnement<\/td>\n<td><a href=\"https:\/\/members.loria.fr\/FCharpillet\/files\/files\/TheseMakramBouzid.pdf\">Mod\u00e9lisation stochastique et simulation parall\u00e8le interaction agent\/environnement<\/a><\/td>\n<td>&#8212;<\/td>\n<td>Assistant Prof. Univ Caen<\/td>\n<\/tr>\n<tr>\n<td>37<\/td>\n<td>P. Laroche (2000)<\/td>\n<td>Jean-Paul Haton<\/td>\n<td>Processus d\u00e9cisionnels Markov<\/td>\n<td><a href=\"https:\/\/members.loria.fr\/FCharpillet\/files\/files\/ThesePierreLaroche.pdf\">Processus d\u00e9cisionnels Markov pour planification sous incertitude<\/a><\/td>\n<td>&#8212;<\/td>\n<td>Ma\u00eetre de conf\u00e9rences Univ Lorraine<\/td>\n<\/tr>\n<tr>\n<td>38<\/td>\n<td>H. Philippe (1999)<\/td>\n<td>Jean-Paul Haton<\/td>\n<td>Programmation<\/td>\n<td><a href=\"https:\/\/members.loria.fr\/FCharpillet\/files\/files\/TheseHaikPhilippe.pdf\">Environnement d\u2019aide au d\u00e9veloppement et biblioth\u00e8que intelligente<\/a><\/td>\n<td>&#8212;<\/td>\n<td>&#8212;<\/td>\n<\/tr>\n<tr>\n<td>39<\/td>\n<td>O. Aycard (1998)<\/td>\n<td>Jean-Paul Haton<\/td>\n<td>Robotique mobile<\/td>\n<td><a href=\"https:\/\/members.loria.fr\/FCharpillet\/files\/files\/TheseOlivierAycard.pdf\">Architecture contr\u00f4le robot mobile en environnement structur\u00e9<\/a><\/td>\n<td>&#8212;<\/td>\n<td>Associate Professor Univ Grenoble<\/td>\n<\/tr>\n<tr>\n<td>40<\/td>\n<td>J.M. Gallone (1997)<\/td>\n<td>Jean-Paul Haton<\/td>\n<td>R\u00e9seaux neuromim\u00e9tiques<\/td>\n<td><a href=\"https:\/\/members.loria.fr\/FCharpillet\/files\/files\/TheseJeanMichelGallone.pdf\">R\u00e9solution probl\u00e8mes sous contraintes via r\u00e9seaux neuromim\u00e9tiques<\/a><\/td>\n<td>&#8212;<\/td>\n<td>Ing\u00e9nieur de recherche CNRS<\/td>\n<\/tr>\n<tr>\n<td>41<\/td>\n<td>M. Mouhoub (1996)<\/td>\n<td>Jean-Paul Haton<\/td>\n<td>Propagation contraintes<\/td>\n<td><a href=\"https:\/\/members.loria.fr\/FCharpillet\/files\/files\/TheseMalekMouhoub.pdf\">Propagation contraintes symboliques et num\u00e9riques pour raisonnement temporel<\/a><\/td>\n<td>&#8212;<\/td>\n<td>Professeur Univ Regina<\/td>\n<\/tr>\n<tr>\n<td>42<\/td>\n<td>M. Bouzid (1995)<\/td>\n<td>Jean-Paul Haton<\/td>\n<td>Raisonnement temporel<\/td>\n<td><a href=\"https:\/\/members.loria.fr\/FCharpillet\/files\/files\/TheseMarouaBouzid.pdf\">Applications raisonnement temporel aux syst\u00e8mes de maintien de v\u00e9rit\u00e9<\/a><\/td>\n<td>&#8212;<\/td>\n<td>Professeur Univ Caen<\/td>\n<\/tr>\n<tr>\n<td>43<\/td>\n<td>N. Bouzid (1994)<\/td>\n<td>Jean-Paul Haton<\/td>\n<td>Mod\u00e9lisation qualitative<\/td>\n<td><a href=\"https:\/\/members.loria.fr\/FCharpillet\/files\/files\/TheseNadgetBouzid.pdf\">Mod\u00e8le qualitatif : analyse, formalisation et mise en oeuvre<\/a><\/td>\n<td>&#8212;<\/td>\n<td>&#8212;<\/td>\n<\/tr>\n<tr>\n<td>44<\/td>\n<td>S. Coste-Marquis (1994)<\/td>\n<td>Jean-Paul Haton, Anne Bonneau, Pierre Marquis, Yves Laprie<\/td>\n<td>Reconnaissance parole<\/td>\n<td><a href=\"https:\/\/members.loria.fr\/FCharpillet\/files\/files\/TheseSylvieCosteMarquis.pdf\">Raisonnement hypoth\u00e9tique pour reconnaissance automatique de parole<\/a><\/td>\n<td>&#8212;<\/td>\n<td>Assistante prof. Univ Lens<\/td>\n<\/tr>\n<tr>\n<td>45<\/td>\n<td>C. Loesel (1995)<\/td>\n<td>Jean-Paul Haton<\/td>\n<td>Raisonnement temporel<\/td>\n<td><a href=\"https:\/\/members.loria.fr\/FCharpillet\/files\/files\/TheseCorinneLoesel.pdf\">Mod\u00e8le raisonnement hypoth\u00e9tique et temporel pour physique qualitative<\/a><\/td>\n<td>&#8212;<\/td>\n<td>Chercheur Centre Henri Tudor<\/td>\n<\/tr>\n<tr>\n<td>46<\/td>\n<td>A.-I. Mouaddib (1993)<\/td>\n<td>Jean-Paul Haton<\/td>\n<td>Raisonnement multi-agent<\/td>\n<td><a href=\"https:\/\/members.loria.fr\/FCharpillet\/files\/files\/TheseAbdelIllahMouaddib.pdf\">Raisonnement progressif temps r\u00e9el dans univers multi-agents<\/a><\/td>\n<td>&#8212;<\/td>\n<td>Professeur Univ Caen<\/td>\n<\/tr>\n<tr>\n<td>47<\/td>\n<td>J.-C. Lementec (1992)<\/td>\n<td>Jean-Paul Haton<\/td>\n<td>Syst\u00e8mes temps r\u00e9el<\/td>\n<td><a href=\"https:\/\/members.loria.fr\/FCharpillet\/files\/files\/TheseJeanChristopheLementec.pdf\">Contraintes temps r\u00e9el dans syst\u00e8me multi-bases connaissances<\/a><\/td>\n<td>&#8212;<\/td>\n<td>&#8212;<\/td>\n<\/tr>\n<tr>\n<td>48<\/td>\n<td>H. Tolba (1992)<\/td>\n<td>Jean-Paul Haton<\/td>\n<td>Raisonnement temporel<\/td>\n<td><a href=\"https:\/\/members.loria.fr\/FCharpillet\/files\/files\/TheseHanyTolba.pdf\">Raisonnement temporel qualitatif et quantitatif, propagation contraintes<\/a><\/td>\n<td>&#8212;<\/td>\n<td>&#8212;<\/td>\n<\/tr>\n<tr>\n<td>49<\/td>\n<td>P. Lalanda (1992)<\/td>\n<td>Jean-Paul Haton<\/td>\n<td>Raisonnement en temps r\u00e9el<\/td>\n<td><a href=\"https:\/\/members.loria.fr\/FCharpillet\/files\/files\/ThesePhilippeLalanda.pdf\">Conduite raisonnement dans syst\u00e8me tableau noir temps r\u00e9el<\/a><\/td>\n<td>&#8212;<\/td>\n<td>Professeur Univ Grenoble<\/td>\n<\/tr>\n<tr>\n<td>50<\/td>\n<td>A.-C. Boury (1991)<\/td>\n<td>Jean-Paul Haton<\/td>\n<td>Maintien de v\u00e9rit\u00e9<\/td>\n<td><a href=\"https:\/\/members.loria.fr\/FCharpillet\/files\/files\/TheseAnneClaireBoury.pdf\">Maintien de v\u00e9rit\u00e9 dans syst\u00e8me \u00e0 architecture Blackboard<\/a><\/td>\n<td>&#8212;<\/td>\n<td>&#8212;<\/td>\n<\/tr>\n<tr>\n<td>51<\/td>\n<td>K. Smaili (1991)<\/td>\n<td>Jean-Paul Haton, Jean-Marie Pierrel<\/td>\n<td>Reconnaissance vocale<\/td>\n<td><a href=\"https:\/\/members.loria.fr\/FCharpillet\/files\/files\/TheseKamelSmaili.pdf\">Machine \u00e0 dicter \u00e0 entr\u00e9e vocale pour grands vocabulaires (MAUD)<\/a><\/td>\n<td>&#8212;<\/td>\n<td>Professeur Univ Lorraine<\/td>\n<\/tr>\n<\/tbody>\n<\/table>\n","protected":false},"excerpt":{"rendered":"<p>N\u00b0 Nom (dates) Co-encadrants Th\u00e9matique Sujet r\u00e9sum\u00e9 Financement Poste actuel 1 G. Ferreol (2024-) Syst\u00e8me multi-agents hybrides (IA g\u00e9n\u00e9rative\/agentique et IA symbolique) Cifre Safran &#8212; 2 A. Rhamdami (11\/2022&#8211;) Contr\u00f4le optimale inverse Contr\u00f4le optimale inverse appliqu\u00e9e au mouvement humain, am\u00e9lioration m\u00e9thodes, contraintes, algos robustes, tests Budget propre &#8212; 3 A. Bouaouda (09\/2020-12\/24) Mohamed Boutayed, Dominique [&hellip;]<\/p>\n","protected":false},"author":60,"featured_media":0,"parent":0,"menu_order":0,"comment_status":"closed","ping_status":"closed","template":"","meta":{"footnotes":""},"class_list":["post-504","page","type-page","status-publish","hentry"],"_links":{"self":[{"href":"https:\/\/members.loria.fr\/FCharpillet\/wp-json\/wp\/v2\/pages\/504","targetHints":{"allow":["GET"]}}],"collection":[{"href":"https:\/\/members.loria.fr\/FCharpillet\/wp-json\/wp\/v2\/pages"}],"about":[{"href":"https:\/\/members.loria.fr\/FCharpillet\/wp-json\/wp\/v2\/types\/page"}],"author":[{"embeddable":true,"href":"https:\/\/members.loria.fr\/FCharpillet\/wp-json\/wp\/v2\/users\/60"}],"replies":[{"embeddable":true,"href":"https:\/\/members.loria.fr\/FCharpillet\/wp-json\/wp\/v2\/comments?post=504"}],"version-history":[{"count":7,"href":"https:\/\/members.loria.fr\/FCharpillet\/wp-json\/wp\/v2\/pages\/504\/revisions"}],"predecessor-version":[{"id":512,"href":"https:\/\/members.loria.fr\/FCharpillet\/wp-json\/wp\/v2\/pages\/504\/revisions\/512"}],"wp:attachment":[{"href":"https:\/\/members.loria.fr\/FCharpillet\/wp-json\/wp\/v2\/media?parent=504"}],"curies":[{"name":"wp","href":"https:\/\/api.w.org\/{rel}","templated":true}]}}