{"id":10,"date":"2015-06-15T10:23:49","date_gmt":"2015-06-15T08:23:49","guid":{"rendered":"http:\/\/members.loria.fr\/thierrygartiser\/?page_id=10"},"modified":"2020-10-16T17:25:35","modified_gmt":"2020-10-16T15:25:35","slug":"cv","status":"publish","type":"page","link":"https:\/\/members.loria.fr\/FLietard\/cv\/","title":{"rendered":"CV"},"content":{"rendered":"<div class=\"important_div\" style=\"text-align: center\"><\/div>\n<h4 class=\"cv\">Formation<\/h4>\n<ul>\n<li class=\"p1\"><span class=\"s1\">2016-Aujourd&rsquo;hui: Doctorat (I.E.C.L et LORIA): \u00c9vitabilit\u00e9 des k-puissances additives en combinatoire des mots (Sous la direction de Thomas STOLL (I.E.C.L.) et Damien JAMET (Loria)).<br \/>\n<\/span><\/li>\n<li>2015: Master 2 Math\u00e9matiques Fondamentales et Appliqu\u00e9es, Universit\u00e9 de Lorraine.<\/li>\n<li>2012-2014: Master 2 Math\u00e9matiques, sp\u00e9cialit\u00e9 math\u00e9matiques pures, parcours recherche, Universit\u00e9 de Lille 1.<\/li>\n<li>2010-2011: MPSI et MPE au lyc\u00e9e Henri Wallon \u00e0 Valenciennes.<\/li>\n<\/ul>\n<h4>Enseignements<\/h4>\n<ul>\n<li>Algorithmique et Programmation 2 (langage Python), Licence 1 &#8211; Universit\u00e9 de Lorraine, E.I. et T.P<\/li>\n<li>Math\u00e9matiques, Licence 1, Universit\u00e9 de Lorraine, E.I.<\/li>\n<li>M\u00e9thodes Num\u00e9riques, Licence 1 &#8211; Universit\u00e9 de Lorraine, E.I. et T.P.<\/li>\n<li>Analyse 3, Licence 2 &#8211; Universit\u00e9 de Lorraine, E.I.<\/li>\n<li>Soutien Math\u00e9matiques, Licence 1 &#8211; Universit\u00e9 de Lorraine, T.D.<\/li>\n<li>Analyse 1 et 2, Licence 1 &#8211; Universit\u00e9 de Lorraine, colles<\/li>\n<\/ul>\n<h4 class=\"cv\">Exp\u00e9rience professionnelle<\/h4>\n<ul>\n<li>2019: A.T.E.R. \u00e0 l&rsquo;universit\u00e9 de Lorraine<\/li>\n<li class=\"p1\"><span class=\"s1\">2017: Projet PEPS: (DP)\u00b2: Dilemme du Prisonnier et Diagnostic de la Parano\u00efa.<\/span><\/li>\n<li>2015: Stage de Master: \u00c9vitabilit\u00e9 des cubes additifs, encadr\u00e9 par Thomas Stoll et Damien Jamet \u00e0 l&rsquo;universit\u00e9 de Lorraine.<\/li>\n<li>2014: Stage de Master: Quelques r\u00e9sultats autour du probl\u00e8me du sous-espace invariant, encadr\u00e9 par Emmanuel Fricain \u00e0 l&rsquo;universit\u00e9 de Lille 1.<\/li>\n<li>2013-2016: Cours particuliers pour des \u00e9l\u00e8ves de CPGE et cours collectifs pour des \u00e9l\u00e8ves de lyc\u00e9e via Acadomia.<\/li>\n<\/ul>\n<h4 class=\"cv\">Responsabilit\u00e9s administratives<\/h4>\n<ul>\n<li>Doctorant \u00e9lu au Conseil Scientifique de l&rsquo;universit\u00e9 de Lorraine<\/li>\n<li>Repr\u00e9sentant des doctorants au Conseil de Laboratoire de l&rsquo;IECL<\/li>\n<\/ul>\n<h4 class=\"cv\">Comp\u00e9tences<\/h4>\n<div id=\"skillbar_straight\" style=\"padding:10px 0;\"><\/p>\n<p><div class=\"skillbar clearfix\" data-percent=\"50%\" style=\"background: #eeeeee;\">\r\n\t\t\t\t<div class=\"skillbar-title\" style=\"background: #336699 !important;\"><span>Programmation C++<\/span><\/div>\r\n\t\t\t\t<div class=\"skillbar-bar\" style=\"background: #336699;\"><\/div>\r\n\t\t\t\t<div class=\"skill-bar-percent\">50%<\/div>\r\n\t\t\t<\/div><\/p>\n<p><div class=\"skillbar clearfix\" data-percent=\"60%\" style=\"background: #eeeeee;\">\r\n\t\t\t\t<div class=\"skillbar-title\" style=\"background: #336699 !important;\"><span>Programmation Python<\/span><\/div>\r\n\t\t\t\t<div class=\"skillbar-bar\" style=\"background: #336699;\"><\/div>\r\n\t\t\t\t<div class=\"skill-bar-percent\">60%<\/div>\r\n\t\t\t<\/div><\/p>\n<p><div class=\"skillbar clearfix\" data-percent=\"70%\" style=\"background: #eeeeee;\">\r\n\t\t\t\t<div class=\"skillbar-title\" style=\"background: #336699 !important;\"><span>Programmation SageMath<\/span><\/div>\r\n\t\t\t\t<div class=\"skillbar-bar\" style=\"background: #336699;\"><\/div>\r\n\t\t\t\t<div class=\"skill-bar-percent\">70%<\/div>\r\n\t\t\t<\/div>\n\n<div class=\"skillbar clearfix\" data-percent=\"60%\" style=\"background: #eeeeee;\">\r\n\t\t\t\t<div class=\"skillbar-title\" style=\"background: #336699 !important;\"><span>Th\u00e9orie des nombres<\/span><\/div>\r\n\t\t\t\t<div class=\"skillbar-bar\" style=\"background: #336699;\"><\/div>\r\n\t\t\t\t<div class=\"skill-bar-percent\">60%<\/div>\r\n\t\t\t<\/div><\/p>\n<p><div class=\"skillbar clearfix\" data-percent=\"60%\" style=\"background: #eeeeee;\">\r\n\t\t\t\t<div class=\"skillbar-title\" style=\"background: #336699 !important;\"><span>Analyse fonctionnelle<\/span><\/div>\r\n\t\t\t\t<div class=\"skillbar-bar\" style=\"background: #336699;\"><\/div>\r\n\t\t\t\t<div class=\"skill-bar-percent\">60%<\/div>\r\n\t\t\t<\/div><\/p>\n<p><div class=\"skillbar clearfix\" data-percent=\"70%\" style=\"background: #eeeeee;\">\r\n\t\t\t\t<div class=\"skillbar-title\" style=\"background: #336699 !important;\"><span>M\u00e9diation Scientifique<\/span><\/div>\r\n\t\t\t\t<div class=\"skillbar-bar\" style=\"background: #336699;\"><\/div>\r\n\t\t\t\t<div class=\"skill-bar-percent\">70%<\/div>\r\n\t\t\t<\/div><\/p>\n<p><div class=\"skillbar clearfix\" data-percent=\"80%\" style=\"background: #eeeeee;\">\r\n\t\t\t\t<div class=\"skillbar-title\" style=\"background: #336699 !important;\"><span>LaTeX<\/span><\/div>\r\n\t\t\t\t<div class=\"skillbar-bar\" style=\"background: #336699;\"><\/div>\r\n\t\t\t\t<div class=\"skill-bar-percent\">80%<\/div>\r\n\t\t\t<\/div>\n\n\n<div style=\"clear:both;\"><\/div>\n<\/div>\n<div style=\"clear:both; height:10px; overflow:hidden;\"><\/div>\n<style type=\"text\/css\">.skillbar-title{font-size:px;color:;}.skill-bar-percent{font-size:px;color:;}<\/style><script>\r\n\t\t\t\tfunction sbar(){\r\n\t\t\t\t\tjQuery(\".skillbar\").each(function(){\r\n\t\t\t\t\t\tjQuery(this).find(\".skillbar-bar\").animate({\r\n\t\t\t\t\t\t\twidth:jQuery(this).attr(\"data-percent\")\r\n\t\t\t\t\t\t},3000);\r\n\t\t\t\t\t});\t\r\n\t\t\t\t}\r\n\t\t\t\tif ( jQuery(\"#skillbar_straight\").next().is(\":appeared\") ){\r\n\t\t\t\t\tsbar();\r\n\t\t\t\t} else {\r\n\t\t\t\t\tjQuery( window ).scroll(function() {\r\n\t\t\t\t\t\tif ( jQuery(\"#skillbar_straight\").next().is(\":appeared\") ){\r\n\t\t\t\t\t\t\tsbar();\r\n\t\t\t\t\t\t}\r\n\t\t\t\t\t});\r\n\t\t\t\t}\r\n\t\t\t\t<\/script>\n","protected":false},"excerpt":{"rendered":"<p>Formation<\/p>\n<ul>\n<li class=\"p1\">2016-Aujourd&rsquo;hui: Doctorat (I.E.C.L et LORIA): \u00c9vitabilit\u00e9 des k-puissances additives en combinatoire des mots (Sous la direction de Thomas STOLL (I.E.C.L.) et Damien JAMET (Loria)).\n<\/li>\n<li>2015: Master 2 Math\u00e9matiques Fondamentales et Appliqu\u00e9es, Universit\u00e9 de Lorraine.<\/li>\n<li>2012-2014: Master 2 Math\u00e9matiques, sp\u00e9cialit\u00e9 math\u00e9matiques pures, parcours recherche, Universit\u00e9 de Lille 1.<\/li>\n<li>2010-2011: MPSI et MPE au lyc\u00e9e Henri Wallon \u00e0 Valenciennes.<\/li>\n<\/ul>\n<p>Enseignements<\/p>\n<ul>\n<li>Algorithmique et Programmation 2 (langage Python), Licence 1 &#8211; Universit\u00e9 de Lorraine, E.I. et T.P<\/li>\n<li>Math\u00e9matiques, Licence 1, Universit\u00e9 de Lorraine, E.I.<\/li>\n<li>M\u00e9thodes Num\u00e9riques, Licence 1 &#8211;<\/li>\n<\/ul>\n","protected":false},"author":5,"featured_media":0,"parent":0,"menu_order":0,"comment_status":"closed","ping_status":"closed","template":"","meta":{"footnotes":""},"class_list":["post-10","page","type-page","status-publish","hentry"],"_links":{"self":[{"href":"https:\/\/members.loria.fr\/FLietard\/wp-json\/wp\/v2\/pages\/10","targetHints":{"allow":["GET"]}}],"collection":[{"href":"https:\/\/members.loria.fr\/FLietard\/wp-json\/wp\/v2\/pages"}],"about":[{"href":"https:\/\/members.loria.fr\/FLietard\/wp-json\/wp\/v2\/types\/page"}],"author":[{"embeddable":true,"href":"https:\/\/members.loria.fr\/FLietard\/wp-json\/wp\/v2\/users\/5"}],"replies":[{"embeddable":true,"href":"https:\/\/members.loria.fr\/FLietard\/wp-json\/wp\/v2\/comments?post=10"}],"version-history":[{"count":54,"href":"https:\/\/members.loria.fr\/FLietard\/wp-json\/wp\/v2\/pages\/10\/revisions"}],"predecessor-version":[{"id":368,"href":"https:\/\/members.loria.fr\/FLietard\/wp-json\/wp\/v2\/pages\/10\/revisions\/368"}],"wp:attachment":[{"href":"https:\/\/members.loria.fr\/FLietard\/wp-json\/wp\/v2\/media?parent=10"}],"curies":[{"name":"wp","href":"https:\/\/api.w.org\/{rel}","templated":true}]}}