{"id":102,"date":"2015-06-17T12:57:29","date_gmt":"2015-06-17T10:57:29","guid":{"rendered":"http:\/\/members.loria.fr\/template\/?page_id=102"},"modified":"2017-10-24T14:10:25","modified_gmt":"2017-10-24T12:10:25","slug":"equipe","status":"publish","type":"page","link":"https:\/\/members.loria.fr\/FLietard\/equipe\/","title":{"rendered":"\u00c9quipe"},"content":{"rendered":"<p>Je fais partie de l&rsquo;\u00e9quipe Analyse et Th\u00e9orie des Nombres \u00e0 l&rsquo;I.E.C.L. et du d\u00e9partement 1 au LORIA.<\/p>\n<p>Les informations sur l&rsquo;\u00e9quipe Analyse et Th\u00e9orie des Nombres peuvent se trouver sur le site de l&rsquo;IECL:<\/p>\n<p><a href=\"http:\/\/www.iecl.univ-lorraine.fr\/index.php\/presentation-de-lequipe-danalyse\/\">http:\/\/www.iecl.univ-lorraine.fr\/index.php\/presentation-de-lequipe-danalyse\/<\/a><\/p>\n<p>Celles sur le d\u00e9partement 1 sur le site du LORIA:<\/p>\n<p><a href=\"http:\/\/www.loria.fr\/fr\/la-recherche\/departements\/1-algorithmique-calcul-image-et-geometrie\/\">http:\/\/www.loria.fr\/fr\/la-recherche\/departements\/1-algorithmique-calcul-image-et-geometrie\/<\/a><\/p>\n","protected":false},"excerpt":{"rendered":"<p>Je fais partie de l&rsquo;\u00e9quipe Analyse et Th\u00e9orie des Nombres \u00e0 l&rsquo;I.E.C.L. et du d\u00e9partement 1 au LORIA.<\/p>\n<p>Les informations sur l&rsquo;\u00e9quipe Analyse et Th\u00e9orie des Nombres peuvent se trouver sur le site de l&rsquo;IECL:<\/p>\n<p><a href=\"http:\/\/www.iecl.univ-lorraine.fr\/index.php\/presentation-de-lequipe-danalyse\/\">http:\/\/www.iecl.univ-lorraine.fr\/index.php\/presentation-de-lequipe-danalyse\/<\/a><\/p>\n<p>Celles sur le d\u00e9partement 1 sur le site du LORIA:<\/p>\n<p><a href=\"http:\/\/www.loria.fr\/fr\/la-recherche\/departements\/1-algorithmique-calcul-image-et-geometrie\/\">http:\/\/www.loria.fr\/fr\/la-recherche\/departements\/1-algorithmique-calcul-image-et-geometrie\/<\/a><\/p>\n","protected":false},"author":1,"featured_media":0,"parent":0,"menu_order":0,"comment_status":"closed","ping_status":"closed","template":"","meta":{"footnotes":""},"class_list":["post-102","page","type-page","status-publish","hentry"],"_links":{"self":[{"href":"https:\/\/members.loria.fr\/FLietard\/wp-json\/wp\/v2\/pages\/102","targetHints":{"allow":["GET"]}}],"collection":[{"href":"https:\/\/members.loria.fr\/FLietard\/wp-json\/wp\/v2\/pages"}],"about":[{"href":"https:\/\/members.loria.fr\/FLietard\/wp-json\/wp\/v2\/types\/page"}],"author":[{"embeddable":true,"href":"https:\/\/members.loria.fr\/FLietard\/wp-json\/wp\/v2\/users\/1"}],"replies":[{"embeddable":true,"href":"https:\/\/members.loria.fr\/FLietard\/wp-json\/wp\/v2\/comments?post=102"}],"version-history":[{"count":19,"href":"https:\/\/members.loria.fr\/FLietard\/wp-json\/wp\/v2\/pages\/102\/revisions"}],"predecessor-version":[{"id":307,"href":"https:\/\/members.loria.fr\/FLietard\/wp-json\/wp\/v2\/pages\/102\/revisions\/307"}],"wp:attachment":[{"href":"https:\/\/members.loria.fr\/FLietard\/wp-json\/wp\/v2\/media?parent=102"}],"curies":[{"name":"wp","href":"https:\/\/api.w.org\/{rel}","templated":true}]}}